{"id":12061,"date":"2011-09-15T10:15:47","date_gmt":"2011-09-15T08:15:47","guid":{"rendered":"http:\/\/www.kamulec.pl\/kamienie-do-lazienki\/"},"modified":"2019-03-15T12:25:10","modified_gmt":"2019-03-15T11:25:10","slug":"lazienki","status":"publish","type":"page","link":"https:\/\/www.artstone.com.pl\/pl\/elementy-wnetrza\/lazienki.html","title":{"rendered":"Najlepsze kamienie do Twojej \u0142azienki"},"content":{"rendered":"\n<p style=\"text-align: justify;\"><img loading=\"lazy\" decoding=\"async\" class=\" alignleft size-full wp-image-12053\" src=\"https:\/\/www.artstone.com.pl\/wp-content\/uploads\/2011\/09\/lazienka1.jpg\" border=\"0\" alt=\"Kamie\u0144 do Twojej \u0142azienki\" title=\"Kamie\u0144 do Twojej \u0142azienki\" width=\"247\" height=\"164\" style=\"float: left; margin: 2px 15px; border: 1px solid white;\" srcset=\"https:\/\/www.artstone.com.pl\/wp-content\/uploads\/2011\/09\/lazienka1.jpg 425w, https:\/\/www.artstone.com.pl\/wp-content\/uploads\/2011\/09\/lazienka1-220x146.jpg 220w, https:\/\/www.artstone.com.pl\/wp-content\/uploads\/2011\/09\/lazienka1-50x33.jpg 50w, https:\/\/www.artstone.com.pl\/wp-content\/uploads\/2011\/09\/lazienka1-113x75.jpg 113w, https:\/\/www.artstone.com.pl\/wp-content\/uploads\/2011\/09\/lazienka1-300x199.jpg 300w\" sizes=\"auto, (max-width:767px) 247px, 247px\" \/> <strong>\u0141azienka jest pomieszczeniem o nieco innym wygl\u0105dzie i przeznaczeniu od pozosta\u0142ej cz\u0119\u015bci mieszkania. W tym pomieszczeniu mo\u017cemy zastosowa\u0107 jedynie te elementy wyko\u0144czenia, kt\u00f3re spe\u0142niaj\u0105 okre\u015blone normy u\u017cytkowania.<\/strong><\/p>\n<p style=\"text-align: justify;\">Kamie\u0144 jest tym elementem wyko\u0144czenia, kt\u00f3ry pozwoli nam na stworzenie sp\u00f3jnej koncepcji dla kuchni, salonu i \u0142azienki. Ten sam kamie\u0144 zastosowany na blacie kuchennym lub \u015bcianie salonu mo\u017cemy umie\u015bci\u0107 tak\u017ce w \u0142azience. Kamie\u0144, to materia\u0142 bardzo trwa\u0142y, odporny na dzia\u0142anie wody i uszkodzenia. Spo\u015br\u00f3d dost\u0119pnych kamieni w \u0142azience z powodzeniem mo\u017cemy stosowa\u0107 granit, marmur, trawertyn lub onyks. Zastosowanie granitu jest wygodne ze wzgl\u0119du na \u0142atwo\u015b\u0107 utrzymania czysto\u015bci tego kamienia, dzi\u0119ki czemu mo\u017ce on s\u0142u\u017cy\u0107 bardzo d\u0142ugo. Marmur natomiast jest mniej odporny na dzia\u0142anie czynnik\u00f3w chemicznych, \u0142atwiej przyjmuje zabrudzenia. W celu zachowania go w czysto\u015bci konieczna jest jego impregnacja.<\/p>\n<p style=\"text-align: center;\"><a href=\"\/?product_cat=kamien\" class=\"readon\"><span>Sprawd\u017a cen\u0119 i dost\u0119pno\u015b\u0107 w naszym katalogu >><\/span><\/a><\/p>\n<div style=\"display: block; margin: 0 auto; width: 550px;\">\n<div style=\"float: left;\">\n<h4 style=\"text-align: center;\"><a href=\"https:\/\/www.artstone.com.pl\/pl\/elementy-wnetrza\/umywalki.html\" title=\"Umywalki z Kamienia\">Umywalki<\/a><\/h4>\n<p><a href=\"https:\/\/www.artstone.com.pl\/pl\/elementy-wnetrza\/umywalki.html\" title=\"Umywalka\"><img loading=\"lazy\" decoding=\"async\" class=\" alignleft size-full wp-image-12055\" src=\"https:\/\/www.artstone.com.pl\/wp-content\/uploads\/2011\/09\/c30-marble-sink.jpg\" border=\"0\" alt=\"\u0141azienka z kamienia Warszawa\" title=\"Umywalki z Kamienia\" width=\"130\" height=\"120\" style=\"float: left; margin: 0px 15px; border: 1px solid white;\" srcset=\"https:\/\/www.artstone.com.pl\/wp-content\/uploads\/2011\/09\/c30-marble-sink.jpg 300w, https:\/\/www.artstone.com.pl\/wp-content\/uploads\/2011\/09\/c30-marble-sink-159x146.jpg 159w, https:\/\/www.artstone.com.pl\/wp-content\/uploads\/2011\/09\/c30-marble-sink-50x46.jpg 50w, https:\/\/www.artstone.com.pl\/wp-content\/uploads\/2011\/09\/c30-marble-sink-82x75.jpg 82w\" sizes=\"auto, (max-width:767px) 130px, 130px\" \/><\/a><\/p>\n<\/p><\/div>\n<div style=\"float: left;\">\n<h4 style=\"text-align: center;\"><a href=\"https:\/\/www.artstone.com.pl\/pl\/elementy-wnetrza\/wanny.html\" title=\"Wanny z kamienia\">Wanny<\/a><\/h4>\n<p><a href=\"https:\/\/www.artstone.com.pl\/pl\/elementy-wnetrza\/wanny.html\" title=\"Wanny z kamienia\"><img loading=\"lazy\" decoding=\"async\" class=\" alignleft size-full wp-image-12057\" src=\"https:\/\/www.artstone.com.pl\/wp-content\/uploads\/2011\/09\/limestone-bathtub-195x125x60cm.jpg\" border=\"0\" alt=\"\u0141azienka z kamienia Warszawa\" title=\"Wanna z kamienia\" width=\"167\" height=\"120\" style=\"margin: 3px 15px; float: left; border: 1px solid white;\" srcset=\"https:\/\/www.artstone.com.pl\/wp-content\/uploads\/2011\/09\/limestone-bathtub-195x125x60cm.jpg 300w, https:\/\/www.artstone.com.pl\/wp-content\/uploads\/2011\/09\/limestone-bathtub-195x125x60cm-203x146.jpg 203w, https:\/\/www.artstone.com.pl\/wp-content\/uploads\/2011\/09\/limestone-bathtub-195x125x60cm-50x36.jpg 50w, https:\/\/www.artstone.com.pl\/wp-content\/uploads\/2011\/09\/limestone-bathtub-195x125x60cm-104x75.jpg 104w\" sizes=\"auto, (max-width:767px) 167px, 167px\" \/><\/a><\/p>\n<\/p><\/div>\n<div style=\"float: left;\">\n<h4 style=\"text-align: center;\"><a href=\"https:\/\/www.artstone.com.pl\/pl\/elementy-wnetrza\/brodziki.html\" title=\"Brodziki z kamienia\">Brodziki<\/a><\/h4>\n<p><a href=\"https:\/\/www.artstone.com.pl\/pl\/elementy-wnetrza\/brodziki.html\" title=\"Brodziki z kamienia\"><img loading=\"lazy\" decoding=\"async\" class=\" alignleft size-full wp-image-12059\" src=\"https:\/\/www.artstone.com.pl\/wp-content\/uploads\/2011\/09\/granite-shower-tray.jpg\" border=\"0\" alt=\"\u0141azienka z kamienia Warszawa\" title=\"Brodziki z kamienia\" width=\"157\" height=\"120\" style=\"float: left; margin: 2px 15px; border: 1px solid white;\" srcset=\"https:\/\/www.artstone.com.pl\/wp-content\/uploads\/2011\/09\/granite-shower-tray.jpg 300w, https:\/\/www.artstone.com.pl\/wp-content\/uploads\/2011\/09\/granite-shower-tray-191x146.jpg 191w, https:\/\/www.artstone.com.pl\/wp-content\/uploads\/2011\/09\/granite-shower-tray-50x38.jpg 50w, https:\/\/www.artstone.com.pl\/wp-content\/uploads\/2011\/09\/granite-shower-tray-98x75.jpg 98w\" sizes=\"auto, (max-width:767px) 157px, 157px\" \/><\/a><\/p>\n<\/p><\/div>\n<\/p><\/div>\n<p>\u00a0<\/p>\n<p>\u00a0<\/p>\n<p>\u00a0<\/p>\n<p>\u00a0<\/p>\n<p>\u00a0<\/p>\n<p> <br ><\/p>\n<p style=\"text-align: center;\"><a href=\"https:\/\/www.artstone.com.pl\/pl\/kontakt.html\" class=\"readon\"><span>Masz pytanie? Zadzwo\u0144 lub napisz do nas >><\/span><\/a><\/p>\n<p style=\"text-align: justify;\">\n<p>\u00a0<\/p>\n<h3>Galeria<\/h3>\n\n\t\t\t<style type='text\/css'>\n\t\t\t\t#sc_gallery-1 {\n\t\t\t\t\tmargin: auto;\n\t\t\t\t}\n\t\t\t\t#sc_gallery-1 .gallery-item {\n\t\t\t\t\tfloat: left;\n\t\t\t\t\ttext-align: center;\n\t\t\t\t\twidth: 19.99%;\n\t\t\t\t}\n\t\t\t\t#sc_gallery-1 img {\n\t\t\t\t\tborder: 2px solid #cfcfcf;\n\t\t\t\t}\n\t\t\t\t\/* see sc_gallery() in functions\/theme-shortcodes.php *\/\n\t\t\t<\/style>\n\t\t<div id='sc_gallery-1' class='gallery galleryid-12061 gallery-columns-5 gallery-size-thumbnail file element_classes gallery-default'><dl class='gallery-item'  data-title='Depositphotos_154910742_xl-2015' data-description=''><div class='gallery-item-wrapper'>\n\t\t\t\t<dt class='gallery-icon landscape'>\n\t\t\t\t\t<a href='https:\/\/www.artstone.com.pl\/wp-content\/uploads\/2019\/03\/Depositphotos_154910742_xl-2015.jpg'><img loading=\"lazy\" decoding=\"async\" width=\"300\" height=\"300\" src=\"https:\/\/www.artstone.com.pl\/wp-content\/uploads\/2019\/03\/Depositphotos_154910742_xl-2015-300x300.jpg\" class=\"attachment-thumbnail size-thumbnail\" alt=\"\" srcset=\"https:\/\/www.artstone.com.pl\/wp-content\/uploads\/2019\/03\/Depositphotos_154910742_xl-2015-300x300.jpg 300w, https:\/\/www.artstone.com.pl\/wp-content\/uploads\/2019\/03\/Depositphotos_154910742_xl-2015-85x85.jpg 85w, https:\/\/www.artstone.com.pl\/wp-content\/uploads\/2019\/03\/Depositphotos_154910742_xl-2015-80x80.jpg 80w, https:\/\/www.artstone.com.pl\/wp-content\/uploads\/2019\/03\/Depositphotos_154910742_xl-2015-150x150.jpg 150w\" sizes=\"auto, (max-width:767px) 300px, 300px\" \/><\/a>\n\t\t\t\t<\/dt><\/div><\/dl><dl class='gallery-item'  data-title='Depositphotos_53682041_xl-2015' data-description=''><div class='gallery-item-wrapper'>\n\t\t\t\t<dt class='gallery-icon landscape'>\n\t\t\t\t\t<a href='https:\/\/www.artstone.com.pl\/wp-content\/uploads\/2019\/03\/Depositphotos_53682041_xl-2015.jpg'><img loading=\"lazy\" decoding=\"async\" width=\"300\" height=\"300\" src=\"https:\/\/www.artstone.com.pl\/wp-content\/uploads\/2019\/03\/Depositphotos_53682041_xl-2015-300x300.jpg\" class=\"attachment-thumbnail size-thumbnail\" alt=\"\" srcset=\"https:\/\/www.artstone.com.pl\/wp-content\/uploads\/2019\/03\/Depositphotos_53682041_xl-2015-300x300.jpg 300w, https:\/\/www.artstone.com.pl\/wp-content\/uploads\/2019\/03\/Depositphotos_53682041_xl-2015-85x85.jpg 85w, https:\/\/www.artstone.com.pl\/wp-content\/uploads\/2019\/03\/Depositphotos_53682041_xl-2015-80x80.jpg 80w, https:\/\/www.artstone.com.pl\/wp-content\/uploads\/2019\/03\/Depositphotos_53682041_xl-2015-150x150.jpg 150w\" sizes=\"auto, (max-width:767px) 300px, 300px\" \/><\/a>\n\t\t\t\t<\/dt><\/div><\/dl><dl class='gallery-item'  data-title='Depositphotos_23892227_xl-2015' data-description=''><div class='gallery-item-wrapper'>\n\t\t\t\t<dt class='gallery-icon landscape'>\n\t\t\t\t\t<a href='https:\/\/www.artstone.com.pl\/wp-content\/uploads\/2019\/03\/Depositphotos_23892227_xl-2015.jpg'><img loading=\"lazy\" decoding=\"async\" width=\"300\" height=\"300\" src=\"https:\/\/www.artstone.com.pl\/wp-content\/uploads\/2019\/03\/Depositphotos_23892227_xl-2015-300x300.jpg\" class=\"attachment-thumbnail size-thumbnail\" alt=\"\" srcset=\"https:\/\/www.artstone.com.pl\/wp-content\/uploads\/2019\/03\/Depositphotos_23892227_xl-2015-300x300.jpg 300w, https:\/\/www.artstone.com.pl\/wp-content\/uploads\/2019\/03\/Depositphotos_23892227_xl-2015-85x85.jpg 85w, https:\/\/www.artstone.com.pl\/wp-content\/uploads\/2019\/03\/Depositphotos_23892227_xl-2015-80x80.jpg 80w, https:\/\/www.artstone.com.pl\/wp-content\/uploads\/2019\/03\/Depositphotos_23892227_xl-2015-150x150.jpg 150w\" sizes=\"auto, (max-width:767px) 300px, 300px\" \/><\/a>\n\t\t\t\t<\/dt><\/div><\/dl><dl class='gallery-item'  data-title='Depositphotos_12289051_xl-2015' data-description=''><div class='gallery-item-wrapper'>\n\t\t\t\t<dt class='gallery-icon landscape'>\n\t\t\t\t\t<a href='https:\/\/www.artstone.com.pl\/wp-content\/uploads\/2019\/03\/Depositphotos_12289051_xl-2015-1.jpg'><img loading=\"lazy\" decoding=\"async\" width=\"300\" height=\"300\" src=\"https:\/\/www.artstone.com.pl\/wp-content\/uploads\/2019\/03\/Depositphotos_12289051_xl-2015-1-300x300.jpg\" class=\"attachment-thumbnail size-thumbnail\" alt=\"\" srcset=\"https:\/\/www.artstone.com.pl\/wp-content\/uploads\/2019\/03\/Depositphotos_12289051_xl-2015-1-300x300.jpg 300w, https:\/\/www.artstone.com.pl\/wp-content\/uploads\/2019\/03\/Depositphotos_12289051_xl-2015-1-600x600.jpg 600w, https:\/\/www.artstone.com.pl\/wp-content\/uploads\/2019\/03\/Depositphotos_12289051_xl-2015-1-146x146.jpg 146w, https:\/\/www.artstone.com.pl\/wp-content\/uploads\/2019\/03\/Depositphotos_12289051_xl-2015-1-50x50.jpg 50w, https:\/\/www.artstone.com.pl\/wp-content\/uploads\/2019\/03\/Depositphotos_12289051_xl-2015-1-75x75.jpg 75w, https:\/\/www.artstone.com.pl\/wp-content\/uploads\/2019\/03\/Depositphotos_12289051_xl-2015-1-85x85.jpg 85w, https:\/\/www.artstone.com.pl\/wp-content\/uploads\/2019\/03\/Depositphotos_12289051_xl-2015-1-80x80.jpg 80w, https:\/\/www.artstone.com.pl\/wp-content\/uploads\/2019\/03\/Depositphotos_12289051_xl-2015-1-150x150.jpg 150w, https:\/\/www.artstone.com.pl\/wp-content\/uploads\/2019\/03\/Depositphotos_12289051_xl-2015-1.jpg 900w\" sizes=\"auto, (max-width:767px) 300px, 300px\" \/><\/a>\n\t\t\t\t<\/dt><\/div><\/dl><dl class='gallery-item'  data-title='cimstone15' data-description=''><div class='gallery-item-wrapper'>\n\t\t\t\t<dt class='gallery-icon portrait'>\n\t\t\t\t\t<a href='https:\/\/www.artstone.com.pl\/wp-content\/uploads\/2019\/03\/cimstone15.jpg'><img loading=\"lazy\" decoding=\"async\" width=\"300\" height=\"300\" src=\"https:\/\/www.artstone.com.pl\/wp-content\/uploads\/2019\/03\/cimstone15-300x300.jpg\" class=\"attachment-thumbnail size-thumbnail\" alt=\"\" srcset=\"https:\/\/www.artstone.com.pl\/wp-content\/uploads\/2019\/03\/cimstone15-300x300.jpg 300w, https:\/\/www.artstone.com.pl\/wp-content\/uploads\/2019\/03\/cimstone15-85x85.jpg 85w, https:\/\/www.artstone.com.pl\/wp-content\/uploads\/2019\/03\/cimstone15-80x80.jpg 80w, https:\/\/www.artstone.com.pl\/wp-content\/uploads\/2019\/03\/cimstone15-150x150.jpg 150w\" sizes=\"auto, (max-width:767px) 300px, 300px\" \/><\/a>\n\t\t\t\t<\/dt><\/div><\/dl><br style=\"clear: both\" \/>\n\t\t\t<\/div>\n\n","protected":false},"excerpt":{"rendered":"<p>\u0141azienka jest pomieszczeniem o nieco innym wygl\u0105dzie i przeznaczeniu od pozosta\u0142ej cz\u0119\u015bci mieszkania. W tym pomieszczeniu mo\u017cemy zastosowa\u0107 jedynie te elementy wyko\u0144czenia, kt\u00f3re spe\u0142niaj\u0105 okre\u015blone normy<span class=\"excerpt-hellip\"> [\u2026]<\/span><\/p>\n","protected":false},"author":242,"featured_media":0,"parent":16934,"menu_order":1,"comment_status":"closed","ping_status":"closed","template":"","meta":{"footnotes":""},"class_list":["post-12061","page","type-page","status-publish","hentry"],"_links":{"self":[{"href":"https:\/\/www.artstone.com.pl\/pl\/wp-json\/wp\/v2\/pages\/12061","targetHints":{"allow":["GET"]}}],"collection":[{"href":"https:\/\/www.artstone.com.pl\/pl\/wp-json\/wp\/v2\/pages"}],"about":[{"href":"https:\/\/www.artstone.com.pl\/pl\/wp-json\/wp\/v2\/types\/page"}],"author":[{"embeddable":true,"href":"https:\/\/www.artstone.com.pl\/pl\/wp-json\/wp\/v2\/users\/242"}],"replies":[{"embeddable":true,"href":"https:\/\/www.artstone.com.pl\/pl\/wp-json\/wp\/v2\/comments?post=12061"}],"version-history":[{"count":0,"href":"https:\/\/www.artstone.com.pl\/pl\/wp-json\/wp\/v2\/pages\/12061\/revisions"}],"up":[{"embeddable":true,"href":"https:\/\/www.artstone.com.pl\/pl\/wp-json\/wp\/v2\/pages\/16934"}],"wp:attachment":[{"href":"https:\/\/www.artstone.com.pl\/pl\/wp-json\/wp\/v2\/media?parent=12061"}],"curies":[{"name":"wp","href":"https:\/\/api.w.org\/{rel}","templated":true}]}}