{"id":12091,"date":"2011-10-13T12:40:10","date_gmt":"2011-10-13T10:40:10","guid":{"rendered":"http:\/\/www.kamulec.pl\/granit-materialy\/"},"modified":"2022-09-02T10:53:23","modified_gmt":"2022-09-02T08:53:23","slug":"granit-materialy","status":"publish","type":"page","link":"https:\/\/www.artstone.com.pl\/pl\/materialy\/granit-materialy.html","title":{"rendered":"Granit"},"content":{"rendered":"<p style=\"text-align: justify;\"><strong>Granit <\/strong>jest znany jako kamie\u0144 budowlany ju\u017c od czas\u00f3w staro\u017cytnych. Ma struktur\u0119 gruboziarnist\u0105. Jest ska\u0142\u0105 magmowo \u2013 g\u0142\u0119binow\u0105, powstaje g\u0142\u0119boko pod powierzchni\u0105 ziemi. Na terenie Polski <a href=\"https:\/\/www.artstone.com.pl\/pl\/hurtownia-granitu.html\">granit<\/a> wyst\u0119puje m.in.: w rejonach Dolnego \u015al\u0105ska i regionie karkonoskim.<\/p>\n<p style=\"text-align: center;\"><a class=\"readon\" href=\"\/?product_cat=kamien\/granit.html\">Sprawd\u017a cen\u0119 i dost\u0119pno\u015b\u0107 w naszym katalogu &gt;&gt;<\/a><\/p>\n<p style=\"text-align: justify;\"><strong>Granit<\/strong> jest jedn\u0105 z najtwardszych ska\u0142 na \u015bwiecie. Jest odporny na mr\u00f3z, \u015bcieranie, zwi\u0105zki chemiczne (kwasy) i jest niepalny. Jest jednak podatny na kszta\u0142towanie. Dzi\u0119ki r\u00f3\u017cnym procesom technologicznym mo\u017cemy uzyska\u0107 przer\u00f3\u017cne struktury granitu.<\/p>\n<p style=\"text-align: justify;\"><strong>Granit<\/strong> jest wykorzystywany w architekturze jako element nadaj\u0105cy obiektom ponadczasowego charakteru i wznios\u0142o\u015bci.<\/p>\n<p style=\"text-align: justify;\"><strong><a href=\"https:\/\/www.artstone.com.pl\/pl\/hurtownia-granitu.html\">Granit<\/a><\/strong> to podstawowy materia\u0142 budowlany, wykorzystywany do budowy <a title=\"Nagrobki\" href=\"https:\/\/www.artstone.com.pl\/pl\/nagrobki.html\">nagrobk\u00f3w<\/a>, na <a title=\"Posadzki z granitu\" href=\"https:\/\/www.artstone.com.pl\/pl\/elementy-wnetrza\/podlogi.html\">posadzki<\/a>, <a href=\"https:\/\/www.artstone.com.pl\/pl\/elementy-wnetrza\/schody.html\/\">schody wewn\u0119trzne<\/a> czy jako <a title=\"Blaty kuchenne\" href=\"https:\/\/www.artstone.com.pl\/pl\/elementy-wnetrza\/kuchenne-blaty-kamienne.html\">blaty kuchenne<\/a> i nie tylko. Wykorzystywany r\u00f3wnie\u017c jako element dekoracyjny <a title=\"Elewacje\" href=\"https:\/\/www.artstone.com.pl\/pl\/zewnetrzne-elementy-domu\/elewacje.html\">elewacji wewn\u0119trznych i zewn\u0119trznych<\/a>, powszechnie uwa\u017cany za symbol elegancji i trwa\u0142o\u015bci.<\/p>\n<p>&nbsp;<\/p>\n<p style=\"text-align: center;\"><a class=\"readon\" href=\"https:\/\/www.artstone.com.pl\/pl\/kontakt.html\">Masz pytanie? Zadzwo\u0144 lub napisz do nas &gt;&gt;<\/a><\/p>\n\n\t\t\t<style type='text\/css'>\n\t\t\t\t#sc_gallery-1 {\n\t\t\t\t\tmargin: auto;\n\t\t\t\t}\n\t\t\t\t#sc_gallery-1 .gallery-item {\n\t\t\t\t\tfloat: left;\n\t\t\t\t\ttext-align: center;\n\t\t\t\t\twidth: 33.33%;\n\t\t\t\t}\n\t\t\t\t#sc_gallery-1 img {\n\t\t\t\t\tborder: 2px solid #cfcfcf;\n\t\t\t\t}\n\t\t\t\t\/* see sc_gallery() in functions\/theme-shortcodes.php *\/\n\t\t\t<\/style>\n\t\t<div id='sc_gallery-1' class='gallery galleryid-12091 gallery-columns-3 gallery-size-thumbnail file element_classes gallery-default'><dl class='gallery-item'  data-title='Via Lactea posadzka granitowa' data-description=''><div class='gallery-item-wrapper'>\n\t\t\t\t<dt class='gallery-icon landscape'>\n\t\t\t\t\t<a href='https:\/\/www.artstone.com.pl\/wp-content\/uploads\/2020\/06\/via-lactea-posadzka-granitowa.png'><img loading=\"lazy\" decoding=\"async\" width=\"300\" height=\"300\" src=\"https:\/\/www.artstone.com.pl\/wp-content\/uploads\/2020\/06\/via-lactea-posadzka-granitowa-300x300.png\" class=\"attachment-thumbnail size-thumbnail\" alt=\"\" srcset=\"https:\/\/www.artstone.com.pl\/wp-content\/uploads\/2020\/06\/via-lactea-posadzka-granitowa-300x300.png 300w, https:\/\/www.artstone.com.pl\/wp-content\/uploads\/2020\/06\/via-lactea-posadzka-granitowa-600x600.png 600w, https:\/\/www.artstone.com.pl\/wp-content\/uploads\/2020\/06\/via-lactea-posadzka-granitowa-146x146.png 146w, https:\/\/www.artstone.com.pl\/wp-content\/uploads\/2020\/06\/via-lactea-posadzka-granitowa-50x50.png 50w, https:\/\/www.artstone.com.pl\/wp-content\/uploads\/2020\/06\/via-lactea-posadzka-granitowa-75x75.png 75w, https:\/\/www.artstone.com.pl\/wp-content\/uploads\/2020\/06\/via-lactea-posadzka-granitowa-85x85.png 85w, https:\/\/www.artstone.com.pl\/wp-content\/uploads\/2020\/06\/via-lactea-posadzka-granitowa-80x80.png 80w, https:\/\/www.artstone.com.pl\/wp-content\/uploads\/2020\/06\/via-lactea-posadzka-granitowa-150x150.png 150w, https:\/\/www.artstone.com.pl\/wp-content\/uploads\/2020\/06\/via-lactea-posadzka-granitowa.png 941w\" sizes=\"auto, (max-width:767px) 300px, 300px\" \/><\/a>\n\t\t\t\t<\/dt><\/div><\/dl>\n\t\t\t\t<br style='clear: both' \/>\n\t\t\t<\/div>\n\n","protected":false},"excerpt":{"rendered":"<p>Granit jest znany jako kamie\u0144 budowlany ju\u017c od czas\u00f3w staro\u017cytnych. Ma struktur\u0119 gruboziarnist\u0105. Jest ska\u0142\u0105 magmowo \u2013 g\u0142\u0119binow\u0105, powstaje g\u0142\u0119boko pod powierzchni\u0105 ziemi. Na terenie Polski<span class=\"excerpt-hellip\"> [\u2026]<\/span><\/p>\n","protected":false},"author":242,"featured_media":0,"parent":16922,"menu_order":9,"comment_status":"closed","ping_status":"closed","template":"","meta":{"footnotes":""},"class_list":["post-12091","page","type-page","status-publish","hentry"],"_links":{"self":[{"href":"https:\/\/www.artstone.com.pl\/pl\/wp-json\/wp\/v2\/pages\/12091","targetHints":{"allow":["GET"]}}],"collection":[{"href":"https:\/\/www.artstone.com.pl\/pl\/wp-json\/wp\/v2\/pages"}],"about":[{"href":"https:\/\/www.artstone.com.pl\/pl\/wp-json\/wp\/v2\/types\/page"}],"author":[{"embeddable":true,"href":"https:\/\/www.artstone.com.pl\/pl\/wp-json\/wp\/v2\/users\/242"}],"replies":[{"embeddable":true,"href":"https:\/\/www.artstone.com.pl\/pl\/wp-json\/wp\/v2\/comments?post=12091"}],"version-history":[{"count":0,"href":"https:\/\/www.artstone.com.pl\/pl\/wp-json\/wp\/v2\/pages\/12091\/revisions"}],"up":[{"embeddable":true,"href":"https:\/\/www.artstone.com.pl\/pl\/wp-json\/wp\/v2\/pages\/16922"}],"wp:attachment":[{"href":"https:\/\/www.artstone.com.pl\/pl\/wp-json\/wp\/v2\/media?parent=12091"}],"curies":[{"name":"wp","href":"https:\/\/api.w.org\/{rel}","templated":true}]}}