{"id":12102,"date":"2011-10-13T12:43:01","date_gmt":"2011-10-13T10:43:01","guid":{"rendered":"http:\/\/www.kamulec.pl\/marmur\/"},"modified":"2022-09-02T14:41:09","modified_gmt":"2022-09-02T12:41:09","slug":"marmur-materialy","status":"publish","type":"page","link":"https:\/\/www.artstone.com.pl\/pl\/materialy\/marmur-materialy.html","title":{"rendered":"Marmur"},"content":{"rendered":"<p style=\"text-align: justify;\"><strong>Marmur<\/strong> (z greckiego: <em>marmuros<\/em>) jest ska\u0142\u0105 metamorficzn\u0105, powsta\u0142\u0105 w wyniku przeobra\u017cenia wapieni lub dolomit\u00f3w. G\u0142\u00f3wnym sk\u0142adnikiem marmuru jest kalcyt krystaliczny lub dolomit.<\/p>\n<p style=\"text-align: justify;\">Do niedawna zak\u0142ady kamieniarskie zalicza\u0142y do <strong>marmuru<\/strong> tak\u017ce takie kamienie jak trawertyn, onyks, czy wapie\u0144. Obecnie odchodzi si\u0119 od tej zasady, przedstawiaj\u0105c je jako osobne kamienie naturalne, co jest bli\u017csze prawid\u0142owemu okre\u015bleniu marmuru z punktu widzenia geologii.<\/p>\n<p style=\"text-align: justify;\"><strong>Marmur<\/strong> wyst\u0119puje tylko w niekt\u00f3rych rejonach \u015bwiata. Najwi\u0119ksze z\u0142o\u017ca marmuru znajduj\u0105 si\u0119 we W\u0142oszech i Grecji. W Polsce marmur wydobywany jest wy\u0142\u0105cznie w Sudetach, w masywie \u015anie\u017cnika. Dwie g\u0142\u00f3wne odmiany marmuru &#8222;polskiego&#8221; to Bia\u0142a Marianna i Zielona Marianna.<\/p>\n<p style=\"text-align: center;\"><a class=\"readon\" href=\"\/?product_cat=kamien\/marmury.html\">Sprawd\u017a cen\u0119 i dost\u0119pno\u015b\u0107 w naszym katalogu &gt;&gt;<\/a><\/p>\n<p style=\"text-align: justify;\"><strong>Zastosowanie marmuru.<\/strong><\/p>\n<p style=\"text-align: justify;\">Ju\u017c w staro\u017cytno\u015bci <strong> <a href=\"https:\/\/www.artstone.com.pl\/pl\/hurtowania-marmuru.html\/\" >marmur<\/strong><\/a> by\u0142 stosowany jako materia\u0142 budowlany, architektoniczny i rze\u017abiarski. W obecnych czasach marmur jest luksusowym materia\u0142em stosowanym do wyka\u0144czania wn\u0119trz i wykonywania rze\u017ab. Z marmuru najcz\u0119\u015bciej wykonuje si\u0119 elewacje, wewn\u0119trzne ok\u0142adziny \u015bcienne i posadzki (w postaci p\u0142ytek lub element\u00f3w ci\u0119tych na wymiar) oraz parapety, blaty kuchenne i \u0142azienkowe, lady, kominki oraz schody. Coraz rzadziej spotykane jest wykonywanie marmurowych nagrobk\u00f3w. Marmur jest materia\u0142em, kt\u00f3ry ponadczasowo komponuje si\u0119 z innymi elementami wyko\u0144czeniowymi domu lub mieszkania. Meble, kolory \u015bcian oraz inne elementy domu lub ozdoby zawsze dobrze b\u0119d\u0105 wsp\u00f3\u0142gra\u0142y z marmurem niezale\u017cnie od jego koloru.<\/p>\n<p>&nbsp;<\/p>\n<p style=\"text-align: center;\"><a class=\"readon\" href=\"https:\/\/www.artstone.com.pl\/pl\/kontakt.html\">Masz pytanie? Zadzwo\u0144 lub napisz do nas &gt;&gt;<\/a><\/p>\n\n\t\t\t<style type='text\/css'>\n\t\t\t\t#sc_gallery-1 {\n\t\t\t\t\tmargin: auto;\n\t\t\t\t}\n\t\t\t\t#sc_gallery-1 .gallery-item {\n\t\t\t\t\tfloat: left;\n\t\t\t\t\ttext-align: center;\n\t\t\t\t\twidth: 19.99%;\n\t\t\t\t}\n\t\t\t\t#sc_gallery-1 img {\n\t\t\t\t\tborder: 2px solid #cfcfcf;\n\t\t\t\t}\n\t\t\t\t\/* see sc_gallery() in functions\/theme-shortcodes.php *\/\n\t\t\t<\/style>\n\t\t<div id='sc_gallery-1' class='gallery galleryid-12102 gallery-columns-5 gallery-size-thumbnail file element_classes gallery-default'><dl class='gallery-item'  data-title='Blaty z marmuru' data-description=''><div class='gallery-item-wrapper'>\n\t\t\t\t<dt class='gallery-icon landscape'>\n\t\t\t\t\t<a href='https:\/\/www.artstone.com.pl\/wp-content\/uploads\/2020\/06\/blaty-z-marmuru.png'><img loading=\"lazy\" decoding=\"async\" width=\"300\" height=\"300\" src=\"https:\/\/www.artstone.com.pl\/wp-content\/uploads\/2020\/06\/blaty-z-marmuru-300x300.png\" class=\"attachment-thumbnail size-thumbnail\" alt=\"\" srcset=\"https:\/\/www.artstone.com.pl\/wp-content\/uploads\/2020\/06\/blaty-z-marmuru-300x300.png 300w, https:\/\/www.artstone.com.pl\/wp-content\/uploads\/2020\/06\/blaty-z-marmuru-600x600.png 600w, https:\/\/www.artstone.com.pl\/wp-content\/uploads\/2020\/06\/blaty-z-marmuru-146x146.png 146w, https:\/\/www.artstone.com.pl\/wp-content\/uploads\/2020\/06\/blaty-z-marmuru-50x50.png 50w, https:\/\/www.artstone.com.pl\/wp-content\/uploads\/2020\/06\/blaty-z-marmuru-75x75.png 75w, https:\/\/www.artstone.com.pl\/wp-content\/uploads\/2020\/06\/blaty-z-marmuru-85x85.png 85w, https:\/\/www.artstone.com.pl\/wp-content\/uploads\/2020\/06\/blaty-z-marmuru-80x80.png 80w, https:\/\/www.artstone.com.pl\/wp-content\/uploads\/2020\/06\/blaty-z-marmuru-150x150.png 150w, https:\/\/www.artstone.com.pl\/wp-content\/uploads\/2020\/06\/blaty-z-marmuru.png 941w\" sizes=\"auto, (max-width:767px) 300px, 300px\" \/><\/a>\n\t\t\t\t<\/dt><\/div><\/dl><dl class='gallery-item'  data-title='pod\u0142oga z marmuru' data-description=''><div class='gallery-item-wrapper'>\n\t\t\t\t<dt class='gallery-icon landscape'>\n\t\t\t\t\t<a href='https:\/\/www.artstone.com.pl\/wp-content\/uploads\/2020\/06\/podloga-z-marmuru.jpeg'><img loading=\"lazy\" decoding=\"async\" width=\"300\" height=\"300\" src=\"https:\/\/www.artstone.com.pl\/wp-content\/uploads\/2020\/06\/podloga-z-marmuru-300x300.jpeg\" class=\"attachment-thumbnail size-thumbnail\" alt=\"\" srcset=\"https:\/\/www.artstone.com.pl\/wp-content\/uploads\/2020\/06\/podloga-z-marmuru-300x300.jpeg 300w, https:\/\/www.artstone.com.pl\/wp-content\/uploads\/2020\/06\/podloga-z-marmuru-600x600.jpeg 600w, https:\/\/www.artstone.com.pl\/wp-content\/uploads\/2020\/06\/podloga-z-marmuru-146x146.jpeg 146w, https:\/\/www.artstone.com.pl\/wp-content\/uploads\/2020\/06\/podloga-z-marmuru-50x50.jpeg 50w, https:\/\/www.artstone.com.pl\/wp-content\/uploads\/2020\/06\/podloga-z-marmuru-75x75.jpeg 75w, https:\/\/www.artstone.com.pl\/wp-content\/uploads\/2020\/06\/podloga-z-marmuru-85x85.jpeg 85w, https:\/\/www.artstone.com.pl\/wp-content\/uploads\/2020\/06\/podloga-z-marmuru-80x80.jpeg 80w, https:\/\/www.artstone.com.pl\/wp-content\/uploads\/2020\/06\/podloga-z-marmuru-150x150.jpeg 150w, https:\/\/www.artstone.com.pl\/wp-content\/uploads\/2020\/06\/podloga-z-marmuru.jpeg 960w\" sizes=\"auto, (max-width:767px) 300px, 300px\" \/><\/a>\n\t\t\t\t<\/dt><\/div><\/dl><dl class='gallery-item'  data-title='posadzka z marmuru' data-description=''><div class='gallery-item-wrapper'>\n\t\t\t\t<dt class='gallery-icon portrait'>\n\t\t\t\t\t<a href='https:\/\/www.artstone.com.pl\/wp-content\/uploads\/2020\/06\/posadzka-z-marmuru.jpeg'><img loading=\"lazy\" decoding=\"async\" width=\"300\" height=\"300\" src=\"https:\/\/www.artstone.com.pl\/wp-content\/uploads\/2020\/06\/posadzka-z-marmuru-300x300.jpeg\" class=\"attachment-thumbnail size-thumbnail\" alt=\"\" srcset=\"https:\/\/www.artstone.com.pl\/wp-content\/uploads\/2020\/06\/posadzka-z-marmuru-300x300.jpeg 300w, https:\/\/www.artstone.com.pl\/wp-content\/uploads\/2020\/06\/posadzka-z-marmuru-85x85.jpeg 85w, https:\/\/www.artstone.com.pl\/wp-content\/uploads\/2020\/06\/posadzka-z-marmuru-80x80.jpeg 80w, https:\/\/www.artstone.com.pl\/wp-content\/uploads\/2020\/06\/posadzka-z-marmuru-150x150.jpeg 150w\" sizes=\"auto, (max-width:767px) 300px, 300px\" \/><\/a>\n\t\t\t\t<\/dt><\/div><\/dl><dl class='gallery-item'  data-title='AVALANCHE TOP' data-description=''><div class='gallery-item-wrapper'>\n\t\t\t\t<dt class='gallery-icon portrait'>\n\t\t\t\t\t<a href='https:\/\/www.artstone.com.pl\/wp-content\/uploads\/2020\/06\/avalanche-top.jpg'><img loading=\"lazy\" decoding=\"async\" width=\"300\" height=\"300\" src=\"https:\/\/www.artstone.com.pl\/wp-content\/uploads\/2020\/06\/avalanche-top-300x300.jpg\" class=\"attachment-thumbnail size-thumbnail\" alt=\"\" srcset=\"https:\/\/www.artstone.com.pl\/wp-content\/uploads\/2020\/06\/avalanche-top-300x300.jpg 300w, https:\/\/www.artstone.com.pl\/wp-content\/uploads\/2020\/06\/avalanche-top-145x146.jpg 145w, https:\/\/www.artstone.com.pl\/wp-content\/uploads\/2020\/06\/avalanche-top-50x50.jpg 50w, https:\/\/www.artstone.com.pl\/wp-content\/uploads\/2020\/06\/avalanche-top-75x75.jpg 75w, https:\/\/www.artstone.com.pl\/wp-content\/uploads\/2020\/06\/avalanche-top-85x85.jpg 85w, https:\/\/www.artstone.com.pl\/wp-content\/uploads\/2020\/06\/avalanche-top-80x80.jpg 80w, https:\/\/www.artstone.com.pl\/wp-content\/uploads\/2020\/06\/avalanche-top-750x750.jpg 750w, https:\/\/www.artstone.com.pl\/wp-content\/uploads\/2020\/06\/avalanche-top-150x150.jpg 150w\" sizes=\"auto, (max-width:767px) 300px, 300px\" \/><\/a>\n\t\t\t\t<\/dt><\/div><\/dl><dl class='gallery-item'  data-title='blaty kuchenne marmur Guanxi White' data-description=''><div class='gallery-item-wrapper'>\n\t\t\t\t<dt class='gallery-icon portrait'>\n\t\t\t\t\t<a href='https:\/\/www.artstone.com.pl\/wp-content\/uploads\/2020\/06\/blaty-kuchenne-marmur-guanxi-white.jpg'><img loading=\"lazy\" decoding=\"async\" width=\"300\" height=\"300\" src=\"https:\/\/www.artstone.com.pl\/wp-content\/uploads\/2020\/06\/blaty-kuchenne-marmur-guanxi-white-300x300.jpg\" class=\"attachment-thumbnail size-thumbnail\" alt=\"\" srcset=\"https:\/\/www.artstone.com.pl\/wp-content\/uploads\/2020\/06\/blaty-kuchenne-marmur-guanxi-white-300x300.jpg 300w, https:\/\/www.artstone.com.pl\/wp-content\/uploads\/2020\/06\/blaty-kuchenne-marmur-guanxi-white-85x85.jpg 85w, https:\/\/www.artstone.com.pl\/wp-content\/uploads\/2020\/06\/blaty-kuchenne-marmur-guanxi-white-80x80.jpg 80w, https:\/\/www.artstone.com.pl\/wp-content\/uploads\/2020\/06\/blaty-kuchenne-marmur-guanxi-white-150x150.jpg 150w\" sizes=\"auto, (max-width:767px) 300px, 300px\" \/><\/a>\n\t\t\t\t<\/dt><\/div><\/dl><br style=\"clear: both\" \/><dl class='gallery-item'  data-title='blaty marmur Guanxi White' data-description=''><div class='gallery-item-wrapper'>\n\t\t\t\t<dt class='gallery-icon landscape'>\n\t\t\t\t\t<a href='https:\/\/www.artstone.com.pl\/wp-content\/uploads\/2020\/06\/blaty-marmur-guanxi-white.jpg'><img loading=\"lazy\" decoding=\"async\" width=\"300\" height=\"300\" src=\"https:\/\/www.artstone.com.pl\/wp-content\/uploads\/2020\/06\/blaty-marmur-guanxi-white-300x300.jpg\" class=\"attachment-thumbnail size-thumbnail\" alt=\"\" srcset=\"https:\/\/www.artstone.com.pl\/wp-content\/uploads\/2020\/06\/blaty-marmur-guanxi-white-300x300.jpg 300w, https:\/\/www.artstone.com.pl\/wp-content\/uploads\/2020\/06\/blaty-marmur-guanxi-white-85x85.jpg 85w, https:\/\/www.artstone.com.pl\/wp-content\/uploads\/2020\/06\/blaty-marmur-guanxi-white-80x80.jpg 80w, https:\/\/www.artstone.com.pl\/wp-content\/uploads\/2020\/06\/blaty-marmur-guanxi-white-150x150.jpg 150w\" sizes=\"auto, (max-width:767px) 300px, 300px\" \/><\/a>\n\t\t\t\t<\/dt><\/div><\/dl><dl class='gallery-item'  data-title='ARABESCATO CORCHIA VANITY' data-description=''><div class='gallery-item-wrapper'>\n\t\t\t\t<dt class='gallery-icon portrait'>\n\t\t\t\t\t<a href='https:\/\/www.artstone.com.pl\/wp-content\/uploads\/2020\/06\/arabescato-corchia-vanity.jpg'><img loading=\"lazy\" decoding=\"async\" width=\"300\" height=\"300\" src=\"https:\/\/www.artstone.com.pl\/wp-content\/uploads\/2020\/06\/arabescato-corchia-vanity-300x300.jpg\" class=\"attachment-thumbnail size-thumbnail\" alt=\"\" srcset=\"https:\/\/www.artstone.com.pl\/wp-content\/uploads\/2020\/06\/arabescato-corchia-vanity-300x300.jpg 300w, https:\/\/www.artstone.com.pl\/wp-content\/uploads\/2020\/06\/arabescato-corchia-vanity-85x85.jpg 85w, https:\/\/www.artstone.com.pl\/wp-content\/uploads\/2020\/06\/arabescato-corchia-vanity-80x80.jpg 80w, https:\/\/www.artstone.com.pl\/wp-content\/uploads\/2020\/06\/arabescato-corchia-vanity-150x150.jpg 150w\" sizes=\"auto, (max-width:767px) 300px, 300px\" \/><\/a>\n\t\t\t\t<\/dt><\/div><\/dl><dl class='gallery-item'  data-title='Toros blat' data-description=''><div class='gallery-item-wrapper'>\n\t\t\t\t<dt class='gallery-icon landscape'>\n\t\t\t\t\t<a href='https:\/\/www.artstone.com.pl\/wp-content\/uploads\/2020\/06\/toros-blat.jpg'><img loading=\"lazy\" decoding=\"async\" width=\"300\" height=\"300\" src=\"https:\/\/www.artstone.com.pl\/wp-content\/uploads\/2020\/06\/toros-blat-300x300.jpg\" class=\"attachment-thumbnail size-thumbnail\" alt=\"\" srcset=\"https:\/\/www.artstone.com.pl\/wp-content\/uploads\/2020\/06\/toros-blat-300x300.jpg 300w, https:\/\/www.artstone.com.pl\/wp-content\/uploads\/2020\/06\/toros-blat-85x85.jpg 85w, https:\/\/www.artstone.com.pl\/wp-content\/uploads\/2020\/06\/toros-blat-80x80.jpg 80w, https:\/\/www.artstone.com.pl\/wp-content\/uploads\/2020\/06\/toros-blat-150x150.jpg 150w\" sizes=\"auto, (max-width:767px) 300px, 300px\" \/><\/a>\n\t\t\t\t<\/dt><\/div><\/dl><dl class='gallery-item'  data-title='blat \u0142a\u0328zienkowy' data-description=''><div class='gallery-item-wrapper'>\n\t\t\t\t<dt class='gallery-icon portrait'>\n\t\t\t\t\t<a href='https:\/\/www.artstone.com.pl\/wp-content\/uploads\/2020\/06\/blat-lacca8zienkowy.jpeg'><img loading=\"lazy\" decoding=\"async\" width=\"300\" height=\"300\" src=\"https:\/\/www.artstone.com.pl\/wp-content\/uploads\/2020\/06\/blat-lacca8zienkowy-300x300.jpeg\" class=\"attachment-thumbnail size-thumbnail\" alt=\"\" srcset=\"https:\/\/www.artstone.com.pl\/wp-content\/uploads\/2020\/06\/blat-lacca8zienkowy-300x300.jpeg 300w, https:\/\/www.artstone.com.pl\/wp-content\/uploads\/2020\/06\/blat-lacca8zienkowy-85x85.jpeg 85w, https:\/\/www.artstone.com.pl\/wp-content\/uploads\/2020\/06\/blat-lacca8zienkowy-80x80.jpeg 80w, https:\/\/www.artstone.com.pl\/wp-content\/uploads\/2020\/06\/blat-lacca8zienkowy-150x150.jpeg 150w\" sizes=\"auto, (max-width:767px) 300px, 300px\" \/><\/a>\n\t\t\t\t<\/dt><\/div><\/dl><dl class='gallery-item'  data-title='bath surround' data-description=''><div class='gallery-item-wrapper'>\n\t\t\t\t<dt class='gallery-icon portrait'>\n\t\t\t\t\t<a href='https:\/\/www.artstone.com.pl\/wp-content\/uploads\/2020\/06\/bath-surround.jpeg'><img loading=\"lazy\" decoding=\"async\" width=\"300\" height=\"300\" src=\"https:\/\/www.artstone.com.pl\/wp-content\/uploads\/2020\/06\/bath-surround-300x300.jpeg\" class=\"attachment-thumbnail size-thumbnail\" alt=\"\" srcset=\"https:\/\/www.artstone.com.pl\/wp-content\/uploads\/2020\/06\/bath-surround-300x300.jpeg 300w, https:\/\/www.artstone.com.pl\/wp-content\/uploads\/2020\/06\/bath-surround-85x85.jpeg 85w, https:\/\/www.artstone.com.pl\/wp-content\/uploads\/2020\/06\/bath-surround-80x80.jpeg 80w, https:\/\/www.artstone.com.pl\/wp-content\/uploads\/2020\/06\/bath-surround-150x150.jpeg 150w\" sizes=\"auto, (max-width:767px) 300px, 300px\" \/><\/a>\n\t\t\t\t<\/dt><\/div><\/dl><br style=\"clear: both\" \/><dl class='gallery-item'  data-title='vanity top' data-description=''><div class='gallery-item-wrapper'>\n\t\t\t\t<dt class='gallery-icon landscape'>\n\t\t\t\t\t<a href='https:\/\/www.artstone.com.pl\/wp-content\/uploads\/2020\/06\/vanity-top.jpeg'><img loading=\"lazy\" decoding=\"async\" width=\"300\" height=\"300\" src=\"https:\/\/www.artstone.com.pl\/wp-content\/uploads\/2020\/06\/vanity-top-300x300.jpeg\" class=\"attachment-thumbnail size-thumbnail\" alt=\"\" srcset=\"https:\/\/www.artstone.com.pl\/wp-content\/uploads\/2020\/06\/vanity-top-300x300.jpeg 300w, https:\/\/www.artstone.com.pl\/wp-content\/uploads\/2020\/06\/vanity-top-85x85.jpeg 85w, https:\/\/www.artstone.com.pl\/wp-content\/uploads\/2020\/06\/vanity-top-80x80.jpeg 80w, https:\/\/www.artstone.com.pl\/wp-content\/uploads\/2020\/06\/vanity-top-150x150.jpeg 150w\" sizes=\"auto, (max-width:767px) 300px, 300px\" \/><\/a>\n\t\t\t\t<\/dt><\/div><\/dl><dl class='gallery-item'  data-title='kominek' data-description=''><div class='gallery-item-wrapper'>\n\t\t\t\t<dt class='gallery-icon landscape'>\n\t\t\t\t\t<a href='https:\/\/www.artstone.com.pl\/wp-content\/uploads\/2020\/06\/kominek.jpeg'><img loading=\"lazy\" decoding=\"async\" width=\"300\" height=\"300\" src=\"https:\/\/www.artstone.com.pl\/wp-content\/uploads\/2020\/06\/kominek-300x300.jpeg\" class=\"attachment-thumbnail size-thumbnail\" alt=\"\" srcset=\"https:\/\/www.artstone.com.pl\/wp-content\/uploads\/2020\/06\/kominek-300x300.jpeg 300w, https:\/\/www.artstone.com.pl\/wp-content\/uploads\/2020\/06\/kominek-600x600.jpeg 600w, https:\/\/www.artstone.com.pl\/wp-content\/uploads\/2020\/06\/kominek-146x146.jpeg 146w, https:\/\/www.artstone.com.pl\/wp-content\/uploads\/2020\/06\/kominek-50x50.jpeg 50w, https:\/\/www.artstone.com.pl\/wp-content\/uploads\/2020\/06\/kominek-75x75.jpeg 75w, https:\/\/www.artstone.com.pl\/wp-content\/uploads\/2020\/06\/kominek-85x85.jpeg 85w, https:\/\/www.artstone.com.pl\/wp-content\/uploads\/2020\/06\/kominek-80x80.jpeg 80w, https:\/\/www.artstone.com.pl\/wp-content\/uploads\/2020\/06\/kominek-150x150.jpeg 150w, https:\/\/www.artstone.com.pl\/wp-content\/uploads\/2020\/06\/kominek.jpeg 1024w\" sizes=\"auto, (max-width:767px) 300px, 300px\" \/><\/a>\n\t\t\t\t<\/dt><\/div><\/dl>\n\t\t\t\t<br style='clear: both' \/>\n\t\t\t<\/div>\n\n","protected":false},"excerpt":{"rendered":"<p>Marmur (z greckiego: marmuros) jest ska\u0142\u0105 metamorficzn\u0105, powsta\u0142\u0105 w wyniku przeobra\u017cenia wapieni lub dolomit\u00f3w. G\u0142\u00f3wnym sk\u0142adnikiem marmuru jest kalcyt krystaliczny lub dolomit. Do niedawna zak\u0142ady kamieniarskie<span class=\"excerpt-hellip\"> [\u2026]<\/span><\/p>\n","protected":false},"author":242,"featured_media":0,"parent":16922,"menu_order":8,"comment_status":"closed","ping_status":"closed","template":"","meta":{"footnotes":""},"class_list":["post-12102","page","type-page","status-publish","hentry"],"_links":{"self":[{"href":"https:\/\/www.artstone.com.pl\/pl\/wp-json\/wp\/v2\/pages\/12102","targetHints":{"allow":["GET"]}}],"collection":[{"href":"https:\/\/www.artstone.com.pl\/pl\/wp-json\/wp\/v2\/pages"}],"about":[{"href":"https:\/\/www.artstone.com.pl\/pl\/wp-json\/wp\/v2\/types\/page"}],"author":[{"embeddable":true,"href":"https:\/\/www.artstone.com.pl\/pl\/wp-json\/wp\/v2\/users\/242"}],"replies":[{"embeddable":true,"href":"https:\/\/www.artstone.com.pl\/pl\/wp-json\/wp\/v2\/comments?post=12102"}],"version-history":[{"count":0,"href":"https:\/\/www.artstone.com.pl\/pl\/wp-json\/wp\/v2\/pages\/12102\/revisions"}],"up":[{"embeddable":true,"href":"https:\/\/www.artstone.com.pl\/pl\/wp-json\/wp\/v2\/pages\/16922"}],"wp:attachment":[{"href":"https:\/\/www.artstone.com.pl\/pl\/wp-json\/wp\/v2\/media?parent=12102"}],"curies":[{"name":"wp","href":"https:\/\/api.w.org\/{rel}","templated":true}]}}