{"id":12106,"date":"2011-10-26T06:45:46","date_gmt":"2011-10-26T04:45:46","guid":{"rendered":"http:\/\/www.kamulec.pl\/tradycyjne-i-nowoczene-kominki\/"},"modified":"2018-12-13T14:45:22","modified_gmt":"2018-12-13T13:45:22","slug":"kominki","status":"publish","type":"page","link":"https:\/\/www.artstone.com.pl\/pl\/elementy-wnetrza\/kominki.html","title":{"rendered":"Tradycyjne i nowoczesne kominki"},"content":{"rendered":"<p style=\"text-align: justify;\">\u00a0\u00a0\u00a0\u00a0\u00a0 <img loading=\"lazy\" decoding=\"async\" class=\" alignleft size-full wp-image-12104\" src=\"https:\/\/www.artstone.com.pl\/wp-content\/uploads\/2011\/10\/fusion2.jpg\" border=\"0\" alt=\"Kominki Artstone\" title=\"Kominki Artstone\" width=\"279\" height=\"271\" style=\"margin: 2px 15px; float: left; border: 1px solid white;\" srcset=\"https:\/\/www.artstone.com.pl\/wp-content\/uploads\/2011\/10\/fusion2.jpg 350w, https:\/\/www.artstone.com.pl\/wp-content\/uploads\/2011\/10\/fusion2-150x146.jpg 150w, https:\/\/www.artstone.com.pl\/wp-content\/uploads\/2011\/10\/fusion2-50x50.jpg 50w, https:\/\/www.artstone.com.pl\/wp-content\/uploads\/2011\/10\/fusion2-77x75.jpg 77w, https:\/\/www.artstone.com.pl\/wp-content\/uploads\/2011\/10\/fusion2-300x292.jpg 300w\" sizes=\"auto, (max-width:767px) 279px, 279px\" \/>Tradycja komink\u00f3w na naszym kontynencie si\u0119ga XIII wieku. W domach najpowszechniej przyj\u0119\u0142y si\u0119 w Anglii i Francji, gdzie do dnia dzisiejszego spotka\u0107 je mo\u017cna w prawie ka\u017cdym mieszkaniu. Rzecz charakterystyczna komink\u00f3w angielskich to otwarte palenisko i niepowtarzalny bardzo klasyczny styl wykonania obudowy . Najcz\u0119\u015bciej stosowanymi materia\u0142ami jest piaskowiec, marmur, wapie\u0144 oraz stal i drewno. Przed podj\u0119ciem decyzji o budowie kominka z otwartym paleniskiem warto zasi\u0119gn\u0105\u0107 rady , jak prawid\u0142owo usytuowa\u0107 go w naszym domu, aby unikn\u0105\u0107 problemu gryz\u0105cego nas w oczy i gard\u0142o dymu. Aby nasz kominek dzia\u0142a\u0142 poprawnie musimy przy jego projekcie uwzgl\u0119dni\u0107 wiele bardzo istotnych parametr\u00f3w takich jak kubatura pomieszczenia, przekr\u00f3j szybu kominowego, odpowiedni kszta\u0142t i wielko\u015b\u0107 paleniska, komory dymowej, p\u00f3\u0142ki dymowej oraz innych czynnik\u00f3w niezb\u0119dnych do jego prawid\u0142owego dzia\u0142ania. Je\u017celi planujecie Pa\u0144stwo zbudowanie kominka w stylu angielskim posiadamy ponad 100 gotowych projekt\u00f3w, kt\u00f3re mog\u0105 zosta\u0107 zmodyfikowane i dostosowane do charakteru mieszkania.<\/p>\n<p><strong>Kominki nowoczesne<\/strong><\/p>\n<p>\u00a0\u00a0\u00a0\u00a0\u00a0\u00a0Od kilku lat w Polsce coraz popularniejsze staj\u0105 si\u0119 kominki z wk\u0142adami grzewczymi tzw. kasetami. Ze wzgl\u0119du na du\u017co wi\u0119ksz\u0105 sprawno\u015b\u0107 ciepln\u0105 s\u0105 one bardziej praktyczne i wydajne ni\u017c tradycyjne kominki. Dodatkow\u0105 zalet\u0105 jest bezpiecze\u0144stwo u\u017cytkowania kaset grzewczych oraz mo\u017cliwo\u015b\u0107 ogrzewania kilku pomieszcze\u0144 jednocze\u015bnie. W chwili obecnej na Polskim rynku mo\u017cna dosta\u0107 kilkaset rodzaj\u00f3w wk\u0142ad\u00f3w o najrozmaitszych kszta\u0142tach i kolorach. Decyduj\u0105c si\u0119 na kupno nale\u017cy skonsultowa\u0107\u00a0 si\u0119 ze specjalist\u0105 , jaki wk\u0142ad b\u0119dzie najodpowiedniejszy dla naszego mieszkania. Prace oraz projekt ze wzgl\u0119d\u00f3w bezpiecze\u0144stwa nale\u017cy zleca\u0107 tylko do\u015bwiadczonym monta\u017cystom.<\/p>\n<p style=\"text-align: center;\"><a href=\"\/pl\/kontakt.html\" class=\"readon\"><span>Masz pytanie? Zadzwo\u0144 lub napisz do nas >><\/span><\/a><\/p>\n<p style=\"text-align: justify;\">\n","protected":false},"excerpt":{"rendered":"<p>\u00a0\u00a0\u00a0\u00a0\u00a0 Tradycja komink\u00f3w na naszym kontynencie si\u0119ga XIII wieku. W domach najpowszechniej przyj\u0119\u0142y si\u0119 w Anglii i Francji, gdzie do dnia dzisiejszego spotka\u0107 je mo\u017cna w<span class=\"excerpt-hellip\"> [\u2026]<\/span><\/p>\n","protected":false},"author":242,"featured_media":0,"parent":16934,"menu_order":0,"comment_status":"closed","ping_status":"closed","template":"","meta":{"footnotes":""},"class_list":["post-12106","page","type-page","status-publish","hentry"],"_links":{"self":[{"href":"https:\/\/www.artstone.com.pl\/pl\/wp-json\/wp\/v2\/pages\/12106","targetHints":{"allow":["GET"]}}],"collection":[{"href":"https:\/\/www.artstone.com.pl\/pl\/wp-json\/wp\/v2\/pages"}],"about":[{"href":"https:\/\/www.artstone.com.pl\/pl\/wp-json\/wp\/v2\/types\/page"}],"author":[{"embeddable":true,"href":"https:\/\/www.artstone.com.pl\/pl\/wp-json\/wp\/v2\/users\/242"}],"replies":[{"embeddable":true,"href":"https:\/\/www.artstone.com.pl\/pl\/wp-json\/wp\/v2\/comments?post=12106"}],"version-history":[{"count":0,"href":"https:\/\/www.artstone.com.pl\/pl\/wp-json\/wp\/v2\/pages\/12106\/revisions"}],"up":[{"embeddable":true,"href":"https:\/\/www.artstone.com.pl\/pl\/wp-json\/wp\/v2\/pages\/16934"}],"wp:attachment":[{"href":"https:\/\/www.artstone.com.pl\/pl\/wp-json\/wp\/v2\/media?parent=12106"}],"curies":[{"name":"wp","href":"https:\/\/api.w.org\/{rel}","templated":true}]}}