{"id":12107,"date":"2011-10-26T07:07:18","date_gmt":"2011-10-26T05:07:18","guid":{"rendered":"http:\/\/www.kamulec.pl\/o-firmie-artstone\/"},"modified":"2022-09-02T11:29:08","modified_gmt":"2022-09-02T09:29:08","slug":"o-firmie-artstone","status":"publish","type":"page","link":"https:\/\/www.artstone.com.pl\/pl\/o-firmie-artstone.html","title":{"rendered":"O firmie Artstone"},"content":{"rendered":"<p style=\"text-align: justify;\">\u00a0\u00a0\u00a0\u00a0\u00a0\u00a0\u00a0\u00a0<strong> Firma ARTSTONE zosta\u0142a za\u0142o\u017cona w roku 1998<\/strong>. W\u0142a\u015bciciele firmy do\u015bwiadczenie w zakresie obr\u00f3bki kamienia naturalnego zdobywali wsp\u00f3\u0142pracuj\u0105c z wieloma znanymi firmami brytyjskimi. Brali\u015bmy czynny udzia\u0142 w wykonywaniu bardzo presti\u017cowych projekt\u00f3w. Do bardziej znanych mo\u017cemy zaliczy\u0107:<\/p>\n<ul class=\"bullet-check\">\n<li style=\"list-style-type: none;\">\n<ul class=\"bullet-check\">\n<li>\u00a0\u00a0\u00a0 ELEWACJA KINA WARNER BROS<\/li>\n<li>\u00a0\u00a0\u00a0 FASADY SKLEP\u00d3W FIRMOWYCH: CHANEL, MOSCHINO, ARMANI, ROLEX<\/li>\n<li>\u00a0\u00a0\u00a0 ELEMENTY ARCHITEKTONICZNE PALAC\u00d3W BUCKINGHAM I KENSINGTON<\/li>\n<li>\u00a0\u00a0\u00a0 SARKOFAG KSI\u0118\u017bNEJ DIANY W ALTHORP<\/li>\n<li>\u00a0\u00a0\u00a0 HOTEL DORCHESTER<\/li>\n<\/ul>\n<\/li>\n<\/ul>\n<p style=\"text-align: justify;\">Posiadamy referencje na w\/w prace.<\/p>\n<p style=\"text-align: justify;\">Zajmujemy si\u0119 wykonywaniem element\u00f3w wystroju wn\u0119trz takich jak: parapety okienne, blaty kuchenne, lady gastronomiczne, deski recepcyjne, kominki, schody, posadzki, elewacje, fontanny oraz wielu innych element\u00f3w architektonicznych, gdzie mo\u017cna wykorzysta\u0107 <a href=\"https:\/\/www.artstone.com.pl\/pl\/elementy-wnetrza\/podlogi.html\/\">kamie\u0144 naturalny<\/a>. Us\u0142ugi rob\u00f3t kamieniarskich. \u015awiadczymy w szerokim zakresie &#8211; od sprzeda\u017cy najdrobniejszych element\u00f3w po kompleksowe realizacje z projektowaniem, obmiarem, przygotowaniem materia\u0142u, transportem, monta\u017cem oraz konserwacj\u0105. Dzi\u0119ki naszym kontaktom handlowym jeste\u015bmy w stanie pozyska\u0107 dla Pa\u0144stwa praktycznie ka\u017cdy materia\u0142 z ca\u0142ego \u015bwiata. Zapewniamy fachowe doradztwo, wysok\u0105\u00a0 jako\u015b\u0107 i szybkie terminy realizacji. W Polsce do chwili obecnej uczestniczyli\u015bmy przy kilku interesuj\u0105cych projektach, na kt\u00f3re posiadamy referencje zleceniodawc\u00f3w i klient\u00f3w.<\/p>\n<ul class=\"bullet-check\">\n<li>\u00a0\u00a0\u00a0 POSADZKI W GMACHU MINISTERSTWA &#8211; ul.Jasna<\/li>\n<li>\u00a0\u00a0\u00a0 POSADZKI W KANCELARII PREZYDENTA RP &#8211; ul.Wiejska 10<\/li>\n<li>\u00a0\u00a0\u00a0 ELEWACJA I POSADZKI GRANITOWE, BUDYNEK MIESZKALNO BIUROWY &#8211; ul.Z\u0105bkowska 41 r\u00f3g\u00a0Tarchomi\u0144skiej<\/li>\n<li>\u00a0\u00a0\u00a0 ELEWACJA GRANITOWA, SIEDZIBA FIRMY SYSTEM AIR, ul.Al. Krakowska,<br \/>\n\u0141AZY k\/Warszawy<\/li>\n<li>\u00a0\u00a0\u00a0 BLATY \u0141AZIENKOWE, WOLA PARK, ul.G\u00f3rczewska, Warszawa<\/li>\n<li>\u00a0\u00a0\u00a0 BLATY KUCHENNE I \u0141AZIENKOWE &#8211; AIG LINCOLN Polska, osiedle &#8222;KAMPINOS&#8221; &#8211; Lipk\u00f3w<\/li>\n<li>\u00a0\u00a0\u00a0 ELEWACJA I ELEMENTY WN\u0118TRZ (blaty kuchenne, kominek, parapety itp.) &#8211; STUDIO ESTIMA Warszawa &#8211; ul.Wary\u0144skiego<\/li>\n<li>BLATY \u0141AZIENKOWE C.H. Z\u0141OTE TARASY<\/li>\n<li>BLATY \u0141AZIENKOWE ZUS III ODDZIA\u0141 W WARSZAWIE<\/li>\n<\/ul>\n","protected":false},"excerpt":{"rendered":"<p>\u00a0\u00a0\u00a0\u00a0\u00a0\u00a0\u00a0\u00a0 Firma ARTSTONE zosta\u0142a za\u0142o\u017cona w roku 1998. W\u0142a\u015bciciele firmy do\u015bwiadczenie w zakresie obr\u00f3bki kamienia naturalnego zdobywali wsp\u00f3\u0142pracuj\u0105c z wieloma znanymi firmami brytyjskimi. Brali\u015bmy czynny udzia\u0142<span class=\"excerpt-hellip\"> [\u2026]<\/span><\/p>\n","protected":false},"author":242,"featured_media":0,"parent":0,"menu_order":2,"comment_status":"closed","ping_status":"closed","template":"","meta":{"footnotes":""},"class_list":["post-12107","page","type-page","status-publish","hentry"],"_links":{"self":[{"href":"https:\/\/www.artstone.com.pl\/pl\/wp-json\/wp\/v2\/pages\/12107","targetHints":{"allow":["GET"]}}],"collection":[{"href":"https:\/\/www.artstone.com.pl\/pl\/wp-json\/wp\/v2\/pages"}],"about":[{"href":"https:\/\/www.artstone.com.pl\/pl\/wp-json\/wp\/v2\/types\/page"}],"author":[{"embeddable":true,"href":"https:\/\/www.artstone.com.pl\/pl\/wp-json\/wp\/v2\/users\/242"}],"replies":[{"embeddable":true,"href":"https:\/\/www.artstone.com.pl\/pl\/wp-json\/wp\/v2\/comments?post=12107"}],"version-history":[{"count":0,"href":"https:\/\/www.artstone.com.pl\/pl\/wp-json\/wp\/v2\/pages\/12107\/revisions"}],"wp:attachment":[{"href":"https:\/\/www.artstone.com.pl\/pl\/wp-json\/wp\/v2\/media?parent=12107"}],"curies":[{"name":"wp","href":"https:\/\/api.w.org\/{rel}","templated":true}]}}