{"id":12108,"date":"2011-10-26T10:53:16","date_gmt":"2011-10-26T08:53:16","guid":{"rendered":"http:\/\/www.kamulec.pl\/nagrobki\/"},"modified":"2018-12-14T09:20:58","modified_gmt":"2018-12-14T08:20:58","slug":"nagrobki","status":"publish","type":"page","link":"https:\/\/www.artstone.com.pl\/pl\/nagrobki.html","title":{"rendered":"Nagrobki"},"content":{"rendered":"<p style=\"text-align: justify;\"><strong><img loading=\"lazy\" decoding=\"async\" class=\" alignleft size-full wp-image-12087\" src=\"https:\/\/www.artstone.com.pl\/wp-content\/uploads\/2011\/10\/n3.jpg\" border=\"0\" alt=\"Nagrobki\" title=\"Nagrobki\" style=\"float: left; margin: 5px 10px; border: 1px solid white;\" width=\"250\" height=\"167\" srcset=\"https:\/\/www.artstone.com.pl\/wp-content\/uploads\/2011\/10\/n3.jpg 250w, https:\/\/www.artstone.com.pl\/wp-content\/uploads\/2011\/10\/n3-219x146.jpg 219w, https:\/\/www.artstone.com.pl\/wp-content\/uploads\/2011\/10\/n3-50x33.jpg 50w, https:\/\/www.artstone.com.pl\/wp-content\/uploads\/2011\/10\/n3-112x75.jpg 112w\" sizes=\"auto, (max-width:767px) 250px, 250px\" \/>Firma Artstone<\/strong> jest wy\u0142\u0105cznym importerem nagrobk\u00f3w granitowych firmy MGS STONE. W naszej ofercie znajd\u0105 Pa\u0144stwo gotowe nagrobki w r\u00f3\u017cnorodnej kolorystyce. W przypadku zam\u00f3wie\u0144 hurtowych stosujemy bardzo atrakcyjne rabaty. Wykonujemy rze\u017abione pomniki, \u015bwiadczymy us\u0142ugi konserwacyjne, monta\u017cowe oraz transportowe.<\/p>\n<p> <br ><\/p>\n<p style=\"text-align: center;\"><a href=\"\/pl\/kontakt.html\" class=\"readon\"><span>Masz pytanie? Zadzwo\u0144 lub napisz do nas >><\/span><\/a><\/p>\n\n\t\t\t<style type='text\/css'>\n\t\t\t\t#sc_gallery-1 {\n\t\t\t\t\tmargin: auto;\n\t\t\t\t}\n\t\t\t\t#sc_gallery-1 .gallery-item {\n\t\t\t\t\tfloat: left;\n\t\t\t\t\ttext-align: center;\n\t\t\t\t\twidth: 19.99%;\n\t\t\t\t}\n\t\t\t\t#sc_gallery-1 img {\n\t\t\t\t\tborder: 2px solid #cfcfcf;\n\t\t\t\t}\n\t\t\t\t\/* see sc_gallery() in functions\/theme-shortcodes.php *\/\n\t\t\t<\/style>\n\t\t<div id='sc_gallery-1' class='gallery galleryid-12108 gallery-columns-5 gallery-size-thumbnail file element_classes gallery-default'><dl class='gallery-item'  data-title='3' data-description=''><div class='gallery-item-wrapper'>\n\t\t\t\t<dt class='gallery-icon landscape'>\n\t\t\t\t\t<a href='https:\/\/www.artstone.com.pl\/wp-content\/uploads\/2018\/12\/3-1.jpg'><img loading=\"lazy\" decoding=\"async\" width=\"300\" height=\"300\" src=\"https:\/\/www.artstone.com.pl\/wp-content\/uploads\/2018\/12\/3-1-300x300.jpg\" class=\"attachment-thumbnail size-thumbnail\" alt=\"\" srcset=\"https:\/\/www.artstone.com.pl\/wp-content\/uploads\/2018\/12\/3-1-300x300.jpg 300w, https:\/\/www.artstone.com.pl\/wp-content\/uploads\/2018\/12\/3-1-85x85.jpg 85w, https:\/\/www.artstone.com.pl\/wp-content\/uploads\/2018\/12\/3-1-80x80.jpg 80w, https:\/\/www.artstone.com.pl\/wp-content\/uploads\/2018\/12\/3-1-150x150.jpg 150w\" sizes=\"auto, (max-width:767px) 300px, 300px\" \/><\/a>\n\t\t\t\t<\/dt><\/div><\/dl><dl class='gallery-item'  data-title='6' data-description=''><div class='gallery-item-wrapper'>\n\t\t\t\t<dt class='gallery-icon landscape'>\n\t\t\t\t\t<a href='https:\/\/www.artstone.com.pl\/wp-content\/uploads\/2018\/12\/6-1.jpg'><img loading=\"lazy\" decoding=\"async\" width=\"300\" height=\"300\" src=\"https:\/\/www.artstone.com.pl\/wp-content\/uploads\/2018\/12\/6-1-300x300.jpg\" class=\"attachment-thumbnail size-thumbnail\" alt=\"\" srcset=\"https:\/\/www.artstone.com.pl\/wp-content\/uploads\/2018\/12\/6-1-300x300.jpg 300w, https:\/\/www.artstone.com.pl\/wp-content\/uploads\/2018\/12\/6-1-85x85.jpg 85w, https:\/\/www.artstone.com.pl\/wp-content\/uploads\/2018\/12\/6-1-80x80.jpg 80w, https:\/\/www.artstone.com.pl\/wp-content\/uploads\/2018\/12\/6-1-150x150.jpg 150w\" sizes=\"auto, (max-width:767px) 300px, 300px\" \/><\/a>\n\t\t\t\t<\/dt><\/div><\/dl><dl class='gallery-item'  data-title='7' data-description=''><div class='gallery-item-wrapper'>\n\t\t\t\t<dt class='gallery-icon landscape'>\n\t\t\t\t\t<a href='https:\/\/www.artstone.com.pl\/wp-content\/uploads\/2018\/12\/7-1.jpg'><img loading=\"lazy\" decoding=\"async\" width=\"300\" height=\"300\" src=\"https:\/\/www.artstone.com.pl\/wp-content\/uploads\/2018\/12\/7-1-300x300.jpg\" class=\"attachment-thumbnail size-thumbnail\" alt=\"\" srcset=\"https:\/\/www.artstone.com.pl\/wp-content\/uploads\/2018\/12\/7-1-300x300.jpg 300w, https:\/\/www.artstone.com.pl\/wp-content\/uploads\/2018\/12\/7-1-85x85.jpg 85w, https:\/\/www.artstone.com.pl\/wp-content\/uploads\/2018\/12\/7-1-80x80.jpg 80w, https:\/\/www.artstone.com.pl\/wp-content\/uploads\/2018\/12\/7-1-150x150.jpg 150w\" sizes=\"auto, (max-width:767px) 300px, 300px\" \/><\/a>\n\t\t\t\t<\/dt><\/div><\/dl><dl class='gallery-item'  data-title='8' data-description=''><div class='gallery-item-wrapper'>\n\t\t\t\t<dt class='gallery-icon landscape'>\n\t\t\t\t\t<a href='https:\/\/www.artstone.com.pl\/wp-content\/uploads\/2018\/12\/8-1.jpg'><img loading=\"lazy\" decoding=\"async\" width=\"300\" height=\"300\" src=\"https:\/\/www.artstone.com.pl\/wp-content\/uploads\/2018\/12\/8-1-300x300.jpg\" class=\"attachment-thumbnail size-thumbnail\" alt=\"\" srcset=\"https:\/\/www.artstone.com.pl\/wp-content\/uploads\/2018\/12\/8-1-300x300.jpg 300w, https:\/\/www.artstone.com.pl\/wp-content\/uploads\/2018\/12\/8-1-85x85.jpg 85w, https:\/\/www.artstone.com.pl\/wp-content\/uploads\/2018\/12\/8-1-80x80.jpg 80w, https:\/\/www.artstone.com.pl\/wp-content\/uploads\/2018\/12\/8-1-150x150.jpg 150w\" sizes=\"auto, (max-width:767px) 300px, 300px\" \/><\/a>\n\t\t\t\t<\/dt><\/div><\/dl><dl class='gallery-item'  data-title='10.' data-description=''><div class='gallery-item-wrapper'>\n\t\t\t\t<dt class='gallery-icon landscape'>\n\t\t\t\t\t<a href='https:\/\/www.artstone.com.pl\/wp-content\/uploads\/2018\/12\/10..jpg'><img loading=\"lazy\" decoding=\"async\" width=\"300\" height=\"300\" src=\"https:\/\/www.artstone.com.pl\/wp-content\/uploads\/2018\/12\/10.-300x300.jpg\" class=\"attachment-thumbnail size-thumbnail\" alt=\"\" srcset=\"https:\/\/www.artstone.com.pl\/wp-content\/uploads\/2018\/12\/10.-300x300.jpg 300w, https:\/\/www.artstone.com.pl\/wp-content\/uploads\/2018\/12\/10.-85x85.jpg 85w, https:\/\/www.artstone.com.pl\/wp-content\/uploads\/2018\/12\/10.-80x80.jpg 80w, https:\/\/www.artstone.com.pl\/wp-content\/uploads\/2018\/12\/10.-150x150.jpg 150w\" sizes=\"auto, (max-width:767px) 300px, 300px\" \/><\/a>\n\t\t\t\t<\/dt><\/div><\/dl><br style=\"clear: both\" \/><dl class='gallery-item'  data-title='41' data-description=''><div class='gallery-item-wrapper'>\n\t\t\t\t<dt class='gallery-icon landscape'>\n\t\t\t\t\t<a href='https:\/\/www.artstone.com.pl\/wp-content\/uploads\/2018\/12\/41.jpg'><img loading=\"lazy\" decoding=\"async\" width=\"300\" height=\"300\" src=\"https:\/\/www.artstone.com.pl\/wp-content\/uploads\/2018\/12\/41-300x300.jpg\" class=\"attachment-thumbnail size-thumbnail\" alt=\"\" srcset=\"https:\/\/www.artstone.com.pl\/wp-content\/uploads\/2018\/12\/41-300x300.jpg 300w, https:\/\/www.artstone.com.pl\/wp-content\/uploads\/2018\/12\/41-85x85.jpg 85w, https:\/\/www.artstone.com.pl\/wp-content\/uploads\/2018\/12\/41-80x80.jpg 80w, https:\/\/www.artstone.com.pl\/wp-content\/uploads\/2018\/12\/41-150x150.jpg 150w\" sizes=\"auto, (max-width:767px) 300px, 300px\" \/><\/a>\n\t\t\t\t<\/dt><\/div><\/dl><dl class='gallery-item'  data-title='51' data-description=''><div class='gallery-item-wrapper'>\n\t\t\t\t<dt class='gallery-icon landscape'>\n\t\t\t\t\t<a href='https:\/\/www.artstone.com.pl\/wp-content\/uploads\/2018\/12\/51.jpg'><img loading=\"lazy\" decoding=\"async\" width=\"300\" height=\"300\" src=\"https:\/\/www.artstone.com.pl\/wp-content\/uploads\/2018\/12\/51-300x300.jpg\" class=\"attachment-thumbnail size-thumbnail\" alt=\"\" srcset=\"https:\/\/www.artstone.com.pl\/wp-content\/uploads\/2018\/12\/51-300x300.jpg 300w, https:\/\/www.artstone.com.pl\/wp-content\/uploads\/2018\/12\/51-85x85.jpg 85w, https:\/\/www.artstone.com.pl\/wp-content\/uploads\/2018\/12\/51-80x80.jpg 80w, https:\/\/www.artstone.com.pl\/wp-content\/uploads\/2018\/12\/51-150x150.jpg 150w\" sizes=\"auto, (max-width:767px) 300px, 300px\" \/><\/a>\n\t\t\t\t<\/dt><\/div><\/dl><dl class='gallery-item'  data-title='91' data-description=''><div class='gallery-item-wrapper'>\n\t\t\t\t<dt class='gallery-icon landscape'>\n\t\t\t\t\t<a href='https:\/\/www.artstone.com.pl\/wp-content\/uploads\/2018\/12\/91.jpg'><img loading=\"lazy\" decoding=\"async\" width=\"300\" height=\"300\" src=\"https:\/\/www.artstone.com.pl\/wp-content\/uploads\/2018\/12\/91-300x300.jpg\" class=\"attachment-thumbnail size-thumbnail\" alt=\"\" srcset=\"https:\/\/www.artstone.com.pl\/wp-content\/uploads\/2018\/12\/91-300x300.jpg 300w, https:\/\/www.artstone.com.pl\/wp-content\/uploads\/2018\/12\/91-85x85.jpg 85w, https:\/\/www.artstone.com.pl\/wp-content\/uploads\/2018\/12\/91-80x80.jpg 80w, https:\/\/www.artstone.com.pl\/wp-content\/uploads\/2018\/12\/91-150x150.jpg 150w\" sizes=\"auto, (max-width:767px) 300px, 300px\" \/><\/a>\n\t\t\t\t<\/dt><\/div><\/dl><dl class='gallery-item'  data-title='nagrobek (1)' data-description=''><div class='gallery-item-wrapper'>\n\t\t\t\t<dt class='gallery-icon landscape'>\n\t\t\t\t\t<a href='https:\/\/www.artstone.com.pl\/wp-content\/uploads\/2018\/12\/nagrobek-1.jpg'><img loading=\"lazy\" decoding=\"async\" width=\"300\" height=\"300\" src=\"https:\/\/www.artstone.com.pl\/wp-content\/uploads\/2018\/12\/nagrobek-1-300x300.jpg\" class=\"attachment-thumbnail size-thumbnail\" alt=\"\" srcset=\"https:\/\/www.artstone.com.pl\/wp-content\/uploads\/2018\/12\/nagrobek-1-300x300.jpg 300w, https:\/\/www.artstone.com.pl\/wp-content\/uploads\/2018\/12\/nagrobek-1-85x85.jpg 85w, https:\/\/www.artstone.com.pl\/wp-content\/uploads\/2018\/12\/nagrobek-1-80x80.jpg 80w, https:\/\/www.artstone.com.pl\/wp-content\/uploads\/2018\/12\/nagrobek-1-150x150.jpg 150w\" sizes=\"auto, (max-width:767px) 300px, 300px\" \/><\/a>\n\t\t\t\t<\/dt><\/div><\/dl><dl class='gallery-item'  data-title='nagrobek (8)' data-description=''><div class='gallery-item-wrapper'>\n\t\t\t\t<dt class='gallery-icon landscape'>\n\t\t\t\t\t<a href='https:\/\/www.artstone.com.pl\/wp-content\/uploads\/2018\/12\/nagrobek-8.jpg'><img loading=\"lazy\" decoding=\"async\" width=\"300\" height=\"300\" src=\"https:\/\/www.artstone.com.pl\/wp-content\/uploads\/2018\/12\/nagrobek-8-300x300.jpg\" class=\"attachment-thumbnail size-thumbnail\" alt=\"\" srcset=\"https:\/\/www.artstone.com.pl\/wp-content\/uploads\/2018\/12\/nagrobek-8-300x300.jpg 300w, https:\/\/www.artstone.com.pl\/wp-content\/uploads\/2018\/12\/nagrobek-8-85x85.jpg 85w, https:\/\/www.artstone.com.pl\/wp-content\/uploads\/2018\/12\/nagrobek-8-80x80.jpg 80w, https:\/\/www.artstone.com.pl\/wp-content\/uploads\/2018\/12\/nagrobek-8-150x150.jpg 150w\" sizes=\"auto, (max-width:767px) 300px, 300px\" \/><\/a>\n\t\t\t\t<\/dt><\/div><\/dl><br style=\"clear: both\" \/><dl class='gallery-item'  data-title='nagrobek (10)' data-description=''><div class='gallery-item-wrapper'>\n\t\t\t\t<dt class='gallery-icon landscape'>\n\t\t\t\t\t<a href='https:\/\/www.artstone.com.pl\/wp-content\/uploads\/2018\/12\/nagrobek-10.jpg'><img loading=\"lazy\" decoding=\"async\" width=\"300\" height=\"300\" src=\"https:\/\/www.artstone.com.pl\/wp-content\/uploads\/2018\/12\/nagrobek-10-300x300.jpg\" class=\"attachment-thumbnail size-thumbnail\" alt=\"\" srcset=\"https:\/\/www.artstone.com.pl\/wp-content\/uploads\/2018\/12\/nagrobek-10-300x300.jpg 300w, https:\/\/www.artstone.com.pl\/wp-content\/uploads\/2018\/12\/nagrobek-10-85x85.jpg 85w, https:\/\/www.artstone.com.pl\/wp-content\/uploads\/2018\/12\/nagrobek-10-80x80.jpg 80w, https:\/\/www.artstone.com.pl\/wp-content\/uploads\/2018\/12\/nagrobek-10-150x150.jpg 150w\" sizes=\"auto, (max-width:767px) 300px, 300px\" \/><\/a>\n\t\t\t\t<\/dt><\/div><\/dl><dl class='gallery-item'  data-title='nagrobek (12)' data-description=''><div class='gallery-item-wrapper'>\n\t\t\t\t<dt class='gallery-icon landscape'>\n\t\t\t\t\t<a href='https:\/\/www.artstone.com.pl\/wp-content\/uploads\/2018\/12\/nagrobek-12.jpg'><img loading=\"lazy\" decoding=\"async\" width=\"300\" height=\"300\" src=\"https:\/\/www.artstone.com.pl\/wp-content\/uploads\/2018\/12\/nagrobek-12-300x300.jpg\" class=\"attachment-thumbnail size-thumbnail\" alt=\"\" srcset=\"https:\/\/www.artstone.com.pl\/wp-content\/uploads\/2018\/12\/nagrobek-12-300x300.jpg 300w, https:\/\/www.artstone.com.pl\/wp-content\/uploads\/2018\/12\/nagrobek-12-85x85.jpg 85w, https:\/\/www.artstone.com.pl\/wp-content\/uploads\/2018\/12\/nagrobek-12-80x80.jpg 80w, https:\/\/www.artstone.com.pl\/wp-content\/uploads\/2018\/12\/nagrobek-12-150x150.jpg 150w\" sizes=\"auto, (max-width:767px) 300px, 300px\" \/><\/a>\n\t\t\t\t<\/dt><\/div><\/dl>\n\t\t\t\t<br style='clear: both' \/>\n\t\t\t<\/div>\n\n","protected":false},"excerpt":{"rendered":"<p>Firma Artstone jest wy\u0142\u0105cznym importerem nagrobk\u00f3w granitowych firmy MGS STONE. W naszej ofercie znajd\u0105 Pa\u0144stwo gotowe nagrobki w r\u00f3\u017cnorodnej kolorystyce. W przypadku zam\u00f3wie\u0144 hurtowych stosujemy bardzo<span class=\"excerpt-hellip\"> [\u2026]<\/span><\/p>\n","protected":false},"author":242,"featured_media":0,"parent":0,"menu_order":0,"comment_status":"closed","ping_status":"closed","template":"","meta":{"footnotes":""},"class_list":["post-12108","page","type-page","status-publish","hentry"],"_links":{"self":[{"href":"https:\/\/www.artstone.com.pl\/pl\/wp-json\/wp\/v2\/pages\/12108","targetHints":{"allow":["GET"]}}],"collection":[{"href":"https:\/\/www.artstone.com.pl\/pl\/wp-json\/wp\/v2\/pages"}],"about":[{"href":"https:\/\/www.artstone.com.pl\/pl\/wp-json\/wp\/v2\/types\/page"}],"author":[{"embeddable":true,"href":"https:\/\/www.artstone.com.pl\/pl\/wp-json\/wp\/v2\/users\/242"}],"replies":[{"embeddable":true,"href":"https:\/\/www.artstone.com.pl\/pl\/wp-json\/wp\/v2\/comments?post=12108"}],"version-history":[{"count":0,"href":"https:\/\/www.artstone.com.pl\/pl\/wp-json\/wp\/v2\/pages\/12108\/revisions"}],"wp:attachment":[{"href":"https:\/\/www.artstone.com.pl\/pl\/wp-json\/wp\/v2\/media?parent=12108"}],"curies":[{"name":"wp","href":"https:\/\/api.w.org\/{rel}","templated":true}]}}