{"id":12109,"date":"2011-10-27T11:59:54","date_gmt":"2011-10-27T09:59:54","guid":{"rendered":"http:\/\/www.kamulec.pl\/zewnetrzne-elementy-domu\/"},"modified":"2011-10-27T11:59:54","modified_gmt":"2011-10-27T09:59:54","slug":"zewnetrzne-elementy-domu","status":"publish","type":"page","link":"https:\/\/www.artstone.com.pl\/pl\/zewnetrzne-elementy-domu.html","title":{"rendered":"Zewn\u0119trzne elementy domu"},"content":{"rendered":"<p style=\"text-align: justify;\">\u00a0\u00a0\u00a0\u00a0\u00a0\u00a0Nasza firma \u015bwiadczy us\u0142ugi w zakresie monta\u017cu ok\u0142adzin \u015bciennych oraz elewacji z kamienia naturalnego. Dysponujemy do\u015bwiadczonymi brygadami monterskimi, kt\u00f3re bra\u0142y udzia\u0142 w wielu projektach prywatnych i przemys\u0142owych. Naszymi klientami by\u0142y m.in. banki, sp\u00f3\u0142dzielnie mieszkaniowe oraz inne instytucje, gdzie wykonywane by\u0142y zewn\u0119trzne i wewn\u0119trzne ok\u0142adziny i elewacje z marmuru, granitu, piaskowca, wapienia, trawertynu i innych materia\u0142\u00f3w. Oferujemy Pa\u0144stwu r\u00f3wnie\u017c monta\u017c elewacji na wysoko\u015bciach przy u\u017cyciu w\u0142asnych rusztowa\u0144. Wykonane ok\u0142adziny mog\u0105 zosta\u0107 zabezpieczone przez nasz\u0105 firm\u0119 najlepszymi impregnatami dost\u0119pnymi na Polskim rynku. Ze wzgl\u0119du na olbrzymi\u0105 r\u00f3\u017cnorodno\u015b\u0107 metod instalacji ok\u0142adzin \u015bciennych, szczeg\u00f3\u0142owych informacji odno\u015bnie cen oraz termin\u00f3w realizacji b\u0119dziemy w stanie udzieli\u0107 po zapoznaniu si\u0119 z projektem technicznym konkretnej elewacji. Uprzejmie prosimy o wcze\u015bniejszy kontakt z nasz\u0105 firm\u0105 w celu ustalenia terminu oraz miejsca spotkania.<\/p>\n","protected":false},"excerpt":{"rendered":"<p>\u00a0\u00a0\u00a0\u00a0\u00a0\u00a0Nasza firma \u015bwiadczy us\u0142ugi w zakresie monta\u017cu ok\u0142adzin \u015bciennych oraz elewacji z kamienia naturalnego. Dysponujemy do\u015bwiadczonymi brygadami monterskimi, kt\u00f3re bra\u0142y udzia\u0142 w wielu projektach prywatnych i<span class=\"excerpt-hellip\"> [\u2026]<\/span><\/p>\n","protected":false},"author":242,"featured_media":0,"parent":0,"menu_order":6,"comment_status":"closed","ping_status":"closed","template":"","meta":{"footnotes":""},"class_list":["post-12109","page","type-page","status-publish","hentry"],"_links":{"self":[{"href":"https:\/\/www.artstone.com.pl\/pl\/wp-json\/wp\/v2\/pages\/12109","targetHints":{"allow":["GET"]}}],"collection":[{"href":"https:\/\/www.artstone.com.pl\/pl\/wp-json\/wp\/v2\/pages"}],"about":[{"href":"https:\/\/www.artstone.com.pl\/pl\/wp-json\/wp\/v2\/types\/page"}],"author":[{"embeddable":true,"href":"https:\/\/www.artstone.com.pl\/pl\/wp-json\/wp\/v2\/users\/242"}],"replies":[{"embeddable":true,"href":"https:\/\/www.artstone.com.pl\/pl\/wp-json\/wp\/v2\/comments?post=12109"}],"version-history":[{"count":0,"href":"https:\/\/www.artstone.com.pl\/pl\/wp-json\/wp\/v2\/pages\/12109\/revisions"}],"wp:attachment":[{"href":"https:\/\/www.artstone.com.pl\/pl\/wp-json\/wp\/v2\/media?parent=12109"}],"curies":[{"name":"wp","href":"https:\/\/api.w.org\/{rel}","templated":true}]}}