{"id":12110,"date":"2011-12-05T10:09:44","date_gmt":"2011-12-05T09:09:44","guid":{"rendered":"http:\/\/www.kamulec.pl\/piaskowiec\/"},"modified":"2022-10-17T11:36:33","modified_gmt":"2022-10-17T09:36:33","slug":"piaskowiec","status":"publish","type":"page","link":"https:\/\/www.artstone.com.pl\/pl\/materialy\/piaskowiec.html","title":{"rendered":"Piaskowiec"},"content":{"rendered":"<p style=\"text-align: justify;\"><a href=\"https:\/\/www.artstone.com.pl\/pl\/import-hurtownia-piaskowca.html\"><strong>Piaskowiec<\/strong><\/a> to ska\u0142a mi\u0119kka, \u0142atwa w obr\u00f3bce, zw\u0142aszcza, je\u015bli dokonujemy jej tu\u017c po wydobyciu materia\u0142u. Wyschni\u0119ty piaskowiec staje si\u0119 twardy. Te cechy sprawiaj\u0105, \u017ce piaskowiec od wiek\u00f3w stosowany jest w budownictwie. Wykonuje si\u0119 z niego t\u0142ucze\u0144 drogowy, p\u0142yty ok\u0142adzinowe, chodnikowe, kamie\u0144 \u0142amany, grysy, <a href=\"https:\/\/www.artstone.com.pl\/pl\/zewnetrzne-elementy-domu\/elewacje.html\/\/\">elewacje kamiennie<\/a>, kruszywa \u0142amane do beton\u00f3w.<\/p>\n<p style=\"text-align: justify;\"><strong>Na podstawie barwy, w Polsce wyr\u00f3\u017cniamy nast\u0119puj\u0105ce rodzaje piaskowca:<\/strong><\/p>\n<p style=\"text-align: justify;\">&#8211; piaskowiec czerwony \u2013 jego z\u0142o\u017ca znajduj\u0105 si\u0119 na Dolnym \u015al\u0105sku<br \/>\n&#8211; piaskowiec r\u00f3\u017cowy \u2013 znajduje si\u0119 w G\u00f3rach \u015awi\u0119tokrzyskich<br \/>\n&#8211; piaskowiec bia\u0142okremowy \u2013 wydobywany w Szyd\u0142owcu<br \/>\n&#8211; piaskowiec bia\u0142y i ciosowy \u2013 znajduje si\u0119 na Dolnym \u015al\u0105sku<br \/>\n&#8211; piaskowiec szary i zielony \u2013 wydobywany w Karpatach.<\/p>\n<p style=\"text-align: center;\"><a class=\"readon\" href=\"\/?product_cat=kamien\/piaskowiec.html\">Sprawd\u017a cen\u0119 i dost\u0119pno\u015b\u0107 w naszym katalogu &gt;&gt;<\/a><\/p>\n<p style=\"text-align: justify;\">Piaskowiec jest materia\u0142em, kt\u00f3ry mo\u017cemy stosowa\u0107 na \u015bciany, na elewacj\u0119. Nadaje si\u0119 do zastosowa\u0144 zewn\u0119trznych i wewn\u0119trznych. Jednak jego trwa\u0142o\u015b\u0107 zale\u017cy od poziomu nas\u0142onecznienia i wilgoci.\u00a0Szczeg\u00f3\u0142\u00f3w na temat <a href=\"https:\/\/www.artstone.com.pl\/\">zastosowania piaskowca<\/a> ch\u0119tnie udziel\u0105 nasi specjali\u015bci pod numerem telefonu 22 7211758.<\/p>\n<p>&nbsp;<\/p>\n<p style=\"text-align: center;\"><a class=\"readon\" href=\"https:\/\/www.artstone.com.pl\/pl\/kontakt.html\">Masz pytanie? Zadzwo\u0144 lub napisz do nas &gt;&gt;<\/a><\/p>\n\n\t\t\t<style type='text\/css'>\n\t\t\t\t#sc_gallery-1 {\n\t\t\t\t\tmargin: auto;\n\t\t\t\t}\n\t\t\t\t#sc_gallery-1 .gallery-item {\n\t\t\t\t\tfloat: left;\n\t\t\t\t\ttext-align: center;\n\t\t\t\t\twidth: 16.66%;\n\t\t\t\t}\n\t\t\t\t#sc_gallery-1 img {\n\t\t\t\t\tborder: 2px solid #cfcfcf;\n\t\t\t\t}\n\t\t\t\t\/* see sc_gallery() in functions\/theme-shortcodes.php *\/\n\t\t\t<\/style>\n\t\t<div id='sc_gallery-1' class='gallery galleryid-12110 gallery-columns-6 gallery-size-thumbnail file element_classes gallery-default'><dl class='gallery-item'  data-title='Bateig_beige1' data-description=''><div class='gallery-item-wrapper'>\n\t\t\t\t<dt class='gallery-icon landscape'>\n\t\t\t\t\t<a href='https:\/\/www.artstone.com.pl\/wp-content\/uploads\/2019\/02\/Bateig_beige1.jpg'><img loading=\"lazy\" decoding=\"async\" width=\"300\" height=\"300\" src=\"https:\/\/www.artstone.com.pl\/wp-content\/uploads\/2019\/02\/Bateig_beige1-300x300.jpg\" class=\"attachment-thumbnail size-thumbnail\" alt=\"\" srcset=\"https:\/\/www.artstone.com.pl\/wp-content\/uploads\/2019\/02\/Bateig_beige1-300x300.jpg 300w, https:\/\/www.artstone.com.pl\/wp-content\/uploads\/2019\/02\/Bateig_beige1-146x146.jpg 146w, https:\/\/www.artstone.com.pl\/wp-content\/uploads\/2019\/02\/Bateig_beige1-50x50.jpg 50w, https:\/\/www.artstone.com.pl\/wp-content\/uploads\/2019\/02\/Bateig_beige1-75x75.jpg 75w, https:\/\/www.artstone.com.pl\/wp-content\/uploads\/2019\/02\/Bateig_beige1-85x85.jpg 85w, https:\/\/www.artstone.com.pl\/wp-content\/uploads\/2019\/02\/Bateig_beige1-80x80.jpg 80w, https:\/\/www.artstone.com.pl\/wp-content\/uploads\/2019\/02\/Bateig_beige1-150x150.jpg 150w, https:\/\/www.artstone.com.pl\/wp-content\/uploads\/2019\/02\/Bateig_beige1.jpg 450w\" sizes=\"auto, (max-width:767px) 300px, 300px\" \/><\/a>\n\t\t\t\t<\/dt><\/div><\/dl><dl class='gallery-item'  data-title='BATEIG-AZUL' data-description=''><div class='gallery-item-wrapper'>\n\t\t\t\t<dt class='gallery-icon landscape'>\n\t\t\t\t\t<a href='https:\/\/www.artstone.com.pl\/wp-content\/uploads\/2019\/02\/BATEIG-AZUL.jpg'><img loading=\"lazy\" decoding=\"async\" width=\"300\" height=\"300\" src=\"https:\/\/www.artstone.com.pl\/wp-content\/uploads\/2019\/02\/BATEIG-AZUL-300x300.jpg\" class=\"attachment-thumbnail size-thumbnail\" alt=\"\" srcset=\"https:\/\/www.artstone.com.pl\/wp-content\/uploads\/2019\/02\/BATEIG-AZUL-300x300.jpg 300w, https:\/\/www.artstone.com.pl\/wp-content\/uploads\/2019\/02\/BATEIG-AZUL-146x146.jpg 146w, https:\/\/www.artstone.com.pl\/wp-content\/uploads\/2019\/02\/BATEIG-AZUL-50x50.jpg 50w, https:\/\/www.artstone.com.pl\/wp-content\/uploads\/2019\/02\/BATEIG-AZUL-75x75.jpg 75w, https:\/\/www.artstone.com.pl\/wp-content\/uploads\/2019\/02\/BATEIG-AZUL-85x85.jpg 85w, https:\/\/www.artstone.com.pl\/wp-content\/uploads\/2019\/02\/BATEIG-AZUL-80x80.jpg 80w, https:\/\/www.artstone.com.pl\/wp-content\/uploads\/2019\/02\/BATEIG-AZUL-150x150.jpg 150w, https:\/\/www.artstone.com.pl\/wp-content\/uploads\/2019\/02\/BATEIG-AZUL.jpg 450w\" sizes=\"auto, (max-width:767px) 300px, 300px\" \/><\/a>\n\t\t\t\t<\/dt><\/div><\/dl><dl class='gallery-item'  data-title='piaskowiec' data-description=''><div class='gallery-item-wrapper'>\n\t\t\t\t<dt class='gallery-icon landscape'>\n\t\t\t\t\t<a href='https:\/\/www.artstone.com.pl\/wp-content\/uploads\/2019\/02\/piaskowiec.jpg'><img loading=\"lazy\" decoding=\"async\" width=\"300\" height=\"300\" src=\"https:\/\/www.artstone.com.pl\/wp-content\/uploads\/2019\/02\/piaskowiec-300x300.jpg\" class=\"attachment-thumbnail size-thumbnail\" alt=\"\" srcset=\"https:\/\/www.artstone.com.pl\/wp-content\/uploads\/2019\/02\/piaskowiec-300x300.jpg 300w, https:\/\/www.artstone.com.pl\/wp-content\/uploads\/2019\/02\/piaskowiec-146x146.jpg 146w, https:\/\/www.artstone.com.pl\/wp-content\/uploads\/2019\/02\/piaskowiec-50x50.jpg 50w, https:\/\/www.artstone.com.pl\/wp-content\/uploads\/2019\/02\/piaskowiec-75x75.jpg 75w, https:\/\/www.artstone.com.pl\/wp-content\/uploads\/2019\/02\/piaskowiec-85x85.jpg 85w, https:\/\/www.artstone.com.pl\/wp-content\/uploads\/2019\/02\/piaskowiec-80x80.jpg 80w, https:\/\/www.artstone.com.pl\/wp-content\/uploads\/2019\/02\/piaskowiec-150x150.jpg 150w, https:\/\/www.artstone.com.pl\/wp-content\/uploads\/2019\/02\/piaskowiec.jpg 450w\" sizes=\"auto, (max-width:767px) 300px, 300px\" \/><\/a>\n\t\t\t\t<\/dt><\/div><\/dl><dl class='gallery-item'  data-title='rainbow-sandstone' data-description=''><div class='gallery-item-wrapper'>\n\t\t\t\t<dt class='gallery-icon landscape'>\n\t\t\t\t\t<a href='https:\/\/www.artstone.com.pl\/wp-content\/uploads\/2019\/02\/rainbow-sandstone.jpg'><img loading=\"lazy\" decoding=\"async\" width=\"300\" height=\"300\" src=\"https:\/\/www.artstone.com.pl\/wp-content\/uploads\/2019\/02\/rainbow-sandstone-300x300.jpg\" class=\"attachment-thumbnail size-thumbnail\" alt=\"\" srcset=\"https:\/\/www.artstone.com.pl\/wp-content\/uploads\/2019\/02\/rainbow-sandstone-300x300.jpg 300w, https:\/\/www.artstone.com.pl\/wp-content\/uploads\/2019\/02\/rainbow-sandstone-146x146.jpg 146w, https:\/\/www.artstone.com.pl\/wp-content\/uploads\/2019\/02\/rainbow-sandstone-50x50.jpg 50w, https:\/\/www.artstone.com.pl\/wp-content\/uploads\/2019\/02\/rainbow-sandstone-75x75.jpg 75w, https:\/\/www.artstone.com.pl\/wp-content\/uploads\/2019\/02\/rainbow-sandstone-85x85.jpg 85w, https:\/\/www.artstone.com.pl\/wp-content\/uploads\/2019\/02\/rainbow-sandstone-80x80.jpg 80w, https:\/\/www.artstone.com.pl\/wp-content\/uploads\/2019\/02\/rainbow-sandstone-150x150.jpg 150w, https:\/\/www.artstone.com.pl\/wp-content\/uploads\/2019\/02\/rainbow-sandstone.jpg 450w\" sizes=\"auto, (max-width:767px) 300px, 300px\" \/><\/a>\n\t\t\t\t<\/dt><\/div><\/dl><dl class='gallery-item'  data-title='sandstone-red-classico' data-description=''><div class='gallery-item-wrapper'>\n\t\t\t\t<dt class='gallery-icon landscape'>\n\t\t\t\t\t<a href='https:\/\/www.artstone.com.pl\/wp-content\/uploads\/2019\/02\/sandstone-red-classico.jpg'><img loading=\"lazy\" decoding=\"async\" width=\"300\" height=\"300\" src=\"https:\/\/www.artstone.com.pl\/wp-content\/uploads\/2019\/02\/sandstone-red-classico-300x300.jpg\" class=\"attachment-thumbnail size-thumbnail\" alt=\"\" srcset=\"https:\/\/www.artstone.com.pl\/wp-content\/uploads\/2019\/02\/sandstone-red-classico-300x300.jpg 300w, https:\/\/www.artstone.com.pl\/wp-content\/uploads\/2019\/02\/sandstone-red-classico-146x146.jpg 146w, https:\/\/www.artstone.com.pl\/wp-content\/uploads\/2019\/02\/sandstone-red-classico-50x50.jpg 50w, https:\/\/www.artstone.com.pl\/wp-content\/uploads\/2019\/02\/sandstone-red-classico-75x75.jpg 75w, https:\/\/www.artstone.com.pl\/wp-content\/uploads\/2019\/02\/sandstone-red-classico-85x85.jpg 85w, https:\/\/www.artstone.com.pl\/wp-content\/uploads\/2019\/02\/sandstone-red-classico-80x80.jpg 80w, https:\/\/www.artstone.com.pl\/wp-content\/uploads\/2019\/02\/sandstone-red-classico-150x150.jpg 150w, https:\/\/www.artstone.com.pl\/wp-content\/uploads\/2019\/02\/sandstone-red-classico.jpg 450w\" sizes=\"auto, (max-width:767px) 300px, 300px\" \/><\/a>\n\t\t\t\t<\/dt><\/div><\/dl><dl class='gallery-item'  data-title='teak-sandstone-500x500' data-description=''><div class='gallery-item-wrapper'>\n\t\t\t\t<dt class='gallery-icon landscape'>\n\t\t\t\t\t<a href='https:\/\/www.artstone.com.pl\/wp-content\/uploads\/2019\/02\/teak-sandstone-500x500.jpg'><img loading=\"lazy\" decoding=\"async\" width=\"300\" height=\"300\" src=\"https:\/\/www.artstone.com.pl\/wp-content\/uploads\/2019\/02\/teak-sandstone-500x500-300x300.jpg\" class=\"attachment-thumbnail size-thumbnail\" alt=\"\" srcset=\"https:\/\/www.artstone.com.pl\/wp-content\/uploads\/2019\/02\/teak-sandstone-500x500-300x300.jpg 300w, https:\/\/www.artstone.com.pl\/wp-content\/uploads\/2019\/02\/teak-sandstone-500x500-146x146.jpg 146w, https:\/\/www.artstone.com.pl\/wp-content\/uploads\/2019\/02\/teak-sandstone-500x500-50x50.jpg 50w, https:\/\/www.artstone.com.pl\/wp-content\/uploads\/2019\/02\/teak-sandstone-500x500-75x75.jpg 75w, https:\/\/www.artstone.com.pl\/wp-content\/uploads\/2019\/02\/teak-sandstone-500x500-85x85.jpg 85w, https:\/\/www.artstone.com.pl\/wp-content\/uploads\/2019\/02\/teak-sandstone-500x500-80x80.jpg 80w, https:\/\/www.artstone.com.pl\/wp-content\/uploads\/2019\/02\/teak-sandstone-500x500-150x150.jpg 150w, https:\/\/www.artstone.com.pl\/wp-content\/uploads\/2019\/02\/teak-sandstone-500x500.jpg 450w\" sizes=\"auto, (max-width:767px) 300px, 300px\" \/><\/a>\n\t\t\t\t<\/dt><\/div><\/dl><br style=\"clear: both\" \/>\n\t\t\t<\/div>\n\n","protected":false},"excerpt":{"rendered":"<p>Piaskowiec to ska\u0142a mi\u0119kka, \u0142atwa w obr\u00f3bce, zw\u0142aszcza, je\u015bli dokonujemy jej tu\u017c po wydobyciu materia\u0142u. Wyschni\u0119ty piaskowiec staje si\u0119 twardy. Te cechy sprawiaj\u0105, \u017ce piaskowiec od<span class=\"excerpt-hellip\"> [\u2026]<\/span><\/p>\n","protected":false},"author":242,"featured_media":0,"parent":16922,"menu_order":6,"comment_status":"closed","ping_status":"closed","template":"","meta":{"footnotes":""},"class_list":["post-12110","page","type-page","status-publish","hentry"],"_links":{"self":[{"href":"https:\/\/www.artstone.com.pl\/pl\/wp-json\/wp\/v2\/pages\/12110","targetHints":{"allow":["GET"]}}],"collection":[{"href":"https:\/\/www.artstone.com.pl\/pl\/wp-json\/wp\/v2\/pages"}],"about":[{"href":"https:\/\/www.artstone.com.pl\/pl\/wp-json\/wp\/v2\/types\/page"}],"author":[{"embeddable":true,"href":"https:\/\/www.artstone.com.pl\/pl\/wp-json\/wp\/v2\/users\/242"}],"replies":[{"embeddable":true,"href":"https:\/\/www.artstone.com.pl\/pl\/wp-json\/wp\/v2\/comments?post=12110"}],"version-history":[{"count":0,"href":"https:\/\/www.artstone.com.pl\/pl\/wp-json\/wp\/v2\/pages\/12110\/revisions"}],"up":[{"embeddable":true,"href":"https:\/\/www.artstone.com.pl\/pl\/wp-json\/wp\/v2\/pages\/16922"}],"wp:attachment":[{"href":"https:\/\/www.artstone.com.pl\/pl\/wp-json\/wp\/v2\/media?parent=12110"}],"curies":[{"name":"wp","href":"https:\/\/api.w.org\/{rel}","templated":true}]}}