{"id":12111,"date":"2011-12-05T10:41:38","date_gmt":"2011-12-05T09:41:38","guid":{"rendered":"http:\/\/www.kamulec.pl\/konglomerat\/"},"modified":"2023-10-11T09:38:27","modified_gmt":"2023-10-11T07:38:27","slug":"konglomerat-zlepieniec","status":"publish","type":"page","link":"https:\/\/www.artstone.com.pl\/pl\/materialy\/konglomerat-zlepieniec.html","title":{"rendered":"Konglomerat"},"content":{"rendered":"<p style=\"text-align: justify;\">Konglomerat sztuczny wyprodukowany na bazie kamienia naturalnego gdzie 95-97% produktu stanowi mielony kamie\u0144 naturalny tj. marmur, granit, kwarcyt (agglomarmur czyli <a href=\"https:\/\/www.artstone.com.pl\/pl\/import-hurtownia-konglomeratu-marmurowego.html\">konglomerat marmurowy<\/a>, agglogranit czyli konglomerat granitowy, kwarcogranit czyli <a href=\"https:\/\/www.artstone.com.pl\/pl\/import-hurtownia-konglomeratu-granitowo-kwarcowego.html\">konglomerat granitowo-kwarcowy<\/a> oraz <a href=\"https:\/\/www.artstone.com.pl\/pl\/hurtownia-konglomeratu-kwarcowego.html\/\">konglomerat kwarcowy<\/a> na bazie mielonego kwarcytu), natomiast 3-5% jako spoiwo u\u017cyte s\u0105 \u017cywice epoksydowe zapewniaj\u0105ce bardzo du\u017c\u0105 wytrzyma\u0142o\u015b\u0107 na \u015bciskanie, ma\u0142\u0105 nasi\u0105kliwo\u015b\u0107 oraz odporno\u015b\u0107 na \u015bcieranie i zar\u00f3wno niskie jak i wysokie temperatury.<\/p>\n<p style=\"text-align: center;\"><a class=\"readon\" href=\"\/?product_cat=kamien\/konglomeraty.html\">Sprawd\u017a cen\u0119 i dost\u0119pno\u015b\u0107 w naszym katalogu &gt;&gt;<\/a><\/p>\n<p>Konglomeraty kwarcowe,\u00a0granitowe i granitowo &#8211; kwarcowe ze wzgl\u0119du na swoje parametry techniczne s\u0105 doskona\u0142ym materia\u0142em na <a href=\"https:\/\/www.artstone.com.pl\/pl\/materialy\/konglomerat-zlepieniec.html\/\">blaty kuchenne<\/a>, \u0142azienkowe, elewacje, fasady oraz posadzki w budynkach u\u017cyteczno\u015bci publicznej.<\/p>\n<p>&nbsp;<\/p>\n<p style=\"text-align: center;\"><a class=\"readon\" href=\"https:\/\/www.artstone.com.pl\/pl\/kontakt.html\">Masz pytanie? Zadzwo\u0144 lub napisz do nas &gt;&gt;<\/a><\/p>\n\n\t\t\t<style type='text\/css'>\n\t\t\t\t#sc_gallery-1 {\n\t\t\t\t\tmargin: auto;\n\t\t\t\t}\n\t\t\t\t#sc_gallery-1 .gallery-item {\n\t\t\t\t\tfloat: left;\n\t\t\t\t\ttext-align: center;\n\t\t\t\t\twidth: 12.49%;\n\t\t\t\t}\n\t\t\t\t#sc_gallery-1 img {\n\t\t\t\t\tborder: 2px solid #cfcfcf;\n\t\t\t\t}\n\t\t\t\t\/* see sc_gallery() in functions\/theme-shortcodes.php *\/\n\t\t\t<\/style>\n\t\t<div id='sc_gallery-1' class='gallery galleryid-12111 gallery-columns-8 gallery-size-thumbnail file element_classes gallery-default'><dl class='gallery-item'  data-title='306 OASIS' data-description=''><div class='gallery-item-wrapper'>\n\t\t\t\t<dt class='gallery-icon portrait'>\n\t\t\t\t\t<a href='https:\/\/www.artstone.com.pl\/wp-content\/uploads\/2019\/02\/306-OASIS.jpg'><img loading=\"lazy\" decoding=\"async\" width=\"300\" height=\"300\" src=\"https:\/\/www.artstone.com.pl\/wp-content\/uploads\/2019\/02\/306-OASIS-300x300.jpg\" class=\"attachment-thumbnail size-thumbnail\" alt=\"\" srcset=\"https:\/\/www.artstone.com.pl\/wp-content\/uploads\/2019\/02\/306-OASIS-300x300.jpg 300w, https:\/\/www.artstone.com.pl\/wp-content\/uploads\/2019\/02\/306-OASIS-600x600.jpg 600w, https:\/\/www.artstone.com.pl\/wp-content\/uploads\/2019\/02\/306-OASIS-146x146.jpg 146w, https:\/\/www.artstone.com.pl\/wp-content\/uploads\/2019\/02\/306-OASIS-50x50.jpg 50w, https:\/\/www.artstone.com.pl\/wp-content\/uploads\/2019\/02\/306-OASIS-75x75.jpg 75w, https:\/\/www.artstone.com.pl\/wp-content\/uploads\/2019\/02\/306-OASIS-85x85.jpg 85w, https:\/\/www.artstone.com.pl\/wp-content\/uploads\/2019\/02\/306-OASIS-80x80.jpg 80w, https:\/\/www.artstone.com.pl\/wp-content\/uploads\/2019\/02\/306-OASIS.jpg 768w, https:\/\/www.artstone.com.pl\/wp-content\/uploads\/2019\/02\/306-OASIS-150x150.jpg 150w\" sizes=\"auto, (max-width:767px) 300px, 300px\" \/><\/a>\n\t\t\t\t<\/dt><\/div><\/dl><dl class='gallery-item'  data-title='402 ARCADIA' data-description=''><div class='gallery-item-wrapper'>\n\t\t\t\t<dt class='gallery-icon portrait'>\n\t\t\t\t\t<a href='https:\/\/www.artstone.com.pl\/wp-content\/uploads\/2019\/02\/402-ARCADIA.jpg'><img loading=\"lazy\" decoding=\"async\" width=\"300\" height=\"300\" src=\"https:\/\/www.artstone.com.pl\/wp-content\/uploads\/2019\/02\/402-ARCADIA-300x300.jpg\" class=\"attachment-thumbnail size-thumbnail\" alt=\"\" srcset=\"https:\/\/www.artstone.com.pl\/wp-content\/uploads\/2019\/02\/402-ARCADIA-300x300.jpg 300w, https:\/\/www.artstone.com.pl\/wp-content\/uploads\/2019\/02\/402-ARCADIA-600x600.jpg 600w, https:\/\/www.artstone.com.pl\/wp-content\/uploads\/2019\/02\/402-ARCADIA-146x146.jpg 146w, https:\/\/www.artstone.com.pl\/wp-content\/uploads\/2019\/02\/402-ARCADIA-50x50.jpg 50w, https:\/\/www.artstone.com.pl\/wp-content\/uploads\/2019\/02\/402-ARCADIA-75x75.jpg 75w, https:\/\/www.artstone.com.pl\/wp-content\/uploads\/2019\/02\/402-ARCADIA-85x85.jpg 85w, https:\/\/www.artstone.com.pl\/wp-content\/uploads\/2019\/02\/402-ARCADIA-80x80.jpg 80w, https:\/\/www.artstone.com.pl\/wp-content\/uploads\/2019\/02\/402-ARCADIA.jpg 768w, https:\/\/www.artstone.com.pl\/wp-content\/uploads\/2019\/02\/402-ARCADIA-150x150.jpg 150w\" sizes=\"auto, (max-width:767px) 300px, 300px\" \/><\/a>\n\t\t\t\t<\/dt><\/div><\/dl><dl class='gallery-item'  data-title='759 SAVANA' data-description=''><div class='gallery-item-wrapper'>\n\t\t\t\t<dt class='gallery-icon landscape'>\n\t\t\t\t\t<a href='https:\/\/www.artstone.com.pl\/wp-content\/uploads\/2019\/02\/759-SAVANA.jpg'><img loading=\"lazy\" decoding=\"async\" width=\"300\" height=\"300\" src=\"https:\/\/www.artstone.com.pl\/wp-content\/uploads\/2019\/02\/759-SAVANA-300x300.jpg\" class=\"attachment-thumbnail size-thumbnail\" alt=\"\" srcset=\"https:\/\/www.artstone.com.pl\/wp-content\/uploads\/2019\/02\/759-SAVANA-300x300.jpg 300w, https:\/\/www.artstone.com.pl\/wp-content\/uploads\/2019\/02\/759-SAVANA-600x600.jpg 600w, https:\/\/www.artstone.com.pl\/wp-content\/uploads\/2019\/02\/759-SAVANA-146x146.jpg 146w, https:\/\/www.artstone.com.pl\/wp-content\/uploads\/2019\/02\/759-SAVANA-50x50.jpg 50w, https:\/\/www.artstone.com.pl\/wp-content\/uploads\/2019\/02\/759-SAVANA-75x75.jpg 75w, https:\/\/www.artstone.com.pl\/wp-content\/uploads\/2019\/02\/759-SAVANA-85x85.jpg 85w, https:\/\/www.artstone.com.pl\/wp-content\/uploads\/2019\/02\/759-SAVANA-80x80.jpg 80w, https:\/\/www.artstone.com.pl\/wp-content\/uploads\/2019\/02\/759-SAVANA.jpg 768w, https:\/\/www.artstone.com.pl\/wp-content\/uploads\/2019\/02\/759-SAVANA-150x150.jpg 150w\" sizes=\"auto, (max-width:767px) 300px, 300px\" \/><\/a>\n\t\t\t\t<\/dt><\/div><\/dl><dl class='gallery-item'  data-title='811 ELVAS' data-description=''><div class='gallery-item-wrapper'>\n\t\t\t\t<dt class='gallery-icon portrait'>\n\t\t\t\t\t<a href='https:\/\/www.artstone.com.pl\/wp-content\/uploads\/2019\/02\/811-ELVAS.jpg'><img loading=\"lazy\" decoding=\"async\" width=\"300\" height=\"300\" src=\"https:\/\/www.artstone.com.pl\/wp-content\/uploads\/2019\/02\/811-ELVAS-300x300.jpg\" class=\"attachment-thumbnail size-thumbnail\" alt=\"\" srcset=\"https:\/\/www.artstone.com.pl\/wp-content\/uploads\/2019\/02\/811-ELVAS-300x300.jpg 300w, https:\/\/www.artstone.com.pl\/wp-content\/uploads\/2019\/02\/811-ELVAS-600x600.jpg 600w, https:\/\/www.artstone.com.pl\/wp-content\/uploads\/2019\/02\/811-ELVAS-146x146.jpg 146w, https:\/\/www.artstone.com.pl\/wp-content\/uploads\/2019\/02\/811-ELVAS-50x50.jpg 50w, https:\/\/www.artstone.com.pl\/wp-content\/uploads\/2019\/02\/811-ELVAS-75x75.jpg 75w, https:\/\/www.artstone.com.pl\/wp-content\/uploads\/2019\/02\/811-ELVAS-85x85.jpg 85w, https:\/\/www.artstone.com.pl\/wp-content\/uploads\/2019\/02\/811-ELVAS-80x80.jpg 80w, https:\/\/www.artstone.com.pl\/wp-content\/uploads\/2019\/02\/811-ELVAS.jpg 768w, https:\/\/www.artstone.com.pl\/wp-content\/uploads\/2019\/02\/811-ELVAS-150x150.jpg 150w\" sizes=\"auto, (max-width:767px) 300px, 300px\" \/><\/a>\n\t\t\t\t<\/dt><\/div><\/dl><dl class='gallery-item'  data-title='814 CALDERA' data-description=''><div class='gallery-item-wrapper'>\n\t\t\t\t<dt class='gallery-icon landscape'>\n\t\t\t\t\t<a href='https:\/\/www.artstone.com.pl\/wp-content\/uploads\/2019\/02\/814-CALDERA.jpg'><img loading=\"lazy\" decoding=\"async\" width=\"300\" height=\"300\" src=\"https:\/\/www.artstone.com.pl\/wp-content\/uploads\/2019\/02\/814-CALDERA-300x300.jpg\" class=\"attachment-thumbnail size-thumbnail\" alt=\"\" srcset=\"https:\/\/www.artstone.com.pl\/wp-content\/uploads\/2019\/02\/814-CALDERA-300x300.jpg 300w, https:\/\/www.artstone.com.pl\/wp-content\/uploads\/2019\/02\/814-CALDERA-600x600.jpg 600w, https:\/\/www.artstone.com.pl\/wp-content\/uploads\/2019\/02\/814-CALDERA-146x146.jpg 146w, https:\/\/www.artstone.com.pl\/wp-content\/uploads\/2019\/02\/814-CALDERA-50x50.jpg 50w, https:\/\/www.artstone.com.pl\/wp-content\/uploads\/2019\/02\/814-CALDERA-75x75.jpg 75w, https:\/\/www.artstone.com.pl\/wp-content\/uploads\/2019\/02\/814-CALDERA-85x85.jpg 85w, https:\/\/www.artstone.com.pl\/wp-content\/uploads\/2019\/02\/814-CALDERA-80x80.jpg 80w, https:\/\/www.artstone.com.pl\/wp-content\/uploads\/2019\/02\/814-CALDERA.jpg 768w, https:\/\/www.artstone.com.pl\/wp-content\/uploads\/2019\/02\/814-CALDERA-150x150.jpg 150w\" sizes=\"auto, (max-width:767px) 300px, 300px\" \/><\/a>\n\t\t\t\t<\/dt><\/div><\/dl><dl class='gallery-item'  data-title='900 LAPLAND' data-description=''><div class='gallery-item-wrapper'>\n\t\t\t\t<dt class='gallery-icon portrait'>\n\t\t\t\t\t<a href='https:\/\/www.artstone.com.pl\/wp-content\/uploads\/2019\/02\/900-LAPLAND.jpg'><img loading=\"lazy\" decoding=\"async\" width=\"300\" height=\"300\" src=\"https:\/\/www.artstone.com.pl\/wp-content\/uploads\/2019\/02\/900-LAPLAND-300x300.jpg\" class=\"attachment-thumbnail size-thumbnail\" alt=\"\" srcset=\"https:\/\/www.artstone.com.pl\/wp-content\/uploads\/2019\/02\/900-LAPLAND-300x300.jpg 300w, https:\/\/www.artstone.com.pl\/wp-content\/uploads\/2019\/02\/900-LAPLAND-600x600.jpg 600w, https:\/\/www.artstone.com.pl\/wp-content\/uploads\/2019\/02\/900-LAPLAND-146x146.jpg 146w, https:\/\/www.artstone.com.pl\/wp-content\/uploads\/2019\/02\/900-LAPLAND-50x50.jpg 50w, https:\/\/www.artstone.com.pl\/wp-content\/uploads\/2019\/02\/900-LAPLAND-75x75.jpg 75w, https:\/\/www.artstone.com.pl\/wp-content\/uploads\/2019\/02\/900-LAPLAND-85x85.jpg 85w, https:\/\/www.artstone.com.pl\/wp-content\/uploads\/2019\/02\/900-LAPLAND-80x80.jpg 80w, https:\/\/www.artstone.com.pl\/wp-content\/uploads\/2019\/02\/900-LAPLAND.jpg 768w, https:\/\/www.artstone.com.pl\/wp-content\/uploads\/2019\/02\/900-LAPLAND-150x150.jpg 150w\" sizes=\"auto, (max-width:767px) 300px, 300px\" \/><\/a>\n\t\t\t\t<\/dt><\/div><\/dl><dl class='gallery-item'  data-title='955 BARENTS' data-description=''><div class='gallery-item-wrapper'>\n\t\t\t\t<dt class='gallery-icon landscape'>\n\t\t\t\t\t<a href='https:\/\/www.artstone.com.pl\/wp-content\/uploads\/2019\/02\/955-BARENTS.jpg'><img loading=\"lazy\" decoding=\"async\" width=\"300\" height=\"300\" src=\"https:\/\/www.artstone.com.pl\/wp-content\/uploads\/2019\/02\/955-BARENTS-300x300.jpg\" class=\"attachment-thumbnail size-thumbnail\" alt=\"\" srcset=\"https:\/\/www.artstone.com.pl\/wp-content\/uploads\/2019\/02\/955-BARENTS-300x300.jpg 300w, https:\/\/www.artstone.com.pl\/wp-content\/uploads\/2019\/02\/955-BARENTS-600x598.jpg 600w, https:\/\/www.artstone.com.pl\/wp-content\/uploads\/2019\/02\/955-BARENTS-146x146.jpg 146w, https:\/\/www.artstone.com.pl\/wp-content\/uploads\/2019\/02\/955-BARENTS-50x50.jpg 50w, https:\/\/www.artstone.com.pl\/wp-content\/uploads\/2019\/02\/955-BARENTS-75x75.jpg 75w, https:\/\/www.artstone.com.pl\/wp-content\/uploads\/2019\/02\/955-BARENTS-85x85.jpg 85w, https:\/\/www.artstone.com.pl\/wp-content\/uploads\/2019\/02\/955-BARENTS-80x80.jpg 80w, https:\/\/www.artstone.com.pl\/wp-content\/uploads\/2019\/02\/955-BARENTS-768x768.jpg 768w, https:\/\/www.artstone.com.pl\/wp-content\/uploads\/2019\/02\/955-BARENTS-150x150.jpg 150w, https:\/\/www.artstone.com.pl\/wp-content\/uploads\/2019\/02\/955-BARENTS.jpg 770w\" sizes=\"auto, (max-width:767px) 300px, 300px\" \/><\/a>\n\t\t\t\t<\/dt><\/div><\/dl><dl class='gallery-item'  data-title='964 VIGO' data-description=''><div class='gallery-item-wrapper'>\n\t\t\t\t<dt class='gallery-icon landscape'>\n\t\t\t\t\t<a href='https:\/\/www.artstone.com.pl\/wp-content\/uploads\/2019\/02\/964-VIGO.jpg'><img loading=\"lazy\" decoding=\"async\" width=\"300\" height=\"300\" src=\"https:\/\/www.artstone.com.pl\/wp-content\/uploads\/2019\/02\/964-VIGO-300x300.jpg\" class=\"attachment-thumbnail size-thumbnail\" alt=\"\" srcset=\"https:\/\/www.artstone.com.pl\/wp-content\/uploads\/2019\/02\/964-VIGO-300x300.jpg 300w, https:\/\/www.artstone.com.pl\/wp-content\/uploads\/2019\/02\/964-VIGO-50x50.jpg 50w, https:\/\/www.artstone.com.pl\/wp-content\/uploads\/2019\/02\/964-VIGO-76x75.jpg 76w, https:\/\/www.artstone.com.pl\/wp-content\/uploads\/2019\/02\/964-VIGO-85x85.jpg 85w, https:\/\/www.artstone.com.pl\/wp-content\/uploads\/2019\/02\/964-VIGO-80x80.jpg 80w, https:\/\/www.artstone.com.pl\/wp-content\/uploads\/2019\/02\/964-VIGO-768x768.jpg 768w, https:\/\/www.artstone.com.pl\/wp-content\/uploads\/2019\/02\/964-VIGO-150x150.jpg 150w\" sizes=\"auto, (max-width:767px) 300px, 300px\" \/><\/a>\n\t\t\t\t<\/dt><\/div><\/dl><br style=\"clear: both\" \/>\n\t\t\t<\/div>\n\n","protected":false},"excerpt":{"rendered":"<p>Konglomerat sztuczny wyprodukowany na bazie kamienia naturalnego gdzie 95-97% produktu stanowi mielony kamie\u0144 naturalny tj. marmur, granit, kwarcyt (agglomarmur czyli konglomerat marmurowy, agglogranit czyli konglomerat granitowy,<span class=\"excerpt-hellip\"> [\u2026]<\/span><\/p>\n","protected":false},"author":242,"featured_media":0,"parent":16922,"menu_order":5,"comment_status":"closed","ping_status":"closed","template":"","meta":{"footnotes":""},"class_list":["post-12111","page","type-page","status-publish","hentry"],"_links":{"self":[{"href":"https:\/\/www.artstone.com.pl\/pl\/wp-json\/wp\/v2\/pages\/12111","targetHints":{"allow":["GET"]}}],"collection":[{"href":"https:\/\/www.artstone.com.pl\/pl\/wp-json\/wp\/v2\/pages"}],"about":[{"href":"https:\/\/www.artstone.com.pl\/pl\/wp-json\/wp\/v2\/types\/page"}],"author":[{"embeddable":true,"href":"https:\/\/www.artstone.com.pl\/pl\/wp-json\/wp\/v2\/users\/242"}],"replies":[{"embeddable":true,"href":"https:\/\/www.artstone.com.pl\/pl\/wp-json\/wp\/v2\/comments?post=12111"}],"version-history":[{"count":0,"href":"https:\/\/www.artstone.com.pl\/pl\/wp-json\/wp\/v2\/pages\/12111\/revisions"}],"up":[{"embeddable":true,"href":"https:\/\/www.artstone.com.pl\/pl\/wp-json\/wp\/v2\/pages\/16922"}],"wp:attachment":[{"href":"https:\/\/www.artstone.com.pl\/pl\/wp-json\/wp\/v2\/media?parent=12111"}],"curies":[{"name":"wp","href":"https:\/\/api.w.org\/{rel}","templated":true}]}}