{"id":12112,"date":"2011-12-05T11:24:57","date_gmt":"2011-12-05T10:24:57","guid":{"rendered":"http:\/\/www.kamulec.pl\/onyks\/"},"modified":"2024-07-24T11:26:57","modified_gmt":"2024-07-24T09:26:57","slug":"onyks","status":"publish","type":"page","link":"https:\/\/www.artstone.com.pl\/pl\/materialy\/onyks.html","title":{"rendered":"Onyks"},"content":{"rendered":"<p style=\"text-align: justify;\"><a href=\"https:\/\/www.artstone.com.pl\/pl\/hurtownia-onyksu.html\/\"><strong>Onyks<\/strong> <\/a>jest ska\u0142\u0105 rzadko wyst\u0119puj\u0105c\u0105, tward\u0105, w kt\u00f3rej warstwy s\u0105 u\u0142o\u017cone r\u00f3wnolegle, na przemian. Powstaj\u0105 w pustkach pogazowych wytworzonych w ska\u0142ach wulkanicznych. Onyks bia\u0142o-czarny nazywany jest onyksem czarnym lub arabskim. Wyst\u0119puje tak\u017ce w kolorze zielonym i bia\u0142ym. W kamieniarstwie onyksem nazywamy tak\u017ce ska\u0142y niekwarcowe, nie zawieraj\u0105ce domieszek sk\u0142adnik\u00f3w ziarnistych.<\/p>\n<p style=\"text-align: center;\"><a class=\"readon\" href=\"\/?product_cat=kamien\/onyx.html\">Sprawd\u017a cen\u0119 i dost\u0119pno\u015b\u0107 w naszym katalogu &gt;&gt;<\/a><\/p>\n<p style=\"text-align: justify;\"><strong>Rodzaje onyksu:<\/strong><br \/>\n&#8211; Onyks marmurowy (lub kalcytowy) \u2013 jest pasiast\u0105 ska\u0142\u0105 w\u0119glanow\u0105\u00a0 w barwach br\u0105zowo kremowych<br \/>\n&#8211; Onyks meksyka\u0144ski \u2013 ska\u0142a o barwie bia\u0142ej lub zielonkawej<br \/>\n&#8211; <a href=\"https:\/\/www.artstone.com.pl\/pl\/onyks-pakistanski-skarb-budowlany-z-pakistanu.html\">Onyks pakista\u0144ski<\/a> \u2013 jest to odmiana onyksu marmurowego, pochodz\u0105ca z Pakistanu<br \/>\n&#8211; Onyks z Chatillon \u2013 jest odmian\u0105 prze\u015bwiecaj\u0105c\u0105.<\/p>\n<p>&nbsp;<\/p>\n<p style=\"text-align: center;\"><a class=\"readon\" href=\"https:\/\/www.artstone.com.pl\/pl\/kontakt.html\">Masz pytanie? Zadzwo\u0144 lub napisz do nas &gt;&gt;<\/a><\/p>\n\n\t\t\t<style type='text\/css'>\n\t\t\t\t#sc_gallery-1 {\n\t\t\t\t\tmargin: auto;\n\t\t\t\t}\n\t\t\t\t#sc_gallery-1 .gallery-item {\n\t\t\t\t\tfloat: left;\n\t\t\t\t\ttext-align: center;\n\t\t\t\t\twidth: 16.66%;\n\t\t\t\t}\n\t\t\t\t#sc_gallery-1 img {\n\t\t\t\t\tborder: 2px solid #cfcfcf;\n\t\t\t\t}\n\t\t\t\t\/* see sc_gallery() in functions\/theme-shortcodes.php *\/\n\t\t\t<\/style>\n\t\t<div id='sc_gallery-1' class='gallery galleryid-12112 gallery-columns-6 gallery-size-thumbnail file element_classes gallery-default'><dl class='gallery-item'  data-title='MULTICOLOR_ONYX' data-description=''><div class='gallery-item-wrapper'>\n\t\t\t\t<dt class='gallery-icon landscape'>\n\t\t\t\t\t<a href='https:\/\/www.artstone.com.pl\/wp-content\/uploads\/2019\/02\/MULTICOLOR_ONYX.jpg'><img loading=\"lazy\" decoding=\"async\" width=\"300\" height=\"300\" src=\"https:\/\/www.artstone.com.pl\/wp-content\/uploads\/2019\/02\/MULTICOLOR_ONYX-300x300.jpg\" class=\"attachment-thumbnail size-thumbnail\" alt=\"\" srcset=\"https:\/\/www.artstone.com.pl\/wp-content\/uploads\/2019\/02\/MULTICOLOR_ONYX-300x300.jpg 300w, https:\/\/www.artstone.com.pl\/wp-content\/uploads\/2019\/02\/MULTICOLOR_ONYX-146x146.jpg 146w, https:\/\/www.artstone.com.pl\/wp-content\/uploads\/2019\/02\/MULTICOLOR_ONYX-50x50.jpg 50w, https:\/\/www.artstone.com.pl\/wp-content\/uploads\/2019\/02\/MULTICOLOR_ONYX-75x75.jpg 75w, https:\/\/www.artstone.com.pl\/wp-content\/uploads\/2019\/02\/MULTICOLOR_ONYX-85x85.jpg 85w, https:\/\/www.artstone.com.pl\/wp-content\/uploads\/2019\/02\/MULTICOLOR_ONYX-80x80.jpg 80w, https:\/\/www.artstone.com.pl\/wp-content\/uploads\/2019\/02\/MULTICOLOR_ONYX-150x150.jpg 150w, https:\/\/www.artstone.com.pl\/wp-content\/uploads\/2019\/02\/MULTICOLOR_ONYX.jpg 450w\" sizes=\"auto, (max-width:767px) 300px, 300px\" \/><\/a>\n\t\t\t\t<\/dt><\/div><\/dl><dl class='gallery-item'  data-title='onyx miele' data-description=''><div class='gallery-item-wrapper'>\n\t\t\t\t<dt class='gallery-icon landscape'>\n\t\t\t\t\t<a href='https:\/\/www.artstone.com.pl\/wp-content\/uploads\/2019\/02\/onyx-miele.jpg'><img loading=\"lazy\" decoding=\"async\" width=\"300\" height=\"300\" src=\"https:\/\/www.artstone.com.pl\/wp-content\/uploads\/2019\/02\/onyx-miele-300x300.jpg\" class=\"attachment-thumbnail size-thumbnail\" alt=\"\" srcset=\"https:\/\/www.artstone.com.pl\/wp-content\/uploads\/2019\/02\/onyx-miele-300x300.jpg 300w, https:\/\/www.artstone.com.pl\/wp-content\/uploads\/2019\/02\/onyx-miele-146x146.jpg 146w, https:\/\/www.artstone.com.pl\/wp-content\/uploads\/2019\/02\/onyx-miele-50x50.jpg 50w, https:\/\/www.artstone.com.pl\/wp-content\/uploads\/2019\/02\/onyx-miele-75x75.jpg 75w, https:\/\/www.artstone.com.pl\/wp-content\/uploads\/2019\/02\/onyx-miele-85x85.jpg 85w, https:\/\/www.artstone.com.pl\/wp-content\/uploads\/2019\/02\/onyx-miele-80x80.jpg 80w, https:\/\/www.artstone.com.pl\/wp-content\/uploads\/2019\/02\/onyx-miele-150x150.jpg 150w, https:\/\/www.artstone.com.pl\/wp-content\/uploads\/2019\/02\/onyx-miele.jpg 450w\" sizes=\"auto, (max-width:767px) 300px, 300px\" \/><\/a>\n\t\t\t\t<\/dt><\/div><\/dl><dl class='gallery-item'  data-title='onyx yellow' data-description=''><div class='gallery-item-wrapper'>\n\t\t\t\t<dt class='gallery-icon landscape'>\n\t\t\t\t\t<a href='https:\/\/www.artstone.com.pl\/wp-content\/uploads\/2019\/02\/onyx-yellow.jpg'><img loading=\"lazy\" decoding=\"async\" width=\"300\" height=\"300\" src=\"https:\/\/www.artstone.com.pl\/wp-content\/uploads\/2019\/02\/onyx-yellow-300x300.jpg\" class=\"attachment-thumbnail size-thumbnail\" alt=\"\" srcset=\"https:\/\/www.artstone.com.pl\/wp-content\/uploads\/2019\/02\/onyx-yellow-300x300.jpg 300w, https:\/\/www.artstone.com.pl\/wp-content\/uploads\/2019\/02\/onyx-yellow-146x146.jpg 146w, https:\/\/www.artstone.com.pl\/wp-content\/uploads\/2019\/02\/onyx-yellow-50x50.jpg 50w, https:\/\/www.artstone.com.pl\/wp-content\/uploads\/2019\/02\/onyx-yellow-75x75.jpg 75w, https:\/\/www.artstone.com.pl\/wp-content\/uploads\/2019\/02\/onyx-yellow-85x85.jpg 85w, https:\/\/www.artstone.com.pl\/wp-content\/uploads\/2019\/02\/onyx-yellow-80x80.jpg 80w, https:\/\/www.artstone.com.pl\/wp-content\/uploads\/2019\/02\/onyx-yellow-150x150.jpg 150w, https:\/\/www.artstone.com.pl\/wp-content\/uploads\/2019\/02\/onyx-yellow.jpg 450w\" sizes=\"auto, (max-width:767px) 300px, 300px\" \/><\/a>\n\t\t\t\t<\/dt><\/div><\/dl><dl class='gallery-item'  data-title='Onyx_Arco_Iris' data-description=''><div class='gallery-item-wrapper'>\n\t\t\t\t<dt class='gallery-icon landscape'>\n\t\t\t\t\t<a href='https:\/\/www.artstone.com.pl\/wp-content\/uploads\/2019\/02\/Onyx_Arco_Iris.jpg'><img loading=\"lazy\" decoding=\"async\" width=\"300\" height=\"300\" src=\"https:\/\/www.artstone.com.pl\/wp-content\/uploads\/2019\/02\/Onyx_Arco_Iris-300x300.jpg\" class=\"attachment-thumbnail size-thumbnail\" alt=\"\" srcset=\"https:\/\/www.artstone.com.pl\/wp-content\/uploads\/2019\/02\/Onyx_Arco_Iris-300x300.jpg 300w, https:\/\/www.artstone.com.pl\/wp-content\/uploads\/2019\/02\/Onyx_Arco_Iris-146x146.jpg 146w, https:\/\/www.artstone.com.pl\/wp-content\/uploads\/2019\/02\/Onyx_Arco_Iris-50x50.jpg 50w, https:\/\/www.artstone.com.pl\/wp-content\/uploads\/2019\/02\/Onyx_Arco_Iris-75x75.jpg 75w, https:\/\/www.artstone.com.pl\/wp-content\/uploads\/2019\/02\/Onyx_Arco_Iris-85x85.jpg 85w, https:\/\/www.artstone.com.pl\/wp-content\/uploads\/2019\/02\/Onyx_Arco_Iris-80x80.jpg 80w, https:\/\/www.artstone.com.pl\/wp-content\/uploads\/2019\/02\/Onyx_Arco_Iris-150x150.jpg 150w, https:\/\/www.artstone.com.pl\/wp-content\/uploads\/2019\/02\/Onyx_Arco_Iris.jpg 450w\" sizes=\"auto, (max-width:767px) 300px, 300px\" \/><\/a>\n\t\t\t\t<\/dt><\/div><\/dl><dl class='gallery-item'  data-title='onyx-green-marble' data-description=''><div class='gallery-item-wrapper'>\n\t\t\t\t<dt class='gallery-icon landscape'>\n\t\t\t\t\t<a href='https:\/\/www.artstone.com.pl\/wp-content\/uploads\/2019\/02\/onyx-green-marble.jpg'><img loading=\"lazy\" decoding=\"async\" width=\"300\" height=\"300\" src=\"https:\/\/www.artstone.com.pl\/wp-content\/uploads\/2019\/02\/onyx-green-marble-300x300.jpg\" class=\"attachment-thumbnail size-thumbnail\" alt=\"\" srcset=\"https:\/\/www.artstone.com.pl\/wp-content\/uploads\/2019\/02\/onyx-green-marble-300x300.jpg 300w, https:\/\/www.artstone.com.pl\/wp-content\/uploads\/2019\/02\/onyx-green-marble-146x146.jpg 146w, https:\/\/www.artstone.com.pl\/wp-content\/uploads\/2019\/02\/onyx-green-marble-50x50.jpg 50w, https:\/\/www.artstone.com.pl\/wp-content\/uploads\/2019\/02\/onyx-green-marble-75x75.jpg 75w, https:\/\/www.artstone.com.pl\/wp-content\/uploads\/2019\/02\/onyx-green-marble-85x85.jpg 85w, https:\/\/www.artstone.com.pl\/wp-content\/uploads\/2019\/02\/onyx-green-marble-80x80.jpg 80w, https:\/\/www.artstone.com.pl\/wp-content\/uploads\/2019\/02\/onyx-green-marble-150x150.jpg 150w, https:\/\/www.artstone.com.pl\/wp-content\/uploads\/2019\/02\/onyx-green-marble.jpg 450w\" sizes=\"auto, (max-width:767px) 300px, 300px\" \/><\/a>\n\t\t\t\t<\/dt><\/div><\/dl><dl class='gallery-item'  data-title='PeachVeinOnyx' data-description=''><div class='gallery-item-wrapper'>\n\t\t\t\t<dt class='gallery-icon landscape'>\n\t\t\t\t\t<a href='https:\/\/www.artstone.com.pl\/wp-content\/uploads\/2019\/02\/PeachVeinOnyx.jpg'><img loading=\"lazy\" decoding=\"async\" width=\"300\" height=\"300\" src=\"https:\/\/www.artstone.com.pl\/wp-content\/uploads\/2019\/02\/PeachVeinOnyx-300x300.jpg\" class=\"attachment-thumbnail size-thumbnail\" alt=\"\" srcset=\"https:\/\/www.artstone.com.pl\/wp-content\/uploads\/2019\/02\/PeachVeinOnyx-300x300.jpg 300w, https:\/\/www.artstone.com.pl\/wp-content\/uploads\/2019\/02\/PeachVeinOnyx-146x146.jpg 146w, https:\/\/www.artstone.com.pl\/wp-content\/uploads\/2019\/02\/PeachVeinOnyx-50x50.jpg 50w, https:\/\/www.artstone.com.pl\/wp-content\/uploads\/2019\/02\/PeachVeinOnyx-75x75.jpg 75w, https:\/\/www.artstone.com.pl\/wp-content\/uploads\/2019\/02\/PeachVeinOnyx-85x85.jpg 85w, https:\/\/www.artstone.com.pl\/wp-content\/uploads\/2019\/02\/PeachVeinOnyx-80x80.jpg 80w, https:\/\/www.artstone.com.pl\/wp-content\/uploads\/2019\/02\/PeachVeinOnyx-150x150.jpg 150w, https:\/\/www.artstone.com.pl\/wp-content\/uploads\/2019\/02\/PeachVeinOnyx.jpg 450w\" sizes=\"auto, (max-width:767px) 300px, 300px\" \/><\/a>\n\t\t\t\t<\/dt><\/div><\/dl><br style=\"clear: both\" \/>\n\t\t\t<\/div>\n\n","protected":false},"excerpt":{"rendered":"<p>Onyks jest ska\u0142\u0105 rzadko wyst\u0119puj\u0105c\u0105, tward\u0105, w kt\u00f3rej warstwy s\u0105 u\u0142o\u017cone r\u00f3wnolegle, na przemian. Powstaj\u0105 w pustkach pogazowych wytworzonych w ska\u0142ach wulkanicznych. Onyks bia\u0142o-czarny nazywany jest<span class=\"excerpt-hellip\"> [\u2026]<\/span><\/p>\n","protected":false},"author":242,"featured_media":0,"parent":16922,"menu_order":4,"comment_status":"closed","ping_status":"closed","template":"","meta":{"footnotes":""},"class_list":["post-12112","page","type-page","status-publish","hentry"],"_links":{"self":[{"href":"https:\/\/www.artstone.com.pl\/pl\/wp-json\/wp\/v2\/pages\/12112","targetHints":{"allow":["GET"]}}],"collection":[{"href":"https:\/\/www.artstone.com.pl\/pl\/wp-json\/wp\/v2\/pages"}],"about":[{"href":"https:\/\/www.artstone.com.pl\/pl\/wp-json\/wp\/v2\/types\/page"}],"author":[{"embeddable":true,"href":"https:\/\/www.artstone.com.pl\/pl\/wp-json\/wp\/v2\/users\/242"}],"replies":[{"embeddable":true,"href":"https:\/\/www.artstone.com.pl\/pl\/wp-json\/wp\/v2\/comments?post=12112"}],"version-history":[{"count":0,"href":"https:\/\/www.artstone.com.pl\/pl\/wp-json\/wp\/v2\/pages\/12112\/revisions"}],"up":[{"embeddable":true,"href":"https:\/\/www.artstone.com.pl\/pl\/wp-json\/wp\/v2\/pages\/16922"}],"wp:attachment":[{"href":"https:\/\/www.artstone.com.pl\/pl\/wp-json\/wp\/v2\/media?parent=12112"}],"curies":[{"name":"wp","href":"https:\/\/api.w.org\/{rel}","templated":true}]}}