{"id":12114,"date":"2011-12-05T13:22:46","date_gmt":"2011-12-05T12:22:46","guid":{"rendered":"http:\/\/www.kamulec.pl\/wapien\/"},"modified":"2022-09-02T10:51:15","modified_gmt":"2022-09-02T08:51:15","slug":"wapien-menu","status":"publish","type":"page","link":"https:\/\/www.artstone.com.pl\/pl\/materialy\/wapien-menu.html","title":{"rendered":"Wapie\u0144"},"content":{"rendered":"<p style=\"text-align: justify;\"><a href=\"https:\/\/www.artstone.com.pl\/pl\/hurtownia-wapienia.html\/\">Wapie\u0144<\/a> to ska\u0142a osadowa, kt\u00f3rej g\u0142\u00f3wnym sk\u0142adnikiem jest kalcyt (w\u0119glan wapnia). Wapie\u0144 mo\u017ce mie\u0107 odcie\u0144 bezbarwny, a w zale\u017cno\u015bci od domieszek wyr\u00f3\u017cniamy odmiany o barwie \u017c\u00f3\u0142tej, r\u00f3\u017cowej, czerwonej, zielonkawej lub szarej. Ze wzgl\u0119du na wielko\u015b\u0107 ziaren wapiennych wyr\u00f3\u017cniamy wapienie drobnoziarniste i gruboziarniste.<\/p>\n<p style=\"text-align: center;\"><a class=\"readon\" href=\"\/?product_cat=kamien\/wapien.html\">Sprawd\u017a cen\u0119 i dost\u0119pno\u015b\u0107 w naszym katalogu &gt;&gt;<\/a><\/p>\n<p style=\"text-align: justify;\">Wapienie s\u0105 najbardziej rozpowszechnionymi ska\u0142ami na \u015bwiecie. W Polsce wyst\u0119puj\u0105 m.in.: w G\u00f3rach \u015awi\u0119tokrzyskich, Tatrach, Sudetach i Pieninach. Wapienie wykorzystywane s\u0105 jako kamie\u0144 budowlany oraz materia\u0142 dekoratorski ( parapety, schody, posadzki, ok\u0142adziny).<\/p>\n<p>&nbsp;<\/p>\n<p style=\"text-align: center;\"><a class=\"readon\" href=\"https:\/\/www.artstone.com.pl\/pl\/kontakt.html\">Masz pytanie? Zadzwo\u0144 lub napisz do nas &gt;&gt;<\/a><\/p>\n\n\t\t\t<style type='text\/css'>\n\t\t\t\t#sc_gallery-1 {\n\t\t\t\t\tmargin: auto;\n\t\t\t\t}\n\t\t\t\t#sc_gallery-1 .gallery-item {\n\t\t\t\t\tfloat: left;\n\t\t\t\t\ttext-align: center;\n\t\t\t\t\twidth: 16.66%;\n\t\t\t\t}\n\t\t\t\t#sc_gallery-1 img {\n\t\t\t\t\tborder: 2px solid #cfcfcf;\n\t\t\t\t}\n\t\t\t\t\/* see sc_gallery() in functions\/theme-shortcodes.php *\/\n\t\t\t<\/style>\n\t\t<div id='sc_gallery-1' class='gallery galleryid-12114 gallery-columns-6 gallery-size-thumbnail file element_classes gallery-default'><dl class='gallery-item'  data-title='Black limestone natural' data-description=''><div class='gallery-item-wrapper'>\n\t\t\t\t<dt class='gallery-icon landscape'>\n\t\t\t\t\t<a href='https:\/\/www.artstone.com.pl\/wp-content\/uploads\/2019\/02\/Black-limestone-natural.jpg'><img loading=\"lazy\" decoding=\"async\" width=\"300\" height=\"300\" src=\"https:\/\/www.artstone.com.pl\/wp-content\/uploads\/2019\/02\/Black-limestone-natural-300x300.jpg\" class=\"attachment-thumbnail size-thumbnail\" alt=\"\" srcset=\"https:\/\/www.artstone.com.pl\/wp-content\/uploads\/2019\/02\/Black-limestone-natural-300x300.jpg 300w, https:\/\/www.artstone.com.pl\/wp-content\/uploads\/2019\/02\/Black-limestone-natural-146x146.jpg 146w, https:\/\/www.artstone.com.pl\/wp-content\/uploads\/2019\/02\/Black-limestone-natural-50x50.jpg 50w, https:\/\/www.artstone.com.pl\/wp-content\/uploads\/2019\/02\/Black-limestone-natural-75x75.jpg 75w, https:\/\/www.artstone.com.pl\/wp-content\/uploads\/2019\/02\/Black-limestone-natural-85x85.jpg 85w, https:\/\/www.artstone.com.pl\/wp-content\/uploads\/2019\/02\/Black-limestone-natural-80x80.jpg 80w, https:\/\/www.artstone.com.pl\/wp-content\/uploads\/2019\/02\/Black-limestone-natural-150x150.jpg 150w, https:\/\/www.artstone.com.pl\/wp-content\/uploads\/2019\/02\/Black-limestone-natural.jpg 450w\" sizes=\"auto, (max-width:767px) 300px, 300px\" \/><\/a>\n\t\t\t\t<\/dt><\/div><\/dl><dl class='gallery-item'  data-title='Black Limestone satyna' data-description=''><div class='gallery-item-wrapper'>\n\t\t\t\t<dt class='gallery-icon landscape'>\n\t\t\t\t\t<a href='https:\/\/www.artstone.com.pl\/wp-content\/uploads\/2019\/02\/Black-Limestone-satyna.jpg'><img loading=\"lazy\" decoding=\"async\" width=\"300\" height=\"300\" src=\"https:\/\/www.artstone.com.pl\/wp-content\/uploads\/2019\/02\/Black-Limestone-satyna-300x300.jpg\" class=\"attachment-thumbnail size-thumbnail\" alt=\"\" srcset=\"https:\/\/www.artstone.com.pl\/wp-content\/uploads\/2019\/02\/Black-Limestone-satyna-300x300.jpg 300w, https:\/\/www.artstone.com.pl\/wp-content\/uploads\/2019\/02\/Black-Limestone-satyna-146x146.jpg 146w, https:\/\/www.artstone.com.pl\/wp-content\/uploads\/2019\/02\/Black-Limestone-satyna-50x50.jpg 50w, https:\/\/www.artstone.com.pl\/wp-content\/uploads\/2019\/02\/Black-Limestone-satyna-75x75.jpg 75w, https:\/\/www.artstone.com.pl\/wp-content\/uploads\/2019\/02\/Black-Limestone-satyna-85x85.jpg 85w, https:\/\/www.artstone.com.pl\/wp-content\/uploads\/2019\/02\/Black-Limestone-satyna-80x80.jpg 80w, https:\/\/www.artstone.com.pl\/wp-content\/uploads\/2019\/02\/Black-Limestone-satyna-150x150.jpg 150w, https:\/\/www.artstone.com.pl\/wp-content\/uploads\/2019\/02\/Black-Limestone-satyna.jpg 450w\" sizes=\"auto, (max-width:767px) 300px, 300px\" \/><\/a>\n\t\t\t\t<\/dt><\/div><\/dl><dl class='gallery-item'  data-title='Cream limestone' data-description=''><div class='gallery-item-wrapper'>\n\t\t\t\t<dt class='gallery-icon landscape'>\n\t\t\t\t\t<a href='https:\/\/www.artstone.com.pl\/wp-content\/uploads\/2019\/02\/Cream-limestone.jpg'><img loading=\"lazy\" decoding=\"async\" width=\"300\" height=\"300\" src=\"https:\/\/www.artstone.com.pl\/wp-content\/uploads\/2019\/02\/Cream-limestone-300x300.jpg\" class=\"attachment-thumbnail size-thumbnail\" alt=\"\" srcset=\"https:\/\/www.artstone.com.pl\/wp-content\/uploads\/2019\/02\/Cream-limestone-300x300.jpg 300w, https:\/\/www.artstone.com.pl\/wp-content\/uploads\/2019\/02\/Cream-limestone-146x146.jpg 146w, https:\/\/www.artstone.com.pl\/wp-content\/uploads\/2019\/02\/Cream-limestone-50x50.jpg 50w, https:\/\/www.artstone.com.pl\/wp-content\/uploads\/2019\/02\/Cream-limestone-75x75.jpg 75w, https:\/\/www.artstone.com.pl\/wp-content\/uploads\/2019\/02\/Cream-limestone-85x85.jpg 85w, https:\/\/www.artstone.com.pl\/wp-content\/uploads\/2019\/02\/Cream-limestone-80x80.jpg 80w, https:\/\/www.artstone.com.pl\/wp-content\/uploads\/2019\/02\/Cream-limestone-150x150.jpg 150w, https:\/\/www.artstone.com.pl\/wp-content\/uploads\/2019\/02\/Cream-limestone.jpg 450w\" sizes=\"auto, (max-width:767px) 300px, 300px\" \/><\/a>\n\t\t\t\t<\/dt><\/div><\/dl><dl class='gallery-item'  data-title='Limestone' data-description=''><div class='gallery-item-wrapper'>\n\t\t\t\t<dt class='gallery-icon landscape'>\n\t\t\t\t\t<a href='https:\/\/www.artstone.com.pl\/wp-content\/uploads\/2019\/02\/Limestone.jpg'><img loading=\"lazy\" decoding=\"async\" width=\"300\" height=\"300\" src=\"https:\/\/www.artstone.com.pl\/wp-content\/uploads\/2019\/02\/Limestone-300x300.jpg\" class=\"attachment-thumbnail size-thumbnail\" alt=\"\" srcset=\"https:\/\/www.artstone.com.pl\/wp-content\/uploads\/2019\/02\/Limestone-300x300.jpg 300w, https:\/\/www.artstone.com.pl\/wp-content\/uploads\/2019\/02\/Limestone-146x146.jpg 146w, https:\/\/www.artstone.com.pl\/wp-content\/uploads\/2019\/02\/Limestone-50x50.jpg 50w, https:\/\/www.artstone.com.pl\/wp-content\/uploads\/2019\/02\/Limestone-75x75.jpg 75w, https:\/\/www.artstone.com.pl\/wp-content\/uploads\/2019\/02\/Limestone-85x85.jpg 85w, https:\/\/www.artstone.com.pl\/wp-content\/uploads\/2019\/02\/Limestone-80x80.jpg 80w, https:\/\/www.artstone.com.pl\/wp-content\/uploads\/2019\/02\/Limestone-150x150.jpg 150w, https:\/\/www.artstone.com.pl\/wp-content\/uploads\/2019\/02\/Limestone.jpg 450w\" sizes=\"auto, (max-width:767px) 300px, 300px\" \/><\/a>\n\t\t\t\t<\/dt><\/div><\/dl><dl class='gallery-item'  data-title='Mocca cream limestone' data-description=''><div class='gallery-item-wrapper'>\n\t\t\t\t<dt class='gallery-icon landscape'>\n\t\t\t\t\t<a href='https:\/\/www.artstone.com.pl\/wp-content\/uploads\/2019\/02\/Mocca-cream-limestone.jpg'><img loading=\"lazy\" decoding=\"async\" width=\"300\" height=\"300\" src=\"https:\/\/www.artstone.com.pl\/wp-content\/uploads\/2019\/02\/Mocca-cream-limestone-300x300.jpg\" class=\"attachment-thumbnail size-thumbnail\" alt=\"\" srcset=\"https:\/\/www.artstone.com.pl\/wp-content\/uploads\/2019\/02\/Mocca-cream-limestone-300x300.jpg 300w, https:\/\/www.artstone.com.pl\/wp-content\/uploads\/2019\/02\/Mocca-cream-limestone-146x146.jpg 146w, https:\/\/www.artstone.com.pl\/wp-content\/uploads\/2019\/02\/Mocca-cream-limestone-50x50.jpg 50w, https:\/\/www.artstone.com.pl\/wp-content\/uploads\/2019\/02\/Mocca-cream-limestone-75x75.jpg 75w, https:\/\/www.artstone.com.pl\/wp-content\/uploads\/2019\/02\/Mocca-cream-limestone-85x85.jpg 85w, https:\/\/www.artstone.com.pl\/wp-content\/uploads\/2019\/02\/Mocca-cream-limestone-80x80.jpg 80w, https:\/\/www.artstone.com.pl\/wp-content\/uploads\/2019\/02\/Mocca-cream-limestone-150x150.jpg 150w, https:\/\/www.artstone.com.pl\/wp-content\/uploads\/2019\/02\/Mocca-cream-limestone.jpg 450w\" sizes=\"auto, (max-width:767px) 300px, 300px\" \/><\/a>\n\t\t\t\t<\/dt><\/div><\/dl>\n\t\t\t\t<br style='clear: both' \/>\n\t\t\t<\/div>\n\n","protected":false},"excerpt":{"rendered":"<p>Wapie\u0144 to ska\u0142a osadowa, kt\u00f3rej g\u0142\u00f3wnym sk\u0142adnikiem jest kalcyt (w\u0119glan wapnia). Wapie\u0144 mo\u017ce mie\u0107 odcie\u0144 bezbarwny, a w zale\u017cno\u015bci od domieszek wyr\u00f3\u017cniamy odmiany o barwie \u017c\u00f3\u0142tej,<span class=\"excerpt-hellip\"> [\u2026]<\/span><\/p>\n","protected":false},"author":242,"featured_media":0,"parent":16922,"menu_order":2,"comment_status":"closed","ping_status":"closed","template":"","meta":{"footnotes":""},"class_list":["post-12114","page","type-page","status-publish","hentry"],"_links":{"self":[{"href":"https:\/\/www.artstone.com.pl\/pl\/wp-json\/wp\/v2\/pages\/12114","targetHints":{"allow":["GET"]}}],"collection":[{"href":"https:\/\/www.artstone.com.pl\/pl\/wp-json\/wp\/v2\/pages"}],"about":[{"href":"https:\/\/www.artstone.com.pl\/pl\/wp-json\/wp\/v2\/types\/page"}],"author":[{"embeddable":true,"href":"https:\/\/www.artstone.com.pl\/pl\/wp-json\/wp\/v2\/users\/242"}],"replies":[{"embeddable":true,"href":"https:\/\/www.artstone.com.pl\/pl\/wp-json\/wp\/v2\/comments?post=12114"}],"version-history":[{"count":0,"href":"https:\/\/www.artstone.com.pl\/pl\/wp-json\/wp\/v2\/pages\/12114\/revisions"}],"up":[{"embeddable":true,"href":"https:\/\/www.artstone.com.pl\/pl\/wp-json\/wp\/v2\/pages\/16922"}],"wp:attachment":[{"href":"https:\/\/www.artstone.com.pl\/pl\/wp-json\/wp\/v2\/media?parent=12114"}],"curies":[{"name":"wp","href":"https:\/\/api.w.org\/{rel}","templated":true}]}}