{"id":12117,"date":"2011-12-09T15:01:01","date_gmt":"2011-12-09T14:01:01","guid":{"rendered":"http:\/\/www.kamulec.pl\/parapety\/"},"modified":"2021-03-12T14:29:08","modified_gmt":"2021-03-12T13:29:08","slug":"kamienne-parapety","status":"publish","type":"page","link":"https:\/\/www.artstone.com.pl\/pl\/elementy-wnetrza\/kamienne-parapety.html","title":{"rendered":"Parapety"},"content":{"rendered":"<p style=\"text-align: justify;\"><img loading=\"lazy\" decoding=\"async\" class=\" alignleft size-full wp-image-12115\" style=\"float: left; margin: 5px 10px; border: 1px solid white;\" title=\"parapety\" src=\"https:\/\/www.artstone.com.pl\/wp-content\/uploads\/2011\/12\/parapet1.jpg\" alt=\"parapety\" width=\"241\" height=\"161\" border=\"0\" srcset=\"https:\/\/www.artstone.com.pl\/wp-content\/uploads\/2011\/12\/parapet1.jpg 400w, https:\/\/www.artstone.com.pl\/wp-content\/uploads\/2011\/12\/parapet1-218x146.jpg 218w, https:\/\/www.artstone.com.pl\/wp-content\/uploads\/2011\/12\/parapet1-50x34.jpg 50w, https:\/\/www.artstone.com.pl\/wp-content\/uploads\/2011\/12\/parapet1-112x75.jpg 112w, https:\/\/www.artstone.com.pl\/wp-content\/uploads\/2011\/12\/parapet1-300x201.jpg 300w\" sizes=\"auto, (max-width:767px) 241px, 241px\" \/>Parapety z kamienia to tak samo wa\u017cny element wyko\u0144czenia domu, jak schody, blat kuchenny czy pod\u0142oga.<\/p>\n<p style=\"text-align: justify;\">Powinni\u015bmy zatem dobiera\u0107 je r\u00f3wnie starannie jak pozosta\u0142e elementy wyko\u0144czeniowe i dekoracyjne naszego domu. Dobrze dobrany i w\u0142a\u015bciwie dopasowany parapet kamienny wykonany z granitu, marmuru lub konglomeratu b\u0119dzie harmonizowa\u0142 si\u0119 z pozosta\u0142ymi elementami wn\u0119trza.<\/p>\n<p style=\"text-align: center;\"><a class=\"readon\" href=\"\/?product_cat=kamien\">Sprawd\u017a cen\u0119 i dost\u0119pno\u015b\u0107 w naszym katalogu &gt;&gt;<\/a><\/p>\n<h4 style=\"margin-bottom: 0cm; text-align: justify;\">Zobacz materia\u0142y z kt\u00f3rych wykonujemy nasze elementy wn\u0119trza<\/h4>\n<div style=\"display: block; margin: 0 auto; width: 460px;\">\n<div style=\"float: left;\">\n<h4 style=\"text-align: center;\"><a title=\"Granit\" href=\"https:\/\/www.artstone.com.pl\/shop\/kamien\/granit\/slaby\/\">Granit<\/a><\/h4>\n<p><a title=\"Materia\u0142y Granit\" href=\"https:\/\/www.artstone.com.pl\/shop\/kamien\/granit\/slaby\/\"><img loading=\"lazy\" decoding=\"async\" class=\" alignleft size-full wp-image-12066\" style=\"float: left; margin: 0px 15px; border: 1px solid white;\" title=\"Blaty granitowe\" src=\"https:\/\/www.artstone.com.pl\/wp-content\/uploads\/2011\/09\/c35987ce-cf26-4584-ca39-780a85e2d13f-thumb.jpg\" alt=\"Granity Warszawa\" width=\"120\" height=\"60\" border=\"0\" srcset=\"https:\/\/www.artstone.com.pl\/wp-content\/uploads\/2011\/09\/c35987ce-cf26-4584-ca39-780a85e2d13f-thumb.jpg 120w, https:\/\/www.artstone.com.pl\/wp-content\/uploads\/2011\/09\/c35987ce-cf26-4584-ca39-780a85e2d13f-thumb-50x25.jpg 50w\" sizes=\"auto, (max-width:767px) 120px, 120px\" \/><\/a><\/p>\n<\/div>\n<div style=\"float: left;\">\n<h4 style=\"text-align: center;\"><a title=\"Konglomerat\" href=\"https:\/\/www.artstone.com.pl\/shop\/kamien\/konglomeraty\/slaby-konglomeraty\/\">Konglomerat<\/a><\/h4>\n<p><a title=\"Materia\u0142y Konglomerat\" href=\"https:\/\/www.artstone.com.pl\/shop\/kamien\/konglomeraty\/slaby-konglomeraty\/\"><img loading=\"lazy\" decoding=\"async\" class=\" alignleft size-full wp-image-12068\" style=\"margin: 3px 15px; float: left; border: 1px solid white;\" title=\"Konglomerat\" src=\"https:\/\/www.artstone.com.pl\/wp-content\/uploads\/2011\/09\/23595248-cd76-46f4-f622-77043aa9f25e-thumb.jpg\" alt=\"Konglomeraty Warszawa\" width=\"120\" height=\"60\" border=\"0\" srcset=\"https:\/\/www.artstone.com.pl\/wp-content\/uploads\/2011\/09\/23595248-cd76-46f4-f622-77043aa9f25e-thumb.jpg 120w, https:\/\/www.artstone.com.pl\/wp-content\/uploads\/2011\/09\/23595248-cd76-46f4-f622-77043aa9f25e-thumb-50x25.jpg 50w\" sizes=\"auto, (max-width:767px) 120px, 120px\" \/><\/a><\/p>\n<\/div>\n<div style=\"float: left;\">\n<h4 style=\"text-align: center;\"><a title=\"Marmur\" href=\"https:\/\/www.artstone.com.pl\/shop\/kamien\/marmury\/slaby-marmury\/\">Marmur<\/a><\/h4>\n<p><a title=\"Materia\u0142y Marmur\" href=\"https:\/\/www.artstone.com.pl\/shop\/kamien\/marmury\/slaby-marmury\/\"><img loading=\"lazy\" decoding=\"async\" class=\" alignleft size-full wp-image-12070\" style=\"float: left; margin: 2px 15px; border: 1px solid white; clear: both;\" title=\"Blaty z Marmuru\" src=\"https:\/\/www.artstone.com.pl\/wp-content\/uploads\/2011\/09\/ff6de06c-10c4-4963-9d8c-2874b28d253d-thumb.gif\" alt=\"Marmury Warszawa\" width=\"120\" height=\"60\" border=\"0\" srcset=\"https:\/\/www.artstone.com.pl\/wp-content\/uploads\/2011\/09\/ff6de06c-10c4-4963-9d8c-2874b28d253d-thumb.gif 120w, https:\/\/www.artstone.com.pl\/wp-content\/uploads\/2011\/09\/ff6de06c-10c4-4963-9d8c-2874b28d253d-thumb-50x25.gif 50w\" sizes=\"auto, (max-width:767px) 120px, 120px\" \/><\/a><\/p>\n<\/div>\n<\/div>\n<p style=\"text-align: center;\"><a class=\"readon\" href=\"https:\/\/www.artstone.com.pl\/pl\/kontakt.html\">Masz pytanie? Zadzwo\u0144 lub napisz do nas &gt;&gt;<\/a><\/p>\n<h3>Parapety<\/h3>\n\n\t\t\t<style type='text\/css'>\n\t\t\t\t#sc_gallery-1 {\n\t\t\t\t\tmargin: auto;\n\t\t\t\t}\n\t\t\t\t#sc_gallery-1 .gallery-item {\n\t\t\t\t\tfloat: left;\n\t\t\t\t\ttext-align: center;\n\t\t\t\t\twidth: 19.99%;\n\t\t\t\t}\n\t\t\t\t#sc_gallery-1 img {\n\t\t\t\t\tborder: 2px solid #cfcfcf;\n\t\t\t\t}\n\t\t\t\t\/* see sc_gallery() in functions\/theme-shortcodes.php *\/\n\t\t\t<\/style>\n\t\t<div id='sc_gallery-1' class='gallery galleryid-12117 gallery-columns-5 gallery-size-thumbnail file element_classes gallery-default'><dl class='gallery-item'  data-title='Bardiglio' data-description=''><div class='gallery-item-wrapper'>\n\t\t\t\t<dt class='gallery-icon landscape'>\n\t\t\t\t\t<a href='https:\/\/www.artstone.com.pl\/wp-content\/uploads\/2018\/12\/Bardiglio.jpg'><img loading=\"lazy\" decoding=\"async\" width=\"250\" height=\"250\" src=\"https:\/\/www.artstone.com.pl\/wp-content\/uploads\/2018\/12\/Bardiglio.jpg\" class=\"attachment-thumbnail size-thumbnail\" alt=\"\" srcset=\"https:\/\/www.artstone.com.pl\/wp-content\/uploads\/2018\/12\/Bardiglio.jpg 250w, https:\/\/www.artstone.com.pl\/wp-content\/uploads\/2018\/12\/Bardiglio-146x146.jpg 146w, https:\/\/www.artstone.com.pl\/wp-content\/uploads\/2018\/12\/Bardiglio-50x50.jpg 50w, https:\/\/www.artstone.com.pl\/wp-content\/uploads\/2018\/12\/Bardiglio-75x75.jpg 75w, https:\/\/www.artstone.com.pl\/wp-content\/uploads\/2018\/12\/Bardiglio-85x85.jpg 85w, https:\/\/www.artstone.com.pl\/wp-content\/uploads\/2018\/12\/Bardiglio-80x80.jpg 80w, https:\/\/www.artstone.com.pl\/wp-content\/uploads\/2018\/12\/Bardiglio-150x150.jpg 150w\" sizes=\"auto, (max-width:767px) 250px, 250px\" \/><\/a>\n\t\t\t\t<\/dt><\/div><\/dl><dl class='gallery-item'  data-title='BiancoCarrara' data-description=''><div class='gallery-item-wrapper'>\n\t\t\t\t<dt class='gallery-icon landscape'>\n\t\t\t\t\t<a href='https:\/\/www.artstone.com.pl\/wp-content\/uploads\/2018\/12\/BiancoCarrara.jpg'><img loading=\"lazy\" decoding=\"async\" width=\"250\" height=\"250\" src=\"https:\/\/www.artstone.com.pl\/wp-content\/uploads\/2018\/12\/BiancoCarrara.jpg\" class=\"attachment-thumbnail size-thumbnail\" alt=\"\" srcset=\"https:\/\/www.artstone.com.pl\/wp-content\/uploads\/2018\/12\/BiancoCarrara.jpg 250w, https:\/\/www.artstone.com.pl\/wp-content\/uploads\/2018\/12\/BiancoCarrara-146x146.jpg 146w, https:\/\/www.artstone.com.pl\/wp-content\/uploads\/2018\/12\/BiancoCarrara-50x50.jpg 50w, https:\/\/www.artstone.com.pl\/wp-content\/uploads\/2018\/12\/BiancoCarrara-75x75.jpg 75w, https:\/\/www.artstone.com.pl\/wp-content\/uploads\/2018\/12\/BiancoCarrara-85x85.jpg 85w, https:\/\/www.artstone.com.pl\/wp-content\/uploads\/2018\/12\/BiancoCarrara-80x80.jpg 80w, https:\/\/www.artstone.com.pl\/wp-content\/uploads\/2018\/12\/BiancoCarrara-150x150.jpg 150w\" sizes=\"auto, (max-width:767px) 250px, 250px\" \/><\/a>\n\t\t\t\t<\/dt><\/div><\/dl><dl class='gallery-item'  data-title='BiancoCyclone' data-description=''><div class='gallery-item-wrapper'>\n\t\t\t\t<dt class='gallery-icon landscape'>\n\t\t\t\t\t<a href='https:\/\/www.artstone.com.pl\/wp-content\/uploads\/2018\/12\/BiancoCyclone.jpg'><img loading=\"lazy\" decoding=\"async\" width=\"250\" height=\"250\" src=\"https:\/\/www.artstone.com.pl\/wp-content\/uploads\/2018\/12\/BiancoCyclone.jpg\" class=\"attachment-thumbnail size-thumbnail\" alt=\"\" srcset=\"https:\/\/www.artstone.com.pl\/wp-content\/uploads\/2018\/12\/BiancoCyclone.jpg 250w, https:\/\/www.artstone.com.pl\/wp-content\/uploads\/2018\/12\/BiancoCyclone-146x146.jpg 146w, https:\/\/www.artstone.com.pl\/wp-content\/uploads\/2018\/12\/BiancoCyclone-50x50.jpg 50w, https:\/\/www.artstone.com.pl\/wp-content\/uploads\/2018\/12\/BiancoCyclone-75x75.jpg 75w, https:\/\/www.artstone.com.pl\/wp-content\/uploads\/2018\/12\/BiancoCyclone-85x85.jpg 85w, https:\/\/www.artstone.com.pl\/wp-content\/uploads\/2018\/12\/BiancoCyclone-80x80.jpg 80w, https:\/\/www.artstone.com.pl\/wp-content\/uploads\/2018\/12\/BiancoCyclone-150x150.jpg 150w\" sizes=\"auto, (max-width:767px) 250px, 250px\" \/><\/a>\n\t\t\t\t<\/dt><\/div><\/dl><dl class='gallery-item'  data-title='BiancoSardo_fg' data-description=''><div class='gallery-item-wrapper'>\n\t\t\t\t<dt class='gallery-icon landscape'>\n\t\t\t\t\t<a href='https:\/\/www.artstone.com.pl\/wp-content\/uploads\/2018\/12\/BiancoSardo_fg.jpg'><img loading=\"lazy\" decoding=\"async\" width=\"300\" height=\"300\" src=\"https:\/\/www.artstone.com.pl\/wp-content\/uploads\/2018\/12\/BiancoSardo_fg.jpg\" class=\"attachment-thumbnail size-thumbnail\" alt=\"\" srcset=\"https:\/\/www.artstone.com.pl\/wp-content\/uploads\/2018\/12\/BiancoSardo_fg.jpg 300w, https:\/\/www.artstone.com.pl\/wp-content\/uploads\/2018\/12\/BiancoSardo_fg-146x146.jpg 146w, https:\/\/www.artstone.com.pl\/wp-content\/uploads\/2018\/12\/BiancoSardo_fg-50x50.jpg 50w, https:\/\/www.artstone.com.pl\/wp-content\/uploads\/2018\/12\/BiancoSardo_fg-75x75.jpg 75w, https:\/\/www.artstone.com.pl\/wp-content\/uploads\/2018\/12\/BiancoSardo_fg-85x85.jpg 85w, https:\/\/www.artstone.com.pl\/wp-content\/uploads\/2018\/12\/BiancoSardo_fg-80x80.jpg 80w, https:\/\/www.artstone.com.pl\/wp-content\/uploads\/2018\/12\/BiancoSardo_fg-150x150.jpg 150w\" sizes=\"auto, (max-width:767px) 300px, 300px\" \/><\/a>\n\t\t\t\t<\/dt><\/div><\/dl><dl class='gallery-item'  data-title='Botticino' data-description=''><div class='gallery-item-wrapper'>\n\t\t\t\t<dt class='gallery-icon landscape'>\n\t\t\t\t\t<a href='https:\/\/www.artstone.com.pl\/wp-content\/uploads\/2018\/12\/Botticino.jpg'><img loading=\"lazy\" decoding=\"async\" width=\"300\" height=\"300\" src=\"https:\/\/www.artstone.com.pl\/wp-content\/uploads\/2018\/12\/Botticino.jpg\" class=\"attachment-thumbnail size-thumbnail\" alt=\"\" srcset=\"https:\/\/www.artstone.com.pl\/wp-content\/uploads\/2018\/12\/Botticino.jpg 300w, https:\/\/www.artstone.com.pl\/wp-content\/uploads\/2018\/12\/Botticino-146x146.jpg 146w, https:\/\/www.artstone.com.pl\/wp-content\/uploads\/2018\/12\/Botticino-50x50.jpg 50w, https:\/\/www.artstone.com.pl\/wp-content\/uploads\/2018\/12\/Botticino-75x75.jpg 75w, https:\/\/www.artstone.com.pl\/wp-content\/uploads\/2018\/12\/Botticino-85x85.jpg 85w, https:\/\/www.artstone.com.pl\/wp-content\/uploads\/2018\/12\/Botticino-80x80.jpg 80w, https:\/\/www.artstone.com.pl\/wp-content\/uploads\/2018\/12\/Botticino-150x150.jpg 150w\" sizes=\"auto, (max-width:767px) 300px, 300px\" \/><\/a>\n\t\t\t\t<\/dt><\/div><\/dl><br style=\"clear: both\" \/><dl class='gallery-item'  data-title='Calacatta' data-description=''><div class='gallery-item-wrapper'>\n\t\t\t\t<dt class='gallery-icon landscape'>\n\t\t\t\t\t<a href='https:\/\/www.artstone.com.pl\/wp-content\/uploads\/2018\/12\/Calacatta.jpg'><img loading=\"lazy\" decoding=\"async\" width=\"300\" height=\"300\" src=\"https:\/\/www.artstone.com.pl\/wp-content\/uploads\/2018\/12\/Calacatta.jpg\" class=\"attachment-thumbnail size-thumbnail\" alt=\"\" srcset=\"https:\/\/www.artstone.com.pl\/wp-content\/uploads\/2018\/12\/Calacatta.jpg 300w, https:\/\/www.artstone.com.pl\/wp-content\/uploads\/2018\/12\/Calacatta-146x146.jpg 146w, https:\/\/www.artstone.com.pl\/wp-content\/uploads\/2018\/12\/Calacatta-50x50.jpg 50w, https:\/\/www.artstone.com.pl\/wp-content\/uploads\/2018\/12\/Calacatta-75x75.jpg 75w, https:\/\/www.artstone.com.pl\/wp-content\/uploads\/2018\/12\/Calacatta-85x85.jpg 85w, https:\/\/www.artstone.com.pl\/wp-content\/uploads\/2018\/12\/Calacatta-80x80.jpg 80w, https:\/\/www.artstone.com.pl\/wp-content\/uploads\/2018\/12\/Calacatta-150x150.jpg 150w\" sizes=\"auto, (max-width:767px) 300px, 300px\" \/><\/a>\n\t\t\t\t<\/dt><\/div><\/dl><dl class='gallery-item'  data-title='GreyMist' data-description=''><div class='gallery-item-wrapper'>\n\t\t\t\t<dt class='gallery-icon landscape'>\n\t\t\t\t\t<a href='https:\/\/www.artstone.com.pl\/wp-content\/uploads\/2018\/12\/GreyMist.jpg'><img loading=\"lazy\" decoding=\"async\" width=\"300\" height=\"300\" src=\"https:\/\/www.artstone.com.pl\/wp-content\/uploads\/2018\/12\/GreyMist.jpg\" class=\"attachment-thumbnail size-thumbnail\" alt=\"\" srcset=\"https:\/\/www.artstone.com.pl\/wp-content\/uploads\/2018\/12\/GreyMist.jpg 300w, https:\/\/www.artstone.com.pl\/wp-content\/uploads\/2018\/12\/GreyMist-146x146.jpg 146w, https:\/\/www.artstone.com.pl\/wp-content\/uploads\/2018\/12\/GreyMist-50x50.jpg 50w, https:\/\/www.artstone.com.pl\/wp-content\/uploads\/2018\/12\/GreyMist-75x75.jpg 75w, https:\/\/www.artstone.com.pl\/wp-content\/uploads\/2018\/12\/GreyMist-85x85.jpg 85w, https:\/\/www.artstone.com.pl\/wp-content\/uploads\/2018\/12\/GreyMist-80x80.jpg 80w, https:\/\/www.artstone.com.pl\/wp-content\/uploads\/2018\/12\/GreyMist-150x150.jpg 150w\" sizes=\"auto, (max-width:767px) 300px, 300px\" \/><\/a>\n\t\t\t\t<\/dt><\/div><\/dl><dl class='gallery-item'  data-title='Morawica' data-description=''><div class='gallery-item-wrapper'>\n\t\t\t\t<dt class='gallery-icon landscape'>\n\t\t\t\t\t<a href='https:\/\/www.artstone.com.pl\/wp-content\/uploads\/2018\/12\/Morawica.jpg'><img loading=\"lazy\" decoding=\"async\" width=\"250\" height=\"250\" src=\"https:\/\/www.artstone.com.pl\/wp-content\/uploads\/2018\/12\/Morawica.jpg\" class=\"attachment-thumbnail size-thumbnail\" alt=\"\" srcset=\"https:\/\/www.artstone.com.pl\/wp-content\/uploads\/2018\/12\/Morawica.jpg 250w, https:\/\/www.artstone.com.pl\/wp-content\/uploads\/2018\/12\/Morawica-146x146.jpg 146w, https:\/\/www.artstone.com.pl\/wp-content\/uploads\/2018\/12\/Morawica-50x50.jpg 50w, https:\/\/www.artstone.com.pl\/wp-content\/uploads\/2018\/12\/Morawica-75x75.jpg 75w, https:\/\/www.artstone.com.pl\/wp-content\/uploads\/2018\/12\/Morawica-85x85.jpg 85w, https:\/\/www.artstone.com.pl\/wp-content\/uploads\/2018\/12\/Morawica-80x80.jpg 80w, https:\/\/www.artstone.com.pl\/wp-content\/uploads\/2018\/12\/Morawica-150x150.jpg 150w\" sizes=\"auto, (max-width:767px) 250px, 250px\" \/><\/a>\n\t\t\t\t<\/dt><\/div><\/dl><dl class='gallery-item'  data-title='Rasotica' data-description=''><div class='gallery-item-wrapper'>\n\t\t\t\t<dt class='gallery-icon landscape'>\n\t\t\t\t\t<a href='https:\/\/www.artstone.com.pl\/wp-content\/uploads\/2018\/12\/Rasotica.jpg'><img loading=\"lazy\" decoding=\"async\" width=\"300\" height=\"300\" src=\"https:\/\/www.artstone.com.pl\/wp-content\/uploads\/2018\/12\/Rasotica.jpg\" class=\"attachment-thumbnail size-thumbnail\" alt=\"\" srcset=\"https:\/\/www.artstone.com.pl\/wp-content\/uploads\/2018\/12\/Rasotica.jpg 300w, https:\/\/www.artstone.com.pl\/wp-content\/uploads\/2018\/12\/Rasotica-146x146.jpg 146w, https:\/\/www.artstone.com.pl\/wp-content\/uploads\/2018\/12\/Rasotica-50x50.jpg 50w, https:\/\/www.artstone.com.pl\/wp-content\/uploads\/2018\/12\/Rasotica-75x75.jpg 75w, https:\/\/www.artstone.com.pl\/wp-content\/uploads\/2018\/12\/Rasotica-85x85.jpg 85w, https:\/\/www.artstone.com.pl\/wp-content\/uploads\/2018\/12\/Rasotica-80x80.jpg 80w, https:\/\/www.artstone.com.pl\/wp-content\/uploads\/2018\/12\/Rasotica-150x150.jpg 150w\" sizes=\"auto, (max-width:767px) 300px, 300px\" \/><\/a>\n\t\t\t\t<\/dt><\/div><\/dl><dl class='gallery-item'  data-title='RosaDelGarda' data-description=''><div class='gallery-item-wrapper'>\n\t\t\t\t<dt class='gallery-icon landscape'>\n\t\t\t\t\t<a href='https:\/\/www.artstone.com.pl\/wp-content\/uploads\/2018\/12\/RosaDelGarda.jpg'><img loading=\"lazy\" decoding=\"async\" width=\"300\" height=\"300\" src=\"https:\/\/www.artstone.com.pl\/wp-content\/uploads\/2018\/12\/RosaDelGarda.jpg\" class=\"attachment-thumbnail size-thumbnail\" alt=\"\" srcset=\"https:\/\/www.artstone.com.pl\/wp-content\/uploads\/2018\/12\/RosaDelGarda.jpg 300w, https:\/\/www.artstone.com.pl\/wp-content\/uploads\/2018\/12\/RosaDelGarda-146x146.jpg 146w, https:\/\/www.artstone.com.pl\/wp-content\/uploads\/2018\/12\/RosaDelGarda-50x50.jpg 50w, https:\/\/www.artstone.com.pl\/wp-content\/uploads\/2018\/12\/RosaDelGarda-75x75.jpg 75w, https:\/\/www.artstone.com.pl\/wp-content\/uploads\/2018\/12\/RosaDelGarda-85x85.jpg 85w, https:\/\/www.artstone.com.pl\/wp-content\/uploads\/2018\/12\/RosaDelGarda-80x80.jpg 80w, https:\/\/www.artstone.com.pl\/wp-content\/uploads\/2018\/12\/RosaDelGarda-150x150.jpg 150w\" sizes=\"auto, (max-width:767px) 300px, 300px\" \/><\/a>\n\t\t\t\t<\/dt><\/div><\/dl><br style=\"clear: both\" \/><dl class='gallery-item'  data-title='RosoGrey' data-description=''><div class='gallery-item-wrapper'>\n\t\t\t\t<dt class='gallery-icon landscape'>\n\t\t\t\t\t<a href='https:\/\/www.artstone.com.pl\/wp-content\/uploads\/2018\/12\/RosoGrey.jpg'><img loading=\"lazy\" decoding=\"async\" width=\"300\" height=\"300\" src=\"https:\/\/www.artstone.com.pl\/wp-content\/uploads\/2018\/12\/RosoGrey.jpg\" class=\"attachment-thumbnail size-thumbnail\" alt=\"\" srcset=\"https:\/\/www.artstone.com.pl\/wp-content\/uploads\/2018\/12\/RosoGrey.jpg 300w, https:\/\/www.artstone.com.pl\/wp-content\/uploads\/2018\/12\/RosoGrey-146x146.jpg 146w, https:\/\/www.artstone.com.pl\/wp-content\/uploads\/2018\/12\/RosoGrey-50x50.jpg 50w, https:\/\/www.artstone.com.pl\/wp-content\/uploads\/2018\/12\/RosoGrey-75x75.jpg 75w, https:\/\/www.artstone.com.pl\/wp-content\/uploads\/2018\/12\/RosoGrey-85x85.jpg 85w, https:\/\/www.artstone.com.pl\/wp-content\/uploads\/2018\/12\/RosoGrey-80x80.jpg 80w, https:\/\/www.artstone.com.pl\/wp-content\/uploads\/2018\/12\/RosoGrey-150x150.jpg 150w\" sizes=\"auto, (max-width:767px) 300px, 300px\" \/><\/a>\n\t\t\t\t<\/dt><\/div><\/dl><dl class='gallery-item'  data-title='VerdeTirreno' data-description=''><div class='gallery-item-wrapper'>\n\t\t\t\t<dt class='gallery-icon landscape'>\n\t\t\t\t\t<a href='https:\/\/www.artstone.com.pl\/wp-content\/uploads\/2018\/12\/VerdeTirreno.jpg'><img loading=\"lazy\" decoding=\"async\" width=\"300\" height=\"300\" src=\"https:\/\/www.artstone.com.pl\/wp-content\/uploads\/2018\/12\/VerdeTirreno.jpg\" class=\"attachment-thumbnail size-thumbnail\" alt=\"\" srcset=\"https:\/\/www.artstone.com.pl\/wp-content\/uploads\/2018\/12\/VerdeTirreno.jpg 300w, https:\/\/www.artstone.com.pl\/wp-content\/uploads\/2018\/12\/VerdeTirreno-146x146.jpg 146w, https:\/\/www.artstone.com.pl\/wp-content\/uploads\/2018\/12\/VerdeTirreno-50x50.jpg 50w, https:\/\/www.artstone.com.pl\/wp-content\/uploads\/2018\/12\/VerdeTirreno-75x75.jpg 75w, https:\/\/www.artstone.com.pl\/wp-content\/uploads\/2018\/12\/VerdeTirreno-85x85.jpg 85w, https:\/\/www.artstone.com.pl\/wp-content\/uploads\/2018\/12\/VerdeTirreno-80x80.jpg 80w, https:\/\/www.artstone.com.pl\/wp-content\/uploads\/2018\/12\/VerdeTirreno-150x150.jpg 150w\" sizes=\"auto, (max-width:767px) 300px, 300px\" \/><\/a>\n\t\t\t\t<\/dt><\/div><\/dl>\n\t\t\t\t<br style='clear: both' \/>\n\t\t\t<\/div>\n\n","protected":false},"excerpt":{"rendered":"<p>Parapety z kamienia to tak samo wa\u017cny element wyko\u0144czenia domu, jak schody, blat kuchenny czy pod\u0142oga. Powinni\u015bmy zatem dobiera\u0107 je r\u00f3wnie starannie jak pozosta\u0142e elementy wyko\u0144czeniowe<span class=\"excerpt-hellip\"> [\u2026]<\/span><\/p>\n","protected":false},"author":242,"featured_media":0,"parent":16934,"menu_order":3,"comment_status":"closed","ping_status":"closed","template":"","meta":{"footnotes":""},"class_list":["post-12117","page","type-page","status-publish","hentry"],"_links":{"self":[{"href":"https:\/\/www.artstone.com.pl\/pl\/wp-json\/wp\/v2\/pages\/12117","targetHints":{"allow":["GET"]}}],"collection":[{"href":"https:\/\/www.artstone.com.pl\/pl\/wp-json\/wp\/v2\/pages"}],"about":[{"href":"https:\/\/www.artstone.com.pl\/pl\/wp-json\/wp\/v2\/types\/page"}],"author":[{"embeddable":true,"href":"https:\/\/www.artstone.com.pl\/pl\/wp-json\/wp\/v2\/users\/242"}],"replies":[{"embeddable":true,"href":"https:\/\/www.artstone.com.pl\/pl\/wp-json\/wp\/v2\/comments?post=12117"}],"version-history":[{"count":0,"href":"https:\/\/www.artstone.com.pl\/pl\/wp-json\/wp\/v2\/pages\/12117\/revisions"}],"up":[{"embeddable":true,"href":"https:\/\/www.artstone.com.pl\/pl\/wp-json\/wp\/v2\/pages\/16934"}],"wp:attachment":[{"href":"https:\/\/www.artstone.com.pl\/pl\/wp-json\/wp\/v2\/media?parent=12117"}],"curies":[{"name":"wp","href":"https:\/\/api.w.org\/{rel}","templated":true}]}}