{"id":12120,"date":"2011-12-09T15:21:10","date_gmt":"2011-12-09T14:21:10","guid":{"rendered":"http:\/\/www.kamulec.pl\/kamienne-zlewy\/"},"modified":"2018-12-14T09:01:25","modified_gmt":"2018-12-14T08:01:25","slug":"zlewy","status":"publish","type":"page","link":"https:\/\/www.artstone.com.pl\/pl\/elementy-wnetrza\/zlewy.html","title":{"rendered":"Kamienne zlewy"},"content":{"rendered":"<p style=\"text-align: justify;\"><img loading=\"lazy\" decoding=\"async\" class=\" alignleft size-full wp-image-12118\" src=\"https:\/\/www.artstone.com.pl\/wp-content\/uploads\/2011\/12\/granitefarmhousesink.jpg\" border=\"0\" alt=\"Kamienny zlew\" title=\"Kamienny zlew\" width=\"262\" height=\"190\" style=\"float: left; margin: 5px 10px; border: 1px solid white;\" srcset=\"https:\/\/www.artstone.com.pl\/wp-content\/uploads\/2011\/12\/granitefarmhousesink.jpg 300w, https:\/\/www.artstone.com.pl\/wp-content\/uploads\/2011\/12\/granitefarmhousesink-202x146.jpg 202w, https:\/\/www.artstone.com.pl\/wp-content\/uploads\/2011\/12\/granitefarmhousesink-50x36.jpg 50w, https:\/\/www.artstone.com.pl\/wp-content\/uploads\/2011\/12\/granitefarmhousesink-104x75.jpg 104w\" sizes=\"auto, (max-width:767px) 262px, 262px\" \/>Kamienne zlewozmywaki, cho\u0107 dro\u017csze, nie maj\u0105 sobie r\u00f3wnych je\u015bli we\u017amiemy pod uwag\u0119 trwa\u0142o\u015b\u0107 i estetyk\u0119. Odporne na wysok\u0105 temperatur\u0119, przebarwienia, \u0142atwe w utrzymaniu czysto\u015bci znakomicie nadaj\u0105 si\u0119 do gospodarstw domowych, w kt\u00f3rych w\u0142a\u015bciciele stawiaj\u0105 na wysok\u0105 jako\u015b\u0107. W naszej ofercie znajd\u0105 Pa\u0144stwo kamienne zlewozmywaki w r\u00f3\u017cnych kszta\u0142tach i rozmiarach, spe\u0142niaj\u0105ce wymagania kuchni o wystroju klasycznym i nowoczesnym. Najlepszym materia\u0142em dla zlewozmywak\u00f3w z litego kamienia jest granit. Oferujemy tak\u017ce zlewy z konglomeratu.<\/p>\n<p> <br ><\/p>\n<p style=\"text-align: center;\"><a href=\"\/pl\/kontakt.html\" class=\"readon\"><span>Masz pytanie? Zadzwo\u0144 lub napisz do nas >><\/span><\/a><\/p>\n<p style=\"text-align: justify;\">\n<h3>Zlewy<\/h3>\n\n\t\t\t<style type='text\/css'>\n\t\t\t\t#sc_gallery-1 {\n\t\t\t\t\tmargin: auto;\n\t\t\t\t}\n\t\t\t\t#sc_gallery-1 .gallery-item {\n\t\t\t\t\tfloat: left;\n\t\t\t\t\ttext-align: center;\n\t\t\t\t\twidth: 19.99%;\n\t\t\t\t}\n\t\t\t\t#sc_gallery-1 img {\n\t\t\t\t\tborder: 2px solid #cfcfcf;\n\t\t\t\t}\n\t\t\t\t\/* see sc_gallery() in functions\/theme-shortcodes.php *\/\n\t\t\t<\/style>\n\t\t<div id='sc_gallery-1' class='gallery galleryid-12120 gallery-columns-5 gallery-size-thumbnail file element_classes gallery-default'><dl class='gallery-item'  data-title='Absolute Black Sink' data-description=''><div class='gallery-item-wrapper'>\n\t\t\t\t<dt class='gallery-icon landscape'>\n\t\t\t\t\t<a href='https:\/\/www.artstone.com.pl\/wp-content\/uploads\/2018\/12\/Absolute-Black-Sink.jpg'><img loading=\"lazy\" decoding=\"async\" width=\"300\" height=\"186\" src=\"https:\/\/www.artstone.com.pl\/wp-content\/uploads\/2018\/12\/Absolute-Black-Sink-300x186.jpg\" class=\"attachment-thumbnail size-thumbnail\" alt=\"\" srcset=\"https:\/\/www.artstone.com.pl\/wp-content\/uploads\/2018\/12\/Absolute-Black-Sink.jpg 300w, https:\/\/www.artstone.com.pl\/wp-content\/uploads\/2018\/12\/Absolute-Black-Sink-235x146.jpg 235w, https:\/\/www.artstone.com.pl\/wp-content\/uploads\/2018\/12\/Absolute-Black-Sink-50x31.jpg 50w, https:\/\/www.artstone.com.pl\/wp-content\/uploads\/2018\/12\/Absolute-Black-Sink-121x75.jpg 121w\" sizes=\"auto, (max-width:767px) 300px, 300px\" \/><\/a>\n\t\t\t\t<\/dt><\/div><\/dl><dl class='gallery-item'  data-title='Double Kitchen Sink' data-description=''><div class='gallery-item-wrapper'>\n\t\t\t\t<dt class='gallery-icon landscape'>\n\t\t\t\t\t<a href='https:\/\/www.artstone.com.pl\/wp-content\/uploads\/2018\/12\/Double-Kitchen-Sink.jpg'><img loading=\"lazy\" decoding=\"async\" width=\"300\" height=\"191\" src=\"https:\/\/www.artstone.com.pl\/wp-content\/uploads\/2018\/12\/Double-Kitchen-Sink-300x191.jpg\" class=\"attachment-thumbnail size-thumbnail\" alt=\"\" srcset=\"https:\/\/www.artstone.com.pl\/wp-content\/uploads\/2018\/12\/Double-Kitchen-Sink.jpg 300w, https:\/\/www.artstone.com.pl\/wp-content\/uploads\/2018\/12\/Double-Kitchen-Sink-229x146.jpg 229w, https:\/\/www.artstone.com.pl\/wp-content\/uploads\/2018\/12\/Double-Kitchen-Sink-50x32.jpg 50w, https:\/\/www.artstone.com.pl\/wp-content\/uploads\/2018\/12\/Double-Kitchen-Sink-118x75.jpg 118w\" sizes=\"auto, (max-width:767px) 300px, 300px\" \/><\/a>\n\t\t\t\t<\/dt><\/div><\/dl><dl class='gallery-item'  data-title='doublebasinfarm-33x22x10' data-description=''><div class='gallery-item-wrapper'>\n\t\t\t\t<dt class='gallery-icon landscape'>\n\t\t\t\t\t<a href='https:\/\/www.artstone.com.pl\/wp-content\/uploads\/2018\/12\/doublebasinfarm-33x22x10.jpg'><img loading=\"lazy\" decoding=\"async\" width=\"300\" height=\"204\" src=\"https:\/\/www.artstone.com.pl\/wp-content\/uploads\/2018\/12\/doublebasinfarm-33x22x10-300x204.jpg\" class=\"attachment-thumbnail size-thumbnail\" alt=\"\" srcset=\"https:\/\/www.artstone.com.pl\/wp-content\/uploads\/2018\/12\/doublebasinfarm-33x22x10.jpg 300w, https:\/\/www.artstone.com.pl\/wp-content\/uploads\/2018\/12\/doublebasinfarm-33x22x10-215x146.jpg 215w, https:\/\/www.artstone.com.pl\/wp-content\/uploads\/2018\/12\/doublebasinfarm-33x22x10-50x34.jpg 50w, https:\/\/www.artstone.com.pl\/wp-content\/uploads\/2018\/12\/doublebasinfarm-33x22x10-110x75.jpg 110w\" sizes=\"auto, (max-width:767px) 300px, 300px\" \/><\/a>\n\t\t\t\t<\/dt><\/div><\/dl><dl class='gallery-item'  data-title='DSC00446' data-description=''><div class='gallery-item-wrapper'>\n\t\t\t\t<dt class='gallery-icon landscape'>\n\t\t\t\t\t<a href='https:\/\/www.artstone.com.pl\/wp-content\/uploads\/2018\/12\/DSC00446.jpg'><img loading=\"lazy\" decoding=\"async\" width=\"300\" height=\"300\" src=\"https:\/\/www.artstone.com.pl\/wp-content\/uploads\/2018\/12\/DSC00446-300x300.jpg\" class=\"attachment-thumbnail size-thumbnail\" alt=\"\" srcset=\"https:\/\/www.artstone.com.pl\/wp-content\/uploads\/2018\/12\/DSC00446-300x300.jpg 300w, https:\/\/www.artstone.com.pl\/wp-content\/uploads\/2018\/12\/DSC00446-85x85.jpg 85w, https:\/\/www.artstone.com.pl\/wp-content\/uploads\/2018\/12\/DSC00446-80x80.jpg 80w, https:\/\/www.artstone.com.pl\/wp-content\/uploads\/2018\/12\/DSC00446-150x150.jpg 150w\" sizes=\"auto, (max-width:767px) 300px, 300px\" \/><\/a>\n\t\t\t\t<\/dt><\/div><\/dl><dl class='gallery-item'  data-title='granitefarmhousesink' data-description=''><div class='gallery-item-wrapper'>\n\t\t\t\t<dt class='gallery-icon landscape'>\n\t\t\t\t\t<a href='https:\/\/www.artstone.com.pl\/wp-content\/uploads\/2018\/12\/granitefarmhousesink.jpg'><img loading=\"lazy\" decoding=\"async\" width=\"300\" height=\"217\" src=\"https:\/\/www.artstone.com.pl\/wp-content\/uploads\/2018\/12\/granitefarmhousesink-300x217.jpg\" class=\"attachment-thumbnail size-thumbnail\" alt=\"\" srcset=\"https:\/\/www.artstone.com.pl\/wp-content\/uploads\/2018\/12\/granitefarmhousesink.jpg 300w, https:\/\/www.artstone.com.pl\/wp-content\/uploads\/2018\/12\/granitefarmhousesink-202x146.jpg 202w, https:\/\/www.artstone.com.pl\/wp-content\/uploads\/2018\/12\/granitefarmhousesink-50x36.jpg 50w, https:\/\/www.artstone.com.pl\/wp-content\/uploads\/2018\/12\/granitefarmhousesink-104x75.jpg 104w\" sizes=\"auto, (max-width:767px) 300px, 300px\" \/><\/a>\n\t\t\t\t<\/dt><\/div><\/dl><br style=\"clear: both\" \/><dl class='gallery-item'  data-title='granitefarmsink-26x18x8' data-description=''><div class='gallery-item-wrapper'>\n\t\t\t\t<dt class='gallery-icon portrait'>\n\t\t\t\t\t<a href='https:\/\/www.artstone.com.pl\/wp-content\/uploads\/2018\/12\/granitefarmsink-26x18x8.jpg'><img loading=\"lazy\" decoding=\"async\" width=\"233\" height=\"300\" src=\"https:\/\/www.artstone.com.pl\/wp-content\/uploads\/2018\/12\/granitefarmsink-26x18x8-233x300.jpg\" class=\"attachment-thumbnail size-thumbnail\" alt=\"\" srcset=\"https:\/\/www.artstone.com.pl\/wp-content\/uploads\/2018\/12\/granitefarmsink-26x18x8.jpg 233w, https:\/\/www.artstone.com.pl\/wp-content\/uploads\/2018\/12\/granitefarmsink-26x18x8-113x146.jpg 113w, https:\/\/www.artstone.com.pl\/wp-content\/uploads\/2018\/12\/granitefarmsink-26x18x8-39x50.jpg 39w, https:\/\/www.artstone.com.pl\/wp-content\/uploads\/2018\/12\/granitefarmsink-26x18x8-58x75.jpg 58w\" sizes=\"auto, (max-width:767px) 233px, 233px\" \/><\/a>\n\t\t\t\t<\/dt><\/div><\/dl><dl class='gallery-item'  data-title='WashBasin2' data-description=''><div class='gallery-item-wrapper'>\n\t\t\t\t<dt class='gallery-icon landscape'>\n\t\t\t\t\t<a href='https:\/\/www.artstone.com.pl\/wp-content\/uploads\/2018\/12\/WashBasin2.jpg'><img loading=\"lazy\" decoding=\"async\" width=\"300\" height=\"289\" src=\"https:\/\/www.artstone.com.pl\/wp-content\/uploads\/2018\/12\/WashBasin2-300x289.jpg\" class=\"attachment-thumbnail size-thumbnail\" alt=\"\" srcset=\"https:\/\/www.artstone.com.pl\/wp-content\/uploads\/2018\/12\/WashBasin2.jpg 300w, https:\/\/www.artstone.com.pl\/wp-content\/uploads\/2018\/12\/WashBasin2-152x146.jpg 152w, https:\/\/www.artstone.com.pl\/wp-content\/uploads\/2018\/12\/WashBasin2-50x48.jpg 50w, https:\/\/www.artstone.com.pl\/wp-content\/uploads\/2018\/12\/WashBasin2-78x75.jpg 78w\" sizes=\"auto, (max-width:767px) 300px, 300px\" \/><\/a>\n\t\t\t\t<\/dt><\/div><\/dl><dl class='gallery-item'  data-title='Yellow Rock sink' data-description=''><div class='gallery-item-wrapper'>\n\t\t\t\t<dt class='gallery-icon landscape'>\n\t\t\t\t\t<a href='https:\/\/www.artstone.com.pl\/wp-content\/uploads\/2018\/12\/Yellow-Rock-sink.jpg'><img loading=\"lazy\" decoding=\"async\" width=\"300\" height=\"246\" src=\"https:\/\/www.artstone.com.pl\/wp-content\/uploads\/2018\/12\/Yellow-Rock-sink-300x246.jpg\" class=\"attachment-thumbnail size-thumbnail\" alt=\"\" srcset=\"https:\/\/www.artstone.com.pl\/wp-content\/uploads\/2018\/12\/Yellow-Rock-sink.jpg 300w, https:\/\/www.artstone.com.pl\/wp-content\/uploads\/2018\/12\/Yellow-Rock-sink-178x146.jpg 178w, https:\/\/www.artstone.com.pl\/wp-content\/uploads\/2018\/12\/Yellow-Rock-sink-50x41.jpg 50w, https:\/\/www.artstone.com.pl\/wp-content\/uploads\/2018\/12\/Yellow-Rock-sink-91x75.jpg 91w\" sizes=\"auto, (max-width:767px) 300px, 300px\" \/><\/a>\n\t\t\t\t<\/dt><\/div><\/dl><dl class='gallery-item'  data-title='Yellow Rock zlewo-umywalka' data-description=''><div class='gallery-item-wrapper'>\n\t\t\t\t<dt class='gallery-icon landscape'>\n\t\t\t\t\t<a href='https:\/\/www.artstone.com.pl\/wp-content\/uploads\/2018\/12\/Yellow-Rock-zlewo-umywalka.jpg'><img loading=\"lazy\" decoding=\"async\" width=\"300\" height=\"203\" src=\"https:\/\/www.artstone.com.pl\/wp-content\/uploads\/2018\/12\/Yellow-Rock-zlewo-umywalka-300x203.jpg\" class=\"attachment-thumbnail size-thumbnail\" alt=\"\" srcset=\"https:\/\/www.artstone.com.pl\/wp-content\/uploads\/2018\/12\/Yellow-Rock-zlewo-umywalka.jpg 300w, https:\/\/www.artstone.com.pl\/wp-content\/uploads\/2018\/12\/Yellow-Rock-zlewo-umywalka-216x146.jpg 216w, https:\/\/www.artstone.com.pl\/wp-content\/uploads\/2018\/12\/Yellow-Rock-zlewo-umywalka-50x34.jpg 50w, https:\/\/www.artstone.com.pl\/wp-content\/uploads\/2018\/12\/Yellow-Rock-zlewo-umywalka-111x75.jpg 111w\" sizes=\"auto, (max-width:767px) 300px, 300px\" \/><\/a>\n\t\t\t\t<\/dt><\/div><\/dl><dl class='gallery-item'  data-title='zlewZblokuMarmurowego' data-description=''><div class='gallery-item-wrapper'>\n\t\t\t\t<dt class='gallery-icon landscape'>\n\t\t\t\t\t<a href='https:\/\/www.artstone.com.pl\/wp-content\/uploads\/2018\/12\/zlewZblokuMarmurowego.jpg'><img loading=\"lazy\" decoding=\"async\" width=\"300\" height=\"300\" src=\"https:\/\/www.artstone.com.pl\/wp-content\/uploads\/2018\/12\/zlewZblokuMarmurowego-300x300.jpg\" class=\"attachment-thumbnail size-thumbnail\" alt=\"\" srcset=\"https:\/\/www.artstone.com.pl\/wp-content\/uploads\/2018\/12\/zlewZblokuMarmurowego-300x300.jpg 300w, https:\/\/www.artstone.com.pl\/wp-content\/uploads\/2018\/12\/zlewZblokuMarmurowego-85x85.jpg 85w, https:\/\/www.artstone.com.pl\/wp-content\/uploads\/2018\/12\/zlewZblokuMarmurowego-80x80.jpg 80w, https:\/\/www.artstone.com.pl\/wp-content\/uploads\/2018\/12\/zlewZblokuMarmurowego-150x150.jpg 150w\" sizes=\"auto, (max-width:767px) 300px, 300px\" \/><\/a>\n\t\t\t\t<\/dt><\/div><\/dl><br style=\"clear: both\" \/>\n\t\t\t<\/div>\n\n","protected":false},"excerpt":{"rendered":"<p>Kamienne zlewozmywaki, cho\u0107 dro\u017csze, nie maj\u0105 sobie r\u00f3wnych je\u015bli we\u017amiemy pod uwag\u0119 trwa\u0142o\u015b\u0107 i estetyk\u0119. Odporne na wysok\u0105 temperatur\u0119, przebarwienia, \u0142atwe w utrzymaniu czysto\u015bci znakomicie nadaj\u0105<span class=\"excerpt-hellip\"> [\u2026]<\/span><\/p>\n","protected":false},"author":242,"featured_media":0,"parent":16934,"menu_order":2,"comment_status":"closed","ping_status":"closed","template":"","meta":{"footnotes":""},"class_list":["post-12120","page","type-page","status-publish","hentry"],"_links":{"self":[{"href":"https:\/\/www.artstone.com.pl\/pl\/wp-json\/wp\/v2\/pages\/12120","targetHints":{"allow":["GET"]}}],"collection":[{"href":"https:\/\/www.artstone.com.pl\/pl\/wp-json\/wp\/v2\/pages"}],"about":[{"href":"https:\/\/www.artstone.com.pl\/pl\/wp-json\/wp\/v2\/types\/page"}],"author":[{"embeddable":true,"href":"https:\/\/www.artstone.com.pl\/pl\/wp-json\/wp\/v2\/users\/242"}],"replies":[{"embeddable":true,"href":"https:\/\/www.artstone.com.pl\/pl\/wp-json\/wp\/v2\/comments?post=12120"}],"version-history":[{"count":0,"href":"https:\/\/www.artstone.com.pl\/pl\/wp-json\/wp\/v2\/pages\/12120\/revisions"}],"up":[{"embeddable":true,"href":"https:\/\/www.artstone.com.pl\/pl\/wp-json\/wp\/v2\/pages\/16934"}],"wp:attachment":[{"href":"https:\/\/www.artstone.com.pl\/pl\/wp-json\/wp\/v2\/media?parent=12120"}],"curies":[{"name":"wp","href":"https:\/\/api.w.org\/{rel}","templated":true}]}}