{"id":12123,"date":"2011-12-13T12:27:57","date_gmt":"2011-12-13T11:27:57","guid":{"rendered":"http:\/\/www.kamulec.pl\/umywalki\/"},"modified":"2018-12-14T09:07:23","modified_gmt":"2018-12-14T08:07:23","slug":"umywalki","status":"publish","type":"page","link":"https:\/\/www.artstone.com.pl\/pl\/elementy-wnetrza\/umywalki.html","title":{"rendered":"Umywalki"},"content":{"rendered":"<p style=\"text-align: justify;\"><img loading=\"lazy\" decoding=\"async\" class=\" alignleft size-full wp-image-12121\" src=\"https:\/\/www.artstone.com.pl\/wp-content\/uploads\/2011\/12\/c30-marble-sink.jpg\" border=\"0\" alt=\"umywalka z kamienia\" title=\"umywalka z kamienia\" width=\"238\" height=\"220\" style=\"float: left; margin: 5px 10px; border: 1px solid white;\" srcset=\"https:\/\/www.artstone.com.pl\/wp-content\/uploads\/2011\/12\/c30-marble-sink.jpg 300w, https:\/\/www.artstone.com.pl\/wp-content\/uploads\/2011\/12\/c30-marble-sink-159x146.jpg 159w, https:\/\/www.artstone.com.pl\/wp-content\/uploads\/2011\/12\/c30-marble-sink-50x46.jpg 50w, https:\/\/www.artstone.com.pl\/wp-content\/uploads\/2011\/12\/c30-marble-sink-82x75.jpg 82w\" sizes=\"auto, (max-width:767px) 238px, 238px\" \/>Umywalka z litego kamienia to pi\u0119kny i szlachetny element wyposa\u017cenia ekskluzywnej \u0142azienki. W naszej ofercie znajd\u0105 Pa\u0144stwo umywalki o r\u00f3\u017cnych wymiarach, wykonane z r\u00f3\u017cnych materia\u0142\u00f3w. Umo\u017cliwi to dopasowanie umywalki do indywidualnych potrzeb i oczekiwa\u0144. Do wyrobu umywalek najcz\u0119\u015bciej stosowanym kamieniem jest granit, do\u015b\u0107 powszechnie stosowane s\u0105 r\u00f3wnie\u017c trawertyn i wapie\u0144.<\/p>\n<p> <br ><\/p>\n<p style=\"text-align: center;\"><a href=\"\/pl\/kontakt.html\" class=\"readon\"><span>Masz pytanie? Zadzwo\u0144 lub napisz do nas >><\/span><\/a><\/p>\n<h3>Umywalki<\/h3>\n\n\t\t\t<style type='text\/css'>\n\t\t\t\t#sc_gallery-1 {\n\t\t\t\t\tmargin: auto;\n\t\t\t\t}\n\t\t\t\t#sc_gallery-1 .gallery-item {\n\t\t\t\t\tfloat: left;\n\t\t\t\t\ttext-align: center;\n\t\t\t\t\twidth: 19.99%;\n\t\t\t\t}\n\t\t\t\t#sc_gallery-1 img {\n\t\t\t\t\tborder: 2px solid #cfcfcf;\n\t\t\t\t}\n\t\t\t\t\/* see sc_gallery() in functions\/theme-shortcodes.php *\/\n\t\t\t<\/style>\n\t\t<div id='sc_gallery-1' class='gallery galleryid-12123 gallery-columns-5 gallery-size-thumbnail file element_classes gallery-default'><dl class='gallery-item'  data-title='c25-granite sink' data-description=''><div class='gallery-item-wrapper'>\n\t\t\t\t<dt class='gallery-icon portrait'>\n\t\t\t\t\t<a href='https:\/\/www.artstone.com.pl\/wp-content\/uploads\/2018\/12\/c25-granite-sink.jpg'><img loading=\"lazy\" decoding=\"async\" width=\"279\" height=\"300\" src=\"https:\/\/www.artstone.com.pl\/wp-content\/uploads\/2018\/12\/c25-granite-sink-279x300.jpg\" class=\"attachment-thumbnail size-thumbnail\" alt=\"\" srcset=\"https:\/\/www.artstone.com.pl\/wp-content\/uploads\/2018\/12\/c25-granite-sink.jpg 279w, https:\/\/www.artstone.com.pl\/wp-content\/uploads\/2018\/12\/c25-granite-sink-136x146.jpg 136w, https:\/\/www.artstone.com.pl\/wp-content\/uploads\/2018\/12\/c25-granite-sink-47x50.jpg 47w, https:\/\/www.artstone.com.pl\/wp-content\/uploads\/2018\/12\/c25-granite-sink-70x75.jpg 70w\" sizes=\"auto, (max-width:767px) 279px, 279px\" \/><\/a>\n\t\t\t\t<\/dt><\/div><\/dl><dl class='gallery-item'  data-title='Cornelian Onyx umywalka' data-description=''><div class='gallery-item-wrapper'>\n\t\t\t\t<dt class='gallery-icon landscape'>\n\t\t\t\t\t<a href='https:\/\/www.artstone.com.pl\/wp-content\/uploads\/2018\/12\/Cornelian-Onyx-umywalka.jpg'><img loading=\"lazy\" decoding=\"async\" width=\"300\" height=\"152\" src=\"https:\/\/www.artstone.com.pl\/wp-content\/uploads\/2018\/12\/Cornelian-Onyx-umywalka-300x152.jpg\" class=\"attachment-thumbnail size-thumbnail\" alt=\"\" srcset=\"https:\/\/www.artstone.com.pl\/wp-content\/uploads\/2018\/12\/Cornelian-Onyx-umywalka.jpg 300w, https:\/\/www.artstone.com.pl\/wp-content\/uploads\/2018\/12\/Cornelian-Onyx-umywalka-260x132.jpg 260w, https:\/\/www.artstone.com.pl\/wp-content\/uploads\/2018\/12\/Cornelian-Onyx-umywalka-50x25.jpg 50w, https:\/\/www.artstone.com.pl\/wp-content\/uploads\/2018\/12\/Cornelian-Onyx-umywalka-148x75.jpg 148w\" sizes=\"auto, (max-width:767px) 300px, 300px\" \/><\/a>\n\t\t\t\t<\/dt><\/div><\/dl><dl class='gallery-item'  data-title='DSC01789' data-description=''><div class='gallery-item-wrapper'>\n\t\t\t\t<dt class='gallery-icon landscape'>\n\t\t\t\t\t<a href='https:\/\/www.artstone.com.pl\/wp-content\/uploads\/2018\/12\/DSC01789.jpg'><img loading=\"lazy\" decoding=\"async\" width=\"300\" height=\"300\" src=\"https:\/\/www.artstone.com.pl\/wp-content\/uploads\/2018\/12\/DSC01789-300x300.jpg\" class=\"attachment-thumbnail size-thumbnail\" alt=\"\" srcset=\"https:\/\/www.artstone.com.pl\/wp-content\/uploads\/2018\/12\/DSC01789-300x300.jpg 300w, https:\/\/www.artstone.com.pl\/wp-content\/uploads\/2018\/12\/DSC01789-85x85.jpg 85w, https:\/\/www.artstone.com.pl\/wp-content\/uploads\/2018\/12\/DSC01789-80x80.jpg 80w, https:\/\/www.artstone.com.pl\/wp-content\/uploads\/2018\/12\/DSC01789-150x150.jpg 150w\" sizes=\"auto, (max-width:767px) 300px, 300px\" \/><\/a>\n\t\t\t\t<\/dt><\/div><\/dl><dl class='gallery-item'  data-title='DSC01791' data-description=''><div class='gallery-item-wrapper'>\n\t\t\t\t<dt class='gallery-icon landscape'>\n\t\t\t\t\t<a href='https:\/\/www.artstone.com.pl\/wp-content\/uploads\/2018\/12\/DSC01791.jpg'><img loading=\"lazy\" decoding=\"async\" width=\"300\" height=\"300\" src=\"https:\/\/www.artstone.com.pl\/wp-content\/uploads\/2018\/12\/DSC01791-300x300.jpg\" class=\"attachment-thumbnail size-thumbnail\" alt=\"\" srcset=\"https:\/\/www.artstone.com.pl\/wp-content\/uploads\/2018\/12\/DSC01791-300x300.jpg 300w, https:\/\/www.artstone.com.pl\/wp-content\/uploads\/2018\/12\/DSC01791-85x85.jpg 85w, https:\/\/www.artstone.com.pl\/wp-content\/uploads\/2018\/12\/DSC01791-80x80.jpg 80w, https:\/\/www.artstone.com.pl\/wp-content\/uploads\/2018\/12\/DSC01791-150x150.jpg 150w\" sizes=\"auto, (max-width:767px) 300px, 300px\" \/><\/a>\n\t\t\t\t<\/dt><\/div><\/dl><dl class='gallery-item'  data-title='DSC01792' data-description=''><div class='gallery-item-wrapper'>\n\t\t\t\t<dt class='gallery-icon landscape'>\n\t\t\t\t\t<a href='https:\/\/www.artstone.com.pl\/wp-content\/uploads\/2018\/12\/DSC01792.jpg'><img loading=\"lazy\" decoding=\"async\" width=\"300\" height=\"300\" src=\"https:\/\/www.artstone.com.pl\/wp-content\/uploads\/2018\/12\/DSC01792-300x300.jpg\" class=\"attachment-thumbnail size-thumbnail\" alt=\"\" srcset=\"https:\/\/www.artstone.com.pl\/wp-content\/uploads\/2018\/12\/DSC01792-300x300.jpg 300w, https:\/\/www.artstone.com.pl\/wp-content\/uploads\/2018\/12\/DSC01792-85x85.jpg 85w, https:\/\/www.artstone.com.pl\/wp-content\/uploads\/2018\/12\/DSC01792-80x80.jpg 80w, https:\/\/www.artstone.com.pl\/wp-content\/uploads\/2018\/12\/DSC01792-150x150.jpg 150w\" sizes=\"auto, (max-width:767px) 300px, 300px\" \/><\/a>\n\t\t\t\t<\/dt><\/div><\/dl><br style=\"clear: both\" \/><dl class='gallery-item'  data-title='Granite bowl' data-description=''><div class='gallery-item-wrapper'>\n\t\t\t\t<dt class='gallery-icon landscape'>\n\t\t\t\t\t<a href='https:\/\/www.artstone.com.pl\/wp-content\/uploads\/2018\/12\/Granite-bowl.jpg'><img loading=\"lazy\" decoding=\"async\" width=\"300\" height=\"225\" src=\"https:\/\/www.artstone.com.pl\/wp-content\/uploads\/2018\/12\/Granite-bowl-300x225.jpg\" class=\"attachment-thumbnail size-thumbnail\" alt=\"\" srcset=\"https:\/\/www.artstone.com.pl\/wp-content\/uploads\/2018\/12\/Granite-bowl.jpg 300w, https:\/\/www.artstone.com.pl\/wp-content\/uploads\/2018\/12\/Granite-bowl-195x146.jpg 195w, https:\/\/www.artstone.com.pl\/wp-content\/uploads\/2018\/12\/Granite-bowl-50x38.jpg 50w, https:\/\/www.artstone.com.pl\/wp-content\/uploads\/2018\/12\/Granite-bowl-100x75.jpg 100w\" sizes=\"auto, (max-width:767px) 300px, 300px\" \/><\/a>\n\t\t\t\t<\/dt><\/div><\/dl><dl class='gallery-item'  data-title='MisaZblokuWapiennego02' data-description=''><div class='gallery-item-wrapper'>\n\t\t\t\t<dt class='gallery-icon portrait'>\n\t\t\t\t\t<a href='https:\/\/www.artstone.com.pl\/wp-content\/uploads\/2018\/12\/MisaZblokuWapiennego02.jpg'><img loading=\"lazy\" decoding=\"async\" width=\"300\" height=\"300\" src=\"https:\/\/www.artstone.com.pl\/wp-content\/uploads\/2018\/12\/MisaZblokuWapiennego02-300x300.jpg\" class=\"attachment-thumbnail size-thumbnail\" alt=\"\" srcset=\"https:\/\/www.artstone.com.pl\/wp-content\/uploads\/2018\/12\/MisaZblokuWapiennego02-300x300.jpg 300w, https:\/\/www.artstone.com.pl\/wp-content\/uploads\/2018\/12\/MisaZblokuWapiennego02-85x85.jpg 85w, https:\/\/www.artstone.com.pl\/wp-content\/uploads\/2018\/12\/MisaZblokuWapiennego02-80x80.jpg 80w, https:\/\/www.artstone.com.pl\/wp-content\/uploads\/2018\/12\/MisaZblokuWapiennego02-150x150.jpg 150w\" sizes=\"auto, (max-width:767px) 300px, 300px\" \/><\/a>\n\t\t\t\t<\/dt><\/div><\/dl><dl class='gallery-item'  data-title='Onyx Honey umywalka' data-description=''><div class='gallery-item-wrapper'>\n\t\t\t\t<dt class='gallery-icon landscape'>\n\t\t\t\t\t<a href='https:\/\/www.artstone.com.pl\/wp-content\/uploads\/2018\/12\/Onyx-Honey-umywalka.jpg'><img loading=\"lazy\" decoding=\"async\" width=\"300\" height=\"232\" src=\"https:\/\/www.artstone.com.pl\/wp-content\/uploads\/2018\/12\/Onyx-Honey-umywalka-300x232.jpg\" class=\"attachment-thumbnail size-thumbnail\" alt=\"\" srcset=\"https:\/\/www.artstone.com.pl\/wp-content\/uploads\/2018\/12\/Onyx-Honey-umywalka.jpg 300w, https:\/\/www.artstone.com.pl\/wp-content\/uploads\/2018\/12\/Onyx-Honey-umywalka-189x146.jpg 189w, https:\/\/www.artstone.com.pl\/wp-content\/uploads\/2018\/12\/Onyx-Honey-umywalka-50x39.jpg 50w, https:\/\/www.artstone.com.pl\/wp-content\/uploads\/2018\/12\/Onyx-Honey-umywalka-97x75.jpg 97w\" sizes=\"auto, (max-width:767px) 300px, 300px\" \/><\/a>\n\t\t\t\t<\/dt><\/div><\/dl><dl class='gallery-item'  data-title='Ruby Onyx umywalka' data-description=''><div class='gallery-item-wrapper'>\n\t\t\t\t<dt class='gallery-icon landscape'>\n\t\t\t\t\t<a href='https:\/\/www.artstone.com.pl\/wp-content\/uploads\/2018\/12\/Ruby-Onyx-umywalka.jpg'><img loading=\"lazy\" decoding=\"async\" width=\"300\" height=\"212\" src=\"https:\/\/www.artstone.com.pl\/wp-content\/uploads\/2018\/12\/Ruby-Onyx-umywalka-300x212.jpg\" class=\"attachment-thumbnail size-thumbnail\" alt=\"\" srcset=\"https:\/\/www.artstone.com.pl\/wp-content\/uploads\/2018\/12\/Ruby-Onyx-umywalka.jpg 300w, https:\/\/www.artstone.com.pl\/wp-content\/uploads\/2018\/12\/Ruby-Onyx-umywalka-207x146.jpg 207w, https:\/\/www.artstone.com.pl\/wp-content\/uploads\/2018\/12\/Ruby-Onyx-umywalka-50x35.jpg 50w, https:\/\/www.artstone.com.pl\/wp-content\/uploads\/2018\/12\/Ruby-Onyx-umywalka-106x75.jpg 106w\" sizes=\"auto, (max-width:767px) 300px, 300px\" \/><\/a>\n\t\t\t\t<\/dt><\/div><\/dl><dl class='gallery-item'  data-title='UmywalkaZblokuGranitowego01' data-description=''><div class='gallery-item-wrapper'>\n\t\t\t\t<dt class='gallery-icon landscape'>\n\t\t\t\t\t<a href='https:\/\/www.artstone.com.pl\/wp-content\/uploads\/2018\/12\/UmywalkaZblokuGranitowego01.jpg'><img loading=\"lazy\" decoding=\"async\" width=\"300\" height=\"300\" src=\"https:\/\/www.artstone.com.pl\/wp-content\/uploads\/2018\/12\/UmywalkaZblokuGranitowego01-300x300.jpg\" class=\"attachment-thumbnail size-thumbnail\" alt=\"\" srcset=\"https:\/\/www.artstone.com.pl\/wp-content\/uploads\/2018\/12\/UmywalkaZblokuGranitowego01-300x300.jpg 300w, https:\/\/www.artstone.com.pl\/wp-content\/uploads\/2018\/12\/UmywalkaZblokuGranitowego01-85x85.jpg 85w, https:\/\/www.artstone.com.pl\/wp-content\/uploads\/2018\/12\/UmywalkaZblokuGranitowego01-80x80.jpg 80w, https:\/\/www.artstone.com.pl\/wp-content\/uploads\/2018\/12\/UmywalkaZblokuGranitowego01-150x150.jpg 150w\" sizes=\"auto, (max-width:767px) 300px, 300px\" \/><\/a>\n\t\t\t\t<\/dt><\/div><\/dl><br style=\"clear: both\" \/><dl class='gallery-item'  data-title='UmywalkaZblokuWapienia02' data-description=''><div class='gallery-item-wrapper'>\n\t\t\t\t<dt class='gallery-icon landscape'>\n\t\t\t\t\t<a href='https:\/\/www.artstone.com.pl\/wp-content\/uploads\/2018\/12\/UmywalkaZblokuWapienia02.jpg'><img loading=\"lazy\" decoding=\"async\" width=\"300\" height=\"300\" src=\"https:\/\/www.artstone.com.pl\/wp-content\/uploads\/2018\/12\/UmywalkaZblokuWapienia02-300x300.jpg\" class=\"attachment-thumbnail size-thumbnail\" alt=\"\" srcset=\"https:\/\/www.artstone.com.pl\/wp-content\/uploads\/2018\/12\/UmywalkaZblokuWapienia02-300x300.jpg 300w, https:\/\/www.artstone.com.pl\/wp-content\/uploads\/2018\/12\/UmywalkaZblokuWapienia02-85x85.jpg 85w, https:\/\/www.artstone.com.pl\/wp-content\/uploads\/2018\/12\/UmywalkaZblokuWapienia02-80x80.jpg 80w, https:\/\/www.artstone.com.pl\/wp-content\/uploads\/2018\/12\/UmywalkaZblokuWapienia02-150x150.jpg 150w\" sizes=\"auto, (max-width:767px) 300px, 300px\" \/><\/a>\n\t\t\t\t<\/dt><\/div><\/dl><dl class='gallery-item'  data-title='Yellow Rock sink' data-description=''><div class='gallery-item-wrapper'>\n\t\t\t\t<dt class='gallery-icon landscape'>\n\t\t\t\t\t<a href='https:\/\/www.artstone.com.pl\/wp-content\/uploads\/2018\/12\/Yellow-Rock-sink-1.jpg'><img loading=\"lazy\" decoding=\"async\" width=\"300\" height=\"246\" src=\"https:\/\/www.artstone.com.pl\/wp-content\/uploads\/2018\/12\/Yellow-Rock-sink-1-300x246.jpg\" class=\"attachment-thumbnail size-thumbnail\" alt=\"\" srcset=\"https:\/\/www.artstone.com.pl\/wp-content\/uploads\/2018\/12\/Yellow-Rock-sink-1.jpg 300w, https:\/\/www.artstone.com.pl\/wp-content\/uploads\/2018\/12\/Yellow-Rock-sink-1-178x146.jpg 178w, https:\/\/www.artstone.com.pl\/wp-content\/uploads\/2018\/12\/Yellow-Rock-sink-1-50x41.jpg 50w, https:\/\/www.artstone.com.pl\/wp-content\/uploads\/2018\/12\/Yellow-Rock-sink-1-91x75.jpg 91w\" sizes=\"auto, (max-width:767px) 300px, 300px\" \/><\/a>\n\t\t\t\t<\/dt><\/div><\/dl>\n\t\t\t\t<br style='clear: both' \/>\n\t\t\t<\/div>\n\n","protected":false},"excerpt":{"rendered":"<p>Umywalka z litego kamienia to pi\u0119kny i szlachetny element wyposa\u017cenia ekskluzywnej \u0142azienki. W naszej ofercie znajd\u0105 Pa\u0144stwo umywalki o r\u00f3\u017cnych wymiarach, wykonane z r\u00f3\u017cnych materia\u0142\u00f3w. Umo\u017cliwi<span class=\"excerpt-hellip\"> [\u2026]<\/span><\/p>\n","protected":false},"author":242,"featured_media":0,"parent":16934,"menu_order":1,"comment_status":"closed","ping_status":"closed","template":"","meta":{"footnotes":""},"class_list":["post-12123","page","type-page","status-publish","hentry"],"_links":{"self":[{"href":"https:\/\/www.artstone.com.pl\/pl\/wp-json\/wp\/v2\/pages\/12123","targetHints":{"allow":["GET"]}}],"collection":[{"href":"https:\/\/www.artstone.com.pl\/pl\/wp-json\/wp\/v2\/pages"}],"about":[{"href":"https:\/\/www.artstone.com.pl\/pl\/wp-json\/wp\/v2\/types\/page"}],"author":[{"embeddable":true,"href":"https:\/\/www.artstone.com.pl\/pl\/wp-json\/wp\/v2\/users\/242"}],"replies":[{"embeddable":true,"href":"https:\/\/www.artstone.com.pl\/pl\/wp-json\/wp\/v2\/comments?post=12123"}],"version-history":[{"count":0,"href":"https:\/\/www.artstone.com.pl\/pl\/wp-json\/wp\/v2\/pages\/12123\/revisions"}],"up":[{"embeddable":true,"href":"https:\/\/www.artstone.com.pl\/pl\/wp-json\/wp\/v2\/pages\/16934"}],"wp:attachment":[{"href":"https:\/\/www.artstone.com.pl\/pl\/wp-json\/wp\/v2\/media?parent=12123"}],"curies":[{"name":"wp","href":"https:\/\/api.w.org\/{rel}","templated":true}]}}