{"id":12126,"date":"2011-12-13T12:38:10","date_gmt":"2011-12-13T11:38:10","guid":{"rendered":"http:\/\/www.kamulec.pl\/kamienna-wanna\/"},"modified":"2018-12-14T09:03:49","modified_gmt":"2018-12-14T08:03:49","slug":"wanny","status":"publish","type":"page","link":"https:\/\/www.artstone.com.pl\/pl\/elementy-wnetrza\/wanny.html","title":{"rendered":"Wanna z kamienia  &#8211; wypoczynek w luksusie"},"content":{"rendered":"<p style=\"text-align: justify;\"><img loading=\"lazy\" decoding=\"async\" class=\" alignleft size-full wp-image-12124\" src=\"https:\/\/www.artstone.com.pl\/wp-content\/uploads\/2011\/12\/limestone-bathtub-195x125x60cm.jpg\" border=\"0\" alt=\"wanna z kamienia\" title=\"wanna z kamienia\" width=\"250\" height=\"181\" style=\"float: left; margin: 5px 10px; border: 1px solid white;\" srcset=\"https:\/\/www.artstone.com.pl\/wp-content\/uploads\/2011\/12\/limestone-bathtub-195x125x60cm.jpg 300w, https:\/\/www.artstone.com.pl\/wp-content\/uploads\/2011\/12\/limestone-bathtub-195x125x60cm-203x146.jpg 203w, https:\/\/www.artstone.com.pl\/wp-content\/uploads\/2011\/12\/limestone-bathtub-195x125x60cm-50x36.jpg 50w, https:\/\/www.artstone.com.pl\/wp-content\/uploads\/2011\/12\/limestone-bathtub-195x125x60cm-104x75.jpg 104w\" sizes=\"auto, (max-width:767px) 250px, 250px\" \/>\u00a0\u00a0\u00a0\u00a0\u00a0\u00a0\u00a0Wanna wykuta z pojedynczego bloku\u00a0 kamienia z pewno\u015bci\u0105 zrobi niesamowite wra\u017cenie!<br \/>K\u0105piel w ekskluzywnej, wa\u017c\u0105cej prawie ton\u0119 wannie jest niczym rejs katamaranem po Morzu \u015ar\u00f3dziemnym.<br \/>\u00a0\u00a0\u00a0\u00a0\u00a0Wykonana z granitu lub marmuru, o \u015bcianach grubo\u015bci ponad 10 cm, nieco ch\u0142odna w pierwszym kontakcie, jednak daj\u0105ca poczucie komfortu i odpr\u0119\u017cenia. Tak\u0105 wann\u0119 mog\u0105 Pa\u0144stwo zam\u00f3wi\u0107 u nas. Jej wielko\u015b\u0107 oraz kszta\u0142t dobierzemy zgodnie z Pa\u0144stwa oczekiwaniami.<\/p>\n<p style=\"text-align: justify;\"><strong>Serdecznie zapraszamy.<\/strong><\/p>\n<p style=\"text-align: center;\"><a href=\"\/pl\/kontakt.html\" class=\"readon\"><span>Masz pytanie? Zadzwo\u0144 lub napisz do nas >><\/span><\/a><\/p>\n<h3>Wanny<\/h3>\n\n\t\t\t<style type='text\/css'>\n\t\t\t\t#sc_gallery-1 {\n\t\t\t\t\tmargin: auto;\n\t\t\t\t}\n\t\t\t\t#sc_gallery-1 .gallery-item {\n\t\t\t\t\tfloat: left;\n\t\t\t\t\ttext-align: center;\n\t\t\t\t\twidth: 19.99%;\n\t\t\t\t}\n\t\t\t\t#sc_gallery-1 img {\n\t\t\t\t\tborder: 2px solid #cfcfcf;\n\t\t\t\t}\n\t\t\t\t\/* see sc_gallery() in functions\/theme-shortcodes.php *\/\n\t\t\t<\/style>\n\t\t<div id='sc_gallery-1' class='gallery galleryid-12126 gallery-columns-5 gallery-size-thumbnail file element_classes gallery-default'><dl class='gallery-item'  data-title='DSC01024' data-description=''><div class='gallery-item-wrapper'>\n\t\t\t\t<dt class='gallery-icon landscape'>\n\t\t\t\t\t<a href='https:\/\/www.artstone.com.pl\/wp-content\/uploads\/2018\/12\/DSC01024.jpg'><img loading=\"lazy\" decoding=\"async\" width=\"300\" height=\"300\" src=\"https:\/\/www.artstone.com.pl\/wp-content\/uploads\/2018\/12\/DSC01024-300x300.jpg\" class=\"attachment-thumbnail size-thumbnail\" alt=\"\" srcset=\"https:\/\/www.artstone.com.pl\/wp-content\/uploads\/2018\/12\/DSC01024-300x300.jpg 300w, https:\/\/www.artstone.com.pl\/wp-content\/uploads\/2018\/12\/DSC01024-85x85.jpg 85w, https:\/\/www.artstone.com.pl\/wp-content\/uploads\/2018\/12\/DSC01024-80x80.jpg 80w, https:\/\/www.artstone.com.pl\/wp-content\/uploads\/2018\/12\/DSC01024-150x150.jpg 150w\" sizes=\"auto, (max-width:767px) 300px, 300px\" \/><\/a>\n\t\t\t\t<\/dt><\/div><\/dl><dl class='gallery-item'  data-title='Kamien-RosaPortogalloVeined' data-description=''><div class='gallery-item-wrapper'>\n\t\t\t\t<dt class='gallery-icon landscape'>\n\t\t\t\t\t<a href='https:\/\/www.artstone.com.pl\/wp-content\/uploads\/2018\/12\/Kamien-RosaPortogalloVeined.jpg'><img loading=\"lazy\" decoding=\"async\" width=\"300\" height=\"300\" src=\"https:\/\/www.artstone.com.pl\/wp-content\/uploads\/2018\/12\/Kamien-RosaPortogalloVeined-300x300.jpg\" class=\"attachment-thumbnail size-thumbnail\" alt=\"\" srcset=\"https:\/\/www.artstone.com.pl\/wp-content\/uploads\/2018\/12\/Kamien-RosaPortogalloVeined-300x300.jpg 300w, https:\/\/www.artstone.com.pl\/wp-content\/uploads\/2018\/12\/Kamien-RosaPortogalloVeined-85x85.jpg 85w, https:\/\/www.artstone.com.pl\/wp-content\/uploads\/2018\/12\/Kamien-RosaPortogalloVeined-80x80.jpg 80w, https:\/\/www.artstone.com.pl\/wp-content\/uploads\/2018\/12\/Kamien-RosaPortogalloVeined-150x150.jpg 150w\" sizes=\"auto, (max-width:767px) 300px, 300px\" \/><\/a>\n\t\t\t\t<\/dt><\/div><\/dl><dl class='gallery-item'  data-title='Maciekumywalkaiwanna' data-description=''><div class='gallery-item-wrapper'>\n\t\t\t\t<dt class='gallery-icon landscape'>\n\t\t\t\t\t<a href='https:\/\/www.artstone.com.pl\/wp-content\/uploads\/2018\/12\/Maciekumywalkaiwanna.jpg'><img loading=\"lazy\" decoding=\"async\" width=\"300\" height=\"300\" src=\"https:\/\/www.artstone.com.pl\/wp-content\/uploads\/2018\/12\/Maciekumywalkaiwanna-300x300.jpg\" class=\"attachment-thumbnail size-thumbnail\" alt=\"\" srcset=\"https:\/\/www.artstone.com.pl\/wp-content\/uploads\/2018\/12\/Maciekumywalkaiwanna-300x300.jpg 300w, https:\/\/www.artstone.com.pl\/wp-content\/uploads\/2018\/12\/Maciekumywalkaiwanna-85x85.jpg 85w, https:\/\/www.artstone.com.pl\/wp-content\/uploads\/2018\/12\/Maciekumywalkaiwanna-80x80.jpg 80w, https:\/\/www.artstone.com.pl\/wp-content\/uploads\/2018\/12\/Maciekumywalkaiwanna-150x150.jpg 150w\" sizes=\"auto, (max-width:767px) 300px, 300px\" \/><\/a>\n\t\t\t\t<\/dt><\/div><\/dl><dl class='gallery-item'  data-title='wanna bazalt' data-description=''><div class='gallery-item-wrapper'>\n\t\t\t\t<dt class='gallery-icon landscape'>\n\t\t\t\t\t<a href='https:\/\/www.artstone.com.pl\/wp-content\/uploads\/2018\/12\/wanna-bazalt.jpg'><img loading=\"lazy\" decoding=\"async\" width=\"300\" height=\"187\" src=\"https:\/\/www.artstone.com.pl\/wp-content\/uploads\/2018\/12\/wanna-bazalt-300x187.jpg\" class=\"attachment-thumbnail size-thumbnail\" alt=\"\" srcset=\"https:\/\/www.artstone.com.pl\/wp-content\/uploads\/2018\/12\/wanna-bazalt.jpg 300w, https:\/\/www.artstone.com.pl\/wp-content\/uploads\/2018\/12\/wanna-bazalt-234x146.jpg 234w, https:\/\/www.artstone.com.pl\/wp-content\/uploads\/2018\/12\/wanna-bazalt-50x31.jpg 50w, https:\/\/www.artstone.com.pl\/wp-content\/uploads\/2018\/12\/wanna-bazalt-120x75.jpg 120w\" sizes=\"auto, (max-width:767px) 300px, 300px\" \/><\/a>\n\t\t\t\t<\/dt><\/div><\/dl><dl class='gallery-item'  data-title='wanna bazalt1' data-description=''><div class='gallery-item-wrapper'>\n\t\t\t\t<dt class='gallery-icon landscape'>\n\t\t\t\t\t<a href='https:\/\/www.artstone.com.pl\/wp-content\/uploads\/2018\/12\/wanna-bazalt1.jpg'><img loading=\"lazy\" decoding=\"async\" width=\"300\" height=\"181\" src=\"https:\/\/www.artstone.com.pl\/wp-content\/uploads\/2018\/12\/wanna-bazalt1-300x181.jpg\" class=\"attachment-thumbnail size-thumbnail\" alt=\"\" srcset=\"https:\/\/www.artstone.com.pl\/wp-content\/uploads\/2018\/12\/wanna-bazalt1.jpg 300w, https:\/\/www.artstone.com.pl\/wp-content\/uploads\/2018\/12\/wanna-bazalt1-242x146.jpg 242w, https:\/\/www.artstone.com.pl\/wp-content\/uploads\/2018\/12\/wanna-bazalt1-50x30.jpg 50w, https:\/\/www.artstone.com.pl\/wp-content\/uploads\/2018\/12\/wanna-bazalt1-124x75.jpg 124w\" sizes=\"auto, (max-width:767px) 300px, 300px\" \/><\/a>\n\t\t\t\t<\/dt><\/div><\/dl><br style=\"clear: both\" \/><dl class='gallery-item'  data-title='wanna granitowa' data-description=''><div class='gallery-item-wrapper'>\n\t\t\t\t<dt class='gallery-icon landscape'>\n\t\t\t\t\t<a href='https:\/\/www.artstone.com.pl\/wp-content\/uploads\/2018\/12\/wanna-granitowa.jpg'><img loading=\"lazy\" decoding=\"async\" width=\"300\" height=\"225\" src=\"https:\/\/www.artstone.com.pl\/wp-content\/uploads\/2018\/12\/wanna-granitowa-300x225.jpg\" class=\"attachment-thumbnail size-thumbnail\" alt=\"\" srcset=\"https:\/\/www.artstone.com.pl\/wp-content\/uploads\/2018\/12\/wanna-granitowa.jpg 300w, https:\/\/www.artstone.com.pl\/wp-content\/uploads\/2018\/12\/wanna-granitowa-195x146.jpg 195w, https:\/\/www.artstone.com.pl\/wp-content\/uploads\/2018\/12\/wanna-granitowa-50x38.jpg 50w, https:\/\/www.artstone.com.pl\/wp-content\/uploads\/2018\/12\/wanna-granitowa-100x75.jpg 100w\" sizes=\"auto, (max-width:767px) 300px, 300px\" \/><\/a>\n\t\t\t\t<\/dt><\/div><\/dl><dl class='gallery-item'  data-title='Wanna trawertyn' data-description=''><div class='gallery-item-wrapper'>\n\t\t\t\t<dt class='gallery-icon landscape'>\n\t\t\t\t\t<a href='https:\/\/www.artstone.com.pl\/wp-content\/uploads\/2018\/12\/Wanna-trawertyn.jpg'><img loading=\"lazy\" decoding=\"async\" width=\"300\" height=\"162\" src=\"https:\/\/www.artstone.com.pl\/wp-content\/uploads\/2018\/12\/Wanna-trawertyn-300x162.jpg\" class=\"attachment-thumbnail size-thumbnail\" alt=\"\" srcset=\"https:\/\/www.artstone.com.pl\/wp-content\/uploads\/2018\/12\/Wanna-trawertyn.jpg 300w, https:\/\/www.artstone.com.pl\/wp-content\/uploads\/2018\/12\/Wanna-trawertyn-260x140.jpg 260w, https:\/\/www.artstone.com.pl\/wp-content\/uploads\/2018\/12\/Wanna-trawertyn-50x27.jpg 50w, https:\/\/www.artstone.com.pl\/wp-content\/uploads\/2018\/12\/Wanna-trawertyn-139x75.jpg 139w\" sizes=\"auto, (max-width:767px) 300px, 300px\" \/><\/a>\n\t\t\t\t<\/dt><\/div><\/dl><dl class='gallery-item'  data-title='WannaZbloku Bazaltowego' data-description=''><div class='gallery-item-wrapper'>\n\t\t\t\t<dt class='gallery-icon landscape'>\n\t\t\t\t\t<a href='https:\/\/www.artstone.com.pl\/wp-content\/uploads\/2018\/12\/WannaZbloku-Bazaltowego.jpg'><img loading=\"lazy\" decoding=\"async\" width=\"300\" height=\"300\" src=\"https:\/\/www.artstone.com.pl\/wp-content\/uploads\/2018\/12\/WannaZbloku-Bazaltowego-300x300.jpg\" class=\"attachment-thumbnail size-thumbnail\" alt=\"\" srcset=\"https:\/\/www.artstone.com.pl\/wp-content\/uploads\/2018\/12\/WannaZbloku-Bazaltowego-300x300.jpg 300w, https:\/\/www.artstone.com.pl\/wp-content\/uploads\/2018\/12\/WannaZbloku-Bazaltowego-85x85.jpg 85w, https:\/\/www.artstone.com.pl\/wp-content\/uploads\/2018\/12\/WannaZbloku-Bazaltowego-80x80.jpg 80w, https:\/\/www.artstone.com.pl\/wp-content\/uploads\/2018\/12\/WannaZbloku-Bazaltowego-150x150.jpg 150w\" sizes=\"auto, (max-width:767px) 300px, 300px\" \/><\/a>\n\t\t\t\t<\/dt><\/div><\/dl><dl class='gallery-item'  data-title='WannaZbloku Granitowego01' data-description=''><div class='gallery-item-wrapper'>\n\t\t\t\t<dt class='gallery-icon landscape'>\n\t\t\t\t\t<a href='https:\/\/www.artstone.com.pl\/wp-content\/uploads\/2018\/12\/WannaZbloku-Granitowego01.jpg'><img loading=\"lazy\" decoding=\"async\" width=\"300\" height=\"300\" src=\"https:\/\/www.artstone.com.pl\/wp-content\/uploads\/2018\/12\/WannaZbloku-Granitowego01-300x300.jpg\" class=\"attachment-thumbnail size-thumbnail\" alt=\"\" srcset=\"https:\/\/www.artstone.com.pl\/wp-content\/uploads\/2018\/12\/WannaZbloku-Granitowego01-300x300.jpg 300w, https:\/\/www.artstone.com.pl\/wp-content\/uploads\/2018\/12\/WannaZbloku-Granitowego01-85x85.jpg 85w, https:\/\/www.artstone.com.pl\/wp-content\/uploads\/2018\/12\/WannaZbloku-Granitowego01-80x80.jpg 80w, https:\/\/www.artstone.com.pl\/wp-content\/uploads\/2018\/12\/WannaZbloku-Granitowego01-150x150.jpg 150w\" sizes=\"auto, (max-width:767px) 300px, 300px\" \/><\/a>\n\t\t\t\t<\/dt><\/div><\/dl><dl class='gallery-item'  data-title='WannaZbloku Marmurowego02' data-description=''><div class='gallery-item-wrapper'>\n\t\t\t\t<dt class='gallery-icon landscape'>\n\t\t\t\t\t<a href='https:\/\/www.artstone.com.pl\/wp-content\/uploads\/2018\/12\/WannaZbloku-Marmurowego02.jpg'><img loading=\"lazy\" decoding=\"async\" width=\"300\" height=\"280\" src=\"https:\/\/www.artstone.com.pl\/wp-content\/uploads\/2018\/12\/WannaZbloku-Marmurowego02-300x280.jpg\" class=\"attachment-thumbnail size-thumbnail\" alt=\"\" \/><\/a>\n\t\t\t\t<\/dt><\/div><\/dl><br style=\"clear: both\" \/><dl class='gallery-item'  data-title='WannaZbloku Marmurowego03' data-description=''><div class='gallery-item-wrapper'>\n\t\t\t\t<dt class='gallery-icon landscape'>\n\t\t\t\t\t<a href='https:\/\/www.artstone.com.pl\/wp-content\/uploads\/2018\/12\/WannaZbloku-Marmurowego03.jpg'><img loading=\"lazy\" decoding=\"async\" width=\"300\" height=\"300\" src=\"https:\/\/www.artstone.com.pl\/wp-content\/uploads\/2018\/12\/WannaZbloku-Marmurowego03-300x300.jpg\" class=\"attachment-thumbnail size-thumbnail\" alt=\"\" srcset=\"https:\/\/www.artstone.com.pl\/wp-content\/uploads\/2018\/12\/WannaZbloku-Marmurowego03-300x300.jpg 300w, https:\/\/www.artstone.com.pl\/wp-content\/uploads\/2018\/12\/WannaZbloku-Marmurowego03-85x85.jpg 85w, https:\/\/www.artstone.com.pl\/wp-content\/uploads\/2018\/12\/WannaZbloku-Marmurowego03-80x80.jpg 80w, https:\/\/www.artstone.com.pl\/wp-content\/uploads\/2018\/12\/WannaZbloku-Marmurowego03-150x150.jpg 150w\" sizes=\"auto, (max-width:767px) 300px, 300px\" \/><\/a>\n\t\t\t\t<\/dt><\/div><\/dl><dl class='gallery-item'  data-title='WannaZbloku Wapiennego02' data-description=''><div class='gallery-item-wrapper'>\n\t\t\t\t<dt class='gallery-icon landscape'>\n\t\t\t\t\t<a href='https:\/\/www.artstone.com.pl\/wp-content\/uploads\/2018\/12\/WannaZbloku-Wapiennego02.jpg'><img loading=\"lazy\" decoding=\"async\" width=\"300\" height=\"300\" src=\"https:\/\/www.artstone.com.pl\/wp-content\/uploads\/2018\/12\/WannaZbloku-Wapiennego02-300x300.jpg\" class=\"attachment-thumbnail size-thumbnail\" alt=\"\" srcset=\"https:\/\/www.artstone.com.pl\/wp-content\/uploads\/2018\/12\/WannaZbloku-Wapiennego02-300x300.jpg 300w, https:\/\/www.artstone.com.pl\/wp-content\/uploads\/2018\/12\/WannaZbloku-Wapiennego02-85x85.jpg 85w, https:\/\/www.artstone.com.pl\/wp-content\/uploads\/2018\/12\/WannaZbloku-Wapiennego02-80x80.jpg 80w, https:\/\/www.artstone.com.pl\/wp-content\/uploads\/2018\/12\/WannaZbloku-Wapiennego02-150x150.jpg 150w\" sizes=\"auto, (max-width:767px) 300px, 300px\" \/><\/a>\n\t\t\t\t<\/dt><\/div><\/dl>\n\t\t\t\t<br style='clear: both' \/>\n\t\t\t<\/div>\n\n","protected":false},"excerpt":{"rendered":"<p>\u00a0\u00a0\u00a0\u00a0\u00a0\u00a0\u00a0Wanna wykuta z pojedynczego bloku\u00a0 kamienia z pewno\u015bci\u0105 zrobi niesamowite wra\u017cenie!K\u0105piel w ekskluzywnej, wa\u017c\u0105cej prawie ton\u0119 wannie jest niczym rejs katamaranem po Morzu \u015ar\u00f3dziemnym.\u00a0\u00a0\u00a0\u00a0\u00a0Wykonana z granitu<span class=\"excerpt-hellip\"> [\u2026]<\/span><\/p>\n","protected":false},"author":242,"featured_media":0,"parent":16934,"menu_order":0,"comment_status":"closed","ping_status":"closed","template":"","meta":{"footnotes":""},"class_list":["post-12126","page","type-page","status-publish","hentry"],"_links":{"self":[{"href":"https:\/\/www.artstone.com.pl\/pl\/wp-json\/wp\/v2\/pages\/12126","targetHints":{"allow":["GET"]}}],"collection":[{"href":"https:\/\/www.artstone.com.pl\/pl\/wp-json\/wp\/v2\/pages"}],"about":[{"href":"https:\/\/www.artstone.com.pl\/pl\/wp-json\/wp\/v2\/types\/page"}],"author":[{"embeddable":true,"href":"https:\/\/www.artstone.com.pl\/pl\/wp-json\/wp\/v2\/users\/242"}],"replies":[{"embeddable":true,"href":"https:\/\/www.artstone.com.pl\/pl\/wp-json\/wp\/v2\/comments?post=12126"}],"version-history":[{"count":0,"href":"https:\/\/www.artstone.com.pl\/pl\/wp-json\/wp\/v2\/pages\/12126\/revisions"}],"up":[{"embeddable":true,"href":"https:\/\/www.artstone.com.pl\/pl\/wp-json\/wp\/v2\/pages\/16934"}],"wp:attachment":[{"href":"https:\/\/www.artstone.com.pl\/pl\/wp-json\/wp\/v2\/media?parent=12126"}],"curies":[{"name":"wp","href":"https:\/\/api.w.org\/{rel}","templated":true}]}}