{"id":12135,"date":"2011-12-22T13:28:15","date_gmt":"2011-12-22T12:28:15","guid":{"rendered":"http:\/\/www.kamulec.pl\/lupki-kwarcytowe\/"},"modified":"2023-04-07T10:00:01","modified_gmt":"2023-04-07T08:00:01","slug":"lupki-kwarcytowe","status":"publish","type":"page","link":"https:\/\/www.artstone.com.pl\/pl\/materialy\/lupki-kwarcytowe.html","title":{"rendered":"\u0141upki kwarcytowe"},"content":{"rendered":"<p style=\"text-align: justify;\"><a href=\"https:\/\/www.artstone.com.pl\/pl\/import-lupka-kwarcytowego.html\">\u0141upek kwarcytowy<\/a> to ska\u0142a metamorficzna, kt\u00f3ra sk\u0142ada si\u0119 g\u0142\u00f3wnie z drobnych blast\u00f3w kwarcu. Ska\u0142a ta jest bardzo twarda i odporna na wietrzenie, posiada wyra\u017anie zaznaczon\u0105 laminacj\u0119. \u0141upki kwarcytowe doskonale sprawdzaj\u0105 si\u0119 jako wyko\u0144czenie schod\u00f3w, lub tarasu. G\u0142ownie ze wzgl\u0119du na sw\u0105 powierzchni\u0119 o w\u0142a\u015bciwo\u015bciach antypo\u015blizgowych.<\/p>\n<p style=\"text-align: center;\"><a class=\"readon\" href=\"\/?product_cat=lupek-kwarcytowy\">Sprawd\u017a cen\u0119 i dost\u0119pno\u015b\u0107 w naszym katalogu &gt;&gt;<\/a><\/p>\n<p style=\"text-align: justify;\">W Polsce eksploatowane jest tylko jedno z\u0142o\u017ce \u0142upk\u00f3w kwarcytowych zlokalizowane w wojew\u00f3dztwie dolno\u015bl\u0105skim w obr\u0119bie granitowego masywu strzeli\u0144skiego.<\/p>\n<p>&nbsp;<\/p>\n<p style=\"text-align: center;\"><a class=\"readon\" href=\"https:\/\/www.artstone.com.pl\/pl\/kontakt.html\">Masz pytanie? Zadzwo\u0144 lub napisz do nas &gt;&gt;<\/a><\/p>\n<h3>\u0141upki kwarcytowe<\/h3>\n\n\t\t\t<style type='text\/css'>\n\t\t\t\t#sc_gallery-1 {\n\t\t\t\t\tmargin: auto;\n\t\t\t\t}\n\t\t\t\t#sc_gallery-1 .gallery-item {\n\t\t\t\t\tfloat: left;\n\t\t\t\t\ttext-align: center;\n\t\t\t\t\twidth: 19.99%;\n\t\t\t\t}\n\t\t\t\t#sc_gallery-1 img {\n\t\t\t\t\tborder: 2px solid #cfcfcf;\n\t\t\t\t}\n\t\t\t\t\/* see sc_gallery() in functions\/theme-shortcodes.php *\/\n\t\t\t<\/style>\n\t\t<div id='sc_gallery-1' class='gallery galleryid-12135 gallery-columns-5 gallery-size-thumbnail file element_classes gallery-default'><dl class='gallery-item'  data-title='LimeYellow' data-description=''><div class='gallery-item-wrapper'>\n\t\t\t\t<dt class='gallery-icon landscape'>\n\t\t\t\t\t<a href='https:\/\/www.artstone.com.pl\/wp-content\/uploads\/2016\/03\/LimeYellow.jpg'><img loading=\"lazy\" decoding=\"async\" width=\"150\" height=\"99\" src=\"https:\/\/www.artstone.com.pl\/wp-content\/uploads\/2016\/03\/LimeYellow.jpg\" class=\"attachment-thumbnail size-thumbnail\" alt=\"\" srcset=\"https:\/\/www.artstone.com.pl\/wp-content\/uploads\/2016\/03\/LimeYellow.jpg 150w, https:\/\/www.artstone.com.pl\/wp-content\/uploads\/2016\/03\/LimeYellow-50x33.jpg 50w, https:\/\/www.artstone.com.pl\/wp-content\/uploads\/2016\/03\/LimeYellow-114x75.jpg 114w\" sizes=\"auto, (max-width:767px) 150px, 150px\" \/><\/a>\n\t\t\t\t<\/dt><\/div><\/dl><dl class='gallery-item'  data-title='SilverShine' data-description=''><div class='gallery-item-wrapper'>\n\t\t\t\t<dt class='gallery-icon landscape'>\n\t\t\t\t\t<a href='https:\/\/www.artstone.com.pl\/wp-content\/uploads\/2016\/03\/SilverShine.jpg'><img loading=\"lazy\" decoding=\"async\" width=\"300\" height=\"300\" src=\"https:\/\/www.artstone.com.pl\/wp-content\/uploads\/2016\/03\/SilverShine-300x300.jpg\" class=\"attachment-thumbnail size-thumbnail\" alt=\"\" srcset=\"https:\/\/www.artstone.com.pl\/wp-content\/uploads\/2016\/03\/SilverShine-300x300.jpg 300w, https:\/\/www.artstone.com.pl\/wp-content\/uploads\/2016\/03\/SilverShine-146x146.jpg 146w, https:\/\/www.artstone.com.pl\/wp-content\/uploads\/2016\/03\/SilverShine-50x50.jpg 50w, https:\/\/www.artstone.com.pl\/wp-content\/uploads\/2016\/03\/SilverShine-75x75.jpg 75w, https:\/\/www.artstone.com.pl\/wp-content\/uploads\/2016\/03\/SilverShine-85x85.jpg 85w, https:\/\/www.artstone.com.pl\/wp-content\/uploads\/2016\/03\/SilverShine-80x80.jpg 80w, https:\/\/www.artstone.com.pl\/wp-content\/uploads\/2016\/03\/SilverShine-150x150.jpg 150w, https:\/\/www.artstone.com.pl\/wp-content\/uploads\/2016\/03\/SilverShine.jpg 600w\" sizes=\"auto, (max-width:767px) 300px, 300px\" \/><\/a>\n\t\t\t\t<\/dt><\/div><\/dl><dl class='gallery-item'  data-title='DeoliGreen' data-description=''><div class='gallery-item-wrapper'>\n\t\t\t\t<dt class='gallery-icon landscape'>\n\t\t\t\t\t<a href='https:\/\/www.artstone.com.pl\/wp-content\/uploads\/2016\/03\/DeoliGreen.jpg'><img loading=\"lazy\" decoding=\"async\" width=\"300\" height=\"300\" src=\"https:\/\/www.artstone.com.pl\/wp-content\/uploads\/2016\/03\/DeoliGreen-300x300.jpg\" class=\"attachment-thumbnail size-thumbnail\" alt=\"\" srcset=\"https:\/\/www.artstone.com.pl\/wp-content\/uploads\/2016\/03\/DeoliGreen-300x300.jpg 300w, https:\/\/www.artstone.com.pl\/wp-content\/uploads\/2016\/03\/DeoliGreen-85x85.jpg 85w, https:\/\/www.artstone.com.pl\/wp-content\/uploads\/2016\/03\/DeoliGreen-80x80.jpg 80w, https:\/\/www.artstone.com.pl\/wp-content\/uploads\/2016\/03\/DeoliGreen-150x150.jpg 150w\" sizes=\"auto, (max-width:767px) 300px, 300px\" \/><\/a>\n\t\t\t\t<\/dt><\/div><\/dl><dl class='gallery-item'  data-title='BlackSlate' data-description=''><div class='gallery-item-wrapper'>\n\t\t\t\t<dt class='gallery-icon landscape'>\n\t\t\t\t\t<a href='https:\/\/www.artstone.com.pl\/wp-content\/uploads\/2016\/03\/BlackSlate.jpg'><img loading=\"lazy\" decoding=\"async\" width=\"300\" height=\"300\" src=\"https:\/\/www.artstone.com.pl\/wp-content\/uploads\/2016\/03\/BlackSlate-300x300.jpg\" class=\"attachment-thumbnail size-thumbnail\" alt=\"\" srcset=\"https:\/\/www.artstone.com.pl\/wp-content\/uploads\/2016\/03\/BlackSlate-300x300.jpg 300w, https:\/\/www.artstone.com.pl\/wp-content\/uploads\/2016\/03\/BlackSlate-85x85.jpg 85w, https:\/\/www.artstone.com.pl\/wp-content\/uploads\/2016\/03\/BlackSlate-80x80.jpg 80w, https:\/\/www.artstone.com.pl\/wp-content\/uploads\/2016\/03\/BlackSlate-150x150.jpg 150w\" sizes=\"auto, (max-width:767px) 300px, 300px\" \/><\/a>\n\t\t\t\t<\/dt><\/div><\/dl><dl class='gallery-item'  data-title='lime-green' data-description=''><div class='gallery-item-wrapper'>\n\t\t\t\t<dt class='gallery-icon landscape'>\n\t\t\t\t\t<a href='https:\/\/www.artstone.com.pl\/wp-content\/uploads\/2016\/03\/lime-green.jpg'><img loading=\"lazy\" decoding=\"async\" width=\"225\" height=\"150\" src=\"https:\/\/www.artstone.com.pl\/wp-content\/uploads\/2016\/03\/lime-green.jpg\" class=\"attachment-thumbnail size-thumbnail\" alt=\"\" srcset=\"https:\/\/www.artstone.com.pl\/wp-content\/uploads\/2016\/03\/lime-green.jpg 225w, https:\/\/www.artstone.com.pl\/wp-content\/uploads\/2016\/03\/lime-green-219x146.jpg 219w, https:\/\/www.artstone.com.pl\/wp-content\/uploads\/2016\/03\/lime-green-50x33.jpg 50w, https:\/\/www.artstone.com.pl\/wp-content\/uploads\/2016\/03\/lime-green-113x75.jpg 113w\" sizes=\"auto, (max-width:767px) 225px, 225px\" \/><\/a>\n\t\t\t\t<\/dt><\/div><\/dl><br style=\"clear: both\" \/><dl class='gallery-item'  data-title='LupekMultiColour' data-description=''><div class='gallery-item-wrapper'>\n\t\t\t\t<dt class='gallery-icon landscape'>\n\t\t\t\t\t<a href='https:\/\/www.artstone.com.pl\/wp-content\/uploads\/2016\/03\/LupekMultiColour.jpg'><img loading=\"lazy\" decoding=\"async\" width=\"300\" height=\"300\" src=\"https:\/\/www.artstone.com.pl\/wp-content\/uploads\/2016\/03\/LupekMultiColour-300x300.jpg\" class=\"attachment-thumbnail size-thumbnail\" alt=\"\" srcset=\"https:\/\/www.artstone.com.pl\/wp-content\/uploads\/2016\/03\/LupekMultiColour-300x300.jpg 300w, https:\/\/www.artstone.com.pl\/wp-content\/uploads\/2016\/03\/LupekMultiColour-85x85.jpg 85w, https:\/\/www.artstone.com.pl\/wp-content\/uploads\/2016\/03\/LupekMultiColour-80x80.jpg 80w, https:\/\/www.artstone.com.pl\/wp-content\/uploads\/2016\/03\/LupekMultiColour-150x150.jpg 150w\" sizes=\"auto, (max-width:767px) 300px, 300px\" \/><\/a>\n\t\t\t\t<\/dt><\/div><\/dl><dl class='gallery-item'  data-title='blue-lime' data-description=''><div class='gallery-item-wrapper'>\n\t\t\t\t<dt class='gallery-icon landscape'>\n\t\t\t\t\t<a href='https:\/\/www.artstone.com.pl\/wp-content\/uploads\/2016\/03\/blue-lime.jpg'><img loading=\"lazy\" decoding=\"async\" width=\"150\" height=\"150\" src=\"https:\/\/www.artstone.com.pl\/wp-content\/uploads\/2016\/03\/blue-lime.jpg\" class=\"attachment-thumbnail size-thumbnail\" alt=\"\" srcset=\"https:\/\/www.artstone.com.pl\/wp-content\/uploads\/2016\/03\/blue-lime.jpg 150w, https:\/\/www.artstone.com.pl\/wp-content\/uploads\/2016\/03\/blue-lime-146x146.jpg 146w, https:\/\/www.artstone.com.pl\/wp-content\/uploads\/2016\/03\/blue-lime-50x50.jpg 50w, https:\/\/www.artstone.com.pl\/wp-content\/uploads\/2016\/03\/blue-lime-75x75.jpg 75w, https:\/\/www.artstone.com.pl\/wp-content\/uploads\/2016\/03\/blue-lime-85x85.jpg 85w, https:\/\/www.artstone.com.pl\/wp-content\/uploads\/2016\/03\/blue-lime-80x80.jpg 80w\" sizes=\"auto, (max-width:767px) 150px, 150px\" \/><\/a>\n\t\t\t\t<\/dt><\/div><\/dl><dl class='gallery-item'  data-title='rustic' data-description=''><div class='gallery-item-wrapper'>\n\t\t\t\t<dt class='gallery-icon landscape'>\n\t\t\t\t\t<a href='https:\/\/www.artstone.com.pl\/wp-content\/uploads\/2016\/03\/Rustic.jpg'><img loading=\"lazy\" decoding=\"async\" width=\"300\" height=\"300\" src=\"https:\/\/www.artstone.com.pl\/wp-content\/uploads\/2016\/03\/Rustic-300x300.jpg\" class=\"attachment-thumbnail size-thumbnail\" alt=\"\" srcset=\"https:\/\/www.artstone.com.pl\/wp-content\/uploads\/2016\/03\/Rustic-300x300.jpg 300w, https:\/\/www.artstone.com.pl\/wp-content\/uploads\/2016\/03\/Rustic-146x146.jpg 146w, https:\/\/www.artstone.com.pl\/wp-content\/uploads\/2016\/03\/Rustic-50x50.jpg 50w, https:\/\/www.artstone.com.pl\/wp-content\/uploads\/2016\/03\/Rustic-75x75.jpg 75w, https:\/\/www.artstone.com.pl\/wp-content\/uploads\/2016\/03\/Rustic-85x85.jpg 85w, https:\/\/www.artstone.com.pl\/wp-content\/uploads\/2016\/03\/Rustic-80x80.jpg 80w, https:\/\/www.artstone.com.pl\/wp-content\/uploads\/2016\/03\/Rustic-150x150.jpg 150w, https:\/\/www.artstone.com.pl\/wp-content\/uploads\/2016\/03\/Rustic.jpg 312w\" sizes=\"auto, (max-width:767px) 300px, 300px\" \/><\/a>\n\t\t\t\t<\/dt><\/div><\/dl><dl class='gallery-item'  data-title='VijayaGold' data-description=''><div class='gallery-item-wrapper'>\n\t\t\t\t<dt class='gallery-icon landscape'>\n\t\t\t\t\t<a href='https:\/\/www.artstone.com.pl\/wp-content\/uploads\/2016\/03\/VijayaGold.jpg'><img loading=\"lazy\" decoding=\"async\" width=\"150\" height=\"150\" src=\"https:\/\/www.artstone.com.pl\/wp-content\/uploads\/2016\/03\/VijayaGold.jpg\" class=\"attachment-thumbnail size-thumbnail\" alt=\"\" srcset=\"https:\/\/www.artstone.com.pl\/wp-content\/uploads\/2016\/03\/VijayaGold.jpg 150w, https:\/\/www.artstone.com.pl\/wp-content\/uploads\/2016\/03\/VijayaGold-146x146.jpg 146w, https:\/\/www.artstone.com.pl\/wp-content\/uploads\/2016\/03\/VijayaGold-50x50.jpg 50w, https:\/\/www.artstone.com.pl\/wp-content\/uploads\/2016\/03\/VijayaGold-75x75.jpg 75w, https:\/\/www.artstone.com.pl\/wp-content\/uploads\/2016\/03\/VijayaGold-85x85.jpg 85w, https:\/\/www.artstone.com.pl\/wp-content\/uploads\/2016\/03\/VijayaGold-80x80.jpg 80w\" sizes=\"auto, (max-width:767px) 150px, 150px\" \/><\/a>\n\t\t\t\t<\/dt><\/div><\/dl><dl class='gallery-item'  data-title='Kwarcyt Patagonia' data-description=''><div class='gallery-item-wrapper'>\n\t\t\t\t<dt class='gallery-icon landscape'>\n\t\t\t\t\t<a href='https:\/\/www.artstone.com.pl\/wp-content\/uploads\/2020\/06\/kwarcyt-patagonia.png'><img loading=\"lazy\" decoding=\"async\" width=\"300\" height=\"300\" src=\"https:\/\/www.artstone.com.pl\/wp-content\/uploads\/2020\/06\/kwarcyt-patagonia-300x300.png\" class=\"attachment-thumbnail size-thumbnail\" alt=\"\" srcset=\"https:\/\/www.artstone.com.pl\/wp-content\/uploads\/2020\/06\/kwarcyt-patagonia-300x300.png 300w, https:\/\/www.artstone.com.pl\/wp-content\/uploads\/2020\/06\/kwarcyt-patagonia-600x600.png 600w, https:\/\/www.artstone.com.pl\/wp-content\/uploads\/2020\/06\/kwarcyt-patagonia-146x146.png 146w, https:\/\/www.artstone.com.pl\/wp-content\/uploads\/2020\/06\/kwarcyt-patagonia-50x50.png 50w, https:\/\/www.artstone.com.pl\/wp-content\/uploads\/2020\/06\/kwarcyt-patagonia-75x75.png 75w, https:\/\/www.artstone.com.pl\/wp-content\/uploads\/2020\/06\/kwarcyt-patagonia-85x85.png 85w, https:\/\/www.artstone.com.pl\/wp-content\/uploads\/2020\/06\/kwarcyt-patagonia-80x80.png 80w, https:\/\/www.artstone.com.pl\/wp-content\/uploads\/2020\/06\/kwarcyt-patagonia-150x150.png 150w, https:\/\/www.artstone.com.pl\/wp-content\/uploads\/2020\/06\/kwarcyt-patagonia.png 941w\" sizes=\"auto, (max-width:767px) 300px, 300px\" \/><\/a>\n\t\t\t\t<\/dt><\/div><\/dl><br style=\"clear: both\" \/><dl class='gallery-item'  data-title='Posadzka z marmuru blaty konglomerat kwarcytowy' data-description=''><div class='gallery-item-wrapper'>\n\t\t\t\t<dt class='gallery-icon landscape'>\n\t\t\t\t\t<a href='https:\/\/www.artstone.com.pl\/wp-content\/uploads\/2020\/06\/posadzka-z-marmuru-blaty-konglomerat-kwarcytowy.png'><img loading=\"lazy\" decoding=\"async\" width=\"300\" height=\"300\" src=\"https:\/\/www.artstone.com.pl\/wp-content\/uploads\/2020\/06\/posadzka-z-marmuru-blaty-konglomerat-kwarcytowy-300x300.png\" class=\"attachment-thumbnail size-thumbnail\" alt=\"\" srcset=\"https:\/\/www.artstone.com.pl\/wp-content\/uploads\/2020\/06\/posadzka-z-marmuru-blaty-konglomerat-kwarcytowy-300x300.png 300w, https:\/\/www.artstone.com.pl\/wp-content\/uploads\/2020\/06\/posadzka-z-marmuru-blaty-konglomerat-kwarcytowy-600x600.png 600w, https:\/\/www.artstone.com.pl\/wp-content\/uploads\/2020\/06\/posadzka-z-marmuru-blaty-konglomerat-kwarcytowy-146x146.png 146w, https:\/\/www.artstone.com.pl\/wp-content\/uploads\/2020\/06\/posadzka-z-marmuru-blaty-konglomerat-kwarcytowy-50x50.png 50w, https:\/\/www.artstone.com.pl\/wp-content\/uploads\/2020\/06\/posadzka-z-marmuru-blaty-konglomerat-kwarcytowy-75x75.png 75w, https:\/\/www.artstone.com.pl\/wp-content\/uploads\/2020\/06\/posadzka-z-marmuru-blaty-konglomerat-kwarcytowy-85x85.png 85w, https:\/\/www.artstone.com.pl\/wp-content\/uploads\/2020\/06\/posadzka-z-marmuru-blaty-konglomerat-kwarcytowy-80x80.png 80w, https:\/\/www.artstone.com.pl\/wp-content\/uploads\/2020\/06\/posadzka-z-marmuru-blaty-konglomerat-kwarcytowy-150x150.png 150w, https:\/\/www.artstone.com.pl\/wp-content\/uploads\/2020\/06\/posadzka-z-marmuru-blaty-konglomerat-kwarcytowy.png 941w\" sizes=\"auto, (max-width:767px) 300px, 300px\" \/><\/a>\n\t\t\t\t<\/dt><\/div><\/dl>\n\t\t\t\t<br style='clear: both' \/>\n\t\t\t<\/div>\n\n","protected":false},"excerpt":{"rendered":"<p>\u0141upek kwarcytowy to ska\u0142a metamorficzna, kt\u00f3ra sk\u0142ada si\u0119 g\u0142\u00f3wnie z drobnych blast\u00f3w kwarcu. Ska\u0142a ta jest bardzo twarda i odporna na wietrzenie, posiada wyra\u017anie zaznaczon\u0105 laminacj\u0119.<span class=\"excerpt-hellip\"> [\u2026]<\/span><\/p>\n","protected":false},"author":242,"featured_media":0,"parent":16922,"menu_order":1,"comment_status":"closed","ping_status":"closed","template":"","meta":{"footnotes":""},"class_list":["post-12135","page","type-page","status-publish","hentry"],"_links":{"self":[{"href":"https:\/\/www.artstone.com.pl\/pl\/wp-json\/wp\/v2\/pages\/12135","targetHints":{"allow":["GET"]}}],"collection":[{"href":"https:\/\/www.artstone.com.pl\/pl\/wp-json\/wp\/v2\/pages"}],"about":[{"href":"https:\/\/www.artstone.com.pl\/pl\/wp-json\/wp\/v2\/types\/page"}],"author":[{"embeddable":true,"href":"https:\/\/www.artstone.com.pl\/pl\/wp-json\/wp\/v2\/users\/242"}],"replies":[{"embeddable":true,"href":"https:\/\/www.artstone.com.pl\/pl\/wp-json\/wp\/v2\/comments?post=12135"}],"version-history":[{"count":0,"href":"https:\/\/www.artstone.com.pl\/pl\/wp-json\/wp\/v2\/pages\/12135\/revisions"}],"up":[{"embeddable":true,"href":"https:\/\/www.artstone.com.pl\/pl\/wp-json\/wp\/v2\/pages\/16922"}],"wp:attachment":[{"href":"https:\/\/www.artstone.com.pl\/pl\/wp-json\/wp\/v2\/media?parent=12135"}],"curies":[{"name":"wp","href":"https:\/\/api.w.org\/{rel}","templated":true}]}}