{"id":12138,"date":"2012-01-03T10:54:08","date_gmt":"2012-01-03T09:54:08","guid":{"rendered":"http:\/\/www.kamulec.pl\/rzezby-ogrodowe\/"},"modified":"2018-12-14T09:10:20","modified_gmt":"2018-12-14T08:10:20","slug":"rzezby-ogrodowe","status":"publish","type":"page","link":"https:\/\/www.artstone.com.pl\/pl\/zewnetrzne-elementy-domu\/rzezby-ogrodowe.html","title":{"rendered":"Rze\u017aby ogrodowe"},"content":{"rendered":"<p style=\"text-align: justify;\"><img loading=\"lazy\" decoding=\"async\" class=\" alignleft size-full wp-image-12136\" src=\"https:\/\/www.artstone.com.pl\/wp-content\/uploads\/2012\/01\/rzezby.jpg\" border=\"0\" alt=\"Rze\u017aby\" title=\"Rze\u017aby\" width=\"251\" height=\"166\" style=\"float: left; margin: 5px 10px; border: 1px solid white;\" srcset=\"https:\/\/www.artstone.com.pl\/wp-content\/uploads\/2012\/01\/rzezby.jpg 425w, https:\/\/www.artstone.com.pl\/wp-content\/uploads\/2012\/01\/rzezby-220x146.jpg 220w, https:\/\/www.artstone.com.pl\/wp-content\/uploads\/2012\/01\/rzezby-50x33.jpg 50w, https:\/\/www.artstone.com.pl\/wp-content\/uploads\/2012\/01\/rzezby-113x75.jpg 113w, https:\/\/www.artstone.com.pl\/wp-content\/uploads\/2012\/01\/rzezby-300x199.jpg 300w\" sizes=\"auto, (max-width:767px) 251px, 251px\" \/>Rze\u017aba znajduj\u0105ca si\u0119 we wn\u0119trzu domu lub stoj\u0105ca w ogrodzie, to bez w\u0105tpienia oznaka presti\u017cu i dobrego smaku gospodarza.<br \/>Jako element dekoracyjny\u00a0 podkre\u015bla charakter otaczaj\u0105cej j\u0105 przestrzeni.<br \/>Jeste\u015bmy w stanie wykona\u0107 dla Pa\u0144stwa rze\u017aby dowolnych kszta\u0142t\u00f3w i rozmiar\u00f3w. Zlecenie realizujemy na podstawie rysunku lub zdj\u0119cia przedstawiaj\u0105cego oczekiwan\u0105 figur\u0119.<br \/>Je\u017celi rze\u017aba b\u0119dzie znajdowa\u0107 si\u0119 w ogrodzie, w\u00f3wczas najlepszym materia\u0142em do jej wykonania jest granit lub piaskowiec.<br \/>Rze\u017aby, kt\u00f3re nie s\u0105 nara\u017cone na dzia\u0142anie czynnik\u00f3w atmosferycznych, znajduj\u0105ce si\u0119 w domu, mog\u0105 by\u0107 wykonane tak\u017ce z trawertynu i marmuru.<\/p>\n<p> <br ><\/p>\n<p style=\"text-align: center;\"><a href=\"\/pl\/kontakt.html\" class=\"readon\"><span>Masz pytanie? Zadzwo\u0144 lub napisz do nas >><\/span><\/a><\/p>\n<h3>Rze\u017aby ogrodowe<\/h3>\n\n\t\t\t<style type='text\/css'>\n\t\t\t\t#sc_gallery-1 {\n\t\t\t\t\tmargin: auto;\n\t\t\t\t}\n\t\t\t\t#sc_gallery-1 .gallery-item {\n\t\t\t\t\tfloat: left;\n\t\t\t\t\ttext-align: center;\n\t\t\t\t\twidth: 19.99%;\n\t\t\t\t}\n\t\t\t\t#sc_gallery-1 img {\n\t\t\t\t\tborder: 2px solid #cfcfcf;\n\t\t\t\t}\n\t\t\t\t\/* see sc_gallery() in functions\/theme-shortcodes.php *\/\n\t\t\t<\/style>\n\t\t<div id='sc_gallery-1' class='gallery galleryid-12138 gallery-columns-5 gallery-size-thumbnail file element_classes gallery-default'><dl class='gallery-item'  data-title='budda and column' data-description=''><div class='gallery-item-wrapper'>\n\t\t\t\t<dt class='gallery-icon portrait'>\n\t\t\t\t\t<a href='https:\/\/www.artstone.com.pl\/wp-content\/uploads\/2018\/12\/budda-and-column.jpg'><img loading=\"lazy\" decoding=\"async\" width=\"175\" height=\"300\" src=\"https:\/\/www.artstone.com.pl\/wp-content\/uploads\/2018\/12\/budda-and-column-175x300.jpg\" class=\"attachment-thumbnail size-thumbnail\" alt=\"\" srcset=\"https:\/\/www.artstone.com.pl\/wp-content\/uploads\/2018\/12\/budda-and-column.jpg 175w, https:\/\/www.artstone.com.pl\/wp-content\/uploads\/2018\/12\/budda-and-column-85x146.jpg 85w, https:\/\/www.artstone.com.pl\/wp-content\/uploads\/2018\/12\/budda-and-column-29x50.jpg 29w, https:\/\/www.artstone.com.pl\/wp-content\/uploads\/2018\/12\/budda-and-column-44x75.jpg 44w\" sizes=\"auto, (max-width:767px) 175px, 175px\" \/><\/a>\n\t\t\t\t<\/dt><\/div><\/dl><dl class='gallery-item'  data-title='contemporary' data-description=''><div class='gallery-item-wrapper'>\n\t\t\t\t<dt class='gallery-icon portrait'>\n\t\t\t\t\t<a href='https:\/\/www.artstone.com.pl\/wp-content\/uploads\/2018\/12\/contemporary.jpg'><img loading=\"lazy\" decoding=\"async\" width=\"251\" height=\"300\" src=\"https:\/\/www.artstone.com.pl\/wp-content\/uploads\/2018\/12\/contemporary-251x300.jpg\" class=\"attachment-thumbnail size-thumbnail\" alt=\"\" srcset=\"https:\/\/www.artstone.com.pl\/wp-content\/uploads\/2018\/12\/contemporary.jpg 251w, https:\/\/www.artstone.com.pl\/wp-content\/uploads\/2018\/12\/contemporary-122x146.jpg 122w, https:\/\/www.artstone.com.pl\/wp-content\/uploads\/2018\/12\/contemporary-42x50.jpg 42w, https:\/\/www.artstone.com.pl\/wp-content\/uploads\/2018\/12\/contemporary-63x75.jpg 63w\" sizes=\"auto, (max-width:767px) 251px, 251px\" \/><\/a>\n\t\t\t\t<\/dt><\/div><\/dl><dl class='gallery-item'  data-title='eagle and dear' data-description=''><div class='gallery-item-wrapper'>\n\t\t\t\t<dt class='gallery-icon landscape'>\n\t\t\t\t\t<a href='https:\/\/www.artstone.com.pl\/wp-content\/uploads\/2018\/12\/eagle-and-dear.jpg'><img loading=\"lazy\" decoding=\"async\" width=\"300\" height=\"276\" src=\"https:\/\/www.artstone.com.pl\/wp-content\/uploads\/2018\/12\/eagle-and-dear-300x276.jpg\" class=\"attachment-thumbnail size-thumbnail\" alt=\"\" srcset=\"https:\/\/www.artstone.com.pl\/wp-content\/uploads\/2018\/12\/eagle-and-dear.jpg 300w, https:\/\/www.artstone.com.pl\/wp-content\/uploads\/2018\/12\/eagle-and-dear-159x146.jpg 159w, https:\/\/www.artstone.com.pl\/wp-content\/uploads\/2018\/12\/eagle-and-dear-50x46.jpg 50w, https:\/\/www.artstone.com.pl\/wp-content\/uploads\/2018\/12\/eagle-and-dear-82x75.jpg 82w\" sizes=\"auto, (max-width:767px) 300px, 300px\" \/><\/a>\n\t\t\t\t<\/dt><\/div><\/dl><dl class='gallery-item'  data-title='moon and people' data-description=''><div class='gallery-item-wrapper'>\n\t\t\t\t<dt class='gallery-icon landscape'>\n\t\t\t\t\t<a href='https:\/\/www.artstone.com.pl\/wp-content\/uploads\/2018\/12\/moon-and-people.jpg'><img loading=\"lazy\" decoding=\"async\" width=\"300\" height=\"203\" src=\"https:\/\/www.artstone.com.pl\/wp-content\/uploads\/2018\/12\/moon-and-people-300x203.jpg\" class=\"attachment-thumbnail size-thumbnail\" alt=\"\" srcset=\"https:\/\/www.artstone.com.pl\/wp-content\/uploads\/2018\/12\/moon-and-people.jpg 300w, https:\/\/www.artstone.com.pl\/wp-content\/uploads\/2018\/12\/moon-and-people-216x146.jpg 216w, https:\/\/www.artstone.com.pl\/wp-content\/uploads\/2018\/12\/moon-and-people-50x34.jpg 50w, https:\/\/www.artstone.com.pl\/wp-content\/uploads\/2018\/12\/moon-and-people-111x75.jpg 111w\" sizes=\"auto, (max-width:767px) 300px, 300px\" \/><\/a>\n\t\t\t\t<\/dt><\/div><\/dl><dl class='gallery-item'  data-title='NA25' data-description=''><div class='gallery-item-wrapper'>\n\t\t\t\t<dt class='gallery-icon portrait'>\n\t\t\t\t\t<a href='https:\/\/www.artstone.com.pl\/wp-content\/uploads\/2018\/12\/NA25.jpg'><img loading=\"lazy\" decoding=\"async\" width=\"263\" height=\"281\" src=\"https:\/\/www.artstone.com.pl\/wp-content\/uploads\/2018\/12\/NA25.jpg\" class=\"attachment-thumbnail size-thumbnail\" alt=\"\" srcset=\"https:\/\/www.artstone.com.pl\/wp-content\/uploads\/2018\/12\/NA25.jpg 263w, https:\/\/www.artstone.com.pl\/wp-content\/uploads\/2018\/12\/NA25-137x146.jpg 137w, https:\/\/www.artstone.com.pl\/wp-content\/uploads\/2018\/12\/NA25-47x50.jpg 47w, https:\/\/www.artstone.com.pl\/wp-content\/uploads\/2018\/12\/NA25-70x75.jpg 70w\" sizes=\"auto, (max-width:767px) 263px, 263px\" \/><\/a>\n\t\t\t\t<\/dt><\/div><\/dl><br style=\"clear: both\" \/><dl class='gallery-item'  data-title='NA178' data-description=''><div class='gallery-item-wrapper'>\n\t\t\t\t<dt class='gallery-icon landscape'>\n\t\t\t\t\t<a href='https:\/\/www.artstone.com.pl\/wp-content\/uploads\/2018\/12\/NA178.jpg'><img loading=\"lazy\" decoding=\"async\" width=\"284\" height=\"281\" src=\"https:\/\/www.artstone.com.pl\/wp-content\/uploads\/2018\/12\/NA178.jpg\" class=\"attachment-thumbnail size-thumbnail\" alt=\"\" srcset=\"https:\/\/www.artstone.com.pl\/wp-content\/uploads\/2018\/12\/NA178.jpg 284w, https:\/\/www.artstone.com.pl\/wp-content\/uploads\/2018\/12\/NA178-148x146.jpg 148w, https:\/\/www.artstone.com.pl\/wp-content\/uploads\/2018\/12\/NA178-50x50.jpg 50w, https:\/\/www.artstone.com.pl\/wp-content\/uploads\/2018\/12\/NA178-76x75.jpg 76w, https:\/\/www.artstone.com.pl\/wp-content\/uploads\/2018\/12\/NA178-85x85.jpg 85w, https:\/\/www.artstone.com.pl\/wp-content\/uploads\/2018\/12\/NA178-80x80.jpg 80w\" sizes=\"auto, (max-width:767px) 284px, 284px\" \/><\/a>\n\t\t\t\t<\/dt><\/div><\/dl><dl class='gallery-item'  data-title='postbox tree' data-description=''><div class='gallery-item-wrapper'>\n\t\t\t\t<dt class='gallery-icon portrait'>\n\t\t\t\t\t<a href='https:\/\/www.artstone.com.pl\/wp-content\/uploads\/2018\/12\/postbox-tree.jpg'><img loading=\"lazy\" decoding=\"async\" width=\"269\" height=\"300\" src=\"https:\/\/www.artstone.com.pl\/wp-content\/uploads\/2018\/12\/postbox-tree-269x300.jpg\" class=\"attachment-thumbnail size-thumbnail\" alt=\"\" srcset=\"https:\/\/www.artstone.com.pl\/wp-content\/uploads\/2018\/12\/postbox-tree.jpg 269w, https:\/\/www.artstone.com.pl\/wp-content\/uploads\/2018\/12\/postbox-tree-131x146.jpg 131w, https:\/\/www.artstone.com.pl\/wp-content\/uploads\/2018\/12\/postbox-tree-45x50.jpg 45w, https:\/\/www.artstone.com.pl\/wp-content\/uploads\/2018\/12\/postbox-tree-67x75.jpg 67w\" sizes=\"auto, (max-width:767px) 269px, 269px\" \/><\/a>\n\t\t\t\t<\/dt><\/div><\/dl><dl class='gallery-item'  data-title='Rzezba-Marmur1' data-description=''><div class='gallery-item-wrapper'>\n\t\t\t\t<dt class='gallery-icon portrait'>\n\t\t\t\t\t<a href='https:\/\/www.artstone.com.pl\/wp-content\/uploads\/2018\/12\/Rzezba-Marmur1.jpg'><img loading=\"lazy\" decoding=\"async\" width=\"300\" height=\"300\" src=\"https:\/\/www.artstone.com.pl\/wp-content\/uploads\/2018\/12\/Rzezba-Marmur1-300x300.jpg\" class=\"attachment-thumbnail size-thumbnail\" alt=\"\" srcset=\"https:\/\/www.artstone.com.pl\/wp-content\/uploads\/2018\/12\/Rzezba-Marmur1-300x300.jpg 300w, https:\/\/www.artstone.com.pl\/wp-content\/uploads\/2018\/12\/Rzezba-Marmur1-85x85.jpg 85w, https:\/\/www.artstone.com.pl\/wp-content\/uploads\/2018\/12\/Rzezba-Marmur1-80x80.jpg 80w, https:\/\/www.artstone.com.pl\/wp-content\/uploads\/2018\/12\/Rzezba-Marmur1-150x150.jpg 150w\" sizes=\"auto, (max-width:767px) 300px, 300px\" \/><\/a>\n\t\t\t\t<\/dt><\/div><\/dl><dl class='gallery-item'  data-title='Rzezba-Marmur2' data-description=''><div class='gallery-item-wrapper'>\n\t\t\t\t<dt class='gallery-icon portrait'>\n\t\t\t\t\t<a href='https:\/\/www.artstone.com.pl\/wp-content\/uploads\/2018\/12\/Rzezba-Marmur2.jpg'><img loading=\"lazy\" decoding=\"async\" width=\"243\" height=\"300\" src=\"https:\/\/www.artstone.com.pl\/wp-content\/uploads\/2018\/12\/Rzezba-Marmur2-243x300.jpg\" class=\"attachment-thumbnail size-thumbnail\" alt=\"\" \/><\/a>\n\t\t\t\t<\/dt><\/div><\/dl><dl class='gallery-item'  data-title='Rzezba-Marmur3' data-description=''><div class='gallery-item-wrapper'>\n\t\t\t\t<dt class='gallery-icon portrait'>\n\t\t\t\t\t<a href='https:\/\/www.artstone.com.pl\/wp-content\/uploads\/2018\/12\/Rzezba-Marmur3.jpg'><img loading=\"lazy\" decoding=\"async\" width=\"188\" height=\"297\" src=\"https:\/\/www.artstone.com.pl\/wp-content\/uploads\/2018\/12\/Rzezba-Marmur3.jpg\" class=\"attachment-thumbnail size-thumbnail\" alt=\"\" srcset=\"https:\/\/www.artstone.com.pl\/wp-content\/uploads\/2018\/12\/Rzezba-Marmur3.jpg 188w, https:\/\/www.artstone.com.pl\/wp-content\/uploads\/2018\/12\/Rzezba-Marmur3-92x146.jpg 92w, https:\/\/www.artstone.com.pl\/wp-content\/uploads\/2018\/12\/Rzezba-Marmur3-32x50.jpg 32w, https:\/\/www.artstone.com.pl\/wp-content\/uploads\/2018\/12\/Rzezba-Marmur3-47x75.jpg 47w\" sizes=\"auto, (max-width:767px) 188px, 188px\" \/><\/a>\n\t\t\t\t<\/dt><\/div><\/dl><br style=\"clear: both\" \/><dl class='gallery-item'  data-title='rzezba-piaskowiec' data-description=''><div class='gallery-item-wrapper'>\n\t\t\t\t<dt class='gallery-icon portrait'>\n\t\t\t\t\t<a href='https:\/\/www.artstone.com.pl\/wp-content\/uploads\/2018\/12\/rzezba-piaskowiec.jpg'><img loading=\"lazy\" decoding=\"async\" width=\"255\" height=\"300\" src=\"https:\/\/www.artstone.com.pl\/wp-content\/uploads\/2018\/12\/rzezba-piaskowiec-255x300.jpg\" class=\"attachment-thumbnail size-thumbnail\" alt=\"\" \/><\/a>\n\t\t\t\t<\/dt><\/div><\/dl><dl class='gallery-item'  data-title='Rzezba-Piaskowiec1' data-description=''><div class='gallery-item-wrapper'>\n\t\t\t\t<dt class='gallery-icon landscape'>\n\t\t\t\t\t<a href='https:\/\/www.artstone.com.pl\/wp-content\/uploads\/2018\/12\/Rzezba-Piaskowiec1.jpg'><img loading=\"lazy\" decoding=\"async\" width=\"300\" height=\"300\" src=\"https:\/\/www.artstone.com.pl\/wp-content\/uploads\/2018\/12\/Rzezba-Piaskowiec1-300x300.jpg\" class=\"attachment-thumbnail size-thumbnail\" alt=\"\" srcset=\"https:\/\/www.artstone.com.pl\/wp-content\/uploads\/2018\/12\/Rzezba-Piaskowiec1-300x300.jpg 300w, https:\/\/www.artstone.com.pl\/wp-content\/uploads\/2018\/12\/Rzezba-Piaskowiec1-85x85.jpg 85w, https:\/\/www.artstone.com.pl\/wp-content\/uploads\/2018\/12\/Rzezba-Piaskowiec1-80x80.jpg 80w, https:\/\/www.artstone.com.pl\/wp-content\/uploads\/2018\/12\/Rzezba-Piaskowiec1-150x150.jpg 150w\" sizes=\"auto, (max-width:767px) 300px, 300px\" \/><\/a>\n\t\t\t\t<\/dt><\/div><\/dl>\n\t\t\t\t<br style='clear: both' \/>\n\t\t\t<\/div>\n\n","protected":false},"excerpt":{"rendered":"<p>Rze\u017aba znajduj\u0105ca si\u0119 we wn\u0119trzu domu lub stoj\u0105ca w ogrodzie, to bez w\u0105tpienia oznaka presti\u017cu i dobrego smaku gospodarza.Jako element dekoracyjny\u00a0 podkre\u015bla charakter otaczaj\u0105cej j\u0105 przestrzeni.Jeste\u015bmy<span class=\"excerpt-hellip\"> [\u2026]<\/span><\/p>\n","protected":false},"author":242,"featured_media":0,"parent":12109,"menu_order":3,"comment_status":"closed","ping_status":"closed","template":"","meta":{"footnotes":""},"class_list":["post-12138","page","type-page","status-publish","hentry"],"_links":{"self":[{"href":"https:\/\/www.artstone.com.pl\/pl\/wp-json\/wp\/v2\/pages\/12138","targetHints":{"allow":["GET"]}}],"collection":[{"href":"https:\/\/www.artstone.com.pl\/pl\/wp-json\/wp\/v2\/pages"}],"about":[{"href":"https:\/\/www.artstone.com.pl\/pl\/wp-json\/wp\/v2\/types\/page"}],"author":[{"embeddable":true,"href":"https:\/\/www.artstone.com.pl\/pl\/wp-json\/wp\/v2\/users\/242"}],"replies":[{"embeddable":true,"href":"https:\/\/www.artstone.com.pl\/pl\/wp-json\/wp\/v2\/comments?post=12138"}],"version-history":[{"count":0,"href":"https:\/\/www.artstone.com.pl\/pl\/wp-json\/wp\/v2\/pages\/12138\/revisions"}],"up":[{"embeddable":true,"href":"https:\/\/www.artstone.com.pl\/pl\/wp-json\/wp\/v2\/pages\/12109"}],"wp:attachment":[{"href":"https:\/\/www.artstone.com.pl\/pl\/wp-json\/wp\/v2\/media?parent=12138"}],"curies":[{"name":"wp","href":"https:\/\/api.w.org\/{rel}","templated":true}]}}