{"id":12141,"date":"2012-01-04T13:19:02","date_gmt":"2012-01-04T12:19:02","guid":{"rendered":"http:\/\/www.kamulec.pl\/brodziki\/"},"modified":"2018-12-14T09:05:18","modified_gmt":"2018-12-14T08:05:18","slug":"brodziki","status":"publish","type":"page","link":"https:\/\/www.artstone.com.pl\/pl\/elementy-wnetrza\/brodziki.html","title":{"rendered":"Brodziki"},"content":{"rendered":"<p style=\"text-align: justify;\"><img loading=\"lazy\" decoding=\"async\" class=\" alignleft size-full wp-image-12139\" src=\"https:\/\/www.artstone.com.pl\/wp-content\/uploads\/2012\/01\/granite-shower-tray.jpg\" border=\"0\" alt=\"Brodziki\" title=\"Brodziki\" width=\"237\" height=\"182\" style=\"float: left; margin: 5px 10px; border: 1px solid white;\" srcset=\"https:\/\/www.artstone.com.pl\/wp-content\/uploads\/2012\/01\/granite-shower-tray.jpg 300w, https:\/\/www.artstone.com.pl\/wp-content\/uploads\/2012\/01\/granite-shower-tray-191x146.jpg 191w, https:\/\/www.artstone.com.pl\/wp-content\/uploads\/2012\/01\/granite-shower-tray-50x38.jpg 50w, https:\/\/www.artstone.com.pl\/wp-content\/uploads\/2012\/01\/granite-shower-tray-98x75.jpg 98w\" sizes=\"auto, (max-width:767px) 237px, 237px\" \/> \u00a0\u00a0\u00a0\u00a0\u00a0\u00a0\u00a0\u00a0Brodziki wykonane z kamienia\u00a0 s\u0105 znacznie trwalsze ni\u017c brodziki wykonane z innych materia\u0142\u00f3w. Dzi\u0119ki porowatej powierzchni s\u0105 one bezpieczniejsze dla korzystaj\u0105cej z nich osoby, poniewa\u017c nawet mokra powierzchnia brodzika nie nara\u017ca nas na po\u015blizg. Brodzik wykonany z kamienia potrafi wa\u017cy\u0107 ponad 30kg.<\/p>\n<p style=\"text-align: justify;\">W naszej ofercie posiadamy brodziki granitowe oraz brodziki marmurowe.<\/p>\n<p><\/p>\n<p style=\"text-align: center;\"><a href=\"\/pl\/kontakt.html\" class=\"readon\"><span>Masz pytanie? Zadzwo\u0144 lub napisz do nas >><\/span><\/a><\/p>\n<p style=\"text-align: justify;\">\n<h3>Brodziki<\/h3>\n\n\t\t\t<style type='text\/css'>\n\t\t\t\t#sc_gallery-1 {\n\t\t\t\t\tmargin: auto;\n\t\t\t\t}\n\t\t\t\t#sc_gallery-1 .gallery-item {\n\t\t\t\t\tfloat: left;\n\t\t\t\t\ttext-align: center;\n\t\t\t\t\twidth: 19.99%;\n\t\t\t\t}\n\t\t\t\t#sc_gallery-1 img {\n\t\t\t\t\tborder: 2px solid #cfcfcf;\n\t\t\t\t}\n\t\t\t\t\/* see sc_gallery() in functions\/theme-shortcodes.php *\/\n\t\t\t<\/style>\n\t\t<div id='sc_gallery-1' class='gallery galleryid-12141 gallery-columns-5 gallery-size-thumbnail file element_classes gallery-default'><dl class='gallery-item'  data-title='Brodzik granitowy' data-description=''><div class='gallery-item-wrapper'>\n\t\t\t\t<dt class='gallery-icon landscape'>\n\t\t\t\t\t<a href='https:\/\/www.artstone.com.pl\/wp-content\/uploads\/2018\/12\/Brodzik-granitowy.jpg'><img loading=\"lazy\" decoding=\"async\" width=\"300\" height=\"225\" src=\"https:\/\/www.artstone.com.pl\/wp-content\/uploads\/2018\/12\/Brodzik-granitowy-300x225.jpg\" class=\"attachment-thumbnail size-thumbnail\" alt=\"\" srcset=\"https:\/\/www.artstone.com.pl\/wp-content\/uploads\/2018\/12\/Brodzik-granitowy.jpg 300w, https:\/\/www.artstone.com.pl\/wp-content\/uploads\/2018\/12\/Brodzik-granitowy-195x146.jpg 195w, https:\/\/www.artstone.com.pl\/wp-content\/uploads\/2018\/12\/Brodzik-granitowy-50x38.jpg 50w, https:\/\/www.artstone.com.pl\/wp-content\/uploads\/2018\/12\/Brodzik-granitowy-100x75.jpg 100w\" sizes=\"auto, (max-width:767px) 300px, 300px\" \/><\/a>\n\t\t\t\t<\/dt><\/div><\/dl><dl class='gallery-item'  data-title='BrodzikZblokuMarmuru01' data-description=''><div class='gallery-item-wrapper'>\n\t\t\t\t<dt class='gallery-icon landscape'>\n\t\t\t\t\t<a href='https:\/\/www.artstone.com.pl\/wp-content\/uploads\/2018\/12\/BrodzikZblokuMarmuru01.jpg'><img loading=\"lazy\" decoding=\"async\" width=\"300\" height=\"250\" src=\"https:\/\/www.artstone.com.pl\/wp-content\/uploads\/2018\/12\/BrodzikZblokuMarmuru01-300x250.jpg\" class=\"attachment-thumbnail size-thumbnail\" alt=\"\" \/><\/a>\n\t\t\t\t<\/dt><\/div><\/dl><dl class='gallery-item'  data-title='BrodzikZblokuMarmuru02' data-description=''><div class='gallery-item-wrapper'>\n\t\t\t\t<dt class='gallery-icon landscape'>\n\t\t\t\t\t<a href='https:\/\/www.artstone.com.pl\/wp-content\/uploads\/2018\/12\/BrodzikZblokuMarmuru02.jpg'><img loading=\"lazy\" decoding=\"async\" width=\"300\" height=\"300\" src=\"https:\/\/www.artstone.com.pl\/wp-content\/uploads\/2018\/12\/BrodzikZblokuMarmuru02-300x300.jpg\" class=\"attachment-thumbnail size-thumbnail\" alt=\"\" srcset=\"https:\/\/www.artstone.com.pl\/wp-content\/uploads\/2018\/12\/BrodzikZblokuMarmuru02-300x300.jpg 300w, https:\/\/www.artstone.com.pl\/wp-content\/uploads\/2018\/12\/BrodzikZblokuMarmuru02-85x85.jpg 85w, https:\/\/www.artstone.com.pl\/wp-content\/uploads\/2018\/12\/BrodzikZblokuMarmuru02-80x80.jpg 80w, https:\/\/www.artstone.com.pl\/wp-content\/uploads\/2018\/12\/BrodzikZblokuMarmuru02-150x150.jpg 150w\" sizes=\"auto, (max-width:767px) 300px, 300px\" \/><\/a>\n\t\t\t\t<\/dt><\/div><\/dl><dl class='gallery-item'  data-title='BrodzikZblokuPiaskowca' data-description=''><div class='gallery-item-wrapper'>\n\t\t\t\t<dt class='gallery-icon landscape'>\n\t\t\t\t\t<a href='https:\/\/www.artstone.com.pl\/wp-content\/uploads\/2018\/12\/BrodzikZblokuPiaskowca.jpg'><img loading=\"lazy\" decoding=\"async\" width=\"300\" height=\"300\" src=\"https:\/\/www.artstone.com.pl\/wp-content\/uploads\/2018\/12\/BrodzikZblokuPiaskowca-300x300.jpg\" class=\"attachment-thumbnail size-thumbnail\" alt=\"\" srcset=\"https:\/\/www.artstone.com.pl\/wp-content\/uploads\/2018\/12\/BrodzikZblokuPiaskowca-300x300.jpg 300w, https:\/\/www.artstone.com.pl\/wp-content\/uploads\/2018\/12\/BrodzikZblokuPiaskowca-85x85.jpg 85w, https:\/\/www.artstone.com.pl\/wp-content\/uploads\/2018\/12\/BrodzikZblokuPiaskowca-80x80.jpg 80w, https:\/\/www.artstone.com.pl\/wp-content\/uploads\/2018\/12\/BrodzikZblokuPiaskowca-150x150.jpg 150w\" sizes=\"auto, (max-width:767px) 300px, 300px\" \/><\/a>\n\t\t\t\t<\/dt><\/div><\/dl><dl class='gallery-item'  data-title='Granite shower tray' data-description=''><div class='gallery-item-wrapper'>\n\t\t\t\t<dt class='gallery-icon landscape'>\n\t\t\t\t\t<a href='https:\/\/www.artstone.com.pl\/wp-content\/uploads\/2018\/12\/Granite-shower-tray.jpg'><img loading=\"lazy\" decoding=\"async\" width=\"300\" height=\"229\" src=\"https:\/\/www.artstone.com.pl\/wp-content\/uploads\/2018\/12\/Granite-shower-tray-300x229.jpg\" class=\"attachment-thumbnail size-thumbnail\" alt=\"\" srcset=\"https:\/\/www.artstone.com.pl\/wp-content\/uploads\/2018\/12\/Granite-shower-tray.jpg 300w, https:\/\/www.artstone.com.pl\/wp-content\/uploads\/2018\/12\/Granite-shower-tray-191x146.jpg 191w, https:\/\/www.artstone.com.pl\/wp-content\/uploads\/2018\/12\/Granite-shower-tray-50x38.jpg 50w, https:\/\/www.artstone.com.pl\/wp-content\/uploads\/2018\/12\/Granite-shower-tray-98x75.jpg 98w\" sizes=\"auto, (max-width:767px) 300px, 300px\" \/><\/a>\n\t\t\t\t<\/dt><\/div><\/dl><br style=\"clear: both\" \/><dl class='gallery-item'  data-title='Granite Shower Tray1' data-description=''><div class='gallery-item-wrapper'>\n\t\t\t\t<dt class='gallery-icon landscape'>\n\t\t\t\t\t<a href='https:\/\/www.artstone.com.pl\/wp-content\/uploads\/2018\/12\/Granite-Shower-Tray1.jpg'><img loading=\"lazy\" decoding=\"async\" width=\"300\" height=\"170\" src=\"https:\/\/www.artstone.com.pl\/wp-content\/uploads\/2018\/12\/Granite-Shower-Tray1-300x170.jpg\" class=\"attachment-thumbnail size-thumbnail\" alt=\"\" srcset=\"https:\/\/www.artstone.com.pl\/wp-content\/uploads\/2018\/12\/Granite-Shower-Tray1.jpg 300w, https:\/\/www.artstone.com.pl\/wp-content\/uploads\/2018\/12\/Granite-Shower-Tray1-258x146.jpg 258w, https:\/\/www.artstone.com.pl\/wp-content\/uploads\/2018\/12\/Granite-Shower-Tray1-50x28.jpg 50w, https:\/\/www.artstone.com.pl\/wp-content\/uploads\/2018\/12\/Granite-Shower-Tray1-132x75.jpg 132w\" sizes=\"auto, (max-width:767px) 300px, 300px\" \/><\/a>\n\t\t\t\t<\/dt><\/div><\/dl>\n\t\t\t\t<br style='clear: both' \/>\n\t\t\t<\/div>\n\n","protected":false},"excerpt":{"rendered":"<p>\u00a0\u00a0\u00a0\u00a0\u00a0\u00a0\u00a0\u00a0Brodziki wykonane z kamienia\u00a0 s\u0105 znacznie trwalsze ni\u017c brodziki wykonane z innych materia\u0142\u00f3w. Dzi\u0119ki porowatej powierzchni s\u0105 one bezpieczniejsze dla korzystaj\u0105cej z nich osoby, poniewa\u017c nawet<span class=\"excerpt-hellip\"> [\u2026]<\/span><\/p>\n","protected":false},"author":242,"featured_media":0,"parent":16934,"menu_order":0,"comment_status":"closed","ping_status":"closed","template":"","meta":{"footnotes":""},"class_list":["post-12141","page","type-page","status-publish","hentry"],"_links":{"self":[{"href":"https:\/\/www.artstone.com.pl\/pl\/wp-json\/wp\/v2\/pages\/12141","targetHints":{"allow":["GET"]}}],"collection":[{"href":"https:\/\/www.artstone.com.pl\/pl\/wp-json\/wp\/v2\/pages"}],"about":[{"href":"https:\/\/www.artstone.com.pl\/pl\/wp-json\/wp\/v2\/types\/page"}],"author":[{"embeddable":true,"href":"https:\/\/www.artstone.com.pl\/pl\/wp-json\/wp\/v2\/users\/242"}],"replies":[{"embeddable":true,"href":"https:\/\/www.artstone.com.pl\/pl\/wp-json\/wp\/v2\/comments?post=12141"}],"version-history":[{"count":0,"href":"https:\/\/www.artstone.com.pl\/pl\/wp-json\/wp\/v2\/pages\/12141\/revisions"}],"up":[{"embeddable":true,"href":"https:\/\/www.artstone.com.pl\/pl\/wp-json\/wp\/v2\/pages\/16934"}],"wp:attachment":[{"href":"https:\/\/www.artstone.com.pl\/pl\/wp-json\/wp\/v2\/media?parent=12141"}],"curies":[{"name":"wp","href":"https:\/\/api.w.org\/{rel}","templated":true}]}}