{"id":12144,"date":"2012-01-05T13:26:42","date_gmt":"2012-01-05T12:26:42","guid":{"rendered":"http:\/\/www.kamulec.pl\/fontanny\/"},"modified":"2018-12-14T09:12:16","modified_gmt":"2018-12-14T08:12:16","slug":"fontanny","status":"publish","type":"page","link":"https:\/\/www.artstone.com.pl\/pl\/zewnetrzne-elementy-domu\/fontanny.html","title":{"rendered":"Fontanny"},"content":{"rendered":"<p style=\"text-align: justify;\">\u00a0\u00a0\u00a0\u00a0F<img loading=\"lazy\" decoding=\"async\" class=\" alignleft size-full wp-image-12142\" src=\"https:\/\/www.artstone.com.pl\/wp-content\/uploads\/2012\/01\/fontannagranitowa01.jpg\" border=\"0\" alt=\"fontanny granitowe\" title=\"fontanny granitowe\" width=\"253\" height=\"163\" style=\"float: left; margin: 5px 10px; border: 1px solid white;\" srcset=\"https:\/\/www.artstone.com.pl\/wp-content\/uploads\/2012\/01\/fontannagranitowa01.jpg 400w, https:\/\/www.artstone.com.pl\/wp-content\/uploads\/2012\/01\/fontannagranitowa01-226x146.jpg 226w, https:\/\/www.artstone.com.pl\/wp-content\/uploads\/2012\/01\/fontannagranitowa01-50x32.jpg 50w, https:\/\/www.artstone.com.pl\/wp-content\/uploads\/2012\/01\/fontannagranitowa01-116x75.jpg 116w, https:\/\/www.artstone.com.pl\/wp-content\/uploads\/2012\/01\/fontannagranitowa01-300x194.jpg 300w\" sizes=\"auto, (max-width:767px) 253px, 253px\" \/>ontanny, podobnie jak rze\u017aby s\u0105 znakomit\u0105 ozdob\u0105 niejednego ogrodu. Na \u017cyczenie naszych klient\u00f3w wykonujemy fontanny o bardzo r\u00f3\u017cnych kszta\u0142tach. Najcz\u0119\u015bciej s\u0105 to fontanny w kszta\u0142cie tradycyjnych rze\u017ab, kolumn lub oczek wodnych. Bardzo ciekaw\u0105 form\u0105 jest fontanna w kszta\u0142cie kamiennej kuli znajduj\u0105cej si\u0119 na betonowej podstawie. Kula jest nieustannie oblewana wod\u0105, kt\u00f3ra wydobywa si\u0119 z podstawy. Dzi\u0119ki temu kula mo\u017ce si\u0119 swobodnie porusza\u0107.<br \/>Materia\u0142em najlepszym na wykonanie fontanny jest granit. W przypadku fontann znajduj\u0105cych si\u0119 we wn\u0119trzu budynk\u00f3w mo\u017cemy wykorzysta\u0107 tak\u017ce onyks.<\/p>\n<p style=\"text-align: justify;\">\u00a0\u00a0\u00a0\u00a0\u00a0 Fontanny wykonujemy na zam\u00f3wienie, w oparciu o przedstawiony projekt.<\/p>\n<p> <br ><\/p>\n<p style=\"text-align: center;\"><a href=\"\/pl\/kontakt.html\" class=\"readon\"><span>Masz pytanie? Zadzwo\u0144 lub napisz do nas >><\/span><\/a><\/p>\n<h3>Fontanny<\/h3>\n\n\t\t\t<style type='text\/css'>\n\t\t\t\t#sc_gallery-1 {\n\t\t\t\t\tmargin: auto;\n\t\t\t\t}\n\t\t\t\t#sc_gallery-1 .gallery-item {\n\t\t\t\t\tfloat: left;\n\t\t\t\t\ttext-align: center;\n\t\t\t\t\twidth: 19.99%;\n\t\t\t\t}\n\t\t\t\t#sc_gallery-1 img {\n\t\t\t\t\tborder: 2px solid #cfcfcf;\n\t\t\t\t}\n\t\t\t\t\/* see sc_gallery() in functions\/theme-shortcodes.php *\/\n\t\t\t<\/style>\n\t\t<div id='sc_gallery-1' class='gallery galleryid-12144 gallery-columns-5 gallery-size-thumbnail file element_classes gallery-default'><dl class='gallery-item'  data-title='fontanna budda z rybka' data-description=''><div class='gallery-item-wrapper'>\n\t\t\t\t<dt class='gallery-icon landscape'>\n\t\t\t\t\t<a href='https:\/\/www.artstone.com.pl\/wp-content\/uploads\/2018\/12\/fontanna-budda-z-rybka.jpg'><img loading=\"lazy\" decoding=\"async\" width=\"300\" height=\"233\" src=\"https:\/\/www.artstone.com.pl\/wp-content\/uploads\/2018\/12\/fontanna-budda-z-rybka-300x233.jpg\" class=\"attachment-thumbnail size-thumbnail\" alt=\"\" srcset=\"https:\/\/www.artstone.com.pl\/wp-content\/uploads\/2018\/12\/fontanna-budda-z-rybka.jpg 300w, https:\/\/www.artstone.com.pl\/wp-content\/uploads\/2018\/12\/fontanna-budda-z-rybka-188x146.jpg 188w, https:\/\/www.artstone.com.pl\/wp-content\/uploads\/2018\/12\/fontanna-budda-z-rybka-50x39.jpg 50w, https:\/\/www.artstone.com.pl\/wp-content\/uploads\/2018\/12\/fontanna-budda-z-rybka-97x75.jpg 97w\" sizes=\"auto, (max-width:767px) 300px, 300px\" \/><\/a>\n\t\t\t\t<\/dt><\/div><\/dl><dl class='gallery-item'  data-title='fontanna na animalach' data-description=''><div class='gallery-item-wrapper'>\n\t\t\t\t<dt class='gallery-icon landscape'>\n\t\t\t\t\t<a href='https:\/\/www.artstone.com.pl\/wp-content\/uploads\/2018\/12\/fontanna-na-animalach.jpg'><img loading=\"lazy\" decoding=\"async\" width=\"300\" height=\"210\" src=\"https:\/\/www.artstone.com.pl\/wp-content\/uploads\/2018\/12\/fontanna-na-animalach-300x210.jpg\" class=\"attachment-thumbnail size-thumbnail\" alt=\"\" srcset=\"https:\/\/www.artstone.com.pl\/wp-content\/uploads\/2018\/12\/fontanna-na-animalach.jpg 300w, https:\/\/www.artstone.com.pl\/wp-content\/uploads\/2018\/12\/fontanna-na-animalach-209x146.jpg 209w, https:\/\/www.artstone.com.pl\/wp-content\/uploads\/2018\/12\/fontanna-na-animalach-50x35.jpg 50w, https:\/\/www.artstone.com.pl\/wp-content\/uploads\/2018\/12\/fontanna-na-animalach-107x75.jpg 107w\" sizes=\"auto, (max-width:767px) 300px, 300px\" \/><\/a>\n\t\t\t\t<\/dt><\/div><\/dl><dl class='gallery-item'  data-title='fontanna pietrowa' data-description=''><div class='gallery-item-wrapper'>\n\t\t\t\t<dt class='gallery-icon portrait'>\n\t\t\t\t\t<a href='https:\/\/www.artstone.com.pl\/wp-content\/uploads\/2018\/12\/fontanna-pietrowa.jpg'><img loading=\"lazy\" decoding=\"async\" width=\"192\" height=\"300\" src=\"https:\/\/www.artstone.com.pl\/wp-content\/uploads\/2018\/12\/fontanna-pietrowa-192x300.jpg\" class=\"attachment-thumbnail size-thumbnail\" alt=\"\" srcset=\"https:\/\/www.artstone.com.pl\/wp-content\/uploads\/2018\/12\/fontanna-pietrowa.jpg 192w, https:\/\/www.artstone.com.pl\/wp-content\/uploads\/2018\/12\/fontanna-pietrowa-93x146.jpg 93w, https:\/\/www.artstone.com.pl\/wp-content\/uploads\/2018\/12\/fontanna-pietrowa-32x50.jpg 32w, https:\/\/www.artstone.com.pl\/wp-content\/uploads\/2018\/12\/fontanna-pietrowa-48x75.jpg 48w\" sizes=\"auto, (max-width:767px) 192px, 192px\" \/><\/a>\n\t\t\t\t<\/dt><\/div><\/dl><dl class='gallery-item'  data-title='fontanna rzymska i donice z trawertynu' data-description=''><div class='gallery-item-wrapper'>\n\t\t\t\t<dt class='gallery-icon portrait'>\n\t\t\t\t\t<a href='https:\/\/www.artstone.com.pl\/wp-content\/uploads\/2018\/12\/fontanna-rzymska-i-donice-z-trawertynu.jpg'><img loading=\"lazy\" decoding=\"async\" width=\"134\" height=\"300\" src=\"https:\/\/www.artstone.com.pl\/wp-content\/uploads\/2018\/12\/fontanna-rzymska-i-donice-z-trawertynu-134x300.jpg\" class=\"attachment-thumbnail size-thumbnail\" alt=\"\" srcset=\"https:\/\/www.artstone.com.pl\/wp-content\/uploads\/2018\/12\/fontanna-rzymska-i-donice-z-trawertynu.jpg 134w, https:\/\/www.artstone.com.pl\/wp-content\/uploads\/2018\/12\/fontanna-rzymska-i-donice-z-trawertynu-65x146.jpg 65w, https:\/\/www.artstone.com.pl\/wp-content\/uploads\/2018\/12\/fontanna-rzymska-i-donice-z-trawertynu-22x50.jpg 22w, https:\/\/www.artstone.com.pl\/wp-content\/uploads\/2018\/12\/fontanna-rzymska-i-donice-z-trawertynu-34x75.jpg 34w\" sizes=\"auto, (max-width:767px) 134px, 134px\" \/><\/a>\n\t\t\t\t<\/dt><\/div><\/dl><dl class='gallery-item'  data-title='fontanna rzymska z trawertynu2' data-description=''><div class='gallery-item-wrapper'>\n\t\t\t\t<dt class='gallery-icon portrait'>\n\t\t\t\t\t<a href='https:\/\/www.artstone.com.pl\/wp-content\/uploads\/2018\/12\/fontanna-rzymska-z-trawertynu2.jpg'><img loading=\"lazy\" decoding=\"async\" width=\"148\" height=\"300\" src=\"https:\/\/www.artstone.com.pl\/wp-content\/uploads\/2018\/12\/fontanna-rzymska-z-trawertynu2-148x300.jpg\" class=\"attachment-thumbnail size-thumbnail\" alt=\"\" srcset=\"https:\/\/www.artstone.com.pl\/wp-content\/uploads\/2018\/12\/fontanna-rzymska-z-trawertynu2.jpg 148w, https:\/\/www.artstone.com.pl\/wp-content\/uploads\/2018\/12\/fontanna-rzymska-z-trawertynu2-72x146.jpg 72w, https:\/\/www.artstone.com.pl\/wp-content\/uploads\/2018\/12\/fontanna-rzymska-z-trawertynu2-25x50.jpg 25w, https:\/\/www.artstone.com.pl\/wp-content\/uploads\/2018\/12\/fontanna-rzymska-z-trawertynu2-37x75.jpg 37w\" sizes=\"auto, (max-width:767px) 148px, 148px\" \/><\/a>\n\t\t\t\t<\/dt><\/div><\/dl><br style=\"clear: both\" \/><dl class='gallery-item'  data-title='FontannaGranitowa01' data-description=''><div class='gallery-item-wrapper'>\n\t\t\t\t<dt class='gallery-icon landscape'>\n\t\t\t\t\t<a href='https:\/\/www.artstone.com.pl\/wp-content\/uploads\/2018\/12\/FontannaGranitowa01.jpg'><img loading=\"lazy\" decoding=\"async\" width=\"300\" height=\"258\" src=\"https:\/\/www.artstone.com.pl\/wp-content\/uploads\/2018\/12\/FontannaGranitowa01-300x258.jpg\" class=\"attachment-thumbnail size-thumbnail\" alt=\"\" \/><\/a>\n\t\t\t\t<\/dt><\/div><\/dl><dl class='gallery-item'  data-title='FontannaGranitowa02' data-description=''><div class='gallery-item-wrapper'>\n\t\t\t\t<dt class='gallery-icon portrait'>\n\t\t\t\t\t<a href='https:\/\/www.artstone.com.pl\/wp-content\/uploads\/2018\/12\/FontannaGranitowa02.jpg'><img loading=\"lazy\" decoding=\"async\" width=\"300\" height=\"300\" src=\"https:\/\/www.artstone.com.pl\/wp-content\/uploads\/2018\/12\/FontannaGranitowa02-300x300.jpg\" class=\"attachment-thumbnail size-thumbnail\" alt=\"\" srcset=\"https:\/\/www.artstone.com.pl\/wp-content\/uploads\/2018\/12\/FontannaGranitowa02-300x300.jpg 300w, https:\/\/www.artstone.com.pl\/wp-content\/uploads\/2018\/12\/FontannaGranitowa02-85x85.jpg 85w, https:\/\/www.artstone.com.pl\/wp-content\/uploads\/2018\/12\/FontannaGranitowa02-80x80.jpg 80w, https:\/\/www.artstone.com.pl\/wp-content\/uploads\/2018\/12\/FontannaGranitowa02-150x150.jpg 150w\" sizes=\"auto, (max-width:767px) 300px, 300px\" \/><\/a>\n\t\t\t\t<\/dt><\/div><\/dl><dl class='gallery-item'  data-title='FontannaGranitowa03' data-description=''><div class='gallery-item-wrapper'>\n\t\t\t\t<dt class='gallery-icon portrait'>\n\t\t\t\t\t<a href='https:\/\/www.artstone.com.pl\/wp-content\/uploads\/2018\/12\/FontannaGranitowa03.jpg'><img loading=\"lazy\" decoding=\"async\" width=\"300\" height=\"300\" src=\"https:\/\/www.artstone.com.pl\/wp-content\/uploads\/2018\/12\/FontannaGranitowa03-300x300.jpg\" class=\"attachment-thumbnail size-thumbnail\" alt=\"\" srcset=\"https:\/\/www.artstone.com.pl\/wp-content\/uploads\/2018\/12\/FontannaGranitowa03-300x300.jpg 300w, https:\/\/www.artstone.com.pl\/wp-content\/uploads\/2018\/12\/FontannaGranitowa03-85x85.jpg 85w, https:\/\/www.artstone.com.pl\/wp-content\/uploads\/2018\/12\/FontannaGranitowa03-80x80.jpg 80w, https:\/\/www.artstone.com.pl\/wp-content\/uploads\/2018\/12\/FontannaGranitowa03-150x150.jpg 150w\" sizes=\"auto, (max-width:767px) 300px, 300px\" \/><\/a>\n\t\t\t\t<\/dt><\/div><\/dl><dl class='gallery-item'  data-title='FontannaGranitowa04' data-description=''><div class='gallery-item-wrapper'>\n\t\t\t\t<dt class='gallery-icon landscape'>\n\t\t\t\t\t<a href='https:\/\/www.artstone.com.pl\/wp-content\/uploads\/2018\/12\/FontannaGranitowa04.jpg'><img loading=\"lazy\" decoding=\"async\" width=\"300\" height=\"233\" src=\"https:\/\/www.artstone.com.pl\/wp-content\/uploads\/2018\/12\/FontannaGranitowa04-300x233.jpg\" class=\"attachment-thumbnail size-thumbnail\" alt=\"\" srcset=\"https:\/\/www.artstone.com.pl\/wp-content\/uploads\/2018\/12\/FontannaGranitowa04.jpg 300w, https:\/\/www.artstone.com.pl\/wp-content\/uploads\/2018\/12\/FontannaGranitowa04-188x146.jpg 188w, https:\/\/www.artstone.com.pl\/wp-content\/uploads\/2018\/12\/FontannaGranitowa04-50x39.jpg 50w, https:\/\/www.artstone.com.pl\/wp-content\/uploads\/2018\/12\/FontannaGranitowa04-97x75.jpg 97w\" sizes=\"auto, (max-width:767px) 300px, 300px\" \/><\/a>\n\t\t\t\t<\/dt><\/div><\/dl><dl class='gallery-item'  data-title='FontannaGranitowa05' data-description=''><div class='gallery-item-wrapper'>\n\t\t\t\t<dt class='gallery-icon portrait'>\n\t\t\t\t\t<a href='https:\/\/www.artstone.com.pl\/wp-content\/uploads\/2018\/12\/FontannaGranitowa05.jpg'><img loading=\"lazy\" decoding=\"async\" width=\"300\" height=\"300\" src=\"https:\/\/www.artstone.com.pl\/wp-content\/uploads\/2018\/12\/FontannaGranitowa05-300x300.jpg\" class=\"attachment-thumbnail size-thumbnail\" alt=\"\" srcset=\"https:\/\/www.artstone.com.pl\/wp-content\/uploads\/2018\/12\/FontannaGranitowa05-300x300.jpg 300w, https:\/\/www.artstone.com.pl\/wp-content\/uploads\/2018\/12\/FontannaGranitowa05-85x85.jpg 85w, https:\/\/www.artstone.com.pl\/wp-content\/uploads\/2018\/12\/FontannaGranitowa05-80x80.jpg 80w, https:\/\/www.artstone.com.pl\/wp-content\/uploads\/2018\/12\/FontannaGranitowa05-150x150.jpg 150w\" sizes=\"auto, (max-width:767px) 300px, 300px\" \/><\/a>\n\t\t\t\t<\/dt><\/div><\/dl><br style=\"clear: both\" \/><dl class='gallery-item'  data-title='FontannaGranitowa06' data-description=''><div class='gallery-item-wrapper'>\n\t\t\t\t<dt class='gallery-icon portrait'>\n\t\t\t\t\t<a href='https:\/\/www.artstone.com.pl\/wp-content\/uploads\/2018\/12\/FontannaGranitowa06.jpg'><img loading=\"lazy\" decoding=\"async\" width=\"300\" height=\"300\" src=\"https:\/\/www.artstone.com.pl\/wp-content\/uploads\/2018\/12\/FontannaGranitowa06-300x300.jpg\" class=\"attachment-thumbnail size-thumbnail\" alt=\"\" srcset=\"https:\/\/www.artstone.com.pl\/wp-content\/uploads\/2018\/12\/FontannaGranitowa06-300x300.jpg 300w, https:\/\/www.artstone.com.pl\/wp-content\/uploads\/2018\/12\/FontannaGranitowa06-85x85.jpg 85w, https:\/\/www.artstone.com.pl\/wp-content\/uploads\/2018\/12\/FontannaGranitowa06-80x80.jpg 80w, https:\/\/www.artstone.com.pl\/wp-content\/uploads\/2018\/12\/FontannaGranitowa06-150x150.jpg 150w\" sizes=\"auto, (max-width:767px) 300px, 300px\" \/><\/a>\n\t\t\t\t<\/dt><\/div><\/dl><dl class='gallery-item'  data-title='FontannaGranitowa08' data-description=''><div class='gallery-item-wrapper'>\n\t\t\t\t<dt class='gallery-icon portrait'>\n\t\t\t\t\t<a href='https:\/\/www.artstone.com.pl\/wp-content\/uploads\/2018\/12\/FontannaGranitowa08.jpg'><img loading=\"lazy\" decoding=\"async\" width=\"183\" height=\"300\" src=\"https:\/\/www.artstone.com.pl\/wp-content\/uploads\/2018\/12\/FontannaGranitowa08-183x300.jpg\" class=\"attachment-thumbnail size-thumbnail\" alt=\"\" \/><\/a>\n\t\t\t\t<\/dt><\/div><\/dl>\n\t\t\t\t<br style='clear: both' \/>\n\t\t\t<\/div>\n\n","protected":false},"excerpt":{"rendered":"<p>\u00a0\u00a0\u00a0\u00a0Fontanny, podobnie jak rze\u017aby s\u0105 znakomit\u0105 ozdob\u0105 niejednego ogrodu. Na \u017cyczenie naszych klient\u00f3w wykonujemy fontanny o bardzo r\u00f3\u017cnych kszta\u0142tach. Najcz\u0119\u015bciej s\u0105 to fontanny w kszta\u0142cie tradycyjnych<span class=\"excerpt-hellip\"> [\u2026]<\/span><\/p>\n","protected":false},"author":242,"featured_media":0,"parent":12109,"menu_order":2,"comment_status":"closed","ping_status":"closed","template":"","meta":{"footnotes":""},"class_list":["post-12144","page","type-page","status-publish","hentry"],"_links":{"self":[{"href":"https:\/\/www.artstone.com.pl\/pl\/wp-json\/wp\/v2\/pages\/12144","targetHints":{"allow":["GET"]}}],"collection":[{"href":"https:\/\/www.artstone.com.pl\/pl\/wp-json\/wp\/v2\/pages"}],"about":[{"href":"https:\/\/www.artstone.com.pl\/pl\/wp-json\/wp\/v2\/types\/page"}],"author":[{"embeddable":true,"href":"https:\/\/www.artstone.com.pl\/pl\/wp-json\/wp\/v2\/users\/242"}],"replies":[{"embeddable":true,"href":"https:\/\/www.artstone.com.pl\/pl\/wp-json\/wp\/v2\/comments?post=12144"}],"version-history":[{"count":0,"href":"https:\/\/www.artstone.com.pl\/pl\/wp-json\/wp\/v2\/pages\/12144\/revisions"}],"up":[{"embeddable":true,"href":"https:\/\/www.artstone.com.pl\/pl\/wp-json\/wp\/v2\/pages\/12109"}],"wp:attachment":[{"href":"https:\/\/www.artstone.com.pl\/pl\/wp-json\/wp\/v2\/media?parent=12144"}],"curies":[{"name":"wp","href":"https:\/\/api.w.org\/{rel}","templated":true}]}}