{"id":12160,"date":"2012-09-25T10:55:55","date_gmt":"2012-09-25T08:55:55","guid":{"rendered":"http:\/\/www.kamulec.pl\/oferta-na-blaty\/"},"modified":"2018-12-14T10:06:31","modified_gmt":"2018-12-14T09:06:31","slug":"oferta-na-blaty","status":"publish","type":"page","link":"https:\/\/www.artstone.com.pl\/pl\/oferta-na-blaty.html","title":{"rendered":"Oferta na blaty"},"content":{"rendered":"<div align=\"center\">\n<table style=\"width: 600px; background-color: #fefefe; font-family: Helvetica, Arial, FreeSans, sans-serif; color: #333333;\" border=\"0\" cellspacing=\"0\" cellpadding=\"0\">\n<tbody>\n<tr style=\"height: 90px;\">\n<td style=\"border-top: 1px solid #e2e2e2; border-left: 1px solid #eee; border-right: 1px solid #eee;\"><a href=\"\/\" title=\"Artstone\"><img loading=\"lazy\" decoding=\"async\" class=\" size-full wp-image-12158\" src=\"https:\/\/www.artstone.com.pl\/wp-content\/uploads\/2012\/09\/logo.png\" border=\"0\" alt=\"Artstone\" title=\"Artstone\" style=\"border: 0;\" width=\"200\" height=\"90\" srcset=\"https:\/\/www.artstone.com.pl\/wp-content\/uploads\/2012\/09\/logo.png 200w, https:\/\/www.artstone.com.pl\/wp-content\/uploads\/2012\/09\/logo-50x23.png 50w, https:\/\/www.artstone.com.pl\/wp-content\/uploads\/2012\/09\/logo-150x68.png 150w\" sizes=\"auto, (max-width:767px) 200px, 200px\" \/><\/a><\/td>\n<\/tr>\n<tr style=\"height: 45px;\">\n<td>\n<table style=\"height: 45px; background-color: #f9f9f9; border: none; width: 600px; text-align: center; font-family: Helvetica,Arial,FreeSans,sans-serif; color: #333333;\" border=\"0\" cellspacing=\"0\" cellpadding=\"5px\">\n<tbody>\n<tr style=\"height: 45px;\">\n<td style=\"height: 45px; border-left: 1px solid #eee; border-top: 2px solid #e2e2e2; border-bottom: 2px solid #e2e2e2;\"><a href=\"https:\/\/www.artstone.com.pl\/pl\/materialy\/granit-materialy.html\" title=\"kamulec.pl\" style=\"text-decoration: none; color: #548c08;\">Materia\u0142y<\/a><\/td>\n<td style=\"height: 45px; border-top: 2px solid #e2e2e2; border-bottom: 2px solid #e2e2e2;\"><a href=\"\/pl\/pl\/elementy-wnetrza\/kuchenne-blaty-kamienne.html\" title=\"kamulec.pl\" style=\"text-decoration: none; color: #548c08;\">Elementy wn\u0119trza<\/a><\/td>\n<td style=\"height: 45px; border-top: 2px solid #e2e2e2; border-bottom: 2px solid #e2e2e2;\"><a href=\"https:\/\/www.artstone.com.pl\/pl\/zewnetrzne-elementy-domu\/rzezby-ogrodowe.html\" title=\"kamulec.pl\" style=\"text-decoration: none; color: #548c08;\">Zewn\u0119trzne elementy domu<\/a><\/td>\n<td style=\"height: 45px; border-right: 1px solid #eee; border-top: 2px solid #e2e2e2; border-bottom: 2px solid #e2e2e2;\"><a href=\"https:\/\/www.artstone.com.pl\/pl\/kontakt.html\" title=\"kamulec.pl\" style=\"text-decoration: none; color: #548c08;\">Kontakt<\/a><\/td>\n<\/tr>\n<\/tbody>\n<\/table>\n<\/td>\n<\/tr>\n<tr>\n<td style=\"padding: 20px 10px 10px 10px; height: 500px; vertical-align: top; border-left: 1px solid #eee; border-right: 1px solid #eee;\">\n<div align=\"center\">\n<p style=\"text-align: center;\"><strong><span style=\"font-size: medium;\">Szanowni Pa\u0144stwo!<\/span><\/strong><\/p>\n<p style=\"text-align: center;\">\n<p><strong>Oferta na blaty Granitowe i Marmurowe<\/strong><\/p>\n<table style=\"width: 500px;\" border=\"0\" cellspacing=\"0\" cellpadding=\"0\">\n<tbody>\n<tr>\n<td>\n<p align=\"center\"><strong>RODZAJ  KAMIENIA <\/strong><\/p>\n<\/td>\n<td>\n<p><strong>Faktura<\/strong><\/p>\n<\/td>\n<td>\n<p align=\"center\"><strong>Cena za 1mb blatu (100&#215;60) brutto<\/strong><\/p>\n<\/td>\n<\/tr>\n<tr>\n<td colspan=\"3\"> <\/td>\n<\/tr>\n<tr>\n<td>\n<p>Premium Black 3cm<\/p>\n<\/td>\n<td>\n<p align=\"center\">Poler<\/p>\n<\/td>\n<td>\n<p align=\"center\">590,-<\/p>\n<\/td>\n<\/tr>\n<tr>\n<td>\n<p>Imperial Gold 3cm<\/p>\n<\/td>\n<td>\n<p align=\"center\">Poler<\/p>\n<\/td>\n<td>\n<p align=\"center\">307,-<\/p>\n<\/td>\n<\/tr>\n<tr>\n<td>\n<p>Ivory Brown 3cm<\/p>\n<\/td>\n<td>\n<p align=\"center\">Poler<\/p>\n<\/td>\n<td>\n<p align=\"center\">309,-<\/p>\n<\/td>\n<\/tr>\n<tr>\n<td>\n<p>Tropical Green 3cm<\/p>\n<\/td>\n<td>\n<p align=\"center\">Poler<\/p>\n<\/td>\n<td>\n<p align=\"center\">309,-<\/p>\n<\/td>\n<\/tr>\n<tr>\n<td>\n<p>Brown Fantasy 3cm<\/p>\n<\/td>\n<td>\n<p align=\"center\">Poler<\/p>\n<\/td>\n<td>\n<p align=\"center\">328,-<\/p>\n<\/td>\n<\/tr>\n<tr>\n<td>\n<p>Forest Green 2cm<\/p>\n<\/td>\n<td>\n<p align=\"center\">Poler<\/p>\n<\/td>\n<td>\n<p align=\"center\">328,-<\/p>\n<\/td>\n<\/tr>\n<tr>\n<td>\n<p>Forest Brown 2cm<\/p>\n<\/td>\n<td>\n<p align=\"center\">Poler<\/p>\n<\/td>\n<td>\n<p align=\"center\">328,-<\/p>\n<\/td>\n<\/tr>\n<tr>\n<td>\n<p>Spice Black 3cm<\/p>\n<\/td>\n<td>\n<p align=\"center\">Poler<\/p>\n<\/td>\n<td>\n<p align=\"center\">328,-<\/p>\n<\/td>\n<\/tr>\n<tr>\n<td>\n<p>Parana Bordeaux 3cm<\/p>\n<\/td>\n<td>\n<p align=\"center\">Poler<\/p>\n<\/td>\n<td>\n<p align=\"center\">328,-<\/p>\n<\/td>\n<\/tr>\n<tr>\n<td>\n<p>Multicolour Red 3cm<\/p>\n<\/td>\n<td>\n<p align=\"center\">Poler<\/p>\n<\/td>\n<td>\n<p align=\"center\">315,-<\/p>\n<\/td>\n<\/tr>\n<tr>\n<td>\n<p>Desire White 3cm<\/p>\n<\/td>\n<td>\n<p align=\"center\">Poler<\/p>\n<\/td>\n<td>\n<p align=\"center\">439,-<\/p>\n<\/td>\n<\/tr>\n<tr>\n<td>\n<p>Kashmir Classic 3cm<\/p>\n<\/td>\n<td>\n<p align=\"center\">Satyna<\/p>\n<\/td>\n<td>\n<p align=\"center\">459,-<\/p>\n<\/td>\n<\/tr>\n<tr>\n<td>\n<p>Kashmir White 2cm<\/p>\n<\/td>\n<td>\n<p align=\"center\">Poler<\/p>\n<\/td>\n<td>\n<p align=\"center\">348,-<\/p>\n<\/td>\n<\/tr>\n<tr>\n<td>\n<p>Kashmir White 3cm<\/p>\n<\/td>\n<td>\n<p align=\"center\">Poler<\/p>\n<\/td>\n<td>\n<p align=\"center\">434,-<\/p>\n<\/td>\n<\/tr>\n<tr>\n<td>\n<p>White Paradise 3cm<\/p>\n<\/td>\n<td>\n<p align=\"center\">Poler<\/p>\n<\/td>\n<td>\n<p align=\"center\">414,-<\/p>\n<\/td>\n<\/tr>\n<tr>\n<td>\n<p>Colonial Cream (Gold) 3cm<\/p>\n<\/td>\n<td>\n<p align=\"center\">Poler<\/p>\n<\/td>\n<td>\n<p align=\"center\">287,-<\/p>\n<\/td>\n<\/tr>\n<tr>\n<td>\n<p>Bianco Tiffone 3cm<\/p>\n<\/td>\n<td>\n<p align=\"center\">Poler<\/p>\n<\/td>\n<td>\n<p align=\"center\">307,-<\/p>\n<\/td>\n<\/tr>\n<tr>\n<td>\n<p>Typhoon Green 3cm<\/p>\n<\/td>\n<td>\n<p align=\"center\">Poler<\/p>\n<\/td>\n<td>\n<p align=\"center\">310,-<\/p>\n<\/td>\n<\/tr>\n<tr>\n<td>\n<p>Snowflakes 3cm<\/p>\n<\/td>\n<td>\n<p align=\"center\">Poler<\/p>\n<\/td>\n<td>\n<p align=\"center\">314,-<\/p>\n<\/td>\n<\/tr>\n<tr>\n<td>\n<p>Kuppam Green 3cm<\/p>\n<\/td>\n<td>\n<p align=\"center\">Poler<\/p>\n<\/td>\n<td>\n<p align=\"center\">371,-<\/p>\n<\/td>\n<\/tr>\n<tr>\n<td>\n<p>Spyke Black 3cm<\/p>\n<\/td>\n<td>\n<p align=\"center\">Satyna<\/p>\n<\/td>\n<td>\n<p align=\"center\">396,-<\/p>\n<\/td>\n<\/tr>\n<tr>\n<td>\n<p>Peregrine 3cm<\/p>\n<\/td>\n<td>\n<p align=\"center\">Poler<\/p>\n<\/td>\n<td>\n<p align=\"center\">482,-<\/p>\n<\/td>\n<\/tr>\n<tr>\n<td>\n<p>Balthus 3cm<\/p>\n<\/td>\n<td>\n<p align=\"center\">Poler<\/p>\n<\/td>\n<td>\n<p align=\"center\">440,-<\/p>\n<\/td>\n<\/tr>\n<tr>\n<td>\n<p>Siberian White 3cm<\/p>\n<\/td>\n<td>\n<p align=\"center\">Poler<\/p>\n<\/td>\n<td>\n<p align=\"center\">417,-<\/p>\n<\/td>\n<\/tr>\n<\/tbody>\n<\/table>\n<p style=\"text-align: center; font-size: 10px;\"><strong> <\/strong><\/p>\n<p style=\"text-align: center; font-size: 10px;\"><strong> <\/strong><\/p>\n<p style=\"text-align: center; font-size: 10px;\"><strong>Ceny brutto za 1mb blatu o szer.60cm ze standardow\u0105 obr\u00f3bk\u0105 kraw\u0119dzi. Koszt robocizny tj. wycinanie otwor\u00f3w pod zlew i p\u0142yt\u0119 kuchenn\u0105 oraz monta\u017c blat\u00f3w wyliczany jest na podstawie przes\u0142anego projektu lub po wykonaniu pomiaru blat\u00f3w z natury<\/strong><\/p>\n<\/p>\n<p style=\"text-align: center; font-size: 10px;\"><strong>Obowi\u0105zuje do momentu wyczerpania stan\u00f3w magazynowych<\/strong><\/p>\n<\/p>\n<h3 align=\"center\">Premium Black<\/h3>\n<p><img decoding=\"async\" src=\"\/wp-content\/uploads\/2018\/12\/Absolute_Black.jpg\" border=\"0\" alt=\"Absolute Black\" title=\"Premium Black\" width=\"550px\" height=\"auto\" style=\"width: 550px; height: auto;\" \/><\/p>\n<\/p>\n<h3 align=\"center\">Imperial Gold<\/h3>\n<p><img decoding=\"async\" src=\"\/wp-content\/uploads\/2018\/12\/Imperial_Gold.jpg\" border=\"0\" alt=\"Imperial Gold\" title=\"Imperial Gold\" width=\"550px\" height=\"auto\" style=\"width: 550px; height: auto;\" \/><\/p>\n<\/p>\n<h3 align=\"center\">Ivory Brown<\/h3>\n<p><img decoding=\"async\" src=\"\/wp-content\/uploads\/2018\/12\/Ivory_Brown.jpg\" border=\"0\" alt=\"Ivory Brown\" title=\"Ivory Brown\" width=\"550px\" height=\"auto\" style=\"width: 550px; height: auto;\" \/><\/p>\n<\/p>\n<h3 align=\"center\">Tropical Green<\/h3>\n<p><img decoding=\"async\" src=\"\/wp-content\/uploads\/2018\/12\/Tropical_Green.jpg\" border=\"0\" alt=\"Tropical Green\" title=\"Tropical Green\" width=\"550px\" height=\"auto\" style=\"width: 550px; height: auto;\" \/><\/p>\n<\/p>\n<h3 align=\"center\">Brown Fantasy<\/h3>\n<p><img decoding=\"async\" src=\"\/wp-content\/uploads\/2018\/12\/Brown_Fantasy.jpg\" border=\"0\" alt=\"Brown Fantasy\" title=\"Brown Fantasy\" width=\"550px\" height=\"auto\" style=\"width: 550px; height: auto;\" \/><\/p>\n<\/p>\n<h3 align=\"center\">Forest Green<\/h3>\n<p><img decoding=\"async\" src=\"\/wp-content\/uploads\/2018\/12\/Forest_Green.jpg\" border=\"0\" alt=\"Forest Green\" title=\"Forest Green\" width=\"550px\" height=\"auto\" style=\"width: 550px; height: auto;\" \/><\/p>\n<\/p>\n<h3 align=\"center\">Forest Brown<\/h3>\n<p><img decoding=\"async\" src=\"\/wp-content\/uploads\/2018\/12\/Forest_Brown.jpg\" border=\"0\" alt=\"Forest Brown\" title=\"Forest Brown\" width=\"550px\" height=\"auto\" style=\"width: 550px; height: auto;\" \/><\/p>\n<\/p>\n<h3 align=\"center\">Spice Black<\/h3>\n<p><img decoding=\"async\" src=\"\/wp-content\/uploads\/2018\/12\/Spice_Black.jpg\" border=\"0\" alt=\"Spice Black\" title=\"Spice Black\" width=\"550px\" height=\"auto\" style=\"width: 550px; height: auto;\" \/><\/p>\n<\/p>\n<h3 align=\"center\">Parana Bordeaux<\/h3>\n<p><img decoding=\"async\" src=\"\/wp-content\/uploads\/2018\/12\/Parana_Bordeaux.jpg\" border=\"0\" alt=\"Parana Bordeaux\" title=\"Parana Bordeaux\" width=\"550px\" height=\"auto\" style=\"width: 550px; height: auto;\" \/><\/p>\n<\/p>\n<h3 align=\"center\">Multicolour Red<\/h3>\n<p><img decoding=\"async\" src=\"\/wp-content\/uploads\/2018\/12\/Multicolour_Red.jpg\" border=\"0\" alt=\"Multicolour Red\" title=\"Multicolour Red\" width=\"550px\" height=\"auto\" style=\"width: 550px; height: auto;\" \/><\/p>\n<\/p>\n<h3 align=\"center\">Desire White<\/h3>\n<p><img decoding=\"async\" src=\"\/wp-content\/uploads\/2018\/12\/Desire_White.jpg\" border=\"0\" alt=\"Desire White\" title=\"Desire White\" width=\"550px\" height=\"auto\" style=\"width: 550px; height: auto;\" \/><\/p>\n<\/p>\n<h3 align=\"center\">Kashmir Classic<\/h3>\n<p><img decoding=\"async\" src=\"\/wp-content\/uploads\/2018\/12\/Kashmir_Classic.jpg\" border=\"0\" alt=\"Kashmir Classic\" title=\"Kashmir Classic\" width=\"550px\" height=\"auto\" style=\"width: 550px; height: auto;\" \/><\/p>\n<\/p>\n<h3 align=\"center\">Kashmir White<\/h3>\n<p><img decoding=\"async\" src=\"\/wp-content\/uploads\/2018\/12\/Kashmir_White.jpg\" border=\"0\" alt=\"Kashmir White\" title=\"Kashmir White\" width=\"550px\" height=\"auto\" style=\"width: 550px; height: auto;\" \/><\/p>\n<\/p>\n<h3 align=\"center\">Kashmir White<\/h3>\n<p><img decoding=\"async\" src=\"\/wp-content\/uploads\/2018\/12\/Kashmir_White.jpg\" border=\"0\" alt=\"Kashmir White\" title=\"Kashmir White\" width=\"550px\" height=\"auto\" style=\"width: 550px; height: auto;\" \/><\/p>\n<\/p>\n<h3 align=\"center\">White Paradise<\/h3>\n<p><img decoding=\"async\" src=\"\/wp-content\/uploads\/2018\/12\/White_Paradise.jpg\" border=\"0\" alt=\"White Paradise\" title=\"White Paradise\" width=\"550px\" height=\"auto\" style=\"width: 550px; height: auto;\" \/><\/p>\n<\/p>\n<h3 align=\"center\">Colonial Cream<\/h3>\n<p><img decoding=\"async\" src=\"\/wp-content\/uploads\/2018\/12\/Colonial_Cream.jpg\" border=\"0\" alt=\"Colonial Cream\" title=\"Colonial Cream\" width=\"550px\" height=\"auto\" style=\"width: 550px; height: auto;\" \/><\/p>\n<\/p>\n<h3 align=\"center\">Bianco Tiffone<\/h3>\n<p><img decoding=\"async\" src=\"\/wp-content\/uploads\/2018\/12\/Bianco_Tiffone.jpg\" border=\"0\" alt=\"Bianco Tiffone\" title=\"Bianco Tiffone\" width=\"550px\" height=\"auto\" style=\"width: 550px; height: auto;\" \/><\/p>\n<\/p>\n<h3 align=\"center\">Typhoon Green<\/h3>\n<p><img decoding=\"async\" src=\"\/wp-content\/uploads\/2018\/12\/Typhoon_Green.jpg\" border=\"0\" alt=\"Typhoon Green\" title=\"Typhoon Green\" width=\"550px\" height=\"auto\" style=\"width: 550px; height: auto;\" \/><\/p>\n<\/p>\n<h3 align=\"center\">Snowflakes<\/h3>\n<p><img decoding=\"async\" src=\"\/wp-content\/uploads\/2018\/12\/Snowflakes.jpg\" border=\"0\" alt=\"Snowflakes\" title=\"Snowflakes\" width=\"550px\" height=\"auto\" style=\"width: 550px; height: auto;\" \/><\/p>\n<\/p>\n<h3 align=\"center\">Kuppam Green<\/h3>\n<p><img decoding=\"async\" src=\"\/wp-content\/uploads\/2018\/12\/Kuppam_Green.jpg\" border=\"0\" alt=\"Kuppam Green\" title=\"Kuppam Green\" width=\"550px\" height=\"auto\" style=\"width: 550px; height: auto;\" \/><\/p>\n<\/p>\n<h3 align=\"center\">Spyke Black<\/h3>\n<p><img decoding=\"async\" src=\"\/wp-content\/uploads\/2018\/12\/Spyke_Black.jpg\" border=\"0\" alt=\"Spyke Black\" title=\"Spyke Black\" width=\"550px\" height=\"auto\" style=\"width: 550px; height: auto;\" \/><\/p>\n<\/p>\n<h3 align=\"center\">Peregrine<\/h3>\n<p><img decoding=\"async\" src=\"\/wp-content\/uploads\/2018\/12\/Peregrine.jpg\" border=\"0\" alt=\"Peregrine\" title=\"Peregrine\" width=\"550px\" height=\"auto\" style=\"width: 550px; height: auto;\" \/><\/p>\n<\/p>\n<h3 align=\"center\">Balthus<\/h3>\n<p><img decoding=\"async\" src=\"\/wp-content\/uploads\/2018\/12\/Balthus.jpg\" border=\"0\" alt=\"Balthus\" title=\"Balthus\" width=\"550px\" height=\"auto\" style=\"width: 550px; height: auto;\" \/><\/p>\n<\/p>\n<h3 align=\"center\">Siberian White<\/h3>\n<p><img decoding=\"async\" src=\"\/wp-content\/uploads\/2018\/12\/Siberian_White.jpg\" border=\"0\" alt=\"Siberian White\" title=\"Siberian White\" width=\"550px\" height=\"auto\" style=\"width: 550px; height: auto;\" \/><\/p>\n<\/p><\/div>\n<\/td>\n<\/tr>\n<tr>\n<td style=\"background-color: #f9f9f9; text-align: center; height: 25px; border-top: 2px solid #e2e2e2; font-size: 10px; border-left: 1px solid #eee; border-right: 1px solid #eee;\">Artstone ul.Sochaczewska 79, Warszawa &#8211; Macierzysz 05-850 O\u017car\u00f3w Mazowiecki<br \/><a href=\"https:\/\/www.artstone.com.pl\/pl\/polityka-prywatnosci.html\" title=\"Polityka Prywatno\u015bci\" style=\"color: #000;\">Polityka Prywatno\u015bci<\/a><\/td>\n<\/tr>\n<\/tbody>\n<\/table>\n<\/p>\n<\/p>\n<\/p><\/div>\n","protected":false},"excerpt":{"rendered":"<p>Materia\u0142y Elementy wn\u0119trza Zewn\u0119trzne elementy domu Kontakt Szanowni Pa\u0144stwo! Oferta na blaty Granitowe i Marmurowe RODZAJ KAMIENIA Faktura Cena za 1mb blatu (100&#215;60) brutto Premium Black<span class=\"excerpt-hellip\"> [\u2026]<\/span><\/p>\n","protected":false},"author":242,"featured_media":0,"parent":0,"menu_order":4,"comment_status":"closed","ping_status":"closed","template":"","meta":{"footnotes":""},"class_list":["post-12160","page","type-page","status-publish","hentry"],"_links":{"self":[{"href":"https:\/\/www.artstone.com.pl\/pl\/wp-json\/wp\/v2\/pages\/12160","targetHints":{"allow":["GET"]}}],"collection":[{"href":"https:\/\/www.artstone.com.pl\/pl\/wp-json\/wp\/v2\/pages"}],"about":[{"href":"https:\/\/www.artstone.com.pl\/pl\/wp-json\/wp\/v2\/types\/page"}],"author":[{"embeddable":true,"href":"https:\/\/www.artstone.com.pl\/pl\/wp-json\/wp\/v2\/users\/242"}],"replies":[{"embeddable":true,"href":"https:\/\/www.artstone.com.pl\/pl\/wp-json\/wp\/v2\/comments?post=12160"}],"version-history":[{"count":0,"href":"https:\/\/www.artstone.com.pl\/pl\/wp-json\/wp\/v2\/pages\/12160\/revisions"}],"wp:attachment":[{"href":"https:\/\/www.artstone.com.pl\/pl\/wp-json\/wp\/v2\/media?parent=12160"}],"curies":[{"name":"wp","href":"https:\/\/api.w.org\/{rel}","templated":true}]}}