{"id":12255,"date":"2012-02-09T14:24:38","date_gmt":"2012-02-09T13:24:38","guid":{"rendered":"http:\/\/www.kamulec.pl\/blaty-z-trawertynu\/"},"modified":"2018-12-14T08:50:49","modified_gmt":"2018-12-14T07:50:49","slug":"trawertyn","status":"publish","type":"page","link":"https:\/\/www.artstone.com.pl\/pl\/elementy-wnetrza\/kuchenne-blaty-kamienne\/trawertyn.html","title":{"rendered":"Blaty kuchenne z Trawertynu"},"content":{"rendered":"<p style=\"text-align: justify;\"><strong>Blaty kuchenne z trawertynu<\/strong> ze wzgl\u0119du na klasyczny wygl\u0105d i wysok\u0105 wytrzyma\u0142o\u015b\u0107 s\u0105 najcz\u0119\u015bciej stosowanymi elementami wyko\u0144czenia kuchni i \u0142azienek. Naturalnym kolorem trawertynu jest kolor bia\u0142y, jednak cz\u0119sto wyst\u0119puj\u0105ce zanieczyszczenia zmieniaj\u0105 barw\u0119 kamienia na \u017c\u00f3\u0142t\u0105 lub br\u0105zow\u0105.<\/p>\n<p style=\"text-align: center;\"><a class=\"readon\" href=\"\/shop\/kamien\/trawertyn\/slaby2012-05-29-10-29-54.html\"><span>Sprawd\u017a cen\u0119 i dost\u0119pno\u015b\u0107 w naszym katalogu &gt;&gt;<\/span><\/a><\/p>\n<p style=\"text-align: justify;\"><strong>Blaty z trawertynu<\/strong> mo\u017cna wype\u0142ni\u0107 i wypolerowa\u0107, w celu uzyskania wi\u0119kszej odporno\u015bci na t\u0142uszcz i zwi\u0105zki chemiczne. Przy pokrywaniu bezbarwn\u0105 \u017cywic\u0105 mo\u017cemy zachowa\u0107 naturaln\u0105 faktur\u0119 blatu, w tym wy\u017c\u0142obienia wydr\u0105\u017cone przez wod\u0119. Konserwacja blatu jest bardzo prosta, powierzchni\u0119 wystarczy przeczy\u015bci\u0107 czyst\u0105 wod\u0105 z niewielk\u0105 ilo\u015bci\u0105 p\u0142ynu do mycia naczy\u0144. Dzi\u0119ki zastosowaniu blat\u00f3w z trawertynu uzyskujemy niepowtarzalny wygl\u0105d pomieszczenia, a zarazem wysok\u0105 odporno\u015b\u0107 powierzchni roboczych na zabrudzenia i zarysowania.<\/p>\n<p style=\"text-align: justify;\">\u00a0<\/p>\n<p style=\"text-align: center;\"><a class=\"readon\" href=\"\/pl\/kontakt.html\"><span>Masz pytanie? Zadzwo\u0144 lub napisz do nas &gt;&gt;<\/span><\/a><\/p>\n<p style=\"text-align: center;\"><span>\u00a0<\/span><\/p>\n<h3 dir=\"ltr\"><span>Jakim materia\u0142em jest trawertyn?<\/span><\/h3>\n<p style=\"text-align: justify;\"><span><span><span>\u00a0<\/span><\/span><\/span><\/p>\n<p style=\"text-align: justify;\" dir=\"ltr\"><span>Trawertyn nale\u017cy do grona kamieni naturalnych wykorzystywanych w budownictwie i wyko\u0144czeniu, podobnie jak granit, marmur, czy bazalt lub onyx. Jak powstaje trawertyn? Ot\u00f3\u017c przede wszystkim w gor\u0105cych \u017ar\u00f3d\u0142ach i jaskiniach wapiennych. Jest to zasadnicza r\u00f3\u017cnica pomi\u0119dzy trawertynem a granitem czy marmurem. O jego istocie stanowi\u0105 otwory w skale powstaj\u0105ce w wyniku uwalniania si\u0119 dwutlenku w\u0119gla w procesie powstawania ska\u0142y. Dzi\u0119ki temu trawertyn zyskuje swoj\u0105 charakterystyczn\u0105, unikatow\u0105 struktur\u0119. R\u00f3\u017cni si\u0119 wi\u0119c znacznie od innych kamieni naturalnych poz wzgl\u0119dem wygl\u0105du i twardo\u015bci.<\/span><\/p>\n<p style=\"text-align: justify;\"><span><span><span>\u00a0<\/span><\/span><\/span><\/p>\n<p style=\"text-align: justify;\" dir=\"ltr\"><span>Trawertyn osi\u0105ga barwy ziemi w wielu r\u00f3\u017cnorodnych odcieniach. Bardzo cz\u0119sto wyst\u0119puje w kolorach bieli, z domieszk\u0105 \u017c\u00f3\u0142tego czy czerwonego. Ponadto w martwicach trawertynu wyst\u0119puj\u0105 cz\u0119sto szcz\u0105tki ro\u015blin. Trawertyn wyst\u0119puje powszechnie na ca\u0142ym \u015bwiecie, r\u00f3wnie\u017c w Polsce w okolicach Krakowa, na Podhalu, w Tatrach i Krzeszowicach. Jednak mimo powszechnego wyst\u0119powania tego rodzaju kamienia, nie wszystkie z\u0142o\u017ca nadaj\u0105 si\u0119 do wydobycia. <\/span><\/p>\n<p style=\"text-align: justify;\"><span><span><span>\u00a0<\/span><\/span><\/span><\/p>\n<h3 style=\"text-align: justify;\" dir=\"ltr\"><a href=\"\/pl\/elementy-wnetrza\/kuchenne-blaty-kamienne.html\"><span>Kamienne blaty kuchenne z trawertynu <\/span><\/a><\/h3>\n<p style=\"text-align: justify;\"><span><span><span>\u00a0<\/span><\/span><\/span><\/p>\n<p style=\"text-align: justify;\" dir=\"ltr\"><span>Je\u017celi chodzi o <\/span><span>jako\u015b\u0107 trawertynu<\/span><span>, to okre\u015blana jest ona przede wszystkim na podstawie otwor\u00f3w w kamieniu. Dla tego materia\u0142u bowiem otwory s\u0105 zupe\u0142nie naturalne i charakterystyczne. Mo\u017cemy spotka\u0107 si\u0119 z okre\u015bleniem, i\u017c im mniej otwor\u00f3w tym wy\u017csza klasa materia\u0142u. Te r\u00f3\u017cnice oczywi\u015bcie stanowi\u0105 tak\u017ce o cenach trawertynu. Jak ka\u017cdy kamie\u0144 naturalny przeznaczony do stosowania w budownictwie i wyko\u0144czeniach, poddawany jest dok\u0142adnej obr\u00f3bce. <\/span><\/p>\n<p style=\"text-align: justify;\"><span><span><span>\u00a0<\/span><\/span><\/span><\/p>\n<p style=\"text-align: justify;\" dir=\"ltr\"><span>Na rynku najbardziej powszechne s\u0105 p\u0142yty z trawertynu, kt\u00f3ry ci\u0119te s\u0105 wzd\u0142u\u017c u\u017cyle\u0144. Dzi\u0119ki temu uzyskujemy p\u0142yty o charakterystycznym, wielowarstwowym wygl\u0105dzie. Rzadziej mo\u017cna spotka\u0107 p\u0142yty ci\u0119te w poprzek u\u017cyle\u0144, kt\u00f3re maj\u0105 jednolity wygl\u0105d.<\/span><\/p>\n<p style=\"text-align: justify;\"><span><span><span>\u00a0<\/span><\/span><\/span><\/p>\n<p style=\"text-align: justify;\" dir=\"ltr\"><span>Dawniej trawertyn by\u0142 nazywany alabastrem egipskim. U\u017cywano go do wyrobu pos\u0105g\u00f3w i waz w Egipcie. R\u00f3wnie\u017c w wielu miejscach swojego powszechnego wsyt\u0119powania, by\u0142 wykorzystywany jako materia\u0142 budulcowy. <\/span><\/p>\n<p style=\"text-align: justify;\"><span><span><span>\u00a0<\/span><\/span><\/span><\/p>\n<p style=\"text-align: justify;\" dir=\"ltr\"><span>W ostatnich latach trawertyn sta\u0142 si\u0119 r\u00f3wnie\u017c jednym z najbardziej popularnych i poszukiwanych materia\u0142\u00f3w do wyko\u0144cze\u0144 w budownictwie. Posadzki, schody, blaty kuchenne i \u0142azienkowe, kominki, wanny, umywalki, parapety, stopnie, sto\u0142y, stoliki, elewacje zewn\u0119trzne, ok\u0142adziny, te i inne elementy wyko\u0144cze\u0144 s\u0105 wykonywane w\u0142a\u015bnie z trawertynu. Jest to wyj\u0105tkowy kamie\u0144. trwa\u0142y. pi\u0119kny, wprowadza w ka\u017cdym wn\u0119trzu naturaln\u0105 harmoni\u0119. Blaty kuchenne z trawertynu nieustannie robi\u0105 ogromne wra\u017cenie, jednocze\u015bnie s\u0105 wytrzyma\u0142e i odporne na zarysowania.<\/span><\/p>\n<p style=\"text-align: justify;\"><span><span><span>\u00a0<\/span><\/span><\/span><\/p>\n<h3 style=\"text-align: justify;\" dir=\"ltr\"><span>Piel\u0119gnacja kuchennych blat\u00f3w z trawertynu<\/span><\/h3>\n<p style=\"text-align: justify;\"><span><span><span>\u00a0<\/span><\/span><\/span><\/p>\n<p style=\"text-align: justify;\" dir=\"ltr\"><span>Trawertyn jest kamieniem naturalnym, wi\u0119c blaty z tego materia\u0142u b\u0119d\u0105 mia\u0142y pewne w\u0142a\u015bciwo\u015bci fizyczne i chemiczne, kt\u00f3re musz\u0105 by\u0107 uwzgl\u0119dniane, je\u017celi mamy nale\u017cycie zadba\u0107 o nasz nowy blat kuchenny, tak by spe\u0142nia\u0142 on swoj\u0105 rol\u0119 przez wiele lat i pi\u0119knie si\u0119 prezentowa\u0142. Do <\/span><span>czyszczenia<\/span><span> blat\u00f3w z kamienia naturalnego najlepiej u\u017cywa\u0107 zwyk\u0142ej wody. Jednak je\u017celi b\u0119dziemy mie\u0107 do czynienia z trudniejszymi zabrudzeniami, w\u00f3wczas dobrze b\u0119dzie zastosowa\u0107 specjalne detergenty przeznaczone do czyszczenia blat\u00f3w z kamienia naturalnego. Maj\u0105 one odczyn pH bezpieczny dla materia\u0142u i pozostawiaj\u0105 cz\u0119sto ochronne warstwy. Na pocz\u0105tku, po zamontowaniu blatu, nale\u017cy zadba\u0107 r\u00f3wnie\u017c o <\/span><span>impregnacj\u0119<\/span><span>. Jednak trzeba uwa\u017ca\u0107, gdy\u017c stosowanie takich \u015brodk\u00f3w nie zawsze jest polecane, zw\u0142aszcza gdy blat b\u0119dzie mia\u0142 bezpo\u015bredni\u0105 styczno\u015b\u0107 z \u017cywno\u015bci\u0105. Dlatego najlepiej spyta\u0107 producenta o najlepsze sposoby piel\u0119gnacji naszego blatu. <\/span><\/p>\n<p style=\"text-align: justify;\"><span><span><span>\u00a0<\/span><\/span><\/span><\/p>\n<p style=\"text-align: justify;\" dir=\"ltr\"><strong>Czego unika\u0107?<\/strong><span> Przede wszystkim \u015brodk\u00f3w chemicznych zawieraj\u0105cych kwasy, ocet, wino, zmywczy do paznokci, substancji o odczynie mniejszym pH ni\u017c 7.<\/span><\/p>\n<p style=\"text-align: justify;\"><span><span><span>\u00a0<\/span><\/span><\/span><\/p>\n<p style=\"text-align: justify;\" dir=\"ltr\"><span>Jako zak\u0142ad z wieloletnim do\u015bwiadczeniem, doskonale znamy rynek kamienny i mo\u017cliwo\u015bci, jakie stwarzaj\u0105 nie tylko naturalne materia\u0142y, ale tak\u017ce konglomeraty. Dla naszych klient\u00f3w wykonujemy blaty z najlepszych matria\u0142\u00f3w. Najwy\u017csza jako\u015b\u0107 to nasz priorytet. Ponadto na \u017cyczenie klienta wykonujemy profesjonalne <\/span><span>projekty<\/span><span> z wizualizacj\u0105, a tak\u017ce <\/span><span>monta\u017c<\/span><span> zakupionego wcze\u015bniej u nas blatu, ale nie tylko. <\/span><\/p>\n<p style=\"text-align: justify;\"><span><span><span>\u00a0<\/span><\/span><\/span><\/p>\n<p style=\"text-align: center;\" dir=\"ltr\"><strong>Zapraszamy serdecznie do wsp\u00f3\u0142pracy. <a href=\"pl\/elementy-wnetrza\/kuchenne-blaty-kamienne.html\">Blaty kuchenne z trawertynu to nasza specjalno\u015b\u0107<\/a>. <\/strong><\/p>\n<p><span>\u00a0<\/span><\/p>\n<p style=\"text-align: justify;\"><span>\u00a0<\/span><\/p>\n<h3>Trawertyny<\/h3>\n\n\t\t\t<style type='text\/css'>\n\t\t\t\t#sc_gallery-1 {\n\t\t\t\t\tmargin: auto;\n\t\t\t\t}\n\t\t\t\t#sc_gallery-1 .gallery-item {\n\t\t\t\t\tfloat: left;\n\t\t\t\t\ttext-align: center;\n\t\t\t\t\twidth: 19.99%;\n\t\t\t\t}\n\t\t\t\t#sc_gallery-1 img {\n\t\t\t\t\tborder: 2px solid #cfcfcf;\n\t\t\t\t}\n\t\t\t\t\/* see sc_gallery() in functions\/theme-shortcodes.php *\/\n\t\t\t<\/style>\n\t\t<div id='sc_gallery-1' class='gallery galleryid-12255 gallery-columns-5 gallery-size-thumbnail file element_classes gallery-default'><dl class='gallery-item'  data-title='Travertino_Persian_Red_zywica' data-description=''><div class='gallery-item-wrapper'>\n\t\t\t\t<dt class='gallery-icon landscape'>\n\t\t\t\t\t<a href='https:\/\/www.artstone.com.pl\/wp-content\/uploads\/2016\/03\/Travertino_Persian_Red_zywica.jpg'><img loading=\"lazy\" decoding=\"async\" width=\"300\" height=\"300\" src=\"https:\/\/www.artstone.com.pl\/wp-content\/uploads\/2016\/03\/Travertino_Persian_Red_zywica-300x300.jpg\" class=\"attachment-thumbnail size-thumbnail\" alt=\"\" srcset=\"https:\/\/www.artstone.com.pl\/wp-content\/uploads\/2016\/03\/Travertino_Persian_Red_zywica-300x300.jpg 300w, https:\/\/www.artstone.com.pl\/wp-content\/uploads\/2016\/03\/Travertino_Persian_Red_zywica-85x85.jpg 85w, https:\/\/www.artstone.com.pl\/wp-content\/uploads\/2016\/03\/Travertino_Persian_Red_zywica-80x80.jpg 80w, https:\/\/www.artstone.com.pl\/wp-content\/uploads\/2016\/03\/Travertino_Persian_Red_zywica-150x150.jpg 150w\" sizes=\"auto, (max-width:767px) 300px, 300px\" \/><\/a>\n\t\t\t\t<\/dt><\/div><\/dl><dl class='gallery-item'  data-title='Travertino_Persian_Red' data-description=''><div class='gallery-item-wrapper'>\n\t\t\t\t<dt class='gallery-icon portrait'>\n\t\t\t\t\t<a href='https:\/\/www.artstone.com.pl\/wp-content\/uploads\/2016\/03\/Travertino_Persian_Red.jpg'><img loading=\"lazy\" decoding=\"async\" width=\"300\" height=\"300\" src=\"https:\/\/www.artstone.com.pl\/wp-content\/uploads\/2016\/03\/Travertino_Persian_Red-300x300.jpg\" class=\"attachment-thumbnail size-thumbnail\" alt=\"\" srcset=\"https:\/\/www.artstone.com.pl\/wp-content\/uploads\/2016\/03\/Travertino_Persian_Red-300x300.jpg 300w, https:\/\/www.artstone.com.pl\/wp-content\/uploads\/2016\/03\/Travertino_Persian_Red-85x85.jpg 85w, https:\/\/www.artstone.com.pl\/wp-content\/uploads\/2016\/03\/Travertino_Persian_Red-80x80.jpg 80w, https:\/\/www.artstone.com.pl\/wp-content\/uploads\/2016\/03\/Travertino_Persian_Red-150x150.jpg 150w\" sizes=\"auto, (max-width:767px) 300px, 300px\" \/><\/a>\n\t\t\t\t<\/dt><\/div><\/dl><dl class='gallery-item'  data-title='Travertino_Walnut_polerowane' data-description=''><div class='gallery-item-wrapper'>\n\t\t\t\t<dt class='gallery-icon portrait'>\n\t\t\t\t\t<a href='https:\/\/www.artstone.com.pl\/wp-content\/uploads\/2016\/03\/Travertino_Walnut_polerowane.jpg'><img loading=\"lazy\" decoding=\"async\" width=\"300\" height=\"300\" src=\"https:\/\/www.artstone.com.pl\/wp-content\/uploads\/2016\/03\/Travertino_Walnut_polerowane-300x300.jpg\" class=\"attachment-thumbnail size-thumbnail\" alt=\"\" srcset=\"https:\/\/www.artstone.com.pl\/wp-content\/uploads\/2016\/03\/Travertino_Walnut_polerowane-300x300.jpg 300w, https:\/\/www.artstone.com.pl\/wp-content\/uploads\/2016\/03\/Travertino_Walnut_polerowane-85x85.jpg 85w, https:\/\/www.artstone.com.pl\/wp-content\/uploads\/2016\/03\/Travertino_Walnut_polerowane-80x80.jpg 80w, https:\/\/www.artstone.com.pl\/wp-content\/uploads\/2016\/03\/Travertino_Walnut_polerowane-150x150.jpg 150w\" sizes=\"auto, (max-width:767px) 300px, 300px\" \/><\/a>\n\t\t\t\t<\/dt><\/div><\/dl><dl class='gallery-item'  data-title='Travertino_Yellow_szpachla_polerowany' data-description=''><div class='gallery-item-wrapper'>\n\t\t\t\t<dt class='gallery-icon landscape'>\n\t\t\t\t\t<a href='https:\/\/www.artstone.com.pl\/wp-content\/uploads\/2016\/03\/Travertino_Yellow_szpachla_polerowany.jpg'><img loading=\"lazy\" decoding=\"async\" width=\"300\" height=\"300\" src=\"https:\/\/www.artstone.com.pl\/wp-content\/uploads\/2016\/03\/Travertino_Yellow_szpachla_polerowany-300x300.jpg\" class=\"attachment-thumbnail size-thumbnail\" alt=\"\" srcset=\"https:\/\/www.artstone.com.pl\/wp-content\/uploads\/2016\/03\/Travertino_Yellow_szpachla_polerowany-300x300.jpg 300w, https:\/\/www.artstone.com.pl\/wp-content\/uploads\/2016\/03\/Travertino_Yellow_szpachla_polerowany-85x85.jpg 85w, https:\/\/www.artstone.com.pl\/wp-content\/uploads\/2016\/03\/Travertino_Yellow_szpachla_polerowany-80x80.jpg 80w, https:\/\/www.artstone.com.pl\/wp-content\/uploads\/2016\/03\/Travertino_Yellow_szpachla_polerowany-150x150.jpg 150w\" sizes=\"auto, (max-width:767px) 300px, 300px\" \/><\/a>\n\t\t\t\t<\/dt><\/div><\/dl><dl class='gallery-item'  data-title='Travertino_Yellow' data-description=''><div class='gallery-item-wrapper'>\n\t\t\t\t<dt class='gallery-icon portrait'>\n\t\t\t\t\t<a href='https:\/\/www.artstone.com.pl\/wp-content\/uploads\/2016\/03\/Travertino_Yellow.jpg'><img loading=\"lazy\" decoding=\"async\" width=\"300\" height=\"300\" src=\"https:\/\/www.artstone.com.pl\/wp-content\/uploads\/2016\/03\/Travertino_Yellow-300x300.jpg\" class=\"attachment-thumbnail size-thumbnail\" alt=\"\" srcset=\"https:\/\/www.artstone.com.pl\/wp-content\/uploads\/2016\/03\/Travertino_Yellow-300x300.jpg 300w, https:\/\/www.artstone.com.pl\/wp-content\/uploads\/2016\/03\/Travertino_Yellow-85x85.jpg 85w, https:\/\/www.artstone.com.pl\/wp-content\/uploads\/2016\/03\/Travertino_Yellow-80x80.jpg 80w, https:\/\/www.artstone.com.pl\/wp-content\/uploads\/2016\/03\/Travertino_Yellow-150x150.jpg 150w\" sizes=\"auto, (max-width:767px) 300px, 300px\" \/><\/a>\n\t\t\t\t<\/dt><\/div><\/dl><br style=\"clear: both\" \/><dl class='gallery-item'  data-title='Travertino_Navona_szpachla' data-description=''><div class='gallery-item-wrapper'>\n\t\t\t\t<dt class='gallery-icon landscape'>\n\t\t\t\t\t<a href='https:\/\/www.artstone.com.pl\/wp-content\/uploads\/2016\/03\/Travertino_Navona_szpachla.jpg'><img loading=\"lazy\" decoding=\"async\" width=\"300\" height=\"300\" src=\"https:\/\/www.artstone.com.pl\/wp-content\/uploads\/2016\/03\/Travertino_Navona_szpachla-300x300.jpg\" class=\"attachment-thumbnail size-thumbnail\" alt=\"\" srcset=\"https:\/\/www.artstone.com.pl\/wp-content\/uploads\/2016\/03\/Travertino_Navona_szpachla-300x300.jpg 300w, https:\/\/www.artstone.com.pl\/wp-content\/uploads\/2016\/03\/Travertino_Navona_szpachla-85x85.jpg 85w, https:\/\/www.artstone.com.pl\/wp-content\/uploads\/2016\/03\/Travertino_Navona_szpachla-80x80.jpg 80w, https:\/\/www.artstone.com.pl\/wp-content\/uploads\/2016\/03\/Travertino_Navona_szpachla-150x150.jpg 150w\" sizes=\"auto, (max-width:767px) 300px, 300px\" \/><\/a>\n\t\t\t\t<\/dt><\/div><\/dl><dl class='gallery-item'  data-title='Travertino_Noche_polerowane_3cm' data-description=''><div class='gallery-item-wrapper'>\n\t\t\t\t<dt class='gallery-icon landscape'>\n\t\t\t\t\t<a href='https:\/\/www.artstone.com.pl\/wp-content\/uploads\/2016\/03\/Travertino_Noche_polerowane_3cm.jpg'><img loading=\"lazy\" decoding=\"async\" width=\"300\" height=\"300\" src=\"https:\/\/www.artstone.com.pl\/wp-content\/uploads\/2016\/03\/Travertino_Noche_polerowane_3cm-300x300.jpg\" class=\"attachment-thumbnail size-thumbnail\" alt=\"\" srcset=\"https:\/\/www.artstone.com.pl\/wp-content\/uploads\/2016\/03\/Travertino_Noche_polerowane_3cm-300x300.jpg 300w, https:\/\/www.artstone.com.pl\/wp-content\/uploads\/2016\/03\/Travertino_Noche_polerowane_3cm-85x85.jpg 85w, https:\/\/www.artstone.com.pl\/wp-content\/uploads\/2016\/03\/Travertino_Noche_polerowane_3cm-80x80.jpg 80w, https:\/\/www.artstone.com.pl\/wp-content\/uploads\/2016\/03\/Travertino_Noche_polerowane_3cm-150x150.jpg 150w\" sizes=\"auto, (max-width:767px) 300px, 300px\" \/><\/a>\n\t\t\t\t<\/dt><\/div><\/dl><dl class='gallery-item'  data-title='Travertino_Gold_polerowane' data-description=''><div class='gallery-item-wrapper'>\n\t\t\t\t<dt class='gallery-icon landscape'>\n\t\t\t\t\t<a href='https:\/\/www.artstone.com.pl\/wp-content\/uploads\/2016\/03\/Travertino_Gold_polerowane.jpg'><img loading=\"lazy\" decoding=\"async\" width=\"300\" height=\"300\" src=\"https:\/\/www.artstone.com.pl\/wp-content\/uploads\/2016\/03\/Travertino_Gold_polerowane-300x300.jpg\" class=\"attachment-thumbnail size-thumbnail\" alt=\"\" srcset=\"https:\/\/www.artstone.com.pl\/wp-content\/uploads\/2016\/03\/Travertino_Gold_polerowane-300x300.jpg 300w, https:\/\/www.artstone.com.pl\/wp-content\/uploads\/2016\/03\/Travertino_Gold_polerowane-85x85.jpg 85w, https:\/\/www.artstone.com.pl\/wp-content\/uploads\/2016\/03\/Travertino_Gold_polerowane-80x80.jpg 80w, https:\/\/www.artstone.com.pl\/wp-content\/uploads\/2016\/03\/Travertino_Gold_polerowane-150x150.jpg 150w\" sizes=\"auto, (max-width:767px) 300px, 300px\" \/><\/a>\n\t\t\t\t<\/dt><\/div><\/dl><dl class='gallery-item'  data-title='Travertino_Light_CC_polerowane' data-description=''><div class='gallery-item-wrapper'>\n\t\t\t\t<dt class='gallery-icon landscape'>\n\t\t\t\t\t<a href='https:\/\/www.artstone.com.pl\/wp-content\/uploads\/2016\/03\/Travertino_Light_CC_polerowane.jpg'><img loading=\"lazy\" decoding=\"async\" width=\"300\" height=\"300\" src=\"https:\/\/www.artstone.com.pl\/wp-content\/uploads\/2016\/03\/Travertino_Light_CC_polerowane-300x300.jpg\" class=\"attachment-thumbnail size-thumbnail\" alt=\"\" srcset=\"https:\/\/www.artstone.com.pl\/wp-content\/uploads\/2016\/03\/Travertino_Light_CC_polerowane-300x300.jpg 300w, https:\/\/www.artstone.com.pl\/wp-content\/uploads\/2016\/03\/Travertino_Light_CC_polerowane-85x85.jpg 85w, https:\/\/www.artstone.com.pl\/wp-content\/uploads\/2016\/03\/Travertino_Light_CC_polerowane-80x80.jpg 80w, https:\/\/www.artstone.com.pl\/wp-content\/uploads\/2016\/03\/Travertino_Light_CC_polerowane-150x150.jpg 150w\" sizes=\"auto, (max-width:767px) 300px, 300px\" \/><\/a>\n\t\t\t\t<\/dt><\/div><\/dl><dl class='gallery-item'  data-title='Travertino_Bianco_surowe' data-description=''><div class='gallery-item-wrapper'>\n\t\t\t\t<dt class='gallery-icon landscape'>\n\t\t\t\t\t<a href='https:\/\/www.artstone.com.pl\/wp-content\/uploads\/2016\/03\/Travertino_Bianco_surowe.jpg'><img loading=\"lazy\" decoding=\"async\" width=\"300\" height=\"300\" src=\"https:\/\/www.artstone.com.pl\/wp-content\/uploads\/2016\/03\/Travertino_Bianco_surowe-300x300.jpg\" class=\"attachment-thumbnail size-thumbnail\" alt=\"\" srcset=\"https:\/\/www.artstone.com.pl\/wp-content\/uploads\/2016\/03\/Travertino_Bianco_surowe-300x300.jpg 300w, https:\/\/www.artstone.com.pl\/wp-content\/uploads\/2016\/03\/Travertino_Bianco_surowe-85x85.jpg 85w, https:\/\/www.artstone.com.pl\/wp-content\/uploads\/2016\/03\/Travertino_Bianco_surowe-80x80.jpg 80w, https:\/\/www.artstone.com.pl\/wp-content\/uploads\/2016\/03\/Travertino_Bianco_surowe-150x150.jpg 150w\" sizes=\"auto, (max-width:767px) 300px, 300px\" \/><\/a>\n\t\t\t\t<\/dt><\/div><\/dl><br style=\"clear: both\" \/><dl class='gallery-item'  data-title='Travertino_Classico_Romano_Light_zywica' data-description=''><div class='gallery-item-wrapper'>\n\t\t\t\t<dt class='gallery-icon portrait'>\n\t\t\t\t\t<a href='https:\/\/www.artstone.com.pl\/wp-content\/uploads\/2016\/03\/Travertino_Classico_Romano_Light_zywica.jpg'><img loading=\"lazy\" decoding=\"async\" width=\"300\" height=\"300\" src=\"https:\/\/www.artstone.com.pl\/wp-content\/uploads\/2016\/03\/Travertino_Classico_Romano_Light_zywica-300x300.jpg\" class=\"attachment-thumbnail size-thumbnail\" alt=\"\" srcset=\"https:\/\/www.artstone.com.pl\/wp-content\/uploads\/2016\/03\/Travertino_Classico_Romano_Light_zywica-300x300.jpg 300w, https:\/\/www.artstone.com.pl\/wp-content\/uploads\/2016\/03\/Travertino_Classico_Romano_Light_zywica-85x85.jpg 85w, https:\/\/www.artstone.com.pl\/wp-content\/uploads\/2016\/03\/Travertino_Classico_Romano_Light_zywica-80x80.jpg 80w, https:\/\/www.artstone.com.pl\/wp-content\/uploads\/2016\/03\/Travertino_Classico_Romano_Light_zywica-150x150.jpg 150w\" sizes=\"auto, (max-width:767px) 300px, 300px\" \/><\/a>\n\t\t\t\t<\/dt><\/div><\/dl><dl class='gallery-item'  data-title='Travertino_Navona_zywica' data-description=''><div class='gallery-item-wrapper'>\n\t\t\t\t<dt class='gallery-icon landscape'>\n\t\t\t\t\t<a href='https:\/\/www.artstone.com.pl\/wp-content\/uploads\/2016\/03\/Travertino_Navona_zywica.jpg'><img loading=\"lazy\" decoding=\"async\" width=\"300\" height=\"300\" src=\"https:\/\/www.artstone.com.pl\/wp-content\/uploads\/2016\/03\/Travertino_Navona_zywica-300x300.jpg\" class=\"attachment-thumbnail size-thumbnail\" alt=\"\" srcset=\"https:\/\/www.artstone.com.pl\/wp-content\/uploads\/2016\/03\/Travertino_Navona_zywica-300x300.jpg 300w, https:\/\/www.artstone.com.pl\/wp-content\/uploads\/2016\/03\/Travertino_Navona_zywica-85x85.jpg 85w, https:\/\/www.artstone.com.pl\/wp-content\/uploads\/2016\/03\/Travertino_Navona_zywica-80x80.jpg 80w, https:\/\/www.artstone.com.pl\/wp-content\/uploads\/2016\/03\/Travertino_Navona_zywica-150x150.jpg 150w\" sizes=\"auto, (max-width:767px) 300px, 300px\" \/><\/a>\n\t\t\t\t<\/dt><\/div><\/dl><dl class='gallery-item'  data-title='Travertino_Noce_polerowany' data-description=''><div class='gallery-item-wrapper'>\n\t\t\t\t<dt class='gallery-icon landscape'>\n\t\t\t\t\t<a href='https:\/\/www.artstone.com.pl\/wp-content\/uploads\/2016\/03\/Travertino_Noce_polerowany.jpg'><img loading=\"lazy\" decoding=\"async\" width=\"300\" height=\"300\" src=\"https:\/\/www.artstone.com.pl\/wp-content\/uploads\/2016\/03\/Travertino_Noce_polerowany-300x300.jpg\" class=\"attachment-thumbnail size-thumbnail\" alt=\"\" srcset=\"https:\/\/www.artstone.com.pl\/wp-content\/uploads\/2016\/03\/Travertino_Noce_polerowany-300x300.jpg 300w, https:\/\/www.artstone.com.pl\/wp-content\/uploads\/2016\/03\/Travertino_Noce_polerowany-85x85.jpg 85w, https:\/\/www.artstone.com.pl\/wp-content\/uploads\/2016\/03\/Travertino_Noce_polerowany-80x80.jpg 80w, https:\/\/www.artstone.com.pl\/wp-content\/uploads\/2016\/03\/Travertino_Noce_polerowany-150x150.jpg 150w\" sizes=\"auto, (max-width:767px) 300px, 300px\" \/><\/a>\n\t\t\t\t<\/dt><\/div><\/dl>\n\t\t\t\t<br style='clear: both' \/>\n\t\t\t<\/div>\n\n","protected":false},"excerpt":{"rendered":"<p>Blaty kuchenne z trawertynu ze wzgl\u0119du na klasyczny wygl\u0105d i wysok\u0105 wytrzyma\u0142o\u015b\u0107 s\u0105 najcz\u0119\u015bciej stosowanymi elementami wyko\u0144czenia kuchni i \u0142azienek. Naturalnym kolorem trawertynu jest kolor bia\u0142y,<span class=\"excerpt-hellip\"> [\u2026]<\/span><\/p>\n","protected":false},"author":242,"featured_media":0,"parent":12072,"menu_order":9,"comment_status":"closed","ping_status":"closed","template":"","meta":{"footnotes":""},"class_list":["post-12255","page","type-page","status-publish","hentry"],"_links":{"self":[{"href":"https:\/\/www.artstone.com.pl\/pl\/wp-json\/wp\/v2\/pages\/12255","targetHints":{"allow":["GET"]}}],"collection":[{"href":"https:\/\/www.artstone.com.pl\/pl\/wp-json\/wp\/v2\/pages"}],"about":[{"href":"https:\/\/www.artstone.com.pl\/pl\/wp-json\/wp\/v2\/types\/page"}],"author":[{"embeddable":true,"href":"https:\/\/www.artstone.com.pl\/pl\/wp-json\/wp\/v2\/users\/242"}],"replies":[{"embeddable":true,"href":"https:\/\/www.artstone.com.pl\/pl\/wp-json\/wp\/v2\/comments?post=12255"}],"version-history":[{"count":0,"href":"https:\/\/www.artstone.com.pl\/pl\/wp-json\/wp\/v2\/pages\/12255\/revisions"}],"up":[{"embeddable":true,"href":"https:\/\/www.artstone.com.pl\/pl\/wp-json\/wp\/v2\/pages\/12072"}],"wp:attachment":[{"href":"https:\/\/www.artstone.com.pl\/pl\/wp-json\/wp\/v2\/media?parent=12255"}],"curies":[{"name":"wp","href":"https:\/\/api.w.org\/{rel}","templated":true}]}}