{"id":12261,"date":"2013-05-29T07:43:48","date_gmt":"2013-05-29T05:43:48","guid":{"rendered":"http:\/\/www.kamulec.pl\/stonelite\/"},"modified":"2024-04-12T09:13:46","modified_gmt":"2024-04-12T07:13:46","slug":"stonelite","status":"publish","type":"page","link":"https:\/\/www.artstone.com.pl\/pl\/materialy\/stonelite.html","title":{"rendered":"Stonelite"},"content":{"rendered":"<h3>Rewolucyjny i ekologiczny produkt, <strong>Stonelite\u2122<\/strong> jest prze\u0142omem w przemy\u015ble kamienia naturalnego.<\/h3>\n<p style=\"text-align: justify;\">Po raz pierwszy <a href=\"https:\/\/www.artstone.com.pl\/pl\/import-lupka-kwarcytowego.html\">\u0142upek kwarcytowy<\/a> wyprodukowany zosta\u0142 w formie tapety \u2013 forniru o grubo\u015bci 2mm. Dost\u0119pne s\u0105 r\u00f3\u017cne kolory \u0142upk\u00f3w kwarcytowych takie jak: Terra White, Kund Multi, Indian Autumn, Cooper, Deoli Green, Silver Shine, Golden, Zeera Green i Jack Black.<\/p>\n<p style=\"text-align: justify;\"><a href=\"https:\/\/www.artstone.com.pl\/pl\/fornir-kamienny.html\">Forniry kamienne<\/a> <strong>Stonelite\u2122<\/strong> produkowane s\u0105 zar\u00f3wno w formie du\u017cych paneli o rozmiarach 2440x1220mm, 1220x610mm, 610x610mm oraz w standardowych p\u0142ytkach o rozmiarze 60&#215;60, 60&#215;30, 60&#215;40, 40&#215;40, 30x30cm itp. Niestandardowe rozmiary s\u0105 dost\u0119pne na \u017cyczenie.<\/p>\n<p style=\"text-align: justify;\">Ten rewolucyjny produkt zapewnia r\u00f3\u017cnorodne mo\u017cliwo\u015bci monta\u017cu zar\u00f3wno wewn\u0105trz jak i na zewn\u0105trz. Z uwagi na du\u017c\u0105 elastyczno\u015b\u0107 fornir\u00f3w kamiennych <strong>Stonelite\u2122<\/strong> produkt ten mo\u017cna stosowa\u0107 do obudowy s\u0142up\u00f3w, kolumn oraz \u0142ukowatych powierzchni \u015bcian.<\/p>\n<p style=\"text-align: justify;\">Forniry kamienne <strong>Stonelite\u2122<\/strong> z uwagi na swoj\u0105 grubo\u015b\u0107 maj\u0105 w\u0142a\u015bciwo\u015bci translucencyjne i mo\u017cna je pod\u015bwietli\u0107 w podobny spos\u00f3b jak alabastry i onyxy. Niesamowicie niska waga tj. 180gm\/m2 paneli <strong>Stonelite\u2122<\/strong> czyni ten produkt bardzo tanim w transporcie jak i \u0142atwym w monta\u017cu w przypadku p\u0142yt o du\u017cej powierzchni. Panele <strong>Stonelite\u2122<\/strong> mog\u0105 by\u0107 montowane przy u\u017cyciu r\u00f3\u017cnych metod.<\/p>\n<p style=\"text-align: justify;\">Do monta\u017cu fornir\u00f3w <strong>Stonelite\u2122<\/strong> zastosowa\u0107 mo\u017cna zar\u00f3wno powszechnie stosowane kleje do kamienia naturalnego na bazie cementu jak i kleje monta\u017cowe na bazie silikon\u00f3w i \u017cywic. Formatowanie paneli <strong>Stonelite\u2122<\/strong> mo\u017cliwe jest przy u\u017cyciu tarcz diamentowych na sucho oraz na mokro. Wycinanie \u0142uk\u00f3w i zaokr\u0105glonych kszta\u0142t\u00f3w mo\u017cna wykona\u0107 przy pomocy no\u017cyc do ci\u0119cia p\u0142ytek dachowych z \u0142upka kwarcytowego.<\/p>\n<p>&nbsp;<\/p>\n<p style=\"text-align: center;\"><a class=\"readon\" href=\"https:\/\/www.artstone.com.pl\/pl\/kontakt.html\">Masz pytanie? Zadzwo\u0144 lub napisz do nas &gt;&gt;<\/a><\/p>\n<h3>Rodzaje Stonelite<\/h3>\n\n\t\t\t<style type='text\/css'>\n\t\t\t\t#sc_gallery-1 {\n\t\t\t\t\tmargin: auto;\n\t\t\t\t}\n\t\t\t\t#sc_gallery-1 .gallery-item {\n\t\t\t\t\tfloat: left;\n\t\t\t\t\ttext-align: center;\n\t\t\t\t\twidth: 19.99%;\n\t\t\t\t}\n\t\t\t\t#sc_gallery-1 img {\n\t\t\t\t\tborder: 2px solid #cfcfcf;\n\t\t\t\t}\n\t\t\t\t\/* see sc_gallery() in functions\/theme-shortcodes.php *\/\n\t\t\t<\/style>\n\t\t<div id='sc_gallery-1' class='gallery galleryid-12261 gallery-columns-5 gallery-size-thumbnail file element_classes gallery-default'><dl class='gallery-item'  data-title='Stonelite Copper' data-description=''><div class='gallery-item-wrapper'>\n\t\t\t\t<dt class='gallery-icon landscape'>\n\t\t\t\t\t<a href='https:\/\/www.artstone.com.pl\/wp-content\/uploads\/2018\/12\/STONELITE-COPPER.jpg'><img loading=\"lazy\" decoding=\"async\" width=\"300\" height=\"300\" src=\"https:\/\/www.artstone.com.pl\/wp-content\/uploads\/2018\/12\/STONELITE-COPPER-300x300.jpg\" class=\"attachment-thumbnail size-thumbnail\" alt=\"Stonelite Copper\" srcset=\"https:\/\/www.artstone.com.pl\/wp-content\/uploads\/2018\/12\/STONELITE-COPPER-300x300.jpg 300w, https:\/\/www.artstone.com.pl\/wp-content\/uploads\/2018\/12\/STONELITE-COPPER-85x85.jpg 85w, https:\/\/www.artstone.com.pl\/wp-content\/uploads\/2018\/12\/STONELITE-COPPER-80x80.jpg 80w, https:\/\/www.artstone.com.pl\/wp-content\/uploads\/2018\/12\/STONELITE-COPPER-150x150.jpg 150w\" sizes=\"auto, (max-width:767px) 300px, 300px\" \/><\/a>\n\t\t\t\t<\/dt>\n\t\t\t\t\t<dd class='wp-caption-text gallery-caption'>\n\t\t\t\t\tStonelite Copper\n\t\t\t\t\t<\/dd><\/div><\/dl><dl class='gallery-item'  data-title='STONELITE-KUND' data-description=''><div class='gallery-item-wrapper'>\n\t\t\t\t<dt class='gallery-icon landscape'>\n\t\t\t\t\t<a href='https:\/\/www.artstone.com.pl\/wp-content\/uploads\/2018\/12\/STONELITE-KUND.jpg'><img loading=\"lazy\" decoding=\"async\" width=\"300\" height=\"300\" src=\"https:\/\/www.artstone.com.pl\/wp-content\/uploads\/2018\/12\/STONELITE-KUND-300x300.jpg\" class=\"attachment-thumbnail size-thumbnail\" alt=\"Stonelite Kund\" srcset=\"https:\/\/www.artstone.com.pl\/wp-content\/uploads\/2018\/12\/STONELITE-KUND-300x300.jpg 300w, https:\/\/www.artstone.com.pl\/wp-content\/uploads\/2018\/12\/STONELITE-KUND-85x85.jpg 85w, https:\/\/www.artstone.com.pl\/wp-content\/uploads\/2018\/12\/STONELITE-KUND-80x80.jpg 80w, https:\/\/www.artstone.com.pl\/wp-content\/uploads\/2018\/12\/STONELITE-KUND-150x150.jpg 150w\" sizes=\"auto, (max-width:767px) 300px, 300px\" \/><\/a>\n\t\t\t\t<\/dt>\n\t\t\t\t\t<dd class='wp-caption-text gallery-caption'>\n\t\t\t\t\tStonelite Kund\n\t\t\t\t\t<\/dd><\/div><\/dl><dl class='gallery-item'  data-title='STONELITE-GREEN-MICA' data-description=''><div class='gallery-item-wrapper'>\n\t\t\t\t<dt class='gallery-icon landscape'>\n\t\t\t\t\t<a href='https:\/\/www.artstone.com.pl\/wp-content\/uploads\/2016\/03\/STONELITE-GREEN-MICA.jpg'><img loading=\"lazy\" decoding=\"async\" width=\"300\" height=\"300\" src=\"https:\/\/www.artstone.com.pl\/wp-content\/uploads\/2016\/03\/STONELITE-GREEN-MICA-300x300.jpg\" class=\"attachment-thumbnail size-thumbnail\" alt=\"\" srcset=\"https:\/\/www.artstone.com.pl\/wp-content\/uploads\/2016\/03\/STONELITE-GREEN-MICA-300x300.jpg 300w, https:\/\/www.artstone.com.pl\/wp-content\/uploads\/2016\/03\/STONELITE-GREEN-MICA-85x85.jpg 85w, https:\/\/www.artstone.com.pl\/wp-content\/uploads\/2016\/03\/STONELITE-GREEN-MICA-80x80.jpg 80w, https:\/\/www.artstone.com.pl\/wp-content\/uploads\/2016\/03\/STONELITE-GREEN-MICA-150x150.jpg 150w\" sizes=\"auto, (max-width:767px) 300px, 300px\" \/><\/a>\n\t\t\t\t<\/dt>\n\t\t\t\t\t<dd class='wp-caption-text gallery-caption'>\n\t\t\t\t\tStonelite Green Mica\n\t\t\t\t\t<\/dd><\/div><\/dl><dl class='gallery-item'  data-title='stonelite-golden' data-description=''><div class='gallery-item-wrapper'>\n\t\t\t\t<dt class='gallery-icon landscape'>\n\t\t\t\t\t<a href='https:\/\/www.artstone.com.pl\/wp-content\/uploads\/2016\/03\/STONELITE-GOLDEN.jpg'><img loading=\"lazy\" decoding=\"async\" width=\"300\" height=\"300\" src=\"https:\/\/www.artstone.com.pl\/wp-content\/uploads\/2016\/03\/STONELITE-GOLDEN-300x300.jpg\" class=\"attachment-thumbnail size-thumbnail\" alt=\"\" srcset=\"https:\/\/www.artstone.com.pl\/wp-content\/uploads\/2016\/03\/STONELITE-GOLDEN-300x300.jpg 300w, https:\/\/www.artstone.com.pl\/wp-content\/uploads\/2016\/03\/STONELITE-GOLDEN-85x85.jpg 85w, https:\/\/www.artstone.com.pl\/wp-content\/uploads\/2016\/03\/STONELITE-GOLDEN-80x80.jpg 80w, https:\/\/www.artstone.com.pl\/wp-content\/uploads\/2016\/03\/STONELITE-GOLDEN-150x150.jpg 150w\" sizes=\"auto, (max-width:767px) 300px, 300px\" \/><\/a>\n\t\t\t\t<\/dt>\n\t\t\t\t\t<dd class='wp-caption-text gallery-caption'>\n\t\t\t\t\tStonelite Golden\n\t\t\t\t\t<\/dd><\/div><\/dl><dl class='gallery-item'  data-title='africa-gold' data-description=''><div class='gallery-item-wrapper'>\n\t\t\t\t<dt class='gallery-icon landscape'>\n\t\t\t\t\t<a href='https:\/\/www.artstone.com.pl\/wp-content\/uploads\/2018\/12\/africa-gold.jpg'><img loading=\"lazy\" decoding=\"async\" width=\"300\" height=\"300\" src=\"https:\/\/www.artstone.com.pl\/wp-content\/uploads\/2018\/12\/africa-gold-300x300.jpg\" class=\"attachment-thumbnail size-thumbnail\" alt=\"\" srcset=\"https:\/\/www.artstone.com.pl\/wp-content\/uploads\/2018\/12\/africa-gold-300x300.jpg 300w, https:\/\/www.artstone.com.pl\/wp-content\/uploads\/2018\/12\/africa-gold-85x85.jpg 85w, https:\/\/www.artstone.com.pl\/wp-content\/uploads\/2018\/12\/africa-gold-80x80.jpg 80w, https:\/\/www.artstone.com.pl\/wp-content\/uploads\/2018\/12\/africa-gold-150x150.jpg 150w\" sizes=\"auto, (max-width:767px) 300px, 300px\" \/><\/a>\n\t\t\t\t<\/dt>\n\t\t\t\t\t<dd class='wp-caption-text gallery-caption'>\n\t\t\t\t\tStonelite Africa Gold\n\t\t\t\t\t<\/dd><\/div><\/dl><br style=\"clear: both\" \/><dl class='gallery-item'  data-title='indian-autumn' data-description=''><div class='gallery-item-wrapper'>\n\t\t\t\t<dt class='gallery-icon landscape'>\n\t\t\t\t\t<a href='https:\/\/www.artstone.com.pl\/wp-content\/uploads\/2016\/03\/indian-autumn.jpg'><img loading=\"lazy\" decoding=\"async\" width=\"300\" height=\"300\" src=\"https:\/\/www.artstone.com.pl\/wp-content\/uploads\/2016\/03\/indian-autumn-300x300.jpg\" class=\"attachment-thumbnail size-thumbnail\" alt=\"\" srcset=\"https:\/\/www.artstone.com.pl\/wp-content\/uploads\/2016\/03\/indian-autumn-300x300.jpg 300w, https:\/\/www.artstone.com.pl\/wp-content\/uploads\/2016\/03\/indian-autumn-85x85.jpg 85w, https:\/\/www.artstone.com.pl\/wp-content\/uploads\/2016\/03\/indian-autumn-80x80.jpg 80w, https:\/\/www.artstone.com.pl\/wp-content\/uploads\/2016\/03\/indian-autumn-150x150.jpg 150w\" sizes=\"auto, (max-width:767px) 300px, 300px\" \/><\/a>\n\t\t\t\t<\/dt>\n\t\t\t\t\t<dd class='wp-caption-text gallery-caption'>\n\t\t\t\t\tStonelite Indian Autumn\n\t\t\t\t\t<\/dd><\/div><\/dl><dl class='gallery-item'  data-title='silver-grey' data-description=''><div class='gallery-item-wrapper'>\n\t\t\t\t<dt class='gallery-icon landscape'>\n\t\t\t\t\t<a href='https:\/\/www.artstone.com.pl\/wp-content\/uploads\/2016\/03\/silver-grey.jpg'><img loading=\"lazy\" decoding=\"async\" width=\"300\" height=\"300\" src=\"https:\/\/www.artstone.com.pl\/wp-content\/uploads\/2016\/03\/silver-grey-300x300.jpg\" class=\"attachment-thumbnail size-thumbnail\" alt=\"\" srcset=\"https:\/\/www.artstone.com.pl\/wp-content\/uploads\/2016\/03\/silver-grey-300x300.jpg 300w, https:\/\/www.artstone.com.pl\/wp-content\/uploads\/2016\/03\/silver-grey-85x85.jpg 85w, https:\/\/www.artstone.com.pl\/wp-content\/uploads\/2016\/03\/silver-grey-80x80.jpg 80w, https:\/\/www.artstone.com.pl\/wp-content\/uploads\/2016\/03\/silver-grey-150x150.jpg 150w\" sizes=\"auto, (max-width:767px) 300px, 300px\" \/><\/a>\n\t\t\t\t<\/dt>\n\t\t\t\t\t<dd class='wp-caption-text gallery-caption'>\n\t\t\t\t\tStonelite Silver Grey\n\t\t\t\t\t<\/dd><\/div><\/dl><dl class='gallery-item'  data-title='silver-shine' data-description=''><div class='gallery-item-wrapper'>\n\t\t\t\t<dt class='gallery-icon landscape'>\n\t\t\t\t\t<a href='https:\/\/www.artstone.com.pl\/wp-content\/uploads\/2016\/03\/silver-shine.jpg'><img loading=\"lazy\" decoding=\"async\" width=\"300\" height=\"300\" src=\"https:\/\/www.artstone.com.pl\/wp-content\/uploads\/2016\/03\/silver-shine-300x300.jpg\" class=\"attachment-thumbnail size-thumbnail\" alt=\"\" srcset=\"https:\/\/www.artstone.com.pl\/wp-content\/uploads\/2016\/03\/silver-shine-300x300.jpg 300w, https:\/\/www.artstone.com.pl\/wp-content\/uploads\/2016\/03\/silver-shine-85x85.jpg 85w, https:\/\/www.artstone.com.pl\/wp-content\/uploads\/2016\/03\/silver-shine-80x80.jpg 80w, https:\/\/www.artstone.com.pl\/wp-content\/uploads\/2016\/03\/silver-shine-150x150.jpg 150w\" sizes=\"auto, (max-width:767px) 300px, 300px\" \/><\/a>\n\t\t\t\t<\/dt>\n\t\t\t\t\t<dd class='wp-caption-text gallery-caption'>\n\t\t\t\t\tStonelite Silver Shine\n\t\t\t\t\t<\/dd><\/div><\/dl><dl class='gallery-item'  data-title='tera-red' data-description=''><div class='gallery-item-wrapper'>\n\t\t\t\t<dt class='gallery-icon landscape'>\n\t\t\t\t\t<a href='https:\/\/www.artstone.com.pl\/wp-content\/uploads\/2016\/03\/tera-red.jpg'><img loading=\"lazy\" decoding=\"async\" width=\"300\" height=\"300\" src=\"https:\/\/www.artstone.com.pl\/wp-content\/uploads\/2016\/03\/tera-red-300x300.jpg\" class=\"attachment-thumbnail size-thumbnail\" alt=\"\" srcset=\"https:\/\/www.artstone.com.pl\/wp-content\/uploads\/2016\/03\/tera-red-300x300.jpg 300w, https:\/\/www.artstone.com.pl\/wp-content\/uploads\/2016\/03\/tera-red-85x85.jpg 85w, https:\/\/www.artstone.com.pl\/wp-content\/uploads\/2016\/03\/tera-red-80x80.jpg 80w, https:\/\/www.artstone.com.pl\/wp-content\/uploads\/2016\/03\/tera-red-150x150.jpg 150w\" sizes=\"auto, (max-width:767px) 300px, 300px\" \/><\/a>\n\t\t\t\t<\/dt>\n\t\t\t\t\t<dd class='wp-caption-text gallery-caption'>\n\t\t\t\t\tStonelite Tera Red\n\t\t\t\t\t<\/dd><\/div><\/dl><dl class='gallery-item'  data-title='tera-white' data-description=''><div class='gallery-item-wrapper'>\n\t\t\t\t<dt class='gallery-icon landscape'>\n\t\t\t\t\t<a href='https:\/\/www.artstone.com.pl\/wp-content\/uploads\/2016\/03\/tera-white.jpg'><img loading=\"lazy\" decoding=\"async\" width=\"300\" height=\"300\" src=\"https:\/\/www.artstone.com.pl\/wp-content\/uploads\/2016\/03\/tera-white-300x300.jpg\" class=\"attachment-thumbnail size-thumbnail\" alt=\"\" srcset=\"https:\/\/www.artstone.com.pl\/wp-content\/uploads\/2016\/03\/tera-white-300x300.jpg 300w, https:\/\/www.artstone.com.pl\/wp-content\/uploads\/2016\/03\/tera-white-85x85.jpg 85w, https:\/\/www.artstone.com.pl\/wp-content\/uploads\/2016\/03\/tera-white-80x80.jpg 80w, https:\/\/www.artstone.com.pl\/wp-content\/uploads\/2016\/03\/tera-white-150x150.jpg 150w\" sizes=\"auto, (max-width:767px) 300px, 300px\" \/><\/a>\n\t\t\t\t<\/dt>\n\t\t\t\t\t<dd class='wp-caption-text gallery-caption'>\n\t\t\t\t\tStonelite Tera White\n\t\t\t\t\t<\/dd><\/div><\/dl><br style=\"clear: both\" \/>\n\t\t\t<\/div>\n\n<h3>Stonelite Galeria<\/h3>\n\n\t\t\t<style type='text\/css'>\n\t\t\t\t#sc_gallery-2 {\n\t\t\t\t\tmargin: auto;\n\t\t\t\t}\n\t\t\t\t#sc_gallery-2 .gallery-item {\n\t\t\t\t\tfloat: left;\n\t\t\t\t\ttext-align: center;\n\t\t\t\t\twidth: 19.99%;\n\t\t\t\t}\n\t\t\t\t#sc_gallery-2 img {\n\t\t\t\t\tborder: 2px solid #cfcfcf;\n\t\t\t\t}\n\t\t\t\t\/* see sc_gallery() in functions\/theme-shortcodes.php *\/\n\t\t\t<\/style>\n\t\t<div id='sc_gallery-2' class='gallery galleryid-12261 gallery-columns-5 gallery-size-thumbnail file element_classes gallery-default'><dl class='gallery-item'  data-title='STONELITE-BY-TAB-INDIA-7' data-description=''><div class='gallery-item-wrapper'>\n\t\t\t\t<dt class='gallery-icon portrait'>\n\t\t\t\t\t<a href='https:\/\/www.artstone.com.pl\/wp-content\/uploads\/2016\/03\/STONELITE-BY-TAB-INDIA-7.jpg'><img loading=\"lazy\" decoding=\"async\" width=\"300\" height=\"300\" src=\"https:\/\/www.artstone.com.pl\/wp-content\/uploads\/2016\/03\/STONELITE-BY-TAB-INDIA-7-300x300.jpg\" class=\"attachment-thumbnail size-thumbnail\" alt=\"\" srcset=\"https:\/\/www.artstone.com.pl\/wp-content\/uploads\/2016\/03\/STONELITE-BY-TAB-INDIA-7-300x300.jpg 300w, https:\/\/www.artstone.com.pl\/wp-content\/uploads\/2016\/03\/STONELITE-BY-TAB-INDIA-7-85x85.jpg 85w, https:\/\/www.artstone.com.pl\/wp-content\/uploads\/2016\/03\/STONELITE-BY-TAB-INDIA-7-80x80.jpg 80w, https:\/\/www.artstone.com.pl\/wp-content\/uploads\/2016\/03\/STONELITE-BY-TAB-INDIA-7-500x500.jpg 500w, https:\/\/www.artstone.com.pl\/wp-content\/uploads\/2016\/03\/STONELITE-BY-TAB-INDIA-7-150x150.jpg 150w\" sizes=\"auto, (max-width:767px) 300px, 300px\" \/><\/a>\n\t\t\t\t<\/dt><\/div><\/dl><dl class='gallery-item'  data-title='STONELITE-BY-TAB-INDIA-8' data-description=''><div class='gallery-item-wrapper'>\n\t\t\t\t<dt class='gallery-icon landscape'>\n\t\t\t\t\t<a href='https:\/\/www.artstone.com.pl\/wp-content\/uploads\/2016\/03\/STONELITE-BY-TAB-INDIA-8.jpg'><img loading=\"lazy\" decoding=\"async\" width=\"300\" height=\"300\" src=\"https:\/\/www.artstone.com.pl\/wp-content\/uploads\/2016\/03\/STONELITE-BY-TAB-INDIA-8-300x300.jpg\" class=\"attachment-thumbnail size-thumbnail\" alt=\"\" srcset=\"https:\/\/www.artstone.com.pl\/wp-content\/uploads\/2016\/03\/STONELITE-BY-TAB-INDIA-8-300x300.jpg 300w, https:\/\/www.artstone.com.pl\/wp-content\/uploads\/2016\/03\/STONELITE-BY-TAB-INDIA-8-85x85.jpg 85w, https:\/\/www.artstone.com.pl\/wp-content\/uploads\/2016\/03\/STONELITE-BY-TAB-INDIA-8-80x80.jpg 80w, https:\/\/www.artstone.com.pl\/wp-content\/uploads\/2016\/03\/STONELITE-BY-TAB-INDIA-8-150x150.jpg 150w\" sizes=\"auto, (max-width:767px) 300px, 300px\" \/><\/a>\n\t\t\t\t<\/dt><\/div><\/dl><dl class='gallery-item'  data-title='STONELITE-BY-TAB-INDIA-4' data-description=''><div class='gallery-item-wrapper'>\n\t\t\t\t<dt class='gallery-icon landscape'>\n\t\t\t\t\t<a href='https:\/\/www.artstone.com.pl\/wp-content\/uploads\/2016\/03\/STONELITE-BY-TAB-INDIA-4.jpg'><img loading=\"lazy\" decoding=\"async\" width=\"300\" height=\"300\" src=\"https:\/\/www.artstone.com.pl\/wp-content\/uploads\/2016\/03\/STONELITE-BY-TAB-INDIA-4-300x300.jpg\" class=\"attachment-thumbnail size-thumbnail\" alt=\"\" srcset=\"https:\/\/www.artstone.com.pl\/wp-content\/uploads\/2016\/03\/STONELITE-BY-TAB-INDIA-4-300x300.jpg 300w, https:\/\/www.artstone.com.pl\/wp-content\/uploads\/2016\/03\/STONELITE-BY-TAB-INDIA-4-85x85.jpg 85w, https:\/\/www.artstone.com.pl\/wp-content\/uploads\/2016\/03\/STONELITE-BY-TAB-INDIA-4-80x80.jpg 80w, https:\/\/www.artstone.com.pl\/wp-content\/uploads\/2016\/03\/STONELITE-BY-TAB-INDIA-4-150x150.jpg 150w\" sizes=\"auto, (max-width:767px) 300px, 300px\" \/><\/a>\n\t\t\t\t<\/dt><\/div><\/dl><dl class='gallery-item'  data-title='STONELITE-BY-TAB-INDIA-6' data-description=''><div class='gallery-item-wrapper'>\n\t\t\t\t<dt class='gallery-icon landscape'>\n\t\t\t\t\t<a href='https:\/\/www.artstone.com.pl\/wp-content\/uploads\/2016\/03\/STONELITE-BY-TAB-INDIA-6.jpg'><img loading=\"lazy\" decoding=\"async\" width=\"300\" height=\"300\" src=\"https:\/\/www.artstone.com.pl\/wp-content\/uploads\/2016\/03\/STONELITE-BY-TAB-INDIA-6-300x300.jpg\" class=\"attachment-thumbnail size-thumbnail\" alt=\"\" srcset=\"https:\/\/www.artstone.com.pl\/wp-content\/uploads\/2016\/03\/STONELITE-BY-TAB-INDIA-6-300x300.jpg 300w, https:\/\/www.artstone.com.pl\/wp-content\/uploads\/2016\/03\/STONELITE-BY-TAB-INDIA-6-85x85.jpg 85w, https:\/\/www.artstone.com.pl\/wp-content\/uploads\/2016\/03\/STONELITE-BY-TAB-INDIA-6-80x80.jpg 80w, https:\/\/www.artstone.com.pl\/wp-content\/uploads\/2016\/03\/STONELITE-BY-TAB-INDIA-6-150x150.jpg 150w\" sizes=\"auto, (max-width:767px) 300px, 300px\" \/><\/a>\n\t\t\t\t<\/dt><\/div><\/dl><dl class='gallery-item'  data-title='STONELITE-BY-TAB-INDIA-5' data-description=''><div class='gallery-item-wrapper'>\n\t\t\t\t<dt class='gallery-icon landscape'>\n\t\t\t\t\t<a href='https:\/\/www.artstone.com.pl\/wp-content\/uploads\/2016\/03\/STONELITE-BY-TAB-INDIA-5.jpg'><img loading=\"lazy\" decoding=\"async\" width=\"300\" height=\"300\" src=\"https:\/\/www.artstone.com.pl\/wp-content\/uploads\/2016\/03\/STONELITE-BY-TAB-INDIA-5-300x300.jpg\" class=\"attachment-thumbnail size-thumbnail\" alt=\"\" srcset=\"https:\/\/www.artstone.com.pl\/wp-content\/uploads\/2016\/03\/STONELITE-BY-TAB-INDIA-5-300x300.jpg 300w, https:\/\/www.artstone.com.pl\/wp-content\/uploads\/2016\/03\/STONELITE-BY-TAB-INDIA-5-85x85.jpg 85w, https:\/\/www.artstone.com.pl\/wp-content\/uploads\/2016\/03\/STONELITE-BY-TAB-INDIA-5-80x80.jpg 80w, https:\/\/www.artstone.com.pl\/wp-content\/uploads\/2016\/03\/STONELITE-BY-TAB-INDIA-5-150x150.jpg 150w\" sizes=\"auto, (max-width:767px) 300px, 300px\" \/><\/a>\n\t\t\t\t<\/dt><\/div><\/dl><br style=\"clear: both\" \/><dl class='gallery-item'  data-title='STONELITE-BY-TAB-INDIA-9' data-description=''><div class='gallery-item-wrapper'>\n\t\t\t\t<dt class='gallery-icon portrait'>\n\t\t\t\t\t<a href='https:\/\/www.artstone.com.pl\/wp-content\/uploads\/2016\/03\/STONELITE-BY-TAB-INDIA-9.jpg'><img loading=\"lazy\" decoding=\"async\" width=\"239\" height=\"274\" src=\"https:\/\/www.artstone.com.pl\/wp-content\/uploads\/2016\/03\/STONELITE-BY-TAB-INDIA-9.jpg\" class=\"attachment-thumbnail size-thumbnail\" alt=\"\" srcset=\"https:\/\/www.artstone.com.pl\/wp-content\/uploads\/2016\/03\/STONELITE-BY-TAB-INDIA-9.jpg 239w, https:\/\/www.artstone.com.pl\/wp-content\/uploads\/2016\/03\/STONELITE-BY-TAB-INDIA-9-127x146.jpg 127w, https:\/\/www.artstone.com.pl\/wp-content\/uploads\/2016\/03\/STONELITE-BY-TAB-INDIA-9-44x50.jpg 44w, https:\/\/www.artstone.com.pl\/wp-content\/uploads\/2016\/03\/STONELITE-BY-TAB-INDIA-9-65x75.jpg 65w\" sizes=\"auto, (max-width:767px) 239px, 239px\" \/><\/a>\n\t\t\t\t<\/dt><\/div><\/dl><dl class='gallery-item'  data-title='zastosowanie-stonelite-blat' data-description=''><div class='gallery-item-wrapper'>\n\t\t\t\t<dt class='gallery-icon landscape'>\n\t\t\t\t\t<a href='https:\/\/www.artstone.com.pl\/wp-content\/uploads\/2016\/03\/zastosowanie-stonelite-blat.jpg'><img loading=\"lazy\" decoding=\"async\" width=\"300\" height=\"300\" src=\"https:\/\/www.artstone.com.pl\/wp-content\/uploads\/2016\/03\/zastosowanie-stonelite-blat-300x300.jpg\" class=\"attachment-thumbnail size-thumbnail\" alt=\"\" srcset=\"https:\/\/www.artstone.com.pl\/wp-content\/uploads\/2016\/03\/zastosowanie-stonelite-blat-300x300.jpg 300w, https:\/\/www.artstone.com.pl\/wp-content\/uploads\/2016\/03\/zastosowanie-stonelite-blat-85x85.jpg 85w, https:\/\/www.artstone.com.pl\/wp-content\/uploads\/2016\/03\/zastosowanie-stonelite-blat-80x80.jpg 80w, https:\/\/www.artstone.com.pl\/wp-content\/uploads\/2016\/03\/zastosowanie-stonelite-blat-150x150.jpg 150w\" sizes=\"auto, (max-width:767px) 300px, 300px\" \/><\/a>\n\t\t\t\t<\/dt><\/div><\/dl><dl class='gallery-item'  data-title='zastsosowanie-stonelite-scianka' data-description=''><div class='gallery-item-wrapper'>\n\t\t\t\t<dt class='gallery-icon landscape'>\n\t\t\t\t\t<a href='https:\/\/www.artstone.com.pl\/wp-content\/uploads\/2016\/03\/zastsosowanie-stonelite-scianka.jpg'><img loading=\"lazy\" decoding=\"async\" width=\"300\" height=\"300\" src=\"https:\/\/www.artstone.com.pl\/wp-content\/uploads\/2016\/03\/zastsosowanie-stonelite-scianka-300x300.jpg\" class=\"attachment-thumbnail size-thumbnail\" alt=\"\" srcset=\"https:\/\/www.artstone.com.pl\/wp-content\/uploads\/2016\/03\/zastsosowanie-stonelite-scianka-300x300.jpg 300w, https:\/\/www.artstone.com.pl\/wp-content\/uploads\/2016\/03\/zastsosowanie-stonelite-scianka-85x85.jpg 85w, https:\/\/www.artstone.com.pl\/wp-content\/uploads\/2016\/03\/zastsosowanie-stonelite-scianka-80x80.jpg 80w, https:\/\/www.artstone.com.pl\/wp-content\/uploads\/2016\/03\/zastsosowanie-stonelite-scianka-150x150.jpg 150w\" sizes=\"auto, (max-width:767px) 300px, 300px\" \/><\/a>\n\t\t\t\t<\/dt><\/div><\/dl><dl class='gallery-item'  data-title='zastosowanie-stonelite-kolumna' data-description=''><div class='gallery-item-wrapper'>\n\t\t\t\t<dt class='gallery-icon portrait'>\n\t\t\t\t\t<a href='https:\/\/www.artstone.com.pl\/wp-content\/uploads\/2016\/03\/zastosowanie-stonelite-kolumna.jpg'><img loading=\"lazy\" decoding=\"async\" width=\"300\" height=\"300\" src=\"https:\/\/www.artstone.com.pl\/wp-content\/uploads\/2016\/03\/zastosowanie-stonelite-kolumna-300x300.jpg\" class=\"attachment-thumbnail size-thumbnail\" alt=\"\" srcset=\"https:\/\/www.artstone.com.pl\/wp-content\/uploads\/2016\/03\/zastosowanie-stonelite-kolumna-300x300.jpg 300w, https:\/\/www.artstone.com.pl\/wp-content\/uploads\/2016\/03\/zastosowanie-stonelite-kolumna-85x85.jpg 85w, https:\/\/www.artstone.com.pl\/wp-content\/uploads\/2016\/03\/zastosowanie-stonelite-kolumna-80x80.jpg 80w, https:\/\/www.artstone.com.pl\/wp-content\/uploads\/2016\/03\/zastosowanie-stonelite-kolumna-150x150.jpg 150w\" sizes=\"auto, (max-width:767px) 300px, 300px\" \/><\/a>\n\t\t\t\t<\/dt><\/div><\/dl><dl class='gallery-item'  data-title='zastosowanie-stonelite-drzwi' data-description=''><div class='gallery-item-wrapper'>\n\t\t\t\t<dt class='gallery-icon portrait'>\n\t\t\t\t\t<a href='https:\/\/www.artstone.com.pl\/wp-content\/uploads\/2016\/03\/zastosowanie-stonelite-drzwi.jpg'><img loading=\"lazy\" decoding=\"async\" width=\"300\" height=\"300\" src=\"https:\/\/www.artstone.com.pl\/wp-content\/uploads\/2016\/03\/zastosowanie-stonelite-drzwi-300x300.jpg\" class=\"attachment-thumbnail size-thumbnail\" alt=\"\" srcset=\"https:\/\/www.artstone.com.pl\/wp-content\/uploads\/2016\/03\/zastosowanie-stonelite-drzwi-300x300.jpg 300w, https:\/\/www.artstone.com.pl\/wp-content\/uploads\/2016\/03\/zastosowanie-stonelite-drzwi-85x85.jpg 85w, https:\/\/www.artstone.com.pl\/wp-content\/uploads\/2016\/03\/zastosowanie-stonelite-drzwi-80x80.jpg 80w, https:\/\/www.artstone.com.pl\/wp-content\/uploads\/2016\/03\/zastosowanie-stonelite-drzwi-150x150.jpg 150w\" sizes=\"auto, (max-width:767px) 300px, 300px\" \/><\/a>\n\t\t\t\t<\/dt><\/div><\/dl><br style=\"clear: both\" \/>\n\t\t\t<\/div>\n\n","protected":false},"excerpt":{"rendered":"<p>Rewolucyjny i ekologiczny produkt, Stonelite\u2122 jest prze\u0142omem w przemy\u015ble kamienia naturalnego. Po raz pierwszy \u0142upek kwarcytowy wyprodukowany zosta\u0142 w formie tapety \u2013 forniru o grubo\u015bci 2mm.<span class=\"excerpt-hellip\"> [\u2026]<\/span><\/p>\n","protected":false},"author":242,"featured_media":0,"parent":16922,"menu_order":0,"comment_status":"closed","ping_status":"closed","template":"","meta":{"footnotes":""},"class_list":["post-12261","page","type-page","status-publish","hentry"],"_links":{"self":[{"href":"https:\/\/www.artstone.com.pl\/pl\/wp-json\/wp\/v2\/pages\/12261","targetHints":{"allow":["GET"]}}],"collection":[{"href":"https:\/\/www.artstone.com.pl\/pl\/wp-json\/wp\/v2\/pages"}],"about":[{"href":"https:\/\/www.artstone.com.pl\/pl\/wp-json\/wp\/v2\/types\/page"}],"author":[{"embeddable":true,"href":"https:\/\/www.artstone.com.pl\/pl\/wp-json\/wp\/v2\/users\/242"}],"replies":[{"embeddable":true,"href":"https:\/\/www.artstone.com.pl\/pl\/wp-json\/wp\/v2\/comments?post=12261"}],"version-history":[{"count":0,"href":"https:\/\/www.artstone.com.pl\/pl\/wp-json\/wp\/v2\/pages\/12261\/revisions"}],"up":[{"embeddable":true,"href":"https:\/\/www.artstone.com.pl\/pl\/wp-json\/wp\/v2\/pages\/16922"}],"wp:attachment":[{"href":"https:\/\/www.artstone.com.pl\/pl\/wp-json\/wp\/v2\/media?parent=12261"}],"curies":[{"name":"wp","href":"https:\/\/api.w.org\/{rel}","templated":true}]}}