{"id":12262,"date":"2013-06-03T09:00:13","date_gmt":"2013-06-03T07:00:13","guid":{"rendered":"http:\/\/www.kamulec.pl\/koszty-dostawy\/"},"modified":"2025-09-02T13:41:29","modified_gmt":"2025-09-02T11:41:29","slug":"koszty-dostawy","status":"publish","type":"page","link":"https:\/\/www.artstone.com.pl\/pl\/koszty-dostawy.html","title":{"rendered":"Koszty dostawy"},"content":{"rendered":"<p><!-- Poni\u017cej prezentujemy informacje o kosztach dostawy.\n\n<span style=\"font-size: small;\"><strong>Przesy\u0142ka kurierska na palecie:<\/strong><\/span>\n\n<span style=\"font-size: medium;\">do 50 kg - <strong>120 z\u0142 \u00a0<\/strong>(przesy\u0142ka pobraniowa + 15 z\u0142)<\/span>\n\n<span style=\"font-size: medium;\">od 51 do 300 kg - <strong>180 z\u0142\u00a0<\/strong>(przesy\u0142ka pobraniowa + 15 z\u0142)<\/span>\n\n<span style=\"font-size: medium;\">od 301 kg do 600 kg - <strong>200 z\u0142\u00a0<\/strong>(przesy\u0142ka pobraniowa + 15 z\u0142)<\/span>\n\n<span style=\"font-size: medium;\">od 601 kg do 1200 kg - <strong>215 z\u0142\u00a0<\/strong>(przesy\u0142ka pobraniowa + 15 z\u0142)<\/span>\n\n<span style=\"font-size: medium;\"><strong>\u00a0<\/strong><\/span>\n\n<span style=\"font-size: small;\"><strong>Przesy\u0142ka kurierska bez palety:<\/strong><\/span>\n\n<span style=\"font-size: medium;\">do 30 kg - <strong>25 z\u0142\u00a0<\/strong>(przesy\u0142ka pobraniowa + 10 z\u0142)<\/span>\n\n<span style=\"font-size: medium;\">31 - 50 kg - <strong>130 z\u0142\u00a0<\/strong>(przesy\u0142ka pobraniowa + 15 z\u0142)<\/span>\n\n<strong>Ma\u0142a paczka i pr\u00f3bki\u00a0<\/strong>\n\n<span style=\"font-size: medium;\">do 30 kg - 20 z\u0142\u00a0\u00a0(przesy\u0142ka pobraniowa + 10 z\u0142)<\/span>\n\n<span style=\"font-size: medium;\">\u00a0<\/span>\n\n<span style=\"font-size: medium;\">\u00a0<\/span>\n\n\n<p style=\"text-align: justify;\">Ze wzgl\u0119du na wewn\u0119trzne przepisy firm kurierskich przesy\u0142ki pobraniowe realizowane s\u0105 do kwoty zam\u00f3wienia nie przekraczaj\u0105cej 5000 z\u0142.<\/p>\n\n\n\n\n<p style=\"text-align: justify;\">W przypadku zam\u00f3wie\u0144 o wadze powy\u017cej 215 kg oraz slab\u00f3w koszt wysy\u0142ki ustalany jest indywidualnie. W tej sprawie prosimy o skontaktowanie si\u0119 z <a title=\"Kontakt z konsultantem\" href=\"kontakt.html\">naszym konsultantem<\/a>\u00a0zanim dokonaj\u0105 Pa\u0144stwo zakupu.<strong>\n<\/strong><\/p>\n\n\n\n\n<p style=\"text-align: justify;\"><strong>\u00a0<\/strong><\/p>\n\n\n--><\/p>\n<h3>Koszty dostawy wyceniane <b>indywidualnie<\/b>, prosimy o kontakt:<\/h3>\n<ul>\n<li>tel: <a href=\"tel:227224025\">22 722 40 25<\/a><\/li>\n<li>mail: <a href=\"mailto:biuro@artstone.com.pl\">biuro@artstone.com.pl<\/a><\/li>\n<\/ul>\n","protected":false},"excerpt":{"rendered":"<p>Koszty dostawy wyceniane indywidualnie, prosimy o kontakt: tel: 22 722 40 25 mail: biuro@artstone.com.pl<\/p>\n","protected":false},"author":242,"featured_media":-1,"parent":0,"menu_order":1,"comment_status":"closed","ping_status":"closed","template":"","meta":{"footnotes":""},"class_list":["post-12262","page","type-page","status-publish","has-post-thumbnail","hentry"],"_links":{"self":[{"href":"https:\/\/www.artstone.com.pl\/pl\/wp-json\/wp\/v2\/pages\/12262","targetHints":{"allow":["GET"]}}],"collection":[{"href":"https:\/\/www.artstone.com.pl\/pl\/wp-json\/wp\/v2\/pages"}],"about":[{"href":"https:\/\/www.artstone.com.pl\/pl\/wp-json\/wp\/v2\/types\/page"}],"author":[{"embeddable":true,"href":"https:\/\/www.artstone.com.pl\/pl\/wp-json\/wp\/v2\/users\/242"}],"replies":[{"embeddable":true,"href":"https:\/\/www.artstone.com.pl\/pl\/wp-json\/wp\/v2\/comments?post=12262"}],"version-history":[{"count":0,"href":"https:\/\/www.artstone.com.pl\/pl\/wp-json\/wp\/v2\/pages\/12262\/revisions"}],"wp:featuredmedia":[{"embeddable":true,"href":"https:\/\/www.artstone.com.pl\/pl\/wp-json\/"}],"wp:attachment":[{"href":"https:\/\/www.artstone.com.pl\/pl\/wp-json\/wp\/v2\/media?parent=12262"}],"curies":[{"name":"wp","href":"https:\/\/api.w.org\/{rel}","templated":true}]}}