{"id":12263,"date":"2013-07-12T10:35:36","date_gmt":"2013-07-12T08:35:36","guid":{"rendered":"http:\/\/www.kamulec.pl\/polityka-prywatnosci-sklepu-internetowego-kamulec-pl\/"},"modified":"2022-09-02T14:57:15","modified_gmt":"2022-09-02T12:57:15","slug":"polityka-prywatnosci","status":"publish","type":"page","link":"https:\/\/www.artstone.com.pl\/pl\/polityka-prywatnosci.html","title":{"rendered":"Polityka Prywatno\u015bci Sklepu Internetowego Artstone.com.pl"},"content":{"rendered":"<p>\u00a0<span style=\"color: #666666; font-family: Helvetica, Arial, sans-serif; font-size: 16px; font-weight: bold; line-height: 1.3em;\">1.\u00a0\u00a0\u00a0 POSTANOWIENIA OG\u00d3LNE<\/span><\/p>\n<p style=\"text-align: justify;\"><strong>1.1.\u00a0<\/strong>Administratorem danych osobowych zbieranych za po\u015brednictwem Sklepu Internetowego jest GRZEGORZ SZYMANEK prowadz\u0105cy dzia\u0142alno\u015b\u0107 gospodarcz\u0105 pod nazw\u0105 ARTSTONE P.H.U. GRZEGORZ SZYMANEK (adres miejsca prowadzenia dzia\u0142alno\u015bci: ul. Blacharska 1\/630 02-660 Warszawa i <span style=\"text-decoration: underline;\">adres do korespondencji<\/span>: ul. Sochaczewska 79, Macierzysz, 05-850 O\u017car\u00f3w Mazowiecki) wpisan\u0105 do Centralnej Ewidencji i Informacji o Dzia\u0142alno\u015bci Gospodarczej Rzeczypospolitej Polskiej prowadzonej przez ministra w\u0142a\u015bciwego do spraw gospodarki, NIP 5212912352, REGON 013156812, adres poczty elektronicznej: kontakt@artstone.com.pl &#8211; zwany dalej \u201eAdministratorem\u201d i b\u0119d\u0105cy jednocze\u015bnie Us\u0142ugodawc\u0105 Sklepu Internetowego i Sprzedawc\u0105.<\/p>\n<p style=\"text-align: justify;\"><strong>1.2.\u00a0<\/strong>Dane osobowe Us\u0142ugobiorcy (Klienta) s\u0105 przetwarzane zgodnie z ustaw\u0105 o ochronie danych osobowych z dnia 29 sierpnia 1997 r. (Dz.U. Nr 133, poz. 883 ze zm.) oraz ustaw\u0105 o \u015bwiadczeniu us\u0142ug drog\u0105 elektroniczn\u0105 z dnia 18 lipca 2002 r. (Dz.U. Nr 144, poz. 1204 ze zm.).<\/p>\n<p style=\"text-align: justify;\"><strong>1.3.\u00a0<\/strong>Administrator dok\u0142ada szczeg\u00f3lnej staranno\u015bci w celu ochrony interes\u00f3w os\u00f3b, kt\u00f3rych dane dotycz\u0105, a w szczeg\u00f3lno\u015bci zapewnia, \u017ce zbierane przez niego dane s\u0105 przetwarzane zgodnie z prawem; zbierane dla oznaczonych, zgodnych z prawem cel\u00f3w i niepoddawane dalszemu przetwarzaniu niezgodnemu z tymi celami; merytorycznie poprawne i adekwatne w stosunku do cel\u00f3w, w jakich s\u0105 przetwarzane oraz przechowywane w postaci umo\u017cliwiaj\u0105cej identyfikacj\u0119 os\u00f3b, kt\u00f3rych dotycz\u0105, nie d\u0142u\u017cej ni\u017c jest to niezb\u0119dne do osi\u0105gni\u0119cia celu przetwarzania.<\/p>\n<p style=\"text-align: justify;\"><strong>1.4.\u00a0<\/strong>Wszelkie s\u0142owa, wyra\u017cenia i akronimy wyst\u0119puj\u0105ce na niniejszej stronie i rozpoczynaj\u0105ce si\u0119 z du\u017cej litery (np. Sprzedawca, Sklep Internetowy, Us\u0142uga Elektroniczna) nale\u017cy rozumie\u0107 zgodnie z ich definicj\u0105 zawart\u0105 w Regulaminie Sklepu Internetowego dost\u0119pnego pod adresem: <a href=\"https:\/\/www.artstone.com.pl\/pl\/regulamin-sklepu.html\" target=\"_blank\" title=\"Regulamin sklepu internetowego Artstone.com.pl\" rel=\"noopener noreferrer\"><strong>https:\/\/www.artstone.com.pl\/regulamin<\/strong><\/a><\/p>\n<p><span style=\"font-family: helvetica;\"><strong>2.\u00a0\u00a0\u00a0 CEL I ZAKRES ZBIERANIA DANYCH<\/strong><\/span><\/p>\n<p style=\"text-align: justify;\"><strong>2.1.\u00a0<\/strong>Celem zbierania danych osobowych przez Administratora jest:<\/p>\n<p class=\"111pkt\" style=\"text-align: justify;\">2.1.1. nawi\u0105zanie, ukszta\u0142towanie tre\u015bci, zmiana, wykonanie lub rozwi\u0105zanie stosunku umownego mi\u0119dzy Us\u0142ugodawc\u0105 (Sprzedawc\u0105) i Us\u0142ugobiorc\u0105 (Klientem) polegaj\u0105cego na \u015bwiadczeniu Us\u0142ug Elektronicznych poprzez Sklep Internetowy lub zawarciu i wykonaniu Umowy Sprzeda\u017cy Produkt\u00f3w oraz ich dostarczenia do Klienta.<\/p>\n<p class=\"111pkt\" style=\"text-align: justify;\">2.1.2. marketing bezpo\u015bredni w\u0142asnych produkt\u00f3w lub us\u0142ug Administratora.<\/p>\n<p style=\"text-align: justify;\"><strong>2.2.\u00a0<\/strong>W przypadku Klient\u00f3w, kt\u00f3rzy korzystaj\u0105 z us\u0142ug dostawy Produktu do Klienta Administrator przekazuje zebrane dane osobowe Klient\u00f3w w zakresie niezb\u0119dnym dla dokonania dostawy wybranemu przewo\u017anikowi:<\/p>\n<p class=\"111pkt\" style=\"text-align: justify;\">2.2.1. POCZTA POLSKA SA z siedzib\u0105 w Warszawie (adres siedziby: ul. Rakowiecka 26, 00-940 Warszawa) numer w Rejestrze Przedsi\u0119biorc\u00f3w KRS: 0000334972.<\/p>\n<p class=\"111pkt\" style=\"text-align: justify;\">2.2.2. UPS Polska Sp. z o. o. z siedzib\u0105 w Warszawie (adres siedziby: ul. Pr\u0105dzy\u0144skiego 1\/3, 01-222 Warszawa) numer w Rejestrze Przedsi\u0119biorc\u00f3w KRS: 0000036680.<\/p>\n<p style=\"text-align: justify;\"><strong>2.3.\u00a0<\/strong>W przypadku Klient\u00f3w, kt\u00f3rzy korzystaj\u0105 z p\u0142atno\u015bci elektronicznych Administrator przekazuje zebrane dane osobowe Klient\u00f3w jedynie po\u015brednikowi wybranemu przez Klienta i to jedynie w takim zakresie jaki niezb\u0119dny jest do dokonania przez Klienta p\u0142atno\u015bci za ich po\u015brednictwem. Po\u015brednikiem dost\u0119pnym w Sklepie Internetowym jest:<\/p>\n<p class=\"111pkt\" style=\"text-align: justify;\">2.3.1. PayU.pl \u2013 sp\u00f3\u0142ka PayU S.A. z siedzib\u0105 w Poznaniu (adres siedziby: ul. Grunwaldzka 182, 60-166 Pozna\u0144), wpisana do Rejestru Przedsi\u0119biorc\u00f3w Krajowego Rejestru S\u0105dowego pod numerem 0000274399, akta rejestrowe przechowywane przez S\u0105d Rejonowy Pozna\u0144 \u2013 Nowe Miasto i Wilda w Poznaniu, kapita\u0142 zak\u0142adowy w wysoko\u015bci 4.000.000 z\u0142 w ca\u0142o\u015bci op\u0142aconym, NIP: 779-23-08-495.<\/p>\n<p style=\"text-align: justify;\"><strong>2.4.\u00a0<\/strong>Administrator przetwarza nast\u0119puj\u0105ce dane osobowe Us\u0142ugobiorc\u00f3w (Klient\u00f3w): imi\u0119 i nazwisko; adres poczty elektronicznej; numer telefonu kontaktowego; adres (ulica, numer domu, numer lokalu, kod pocztowy, miejscowo\u015b\u0107, kraj). W wypadku Us\u0142ugobiorc\u00f3w (Klient\u00f3w) nie b\u0119d\u0105cych jednocze\u015bnie konsumentami Administrator przetwarza dodatkowo nazw\u0119 firmy oraz numer identyfikacji podatkowej (NIP).<\/p>\n<p style=\"text-align: justify;\"><strong>2.5.\u00a0<\/strong>Podanie danych osobowych, o kt\u00f3rych mowa w pkt. 2.4. jest niezb\u0119dne do \u015bwiadczenia przez Us\u0142ugodawc\u0119 Us\u0142ug Elektronicznych w ramach Sklepu Internetowego lub zawarcia Umowy Sprzeda\u017cy Produkt\u00f3w. Ka\u017cdorazowo zakres wymaganych danych wskazany jest tak\u017ce w Regulaminie Sklepu Internetowego oraz przed rozpocz\u0119ciem \u015bwiadczenia okre\u015blonej Us\u0142ugi Elektronicznej lub zawarciem Umowy Sprzeda\u017cy na stronie Sklepu Internetowego.<\/p>\n<p style=\"text-align: justify;\"><strong>3.\u00a0\u00a0\u00a0 COOKIES I DANE EKSPLOATACYJNE<\/strong><\/p>\n<p style=\"text-align: justify;\"><strong>3.1.\u00a0<\/strong>Pliki Cookies (ciasteczka) s\u0105 to niewielkie informacje tekstowe w postaci plik\u00f3w tekstowych, wysy\u0142ane przez serwer i zapisywane po stronie u\u017cytkownika odwiedzaj\u0105cego stron\u0119 Sklepu Internetowego (np. na dysku twardym komputera, laptopa, czy te\u017c na karcie pami\u0119ci smartfona \u2013 w zale\u017cno\u015bci z jakiego urz\u0105dzenia korzystasz odwiedzaj\u0105c nasz Sklep Internetowy). Szczeg\u00f3\u0142owe informacje dot. Cookies, a tak\u017ce histori\u0119 ich powstania mo\u017cna znale\u017a\u0107 m.in. tutaj: http:\/\/pl.wikipedia.org\/wiki\/Ciasteczko.<\/p>\n<p style=\"text-align: justify;\"><strong>3.2.\u00a0<\/strong>Us\u0142ugodawca przetwarza dane zawarte w plikach Cookies podczas korzystania przez odwiedzaj\u0105cych ze strony internetowej Sklepu Internetowego w nast\u0119puj\u0105cych celach:<\/p>\n<p class=\"111pkt\" style=\"text-align: justify;\">3.2.1. identyfikacji Us\u0142ugobiorc\u00f3w jako zalogowanych w Sklepie Internetowym i pokazywania, \u017ce s\u0105 zalogowani;<\/p>\n<p class=\"111pkt\" style=\"text-align: justify;\">3.2.2. zapami\u0119tywania towar\u00f3w dodanych do koszyka w celu z\u0142o\u017cenia zam\u00f3wienia;<\/p>\n<p class=\"111pkt\" style=\"text-align: justify;\">3.2.3. zapami\u0119tywania danych z wype\u0142nianych formularzy zam\u00f3wienia, ankiet lub danych logowania do Sklepu Internetowego;<\/p>\n<p class=\"111pkt\" style=\"text-align: justify;\">3.2.4. dostosowywania zawarto\u015bci strony Sklepu Internetowego do indywidualnych preferencji Us\u0142ugobiorcy (np. dotycz\u0105cych kolor\u00f3w, rozmiaru czcionki, uk\u0142adu strony) oraz optymalizacji korzystania ze stron Sklepu Internetowego;<\/p>\n<p class=\"111pkt\" style=\"text-align: justify;\">3.2.5. prowadzenia anonimowych statystyk przedstawiaj\u0105cych spos\u00f3b korzystania ze strony Sklepu Internetowego oraz badania potrzeb Us\u0142ugobiorc\u00f3w, z wy\u0142\u0105czeniem personalnej identyfikacji Us\u0142ugobiorcy.<\/p>\n<p style=\"text-align: justify;\"><strong>3.3.\u00a0<\/strong>Standardowo wi\u0119kszo\u015b\u0107 przegl\u0105darek internetowych dost\u0119pnych na rynku domy\u015blnie akceptuje zapisywanie plik\u00f3w Cookies. Masz mo\u017cliwo\u015b\u0107 okre\u015blenia warunk\u00f3w korzystania z plik\u00f3w Cookies za pomoc\u0105 ustawie\u0144 w\u0142asnej przegl\u0105darki internetowej. Oznacza to, \u017ce mo\u017cesz np. cz\u0119\u015bciowo ograniczy\u0107 (np. czasowo) lub ca\u0142kowicie wy\u0142\u0105czy\u0107 mo\u017cliwo\u015b\u0107 zapisywania plik\u00f3w Cookies na Twoim komputerze \u2013 w tym ostatnim wypadku jednak mo\u017ce to mie\u0107 wp\u0142yw na niekt\u00f3re funkcjonalno\u015bci Sklepu Internetowego (przyk\u0142adowo niemo\u017cliwym mo\u017ce okaza\u0107 si\u0119 przej\u015bcie \u015bcie\u017cki Zam\u00f3wienia poprzez Formularz Zam\u00f3wienia).<\/p>\n<p style=\"text-align: justify;\"><strong>3.4.\u00a0<\/strong>Ustawienia Twojej przegl\u0105darki internetowej w zakresie plik\u00f3w Cookies s\u0105 istotne z punktu widzenia zgody na korzystanie z plik\u00f3w Cookies przez nasz Sklep Internetowy \u2013 zgodnie z przepisami taka zgoda mo\u017ce by\u0107 r\u00f3wnie\u017c wyra\u017cona poprzez ustawienia przegl\u0105darki internetowej.<\/p>\n<p style=\"text-align: justify;\"><strong>3.5.\u00a0<\/strong>Szczeg\u00f3\u0142owe informacje na temat zmiany ustawie\u0144 dotycz\u0105cych plik\u00f3w Cookies oraz ich samodzielnego usuwania w najpopularniejszych przegl\u0105darkach internetowych dost\u0119pne s\u0105 w dziale pomocy przegl\u0105darki internetowej oraz na poni\u017cszych stronach (wystarczy klikn\u0105\u0107 w dany link):<\/p>\n<ul style=\"text-align: justify;\">\n<li>\n<p><a href=\"https:\/\/support.google.com\/chrome\/?hl=pl&amp;answer=95647#topic=9796470\" style=\"line-height: 1.3em;\" target=\"_blank\" rel=\"noopener\">w przegl\u0105darce Chrome<\/a><\/p>\n<\/li>\n<li>\n<p><a href=\"https:\/\/support.mozilla.org\/pl\/kb\/wzmocniona-ochrona-przed-sledzeniem-firefox-desktop?redirectlocale=pl&#038;redirectslug=W%C5%82%C4%85czanie+i+wy%C5%82%C4%85czanie+obs%C5%82ugi+ciasteczek\" style=\"font-family: Arial, Helvetica, sans-serif; font-size: 14px; line-height: 1.3em;\" target=\"_blank\" rel=\"noopener\">w przegl\u0105darce Firefox<\/a><\/p>\n<\/li>\n<li>\n<p><a href=\"https:\/\/support.microsoft.com\/pl-pl\/windows\/usuwanie-plik\u00f3w-cookie-i-zarz\u0105dzanie-nimi-168dab11-0753-043d-7c16-ede5947fc64d\" style=\"font-family: Arial, Helvetica, sans-serif; font-size: 14px; line-height: 1.3em;\" target=\"_blank\" rel=\"noopener\">w przegl\u0105darce Internet Explorer<\/a><\/p>\n<\/li>\n<li>\n<p><a href=\"https:\/\/help.opera.com\/pl\/latest\/web-preferences\/#cookies\" style=\"font-family: Arial, Helvetica, sans-serif; font-size: 14px; line-height: 1.3em;\" target=\"_blank\" rel=\"noopener\">w przegl\u0105darce Opera<\/a><\/p>\n<\/li>\n<li>\n<p><a href=\"https:\/\/support.apple.com\/pl-pl\/guide\/safari\/sfri11471\/mac\" style=\"font-family: Arial, Helvetica, sans-serif; font-size: 14px; line-height: 1.3em;\" target=\"_blank\" rel=\"noopener\">w przegl\u0105darce Safari<\/a><\/p>\n<\/li>\n<\/ul>\n<p style=\"text-align: justify;\"><strong>3.6.\u00a0<\/strong>Us\u0142ugodawca zbiera r\u00f3wnie\u017c dane eksploatacyjne (tzw. logi \u2013 adres IP, domena), kt\u00f3re przechowywane s\u0105 przez czas nieokre\u015blony i wykorzystywane do generowania statystyk pomocnych w administrowaniu Sklepem Internetowym. Dane te maj\u0105 charakter zbiorczy i anonimowy, tj. nie zawieraj\u0105 cech identyfikuj\u0105cych osoby odwiedzaj\u0105ce stron\u0119 Sklepu Internetowego. Logi nie s\u0105 ujawniane osobom trzecim.<\/p>\n<p style=\"text-align: justify;\"><strong>4.\u00a0\u00a0\u00a0 PODSTAWA PRZETWARZANIA DANYCH<\/strong><\/p>\n<p style=\"text-align: justify;\"><strong>4.1.\u00a0<\/strong>Podanie danych osobowych przez Us\u0142ugobiorc\u0119\/Klienta jest dobrowolne, aczkolwiek niepodanie wskazanych w Regulaminie danych osobowych niezb\u0119dnych do zawarcia Umowy sprzeda\u017cy lub umowy o \u015bwiadczenie Us\u0142ugi elektronicznej skutkuje odmow\u0105 zawarcia tej\u017ce umowy. Dane niezb\u0119dne do zawarcia Umowy sprzeda\u017cy lub umowy o \u015bwiadczenie Us\u0142ugi elektronicznej wskazane s\u0105 tak\u017ce ka\u017cdorazowo na stronie internetowej Sklepu internetowego.<\/p>\n<p style=\"text-align: justify;\"><strong>4.2.\u00a0<\/strong>Zgodnie z art. 23 ustawy o ochronie danych osobowych z dnia 29 sierpnia 1997 r. (Dz.U. Nr 133, poz. 883 ze zm.) przetwarzanie danych jest dopuszczalne m.in. gdy:<\/p>\n<p class=\"111pkt\" style=\"text-align: justify;\">4.2.1. Osoba, kt\u00f3rej dane dotycz\u0105, wyrazi na to zgod\u0119, chyba \u017ce chodzi o usuni\u0119cie dotycz\u0105cych jej danych.<\/p>\n<p class=\"111pkt\" style=\"text-align: justify;\">4.2.2. Jest to konieczne do realizacji umowy, gdy osoba, kt\u00f3rej dane dotycz\u0105, jest jej stron\u0105 lub gdy jest to niezb\u0119dne do podj\u0119cia dzia\u0142a\u0144 przed zawarciem umowy na \u017c\u0105danie osoby, kt\u00f3rej dane dotycz\u0105.<\/p>\n<p class=\"111pkt\" style=\"text-align: justify;\">4.2.3. Jest to niezb\u0119dne dla wype\u0142nienia prawnie usprawiedliwionych cel\u00f3w realizowanych przez administrator\u00f3w danych albo odbiorc\u00f3w danych, a przetwarzanie nie narusza praw i wolno\u015bci osoby, kt\u00f3rej dane dotycz\u0105 &#8211; za prawnie usprawiedliwiony cel w tym wypadku uwa\u017ca si\u0119 marketing bezpo\u015bredni w\u0142asnych produkt\u00f3w lub us\u0142ug administratora danych.<\/p>\n<p style=\"text-align: justify;\"><strong>4.3.\u00a0<\/strong>Przetwarzanie danych osobowych przez Administratora odbywa si\u0119 zawsze w ramach podstaw dopuszczalno\u015bci ich przetwarzania wymienionych w pkt. 4.2. Polityki prywatno\u015bci.<\/p>\n<p style=\"text-align: justify;\"><strong>5.\u00a0\u00a0\u00a0 PRAWO KONTROLI, DOST\u0118PU DO TRE\u015aCI SWOICH DANYCH ORAZ ICH POPRAWIANIA<\/strong><\/p>\n<p style=\"text-align: justify;\"><strong>5.1.\u00a0<\/strong>Us\u0142ugobiorca ma prawo dost\u0119pu do tre\u015bci swoich danych osobowych oraz ich poprawiania.<\/p>\n<p style=\"text-align: justify;\"><strong>5.2.\u00a0<\/strong>Ka\u017cdej osobie przys\u0142uguje prawo do kontroli przetwarzania danych, kt\u00f3re jej dotycz\u0105, zawartych w zbiorze danych Administratora, a zw\u0142aszcza prawo do:<\/p>\n<p class=\"111pkt\" style=\"text-align: justify;\">5.2.1. <span>\u017c<\/span>\u0105dania uzupe\u0142nienia, uaktualnienia, sprostowania danych osobowych, czasowego lub sta\u0142ego wstrzymania ich przetwarzania lub ich usuni\u0119cia, je\u017celi s\u0105 one niekompletne, nieaktualne, nieprawdziwe lub zosta\u0142y zebrane z naruszeniem ustawy albo s\u0105 ju\u017c zb\u0119dne do realizacji celu, dla kt\u00f3rego zosta\u0142y zebrane.<\/p>\n<p class=\"111pkt\" style=\"text-align: justify;\">5.2.2. wniesienia, w przypadkach wymienionych w pkt. 4.2.3., pisemnego, umotywowanego \u017c\u0105dania zaprzestania przetwarzania jej danych ze wzgl\u0119du na jej szczeg\u00f3ln\u0105 sytuacj\u0119.<\/p>\n<p class=\"111pkt\" style=\"text-align: justify;\">5.2.3. wniesienia sprzeciwu wobec przetwarzania jej danych w przypadkach, wymienionych w pkt. 4.2.3, gdy Administrator danych zamierza je przetwarza\u0107 w celach marketingowych.<\/p>\n<p style=\"text-align: justify;\"><strong>5.3.\u00a0<\/strong>W celu realizacji uprawnie\u0144, o kt\u00f3rych mowa w pkt. 5.1. i 5.2. mo\u017cna korzysta\u0107 z opcji w ramach Konta lub poprzez przes\u0142anie stosownej wiadomo\u015bci poczt\u0105 elektroniczn\u0105 na adres: kontakt@artstone.com.pl albo pisemnie na adres Administratora.<\/p>\n<p style=\"text-align: justify;\"><strong>6.\u00a0\u00a0\u00a0 POSTANOWIENIA KO\u0143COWE<\/strong><\/p>\n<p style=\"text-align: justify;\"><strong>6.1.\u00a0<\/strong>Sklep Internetowy mo\u017ce zawiera\u0107 odno\u015bniki do innych stron internetowych. Administrator namawia by po przej\u015bciu na inne strony, zapozna\u0107 si\u0119 z polityk\u0105 prywatno\u015bci tam ustalon\u0105. Niniejsza polityka prywatno\u015bci dotyczy tylko niniejszego Sklepu Internetowego.<\/p>\n<p style=\"text-align: justify;\"><strong>6.2.\u00a0<\/strong>Administrator stosuje \u015brodki techniczne i organizacyjne zapewniaj\u0105ce ochron\u0119 przetwarzanych danych osobowych odpowiedni\u0105 do zagro\u017ce\u0144 oraz kategorii danych obj\u0119tych ochron\u0105, a w szczeg\u00f3lno\u015bci zabezpiecza dane przed ich udost\u0119pnieniem osobom nieupowa\u017cnionym, zabraniem przez osob\u0119 nieuprawnion\u0105, przetwarzaniem z naruszeniem obowi\u0105zuj\u0105cych przepis\u00f3w oraz zmian\u0105, utrat\u0105, uszkodzeniem lub zniszczeniem.<\/p>\n<p style=\"text-align: justify;\"><strong>6.3.\u00a0<\/strong>Us\u0142ugodawca udost\u0119pnia nast\u0119puj\u0105ce \u015brodki techniczne zapobiegaj\u0105ce pozyskiwaniu i modyfikowaniu przez osoby nieuprawnione, danych osobowych przesy\u0142anych drog\u0105 elektroniczn\u0105:<\/p>\n<p class=\"111pkt\" style=\"text-align: justify;\">6.3.1. Zabezpieczenie zbioru danych przed nieuprawnionym dost\u0119pem.<\/p>\n<p class=\"111pkt\" style=\"text-align: justify;\">6.3.2. Certyfikat SSL.<\/p>\n<p class=\"111pkt\" style=\"text-align: justify;\">6.3.3. Dost\u0119p do Konta jedynie po podaniu indywidualnego loginu i has\u0142a.<\/p>\n<p style=\"text-align: justify;\"><strong>6.4.\u00a0<\/strong>W sprawach nieuregulowanych niniejsz\u0105 Polityk\u0105 Prywatno\u015bci stosuje si\u0119 odpowiednio zapisy Regulaminu Sklepu Internetowego oraz inne w\u0142a\u015bciwe przepisy prawa polskiego.<\/p>\n<p>\u00a0<\/p>\n<p>\u00a0<\/p>\n<p>\u00a0<\/p>\n","protected":false},"excerpt":{"rendered":"<p>\u00a01.\u00a0\u00a0\u00a0 POSTANOWIENIA OG\u00d3LNE 1.1.\u00a0Administratorem danych osobowych zbieranych za po\u015brednictwem Sklepu Internetowego jest GRZEGORZ SZYMANEK prowadz\u0105cy dzia\u0142alno\u015b\u0107 gospodarcz\u0105 pod nazw\u0105 ARTSTONE P.H.U. GRZEGORZ SZYMANEK (adres miejsca prowadzenia<span class=\"excerpt-hellip\"> [\u2026]<\/span><\/p>\n","protected":false},"author":242,"featured_media":0,"parent":0,"menu_order":0,"comment_status":"closed","ping_status":"closed","template":"","meta":{"footnotes":""},"class_list":["post-12263","page","type-page","status-publish","hentry"],"_links":{"self":[{"href":"https:\/\/www.artstone.com.pl\/pl\/wp-json\/wp\/v2\/pages\/12263","targetHints":{"allow":["GET"]}}],"collection":[{"href":"https:\/\/www.artstone.com.pl\/pl\/wp-json\/wp\/v2\/pages"}],"about":[{"href":"https:\/\/www.artstone.com.pl\/pl\/wp-json\/wp\/v2\/types\/page"}],"author":[{"embeddable":true,"href":"https:\/\/www.artstone.com.pl\/pl\/wp-json\/wp\/v2\/users\/242"}],"replies":[{"embeddable":true,"href":"https:\/\/www.artstone.com.pl\/pl\/wp-json\/wp\/v2\/comments?post=12263"}],"version-history":[{"count":0,"href":"https:\/\/www.artstone.com.pl\/pl\/wp-json\/wp\/v2\/pages\/12263\/revisions"}],"wp:attachment":[{"href":"https:\/\/www.artstone.com.pl\/pl\/wp-json\/wp\/v2\/media?parent=12263"}],"curies":[{"name":"wp","href":"https:\/\/api.w.org\/{rel}","templated":true}]}}