{"id":12410,"date":"2015-07-16T12:45:29","date_gmt":"2015-07-16T10:45:29","guid":{"rendered":"http:\/\/www.kamulec.pl\/blaty-kuchenne-z-kwarcogranitu\/"},"modified":"2018-12-13T14:02:40","modified_gmt":"2018-12-13T13:02:40","slug":"kwarcogranitowe","status":"publish","type":"page","link":"https:\/\/www.artstone.com.pl\/pl\/elementy-wnetrza\/kuchenne-blaty-kamienne\/kwarcogranitowe.html","title":{"rendered":"Blaty kuchenne z kwarcogranitu"},"content":{"rendered":"<p style=\"text-align: justify;\">\u00a0<\/p>\n<p style=\"text-align: justify;\">\u00a0<\/p>\n<p style=\"text-align: justify;\">\u00a0<\/p>\n<p style=\"text-align: justify;\" dir=\"ltr\"><span>Blaty kuchenne z kwarcogranitu to kolejny rodzaj blat\u00f3w wykorzystywanych w aran\u017cacji wn\u0119trz przede wszystkim kuchni, ale r\u00f3wnie\u017c \u0142azienki. Czym jednaj jest <\/span><span>kwarcogranit? <\/span><span>Ot\u00f3\u017c jest to materia\u0142 produkowany na bazie naturalnych kwarc\u00f3w &#8211; 95 % &#8211; oraz \u017cywic, pigment\u00f3w, i innych dodatk\u00f3w, kt\u00f3re stanowi\u0105 pozosta\u0142e 5 % zawarto\u015bci. Materia\u0142 ten znany jest r\u00f3wnie\u017c jako kompozyt, konglomerat, kompozyt kwarcowy, jednak nazw\u0105, kt\u00f3ra najlepiej oddaje sk\u0142ad tego materia\u0142u jest w\u0142a\u015bnie kwarcogranit.<\/span><\/p>\n<p style=\"text-align: justify;\"><span><span>\u00a0<\/span><\/span><\/p>\n<p style=\"text-align: justify;\" dir=\"ltr\"><span>Pod wzgl\u0119dem w\u0142a\u015bciwo\u015bci fizycznych i chemicznych, kwarcogranit nieco odbiega od naturalnych kamieni takich jak marmur czy granit. Nie jest jednak niezniszczalny. Nale\u017cy si\u0119 z nim obchodzi\u0107 podobnie jak z blatami z kamieni naturalnych, czyli impregnowa\u0107 i czy\u015bci\u0107 odpowiednimi \u015brodkami. Obr\u00f3bka tego materia\u0142u, kt\u00f3ry poz wieloma wzgl\u0119dami ma w\u0142a\u015bciwo\u015bci fizyczne takie jak kamienie naturalne, mo\u017cliwa jest tylko w specjalistycznych zak\u0142adach kamieniarskich. <\/span><\/p>\n<p style=\"text-align: justify;\"><span><span>\u00a0<\/span><\/span><\/p>\n<p style=\"text-align: justify;\" dir=\"ltr\"><span>Kwarcogranit<\/span><span> nie jest prosty w produkcji. Proces tworzenia tego materia\u0142u jest nieco z\u0142o\u017cony, dlatego czas oczekiwania na blaty z kwarcogranitu mog\u0105 by\u0107 nieco d\u0142u\u017csze. P\u0142yty kwarcogranitowe powstaj\u0105 w wyniku zmieszania kwarcu i \u017cywicy, poddane bardzo wysokiemu ci\u015bnieniu i temperaturze. Dzia\u0142anie tych czynnik\u00f3w gwarantuje neutralno\u015b\u0107i i bezpiecze\u0144stwo dla u\u017cytkownik\u00f3w. <\/span><\/p>\n<p style=\"text-align: justify;\"><span><span>\u00a0<\/span><\/span><\/p>\n<h3 style=\"text-align: justify;\" dir=\"ltr\"><span>Dlaczego w\u0142a\u015bnie kwarcogranit?<\/span><\/h3>\n<p style=\"text-align: justify;\"><span><span>\u00a0<\/span><\/span><\/p>\n<p style=\"text-align: justify;\" dir=\"ltr\"><span>Co sprawia, i\u017c ten materia\u0142 cieszy si\u0119 tak du\u017cym uznaniem i zainteresowaniem? Kwarc naturalny jest jednym z najtrwalszych i najtwardszych minera\u0142\u00f3w w naturze. St\u0105d te\u017c blaty wykonane z kwarcogranitu przejmuj\u0105 te w\u0142a\u015bciwo\u015bci. Pod wzgl\u0119dami fizycznymi takimi jak odporno\u015b\u0107 na \u015bciskanie, uderzenie, zarysowania, przewy\u017cszaj\u0105 naturalne kamienie takie jak granity, marmur, bazalty. Te cechy sprawiaj\u0105 r\u00f3wnie\u017c, i\u017c kwarcogranit jest ponad laminatami i kompozytami mineralnymi. <\/span><\/p>\n<p style=\"text-align: justify;\"><span><span>\u00a0<\/span><\/span><\/p>\n<p style=\"text-align: justify;\" dir=\"ltr\"><span>\u017bywice u\u017cywane w produkcji kwarcogranitu powoduj\u0105, i\u017c materia\u0142 ten jest w pe\u0142ni uszczelniony, zatykane s\u0105 pory. Ca\u0142kowita szczelno\u015b\u0107 tak\u017ce nie wyst\u0119puje w przypadku kamieni naturalnych, kt\u00f3re wymagaj\u0105 specjalistycznej impregnacji. Im bardziej szczelny materia\u0142, tym mniejszy stopie\u0144 wch\u0142aniania r\u00f3\u017cnych substancji i drobinek brudu, kt\u00f3re dostaj\u0105 si\u0119 do wn\u0119trza struktury kamienia. Wysoka szczelno\u015b\u0107 gwarantuje wi\u0119c utrzymanie higieny blatu. \u017bywica w po\u0142\u0105czeniu z wysok\u0105 temperatur\u0105 r\u00f3wnie\u017c sprawia, i\u017c materia\u0142 ten jest <\/span><span>oboj\u0119tny chemicznie. <\/span><span>Co to oznacza w praktyce? Ot\u00f3\u017c wszelkie \u015brodki chemiczne, czyszcz\u0105ce, ocet, wino itp. dla powierzchni blatu z kwarcogranitu s\u0105 oboj\u0119tne, nie szkodz\u0105 im, nie niszcz\u0105, nie wchodz\u0105 w reakcje chemiczne. Kwarcogranit jest r\u00f3wnie\u017c odporny na wysokie temperatury, dlatego te\u017c kr\u00f3tkotrwa\u0142e zetkni\u0119cie np. z gor\u0105cymi garnkami, nie uszkodzi naszego blatu. Kwarcogranit ma w sobie wszystkie w\u0142a\u015bciwo\u015bci kamieni naturalnych, w\u0142\u0105cznie z odczuciem ch\u0142odu przy dotyku. Produkowany jest tak\u017ce w ogromnej gamie kolorystycznej, mo\u017cemy wi\u0119c swobodnie wybra\u0107 barw\u0119, jaka nas interesuje. Od jasnego popielu, przez be\u017ce po czernie. Znajdziemy tu kolory, kt\u00f3re nie wyst\u0119puj\u0105 naturalnie w przypadku czystego granitu czy marmuru, kompozytach mineralnych lub laminatach. Nad granitami kompozyty kwarcogranitowe maj\u0119 zdecydowanie przewag\u0119 r\u00f3wnie\u017c poz wzgl\u0119dem kolorystycznym.<\/span><\/p>\n<p style=\"text-align: justify;\"><span><span>\u00a0<\/span><\/span><\/p>\n<h3 style=\"text-align: justify;\" dir=\"ltr\"><a href=\"\/pl\/elementy-wnetrza\/kuchenne-blaty-kamienne.html\"><span>Kamienne blaty kuchenne z kwarcogranitu<\/span><\/a><\/h3>\n<p style=\"text-align: justify;\"><span><span>\u00a0<\/span><\/span><\/p>\n<p style=\"text-align: justify;\" dir=\"ltr\"><span>Z kwarcogranitu produkowane przede wszystkim s\u0105 blaty kuchenne, \u0142azienkowe, laboratoryjne. Materia\u0142 ten mo\u017ce by\u0107 r\u00f3wnie\u017c wykorzystywane na ok\u0142adziny kuchenne, kt\u00f3re doskonale zast\u0119puj\u0105 tradycyjne p\u0142ytki ceramiczne. Znakomicie nadaje si\u0119 r\u00f3wnie\u017c na schody, posadzki, parapety, ok\u0142adziny \u015bcian, oraz wiele innych form przestrzennych w aran\u017cacji wn\u0119trz. Kolejn\u0105 wa\u017cn\u0105 cech\u0105 tego materia\u0142u jest fakt, i\u017c mo\u017ce by\u0107 on klejony. Tzn. z p\u0142yty o grubo\u015bci 2 cm mo\u017cemy uci\u0105\u0107 dowolne formy i je naklei\u0107 na dan\u0105 przestrze\u0144. Jednak obr\u00f3bka tego materia\u0142u wymaga specjalistycznych narz\u0119dzi, dlatego te\u017c najlepiej zleci\u0107 przygotowanie odmeirzonych cz\u0119\u015bci do zak\u0142adu kamieniarskiego. W\u00f3wczas mo\u017cemy uzyska\u0107 nie tylko perfekcyjny blat do kuchni, ale r\u00f3wnie\u017c do \u0142azienki, p\u00f3\u0142ki, schody, posadzk\u0119 i wiele innych. Planuj\u0105c zakup blatu z kwarcogranitu, nale\u017cy dobrze przyjrze\u0107 si\u0119 materia\u0142om, zastanowi\u0107 nad kolorystyk\u0105. Kwarcogranity czasami mylone s\u0105 z granitami, laminatami lub kompozytami. <\/span><span>Jak rozpozna\u0107 kwarcogranit?<\/span><span> Przede wszystkim nale\u017cy przyjrze\u0107 si\u0119 materia\u0142om, z kt\u00f3rych ma by\u0107 wykonany nasz blat. Je\u017celi jeste\u015bmy zdecydowani na kwarcogranit, w\u00f3wczas \u0142atwo go rozpoznany. Przede wszystkim w kwarcogranitach powtarzaj\u0105 si\u0119 tonacje kolorystyczne, odcienie barw kt\u00f3re nie wyst\u0119puj\u0105 w naturalnych kamieniach takich jak granity czy marmur. S\u0105 to cechy, kt\u00f3re ciesz\u0105 si\u0119 coraz wi\u0119kszym zainteresowaniem zw\u0142aszcza we wsp\u00f3\u0142czesnych wn\u0119trzach, dlatego te\u017c kwarcogranity s\u0105 cz\u0119sto poszukiwane i cenione. <\/span><\/p>\n<p style=\"text-align: justify;\"><span><span>\u00a0<\/span><\/span><\/p>\n<h3 style=\"text-align: justify;\" dir=\"ltr\"><span>Czy warto szuka\u0107 kwarcogranitu?<\/span><\/h3>\n<p style=\"text-align: justify;\"><span><span>\u00a0<\/span><\/span><\/p>\n<p style=\"text-align: justify;\" dir=\"ltr\"><span>Dob\u00f3r materia\u0142u ba blat kuchenny zale\u017cy przede wszystkim od naszych preferencji kolorystycznych, oczekiwa\u0144, trybu \u017cycia, no i finans\u00f3w. Je\u017celi wiemy, i\u017c zapewne b\u0119dziemy zapomina\u0107 o w\u0142a\u015bciwej pielegnacji i impregnacji blatu, w\u00f3wczas lepiej odpu\u015bci\u0107 sobie czysty granit, kt\u00f3ry wymaga odpowiednich \u015brodk\u00f3w czyszcz\u0105cych i konserwuj\u0105cych, a zwr\u00f3ci\u0107 uwag\u0119 w kierunku konglomerat\u00f3w, kwarcogranitu. Je\u017celi chodzi o <\/span><span>wytrzyma\u0142o\u015b\u0107<\/span><span>, to kwarcogranit potrafi przewy\u017cszy\u0107 czysty granic ze wzgl\u0119du na oboj\u0119tno\u015b\u0107 chemiczn\u0105 i praktycznie zerow\u0105 nasi\u0105kliwo\u015b\u0107. Dzi\u0119ki temu odporny jest na wnikanie zabrudze\u0144 i reakcje ze \u015brodkami chemicznymi, kt\u00f3re mog\u0105 uszkodzi\u0107 np. blat granitowy. Kwarcogranit ponadto nie wymaga specjalistycznej impregnacji. Mo\u017cna u\u017cywa\u0107 do czyszczenia oczywi\u015bcie specjalnych \u015brodk\u00f3w do piel\u0119gnacji blat\u00f3w kuchennych, kt\u00f3re pozostawi\u0105 dodatkow\u0105 warstw\u0119 ochronn\u0105, jednak nie jest to koniecznie tak jak w wypadku blat\u00f3w marmurowych lub granitowych. Blaty z kwarcogranitu s\u0105 tak samo twarde jak te z czystego granitu. Jednak dzi\u0119ki mieszance z \u017cywicami, mo\u017cemy uzyska\u0107 znacznie ciekawe barwy i odcienie, wzory, kt\u00f3re nie wyst\u0119puj\u0105 w przypadku naturalnych kamieni. Dzi\u0119ki temu mo\u017cemy dobra\u0107 najlepszy odcie\u0144 blatu do koloru mebli, szafek, ca\u0142ej aran\u017cacji, \u0142\u0105cz\u0105c z dodatkami w wyj\u0105tkowych \u017cywych kolorach. Wbrew pozorom, stosowane odcienie bieli, czerni, szaro\u015bci, metalowych odcieni, doskonale mog\u0105 po\u0142\u0105czy\u0107 si\u0119 z \u017cyw\u0105 barw\u0105 limonki, maliny, cytryny czy b\u0142\u0119kitu.<\/span><\/p>\n<p style=\"text-align: justify;\"><span><span>\u00a0<\/span><\/span><\/p>\n<p style=\"text-align: justify;\" dir=\"ltr\"><span>Kwarcogranit jest doskona\u0142ym materia\u0142em nie tylko na blaty i elementy wyko\u0144czenia wn\u0119trz prywatnych, ale r\u00f3wnie\u017c firmowych, laboratori\u00f3w, czy obiekt\u00f3w sakralnych. Kiedy u\u015bwiadomimy sobie, jak wiele element\u00f3w wok\u00f3\u0142 nas w r\u00f3\u017cnych budynkach, urz\u0119dach, jest wykonanych w\u0142a\u015bnie z takich materia\u0142\u00f3w jak kwarcogranit, w\u00f3wczas b\u0119dziemy naprawd\u0119 zaskoczeni. Na co dzie\u0144 bowiem nie zwracamy uwagi na takie rzeczy, jednak kiedy nadchodzi czas, w kt\u00f3rym sami planujemy zakup blatu kamiennego do kuchni, w\u00f3wczas zaczynamy dostrzega\u0107, jak wiele kamienia jest wok\u00f3\u0142 nas. Tymczasem kamienne blaty, czy to z czystego granitu, marmuru, czy kwarcogranitu, s\u0105 dosy\u0107 powszechne. Kwesti\u0105 jest dob\u00f3r najlepszego dla nas materia\u0142u oraz odpowiedniej kolorystyki. <\/span><\/p>\n<p style=\"text-align: justify;\"><span><span>\u00a0<\/span><\/span><\/p>\n<p style=\"text-align: justify;\" dir=\"ltr\"><span>Nasza firma od wielu lat profesjonalnie i rzetelnie zajmuje si\u0119 nie tylko produkcj\u0105 blat\u00f3w kuchennych, \u0142azienkowych, nagrobk\u00f3w, ale r\u00f3wnie\u017c monta\u017cem i projektowaniem. Je\u017celi wi\u0119c nie wiedz\u0105 Pa\u0144stwo dok\u0142adnie, jakie wymiary ma mie\u0107 blat w nowej kuchni lub te\u017c kolor, wystarczy zwr\u00f3ci\u0107 si\u0119 do nas, a my zajmiemy si\u0119 wykonaniem profesjonalengo projektu przed rozpocz\u0119ciem w\u0142a\u015bciwych prac nad wybranym blatem. W projekcie uwzgl\u0119dniane s\u0105 opcje po\u0142o\u017cenia blatu, jego kszta\u0142t, wymiary, oraz oczywi\u015bcie kolorystyka w po\u0142\u0105czeniu z ca\u0142a aran\u017cacj\u0105 wn\u0119trza kuchni. Jest to zawsze niezwykle cenna wskaz\u00f3wka i pomoc dla klient\u00f3w w wyborze nie tylko nowego blatu, ale ca\u0142ej aran\u017cacji kuchni. Je\u017celi projekt obejmuje blat w nietypowym kolorze, kt\u00f3rego nie da si\u0119 uzyska\u0107 przy pomocy granitu czy marmuru, w\u00f3wczas polecamy konglomeraty r\u00f3wnie\u017c kwarcytowe, lub kwarcogranity. Te materia\u0142y, kt\u00f3re w 95 % sk\u0142adaj\u0105 si\u0119 z naturalnych kamieni, daj\u0105 mo\u017cliwo\u015b\u0107 swobodnego wyboru pod wzgl\u0119dem kolorystycznym. Jednocze\u015bnie nie odbiegaj\u0105 twardo\u015bci\u0105 od naturalnych kamieni. S\u0105 jednak lepsze pod wzgl\u0119dem chemicznym. Dzi\u0119ki oboj\u0119tno\u015bci na kwasy, wino, ocet, zwi\u0105zki chemiczne, nie wchodz\u0105 w reakcje i przez to nie ulegaj\u0105 r\u00f3wnie\u017c uszkodzeniu. <\/span><\/p>\n<p style=\"text-align: justify;\"><span><span>\u00a0<\/span><\/span><\/p>\n<p style=\"text-align: justify;\" dir=\"ltr\"><span>Kwarcogranit jest jednym z najbardziej wytrzyma\u0142ych i odpornych na uszkodzenia materia\u0142\u00f3w przeznaczonych m.in na blaty kuchenne. Te w\u0142a\u015bciwo\u015bci zawdzi\u0119cza odpowiedniemu doborowi materia\u0142u, jak r\u00f3wnie\u017c skomplikowanej i wieloetapowej produkcji i obr\u00f3bce. Solidno\u015b\u0107 doboru materia\u0142\u00f3w, wykonania, stanowi o jako\u015bci kwarcogranitu. Efektem tego procesu produkcji jest r\u00f3wnie\u017c ca\u0142kowity zanik porowato\u015bci. Oznacza to, i\u017c blat z kwarcogranitu nie poch\u0142ania \u017cadnych p\u0142yn\u00f3w ani brudu, nic nie przedostaje si\u0119 do wn\u0119trza struktury, kamienia, dzi\u0119ki czemu unikamy niszcz\u0105cego dzia\u0142ania r\u00f3\u017cnych czynnik\u00f3w. Ma to r\u00f3wnie\u017c fundamentalne znaczenie je\u017celi chodzi o higien\u0119. Blaty kuchenne z kwarcogranitu odporne s\u0105 tak\u017ce na agresywne dzia\u0142ania \u015brodk\u00f3w chemicznych, szczeg\u00f3lnie tych zawieraj\u0105cych kwasy. Odporno\u015b\u0107 na zaplamienia, wysok\u0105 temperatur\u0119, to kolejne atuty tego materia\u0142u, kt\u00f3re sprawiaj\u0105, i\u017c jest on nie tylko doskona\u0142a alternatyw\u0105 dla mi\u0142o\u015bnik\u00f3w granitu czystego czy marmuru, ale r\u00f3wnie\u017c jest praktyczniejszy. <\/span><\/p>\n<p style=\"text-align: justify;\"><span><span>\u00a0<\/span><\/span><\/p>\n<h3 style=\"text-align: justify;\" dir=\"ltr\"><span>Barwy i powierzchnie kwarcogranitu <\/span><\/h3>\n<p style=\"text-align: justify;\"><span><span>\u00a0<\/span><\/span><\/p>\n<p style=\"text-align: justify;\" dir=\"ltr\"><span>Na polskim rynku kwarcogranit zasadniczo wyst\u0119puje w bardzo <\/span><span>wielu odcieniach barw,<\/span><span> ale te\u017c w trzech rodzajach powierzchni: po\u0142ysku, aksamitnym macie, oraz antykowanej powierzchni.<\/span><\/p>\n<p style=\"text-align: justify;\"><span><span>\u00a0<\/span><\/span><\/p>\n<p style=\"text-align: justify;\" dir=\"ltr\"><span>Powierzechnia <\/span><span>po\u0142yskowa <\/span><span>to najbardziej powszechny typ i dost\u0119pny w zdecydowanej wi\u0119kszo\u015bci magazyn\u00f3w w Polsce. Blat z tak\u0105 powierzchni\u0105 cechuje si\u0119 delikatnym trwa\u0142ym po\u0142yskiem, idealna g\u0142adko\u015bci\u0105. Jest to uniwersalny typ powierzchni, kt\u00f3ry doskonale wpasuje si\u0119 praktycznie w ka\u017cde wn\u0119trze kuchni i typ aran\u017cacji.<\/span><\/p>\n<p style=\"text-align: justify;\"><span><span>\u00a0<\/span><\/span><\/p>\n<p style=\"text-align: justify;\" dir=\"ltr\"><span>Powierzchnia <\/span><span>aksamitna matowa <\/span><span>jest ju\u017c nieco rzadziej spotykana, wykonywana na zam\u00f3wienie klienta, jednak doskonale prezentuje si\u0119 w aran\u017cacjach, w kt\u00f3rych zdecydowana wi\u0119kszo\u015b\u0107 mebli lub wszystkie s\u0105 z mocnym lub zwyk\u0142ym po\u0142yskiem. Matowa powierzchnia blatu jest naturaln\u0105 przeciwwag\u0105 dla b\u0142ysku na meblach. Jest r\u00f3wnie\u017c praktyczna.<\/span><\/p>\n<p style=\"text-align: justify;\"><span><span>\u00a0<\/span><\/span><\/p>\n<p style=\"text-align: justify;\" dir=\"ltr\"><span>Natomiast powierzchnia <\/span><span>antykowana<\/span><span> jest nieco inna, cho\u0107 odrobine przypomin\u0105 matow\u0105. Ot\u00f3\u017c stosowana jest cz\u0119sto w budownictwie, a tak\u017ce we wn\u0119trzach stylizowanych na retro. Blaty granitowe lub marmurowe z tak\u0105 powierzchni\u0105 wygl\u0105daj\u0105 bowiem jakby mia\u0142y ju\u017c kilkana\u015bcie, albo kilkadziesi\u0105t lat. Jest ona matowa, nie szorstka, ale te\u017c nie do ko\u0144ca r\u00f3wna. <\/span><\/p>\n<p style=\"text-align: justify;\"><span><span>\u00a0<\/span><\/span><\/p>\n<p style=\"text-align: justify;\" dir=\"ltr\"><span>Kwarcogranit doskona\u0142y jest<\/span><span> do stosowania wewn\u0119trznego<\/span><span>. Nie poleca si\u0119 go na zewn\u0119trzne partie budynk\u00f3w. <\/span><\/p>\n<p style=\"text-align: justify;\"><span><span>\u00a0<\/span><\/span><\/p>\n<p style=\"text-align: justify;\" dir=\"ltr\"><strong>Zapraszamy serdecznie do wsp\u00f3\u0142pracy. S\u0142u\u017cymy profesjonalnym doradztwem, projektami, wykonawstwem i monta\u017cem. <a href=\"pl\/elementy-wnetrza\/kuchenne-blaty-kamienne.html\">Blaty kuchenne z kwarcogranitu to zdecydowanie nasza specjalno\u015b\u0107<\/a>.<\/strong><\/p>\n<p style=\"text-align: justify;\"><span>\u00a0<\/span><\/p>\n<p>\u00a0<\/p>\n<p>\u00a0<\/p>\n<p>\u00a0<\/p>\n","protected":false},"excerpt":{"rendered":"<p>\u00a0 \u00a0 \u00a0 Blaty kuchenne z kwarcogranitu to kolejny rodzaj blat\u00f3w wykorzystywanych w aran\u017cacji wn\u0119trz przede wszystkim kuchni, ale r\u00f3wnie\u017c \u0142azienki. Czym jednaj jest kwarcogranit? Ot\u00f3\u017c<span class=\"excerpt-hellip\"> [\u2026]<\/span><\/p>\n","protected":false},"author":242,"featured_media":0,"parent":12072,"menu_order":1,"comment_status":"closed","ping_status":"closed","template":"","meta":{"footnotes":""},"class_list":["post-12410","page","type-page","status-publish","hentry"],"_links":{"self":[{"href":"https:\/\/www.artstone.com.pl\/pl\/wp-json\/wp\/v2\/pages\/12410","targetHints":{"allow":["GET"]}}],"collection":[{"href":"https:\/\/www.artstone.com.pl\/pl\/wp-json\/wp\/v2\/pages"}],"about":[{"href":"https:\/\/www.artstone.com.pl\/pl\/wp-json\/wp\/v2\/types\/page"}],"author":[{"embeddable":true,"href":"https:\/\/www.artstone.com.pl\/pl\/wp-json\/wp\/v2\/users\/242"}],"replies":[{"embeddable":true,"href":"https:\/\/www.artstone.com.pl\/pl\/wp-json\/wp\/v2\/comments?post=12410"}],"version-history":[{"count":0,"href":"https:\/\/www.artstone.com.pl\/pl\/wp-json\/wp\/v2\/pages\/12410\/revisions"}],"up":[{"embeddable":true,"href":"https:\/\/www.artstone.com.pl\/pl\/wp-json\/wp\/v2\/pages\/12072"}],"wp:attachment":[{"href":"https:\/\/www.artstone.com.pl\/pl\/wp-json\/wp\/v2\/media?parent=12410"}],"curies":[{"name":"wp","href":"https:\/\/api.w.org\/{rel}","templated":true}]}}