{"id":12411,"date":"2015-07-16T12:49:18","date_gmt":"2015-07-16T10:49:18","guid":{"rendered":"http:\/\/www.kamulec.pl\/blaty-kuchenne-z-bazaltu\/"},"modified":"2018-12-13T14:01:35","modified_gmt":"2018-12-13T13:01:35","slug":"bazaltowe","status":"publish","type":"page","link":"https:\/\/www.artstone.com.pl\/pl\/elementy-wnetrza\/kuchenne-blaty-kamienne\/bazaltowe.html","title":{"rendered":"Blaty kuchenne z bazaltu"},"content":{"rendered":"<p style=\"text-align: justify;\">\u00a0<\/p>\n<p style=\"text-align: justify;\">\u00a0<\/p>\n<p style=\"text-align: justify;\">\u00a0<\/p>\n<h1 style=\"text-align: justify;\" dir=\"ltr\"><span>Blaty kuchenne z bazaltu<\/span><\/h1>\n<p style=\"text-align: justify;\"><span><span>\u00a0<\/span><\/span><\/p>\n<p style=\"text-align: justify;\" dir=\"ltr\"><span>Blaty kuchenne z bazaltu pojawiaj\u0105 si\u0119 w polskich domach coraz cz\u0119\u015bciej. Sam blat w ka\u017cdej kuchni jest niezwykle wa\u017cnym elementem. Bez niego trudno wyobrazi\u0107 sobie codzienne czynno\u015bci takie przygotowywanie posi\u0142k\u00f3w, napoj\u00f3w, oraz wiele innych. Gdyby zastanowi\u0107 si\u0119, co mogliby\u015bmy zdzia\u0142a\u0107 w kuchni nie maj\u0105c blatu, w\u00f3wczas pewnie znalaz\u0142by si\u0119 spos\u00f3b na przygotowywanie posi\u0142k\u00f3w i innych rzeczy, jednak by\u0142oby to znacznie utrudnione. <\/span><\/p>\n<p style=\"text-align: justify;\"><span><span>\u00a0<\/span><\/span><\/p>\n<p style=\"text-align: justify;\" dir=\"ltr\"><span>Jaki wi\u0119c powinien by\u0107 blat kuchenny, aby dobrze spe\u0142nia\u0142 swoj\u0105 rol\u0119? <\/span><span>Z pewno\u015bci\u0105 musi by\u0107 wytrzyma\u0142y, dlatego te\u017c nale\u017cy odpowiednio dobra\u0107 materia\u0142, z jakiego ma by\u0107 wykonany. Ponadto oczywi\u015bcie powinien by\u0107 dobrze dopasowany pod wzgl\u0119dem wymiar\u00f3w, jak r\u00f3wnie\u017c kolorystycznie. Blat kuchenny jest bardzo wa\u017cnym elementem ca\u0142ej aran\u017cacji wn\u0119trza kuchni. Musi wi\u0119c odpowiada\u0107 do wystroju wn\u0119trza, no i oczywi\u015bcie podoba\u0107 si\u0119 u\u017cytkownikom. Jak po\u0142\u0105czy\u0107 elegancj\u0119, estetyk\u0119, z wytrzyma\u0142o\u015bci\u0105 i odporno\u015bci\u0105? Wystarczy wybra\u0107 odpowiedni materia\u0142 na nasz blat kuchenny.<\/span><\/p>\n<p style=\"text-align: justify;\"><span><span>\u00a0<\/span><\/span><\/p>\n<p style=\"text-align: justify;\" dir=\"ltr\"><span>Kamienie jako materia\u0142y na blaty kuchenne i \u0142azienkowe ju\u017c od wielu lat ciesz\u0105 si\u0119 zainteresowaniem i uznaniem. Rodzaj\u00f3w kamieni jest wiele, dlatego te\u017c ka\u017cdy mo\u017ce znale\u017a\u0107 co\u015b dla siebie. Powszechne s\u0105 r\u00f3wnie\u017c konglomeraty, kt\u00f3re stanowi\u0105 mieszank\u0119 95 % kamienia naturalnego ze spoiwem, \u017cywicami, oraz dodatkami. R\u00f3\u017cni\u0105 si\u0119 od kamienia naturalnego pewnymi w\u0142a\u015bciwo\u015bciami chemicznymi oraz fizycznymi, jednak pod wzgl\u0119dem twardo\u015bci i wytrzyma\u0142o\u015bci absolutnie nie odbiegaj\u0105 od czystego granitu czy marmuru. Jednak granit, marmur, to nie jedyne naturalne kamienie, z kt\u00f3rych wykonywane s\u0105 blaty kuchenne. Kolejnym atrakcyjnym materia\u0142em jest bowiem <\/span><span>bazalt<\/span><span>.<\/span><\/p>\n<p style=\"text-align: justify;\"><span><span>\u00a0<\/span><\/span><\/p>\n<p style=\"text-align: justify;\" dir=\"ltr\"><span>Czym w\u0142a\u015bciwie jest bazalt?<\/span><span> Jest to bardzo trwa\u0142a <\/span><span>ska\u0142a wulkaniczna,<\/span><span> kt\u00f3ra pod wzgl\u0119dem w\u0142a\u015bciwo\u015bci najbardziej przypomina granit. Bazalty s\u0105 bardzo wyraziste r\u00f3wnie\u017c pod wzgl\u0119dem kolorystycznym, wyst\u0119puj\u0105 g\u0142\u00f3wnie w odcieniach<\/span><span> szaro\u015bci.<\/span><span> Kuchenne blaty z bazaltu doskonale wpasowuj\u0105 si\u0119 w nowoczesne, minimalistyczne aran\u017cacje wn\u0119trz \u0142azienek i kuchni. W tej skale wulkanicznej znajduje si\u0119 r\u00f3wnie\u017c <\/span><span>magnetyty<\/span><span>, z kt\u00f3rymi zwi\u0105zana jest typowa grafitowa kolorystyka bazaltu. To w\u0142a\u015bnie one stanowi\u0105 o tych niezwyk\u0142ych odcieniach szaro\u015bci i intensywnej barwie bazaltu. Jedn\u0105 z istotnych w\u0142a\u015bciwo\u015bci bazaltu jest r\u00f3wnie\u017c to, i\u017c <\/span><span>wolno wietrzeje. <\/span><span>Dzi\u0119ki temu blaty kuchenne z bazaltu przez wiele lat zachowuj\u0105 w\u0142a\u015bciwy, intensywny kolor i s\u0105 trwa\u0142e. <\/span><\/p>\n<p style=\"text-align: justify;\"><span><span>\u00a0<\/span><\/span><\/p>\n<p style=\"text-align: justify;\" dir=\"ltr\"><span>W\u015br\u00f3d wylewnych ska\u0142 wulkanicznych bazalty s\u0105 najbardziej powszechne. W Polsce najcz\u0119\u015bciej spotykane s\u0105 od zachodnich granic, na Dolnym \u015al\u0105sku, po Opole, gdzie wraz z innymi ska\u0142ami wylewnymi tworz\u0105 formacj\u0119 bazaltow\u0105. <\/span><span>Z czego sk\u0142ada si\u0119 bazalt?<\/span><\/p>\n<p style=\"text-align: justify;\"><span><span>\u00a0<\/span><\/span><\/p>\n<p style=\"text-align: justify;\" dir=\"ltr\"><span>W <\/span><span>sk\u0142ad bazaltu <\/span><span>wchodzi przede wszystkim plagiokaza (labrador-bytownit), piroksena <\/span><span>(augit, hipersten, enstatyt, bronzyt). Poza tym w tej skale wulkanicznej wyst\u0119puj\u0105 tak\u017ce amfibole (hornblenda, kaersutyt), melilit, skaleniowce (leucyt, nefelin, analcym), oliwin, szkliwo, czasami kwarc oraz biotyt, oraz akcesoryczne: magnetyt, ulvospinel, ilmenit, rzadziej hematyt, piryt i grafit. <\/span><\/p>\n<p style=\"text-align: justify;\"><span><span>\u00a0<\/span><\/span><\/p>\n<p style=\"text-align: justify;\" dir=\"ltr\"><span>Bazalt mo\u017ce by\u0107 stosowany zar\u00f3wno wewn\u0105trz, jak i na zewn\u0105trz budynk\u00f3w. <\/span><span>Jest to mo\u017cliwe ze wzgl\u0119du na jego wyj\u0105tkow\u0105 trwa\u0142o\u015b\u0107 i twardo\u015b\u0107. Opr\u00f3cz blat\u00f3w kuchennych, z bazaltu mog\u0105 by\u0107 wykonane r\u00f3wnie\u017c parapety wewn\u0119trzne i zewn\u0119trzne, schody, blaty \u0142azienkowe, posadzki. Jest to naturalny materia\u0142, kt\u00f3ry daje ogromne mo\u017cliwo\u015bci r\u00f3wnie\u017c dopasowania kolorystycznego do aran\u017cacji. Bazalty idealnie sprawdzaj\u0105 si\u0119 w aran\u017cacjach nowoczesnych, w stylu minimalistycznym. Bazalt mo\u017cna r\u00f3wnie\u017c dopasowa\u0107 do innych styl\u00f3w wystroju wn\u0119trza, zale\u017cy to oczywi\u015bcie od naszej wyobra\u017ani i preferencji.<\/span><\/p>\n<p style=\"text-align: justify;\"><span><span>\u00a0<\/span><\/span><\/p>\n<h3 style=\"text-align: justify;\" dir=\"ltr\"><span>Piel\u0119gnacja i czyszczenie kuchennych blat\u00f3w z bazaltu<\/span><\/h3>\n<p style=\"text-align: justify;\"><span><span>\u00a0<\/span><\/span><\/p>\n<p style=\"text-align: justify;\" dir=\"ltr\"><span>Dlaczego nale\u017cy odpowiednio impregnowa\u0107 blaty z kamienia naturalnego? Ot\u00f3\u017c maj\u0105 one pewne w\u0142a\u015bciwo\u015bci fizyczne i chemiczne, kt\u00f3re musimy uwzgl\u0119dnia\u0107. Przede wszystkim nale\u017cy zadba\u0107 o zatykanie por\u00f3w i maksymalne ograniczenie przepuszczalno\u015bci i nasi\u0105kliwo\u015bci kamieni. W tym celu dobrze jest stosowa\u0107 odpowiednie impregnaty, kt\u00f3re nie tylko b\u0119d\u0105 powodowa\u0142y zatykanie por\u00f3w, ale pozostawi\u0105 ochronn\u0105 warstw\u0119. Blaty z kamienia naturalnego maj\u0105 to do siebie, i\u017c nale\u017cy dba\u0107 o nie od samego pocz\u0105tku, je\u017celi chcemy korzysta\u0107 z nich jak najd\u0142u\u017cej. Najlepiej pierwsz\u0105 impregnacj\u0119 powierzy\u0107 specjali\u015bcie, kt\u00f3ry r\u00f3wnie\u017c poka\u017ce nam jak najlepiej dba\u0107 o blat z kamienia naturalnego. P\u00f3\u017aniej co 3-5 lat przeprowadza si\u0119 kolejne impregnacje. <\/span><span>A jak dba\u0107 o blat kuchenny z bazaltu na co dzie\u0144?<\/span><span> Do czyszczenia i pielegnacji codziennej blatu kuchennego lub \u0142azienkowego z kamienia naturalnego najlepiej u\u017cywa\u0107 spacjalnych preparat\u00f3w. Gdy blat jest zaimpregnowany, mo\u017cemy r\u00f3wnie\u017c swobodnie przemywa\u0107 go \u015bcierk\u0105 zwil\u017con\u0105 czyst\u0105 wod\u0105, jednak nie mineraln\u0105 ani destylowan\u0105. Odradza si\u0119 r\u00f3wnie\u017c u\u017cywania do mycia p\u0142ynu do naczy\u0144. Mimo, i\u017c sam w sobie nie ma w\u0142a\u015bciwo\u015bci szkodliwych dla kamienia naturalnego, to jednak w sytuacji, gdy na blacie pozostanie jakakolwiek ilo\u015b\u0107 takiego p\u0142ynu, to przy zetkni\u0119ciu z gor\u0105cymi naczyniami, pozostan\u0105 trwa\u0142e \u015blady na blacie.<\/span><\/p>\n<p style=\"text-align: justify;\"><span><span>\u00a0<\/span><\/span><\/p>\n<p style=\"text-align: justify;\" dir=\"ltr\"><span>Czego nale\u017cy unika\u0107 przy piel\u0119gnacji i czyszczeniu kuchennego blatu z bazaltu?<\/span><span> Podobnie jak przy innych blatach z kamienia naturalnego, powinni\u015bmy unika\u0107 \u015brodk\u00f3w, kt\u00f3re zawieraj\u0105:<\/span><\/p>\n<p style=\"text-align: justify;\"><span><span>\u00a0<\/span><\/span><\/p>\n<ul style=\"text-align: justify;\">\n<li dir=\"ltr\">\n<p dir=\"ltr\"><span>kwasy<\/span><\/p>\n<\/li>\n<li dir=\"ltr\">\n<p dir=\"ltr\"><span>ocet<\/span><\/p>\n<\/li>\n<li dir=\"ltr\">\n<p dir=\"ltr\"><span>wino<\/span><\/p>\n<\/li>\n<li dir=\"ltr\">\n<p dir=\"ltr\"><span>zmywacze do paznokci itp.<\/span><\/p>\n<\/li>\n<li dir=\"ltr\">\n<p dir=\"ltr\"><span>\u015brodk\u00f3w z pH mniejszym ni\u017c 7<\/span><\/p>\n<\/li>\n<\/ul>\n<p style=\"text-align: justify;\"><span><span>\u00a0<\/span><\/span><\/p>\n<p style=\"text-align: justify;\" dir=\"ltr\"><span>Naturalne kamienie nie s\u0105 chemicznie oboj\u0119tne, w przeciwie\u0144stwie do konglomerat\u00f3w, kt\u00f3re s\u0105 oboj\u0119tne. Dlatego te\u017c reaguj\u0105 zar\u00f3wno na substancje o odczynie kwasowym, jak i zasadowym, chocia\u017c to kwasy maj\u0105 wi\u0119ksze dzia\u0142anie niszcz\u0105ce na kamienie naturalne. Dlatego te\u017c nale\u017cy u\u017cywa\u0107 odpowiednich \u015brodk\u00f3w do czyszczenia i piel\u0119gnacji naszych blat\u00f3w kuchennych z kamienia naturalnego. Piel\u0119gnacja i impregnacja nie jest skomplikowana, a zadbany blat \u015bwietnie funkcjonuje przez wiele lat i pi\u0119knie wygl\u0105da, oraz jest bezpieczny. <\/span><\/p>\n<p style=\"text-align: justify;\"><span><span>\u00a0<\/span><\/span><\/p>\n<p style=\"text-align: justify;\" dir=\"ltr\"><span>Stosowanie impregnat\u00f3w na kamie\u0144 naturalny zapobiega r\u00f3wnie\u017c odplamieniom. Warstwa ochronna pozostawiona przez ten specjalny \u015brodek chemiczny, r\u00f3wnie\u017c pomaga w czyszczeniu powierzchni z trudniejszych zabrudze\u0144. Na co dzie\u0144 dobrze jest czy\u015bci\u0107 kamie\u0144 zwyk\u0142\u0105 wod\u0105, jednak gdy mamy do czynienia np. z t\u0142uszczem na blacie, lepiej jest u\u017cy\u0107 specjalnego detergentu do kamienia. Je\u017celi jednak pojawi nam si\u0119 trwa\u0142a plama na naszym blacie, w\u00f3wczas mo\u017cemy zwr\u00f3ci\u0107 si\u0119 do firmy zajmuj\u0105cej si\u0119 produkcj\u0105 blat\u00f3w z pytaniem, czy mo\u017ce j\u0105 usun\u0105\u0107. <\/span><\/p>\n<p style=\"text-align: justify;\"><span><span>\u00a0<\/span><\/span><\/p>\n<p style=\"text-align: justify;\" dir=\"ltr\"><span>Zanim jednak rozpoczniemy impregnacj\u0119 blatu z kamienia naturalnego, lepiej skonsultowa\u0107 si\u0119 z producentem. <\/span><span>Pami\u0119tajmy, i\u017c s\u0105 to \u015brodki chemiczne, wi\u0119c stosowanie ich na blatach maj\u0105cych bezpo\u015bredni kontakt z \u017cywno\u015bci\u0105 nie jest wskazane. <\/span><\/p>\n<h3 style=\"text-align: justify;\" dir=\"ltr\"><a href=\"\/pl\/elementy-wnetrza\/kuchenne-blaty-kamienne.html\"><span>Kamienne blaty kuchenne z bazaltu<\/span><\/a><\/h3>\n<p style=\"text-align: justify;\"><span><span>\u00a0<\/span><\/span><\/p>\n<p style=\"text-align: justify;\" dir=\"ltr\"><span>Blaty kuchenne z bazaltu maj\u0105 praktycznie tak\u0105 sam\u0105 wytrzyma\u0142o\u015b\u0107 i twardo\u015b\u0107 jak te z granitu. Podobnie rzecz ma si\u0119 je\u015bli chodzi o w\u0142a\u015bciwo\u015bci chemiczne. Reaguj\u0105 na \u015brodki zawieraj\u0105ce kwasy, wino, ocet, zmywacze do paznokci. Dlatego te\u017c do czyszczenie najlepiej u\u017cywa\u0107 zwyk\u0142ej wody lub \u015brodk\u00f3w do piel\u0119gnacji i czyszczenia kamienia naturalnego.<\/span><\/p>\n<p style=\"text-align: justify;\"><span><span>\u00a0<\/span><\/span><\/p>\n<p style=\"text-align: justify;\" dir=\"ltr\"><span>Blaty z bazaltu, zaimpregnowane, s\u0105 odporne na wysokie i niskie temperatury, wi\u0119c spokojnie mo\u017cemy k\u0142a\u015b\u0107 na taki blat gor\u0105ce garnki. Ponadto s\u0105 wytrzyma\u0142e, trwa\u0142e, odporne na zarysowania, uderzenia. Wytrzyma\u0142e na wspinaczki dzieci w poszukiwaniu ulubionych ciastek, siadanie na nich, du\u017ce ci\u0119\u017cary. Sam bazalt wyst\u0119puje w wielu odmianach, kolorach, odcieniach szaro\u015bci. Poszczeg\u00f3lne odmiany bazaltu r\u00f3\u017cni\u0105 si\u0119 nieznacznie r\u00f3wnie\u017c sk\u0142adem. Bazalt jest ska\u0142\u0105 o strukturze drobnoziarnistej, dlatego te\u017c blaty kuchenne z bazaltu wygl\u0105daj\u0105 niesamowicie, mieni\u0105 si\u0119 r\u00f3\u017cnymi odcieniami i drobinkami ska\u0142. Zawieraj\u0105 w sobie ma\u0142o zwi\u0105zk\u00f3w krzemu i sodu potasu, natomiast wi\u0119cej magnezu i wapnia. <\/span><\/p>\n<p style=\"text-align: justify;\"><span><span>\u00a0<\/span><\/span><\/p>\n<p style=\"text-align: justify;\" dir=\"ltr\"><span>Bazalt na tle kamieni naturalnych, wyr\u00f3\u017cnia si\u0119 jednak <\/span><span>du\u017c\u0105 odporno\u015bci\u0105 na dzia\u0142anie kwas\u00f3w. <\/span><span>Nie odznacza to, i\u017c ta odporno\u015b\u0107 jest 100 % i mo\u017cemy my\u0107 taki blat \u015brodkami zawieraj\u0105cymi kwasy. Jednak w por\u00f3wnaniu z granitem czy marmurem, ta odporno\u015b\u0107 jest o wiele wy\u017csza. Je\u015bli wi\u0119c zapomnimy czasem o piel\u0119gnacji blatu z bazaltu odpowiednim \u015brodkiem i uzyjemy innego detergentu, to prawdopodobie\u0144swo zmatowienia powierzchni jest o wiele mniejsze. <\/span><\/p>\n<p style=\"text-align: justify;\"><span><span>\u00a0<\/span><\/span><\/p>\n<p style=\"text-align: justify;\" dir=\"ltr\"><span>Jakie powierzchnie mog\u0105 mie\u0107 nasze kuchenne blaty z bazaltu?<\/span><\/p>\n<p style=\"text-align: justify;\" dir=\"ltr\"><span>Zasadniczo istnieje kilka rodzaj\u00f3w powierzchni blat\u00f3w kuchennych. <\/span><span>Po\u0142yskowa<\/span><span> powierzchnia jest najcz\u0119\u015bciej stosowana, uniwersalna i bardzo elegancka. Blaty z tak\u0105 powierzchni\u0105 s\u0105 idealnie g\u0142adkie, delikatnie po\u0142yskuj\u0105. Kolejnym rodzajem powiierzchni jest <\/span><span>matowa. <\/span><span>Wykonywana jest ona na zam\u00f3wienie klienta. Blaty z tak\u0105 powierzchni\u0105 nie b\u0142yszcz\u0105 si\u0119, jednak dobrze wsp\u00f3\u0142graj\u0105 np. z po\u0142yskuj\u0105cymi meblami. Powierzchnia <\/span><span>szczotkowana<\/span><span> r\u00f3wnie\u017c \u015bwietnie si\u0119 prezentuje, jednak nie sprawdza sie w kuchni. Lepiej stosowa\u0107 j\u0105 na blaty zewn\u0119trzne, parapety, lub w \u0142azience. Wykonywana jest r\u00f3wnie\u017c na zam\u00f3wienie, blaty i parapety z tak\u0105 powierzchni\u0105 maj\u0105 delikatny wz\u00f3r, nier\u00f3wno\u015bci. Jest to rodzaj powierzchni typoow dekoracyjnej. Blaty kuchenne mog\u0105 mie\u0107 r\u00f3wnie\u017c inne rodzaje powierzchni wykonywanych na zam\u00f3wienie. Zale\u017cy to jednak ju\u017c \u015bci\u015ble od materia\u0142u, projektu, oraz przeznaczenia blatu.<\/span><\/p>\n<p style=\"text-align: justify;\"><span><span>\u00a0<\/span><\/span><\/p>\n<p style=\"text-align: justify;\" dir=\"ltr\"><span>Blaty z kamienia naturalnego to zamys\u0142 niejednego projektanta. Wiele os\u00f3b marzy w\u0142a\u015bnie, aby mie\u0107 w swojej kuchni kamienne blaty np. z granitu lub bazaltu. Nasza firma ju\u017c od wielu lat zajmuje si\u0119 produkcj\u0105 blat\u00f3w z kamieni naturalnych i konglomerat\u00f3w, ale nie tylko. Dla naszych klient\u00f3w wykonujemy tak\u017ce profesjonalne projekty, w kt\u00f3rych szczeg\u00f3\u0142owo dopasowujemy wymiary blat\u00f3w, kolorystyk\u0119, materia\u0142, kszta\u0142t, po\u0142o\u017cenie w r\u00f3\u017cnych koncepcjach. Mog\u0105 Pa\u0144stwo zam\u00f3wi\u0107 r\u00f3wnie\u017c u nas us\u0142ugi monta\u017cu wraz z wykonaniem blatu lub osobno.<\/span><\/p>\n<p style=\"text-align: justify;\"><span><span>\u00a0<\/span><\/span><\/p>\n<p style=\"text-align: justify;\" dir=\"ltr\"><strong>Zapraszamy serdecznie do wsp\u00f3\u0142pracy. Gwarantujemy najlepsze materia\u0142y, wykonanie na najwy\u017cszym poziomie, mi\u0142\u0105 obs\u0142ug\u0119 i atrakcyjne ceny. <a href=\"pl\/elementy-wnetrza\/kuchenne-blaty-kamienne.html\">Blaty kuchenne z bazaltu to jedna z naszych specjalno\u015bci<\/a>.<\/strong><\/p>\n<p style=\"text-align: justify;\"><span>\u00a0<\/span><\/p>\n<p>\u00a0<\/p>\n<p>\u00a0<\/p>\n<p>\u00a0<\/p>\n","protected":false},"excerpt":{"rendered":"<p>\u00a0 \u00a0 \u00a0 Blaty kuchenne z bazaltu \u00a0 Blaty kuchenne z bazaltu pojawiaj\u0105 si\u0119 w polskich domach coraz cz\u0119\u015bciej. Sam blat w ka\u017cdej kuchni jest niezwykle<span class=\"excerpt-hellip\"> [\u2026]<\/span><\/p>\n","protected":false},"author":242,"featured_media":0,"parent":12072,"menu_order":0,"comment_status":"closed","ping_status":"closed","template":"","meta":{"footnotes":""},"class_list":["post-12411","page","type-page","status-publish","hentry"],"_links":{"self":[{"href":"https:\/\/www.artstone.com.pl\/pl\/wp-json\/wp\/v2\/pages\/12411","targetHints":{"allow":["GET"]}}],"collection":[{"href":"https:\/\/www.artstone.com.pl\/pl\/wp-json\/wp\/v2\/pages"}],"about":[{"href":"https:\/\/www.artstone.com.pl\/pl\/wp-json\/wp\/v2\/types\/page"}],"author":[{"embeddable":true,"href":"https:\/\/www.artstone.com.pl\/pl\/wp-json\/wp\/v2\/users\/242"}],"replies":[{"embeddable":true,"href":"https:\/\/www.artstone.com.pl\/pl\/wp-json\/wp\/v2\/comments?post=12411"}],"version-history":[{"count":0,"href":"https:\/\/www.artstone.com.pl\/pl\/wp-json\/wp\/v2\/pages\/12411\/revisions"}],"up":[{"embeddable":true,"href":"https:\/\/www.artstone.com.pl\/pl\/wp-json\/wp\/v2\/pages\/12072"}],"wp:attachment":[{"href":"https:\/\/www.artstone.com.pl\/pl\/wp-json\/wp\/v2\/media?parent=12411"}],"curies":[{"name":"wp","href":"https:\/\/api.w.org\/{rel}","templated":true}]}}