{"id":49056,"date":"2022-01-18T15:13:30","date_gmt":"2022-01-18T14:13:30","guid":{"rendered":"https:\/\/www.kamulec.pl\/?page_id=49056"},"modified":"2022-01-18T15:38:36","modified_gmt":"2022-01-18T14:38:36","slug":"hurtownia-trawertynu","status":"publish","type":"page","link":"https:\/\/www.artstone.com.pl\/pl\/hurtownia-trawertynu.html","title":{"rendered":"Import\/Hurtownia trawertynu"},"content":{"rendered":"<p><img loading=\"lazy\" decoding=\"async\" class=\"wp-image-13583 alignright rogi\" src=\"https:\/\/www.artstone.com.pl\/wp-content\/uploads\/2012\/06\/trawertyn-surowy-turecki3-600x450.jpg\" alt=\"\" width=\"414\" height=\"311\" srcset=\"https:\/\/www.artstone.com.pl\/wp-content\/uploads\/2012\/06\/trawertyn-surowy-turecki3-600x450.jpg 600w, https:\/\/www.artstone.com.pl\/wp-content\/uploads\/2012\/06\/trawertyn-surowy-turecki3-195x146.jpg 195w, https:\/\/www.artstone.com.pl\/wp-content\/uploads\/2012\/06\/trawertyn-surowy-turecki3-50x38.jpg 50w, https:\/\/www.artstone.com.pl\/wp-content\/uploads\/2012\/06\/trawertyn-surowy-turecki3-100x75.jpg 100w, https:\/\/www.artstone.com.pl\/wp-content\/uploads\/2012\/06\/trawertyn-surowy-turecki3-300x225.jpg 300w, https:\/\/www.artstone.com.pl\/wp-content\/uploads\/2012\/06\/trawertyn-surowy-turecki3.jpg 800w\" sizes=\"auto, (max-width:767px) 414px, 414px\" \/><\/p>\n<h2>Trawertyn &#8211; ponadczasowy materia\u0142 dekoracyjny<\/h2>\n<p><em>Szukaj\u0105c sposob\u00f3w na dekoracj\u0119 i wyko\u0144czenie wn\u0119trza, z pewno\u015bci\u0105 nie jeden raz spotka\u0142e\u015b si\u0119 z ofertami p\u0142yt naturalnych kamieni. Opr\u00f3cz marmuru, ciekaw\u0105 propozycj\u0105 jest trawertyn. Ten ponadczasowy surowiec ma bogat\u0105 histori\u0119 i jest powszechnie wykorzystywany przez dekorator\u00f3w do tworzenia wyj\u0105tkowych aran\u017cacji. Mo\u017cesz go te\u017c zobaczy\u0107 na fasadach budynk\u00f3w, w hotelach i ekskluzywnych restauracjach. Je\u015bli chcia\u0142by\u015b wykorzysta\u0107 trawertyn w swoim domu lub mieszkaniu, koniecznie powiniene\u015b dowiedzie\u0107 si\u0119 wi\u0119cej. Przygotowali\u015bmy dla Ciebie odpowiedzi na cz\u0119sto zadawane pytania.<\/em><\/p>\n<p>&nbsp;<\/p>\n<h2>Czym jest trawertyn?<\/h2>\n<p>Trawertyn to niezwykle efektowny materia\u0142 wyko\u0144czeniowy, kt\u00f3ry mo\u017cesz wykorzysta\u0107 w rozmaitych aran\u017cacjach. Bywa okre\u015blany r\u00f3\u017cnymi nazwami: martwica wapienna, tuf wapienny lub \u017ar\u00f3dleniec. W rzeczywisto\u015bci trawertyn to porowata ska\u0142a osadowa, kt\u00f3rej g\u0142\u00f3wnymi sk\u0142adnikami s\u0105 kalcyt i aragonit. Materia\u0142 ten sprzedaje <strong>hurtownia trawertynu<\/strong> i ma liczne zastosowanie w bran\u017cy budowlanej i wn\u0119trzarskiej.<span class=\"Apple-converted-space\">\u00a0<\/span><\/p>\n<p>Jak wygl\u0105da trawertyn? Najcz\u0119\u015bciej wyst\u0119puje w kolorze bia\u0142ym i dodatkowymi \u017c\u00f3\u0142tymi oraz czerwonymi warstwami. Niekt\u00f3rzy jego estetyk\u0119 oceniaj\u0105 w spos\u00f3b zbli\u017cony do marmuru, cho\u0107 trawertyn jest bardziej porowaty. Analizy materia\u0142u wskazuj\u0105 te\u017c, \u017ce ma wi\u0119ksz\u0105 mi\u0119kko\u015b\u0107 ni\u017c marmur. Najwi\u0119ksze pok\u0142ady tego kamienia naturalnego mo\u017cna znale\u017a\u0107 we W\u0142oszech (Tivoli), Stanach Zjednoczonych (Park Yellowstone) i w Turcji (Pamukkale).<\/p>\n<p>Samo wydobycie trawertynu odbywa si\u0119 w kamienio\u0142omach. Pocz\u0105tkowo materia\u0142 ma form\u0119 blok\u00f3w skalnych, kt\u00f3re mog\u0105 mie\u0107 r\u00f3\u017cny wymiary. Przycinanie blok\u00f3w skalnych do uzyskania zadowalaj\u0105cej formy wykonuje si\u0119 w fabrykach. Tam te\u017c nast\u0119puje wst\u0119pna obr\u00f3bka. Dzi\u0119ki nowoczesnym technologiom przemys\u0142owym, z trawertynu uzyskuje si\u0119 p\u0142ytki pod\u0142ogowe i \u015bcienne, jak r\u00f3wnie\u017c inne elementy s\u0142u\u017c\u0105ce za dekoracj\u0119 i wyko\u0144czenie wn\u0119trz. Bardzo popularne s\u0105 umywalki, listwy i mozaiki trawertynowe.<\/p>\n<p>&nbsp;<\/p>\n<h2>Historia trawertynu<\/h2>\n<p>Jako materia\u0142 budowlany, trawertyn ma bardzo d\u0142ug\u0105 i bogat\u0105 histori\u0119. By\u0142 znany i u\u017cywany ju\u017c w staro\u017cytnym Egipcie, miedzy innymi do wyroby w\u0105\u017c i pos\u0105g\u00f3w. Ze wzgl\u0119du na t\u0119 histori\u0119, trawertyn bywa w niekt\u00f3rych \u017ar\u00f3d\u0142ach nazywany alabastrem egipskim. Staro\u017cytni Rzymianie r\u00f3wnie\u017c bardzo ch\u0119tnie si\u0119gali po trawertyn jako materia\u0142 budowlany. W ten spos\u00f3b wykonano mi\u0119dzy innymi Koloseum, kt\u00f3rego du\u017ca cz\u0119\u015b\u0107 przetrwa\u0142a do naszych czas\u00f3w.<span class=\"Apple-converted-space\">\u00a0 <\/span>Inn\u0105 dekoracj\u0105 wykonan\u0105 z trawertynu jest fasada Bazyliki \u015bw. Piotra w Watykanie. Do dzi\u015b mo\u017cesz podziwia\u0107 r\u00f3wnie\u017c inne historyczne budowle, kt\u00f3re powsta\u0142y z trawertynu:<\/p>\n<ul>\n<li>Mury za czas\u00f3w pierwszej dynastii egipskiej (ok. 3200 r. p.n.e.)<\/li>\n<li>Teatr Rzymki w tureckim mie\u015bcie Hierapolis, wybudowany ok. 200 r. p.n.e., mog\u0105cy poszczyci\u0107 si\u0119 pi\u0119knymi zdobieniami i 30 rz\u0119dami siedze\u0144, kt\u00f3re zachowa\u0142y si\u0119 w nienaruszonym stanie<\/li>\n<li>Budowa buru wok\u00f3\u0142 miasta Perugia, nale\u017c\u0105cego Etrusk\u00f3w, zako\u0144czona w III w. p.n.e.<\/li>\n<li>Wczesne budowle w s\u0142owackiej miejscowo\u015bci Vy\u0161n\u00e9 Ru\u017ebachy<\/li>\n<\/ul>\n<p>&nbsp;<\/p>\n<h2>W\u0142a\u015bciwo\u015bci trawertynu<\/h2>\n<p>W\u0142a\u015bciwo\u015bci trawertynu sprawiaj\u0105, \u017ce materia\u0142 ten jest ceniony na ca\u0142ym \u015bwiecie. Elementy wycinane z p\u0142yt trawertynu wyr\u00f3\u017cniaj\u0105 si\u0119 unikaln\u0105, tr\u00f3jwymiarow\u0105 powierzchni\u0105. Znajdziesz na niej liczne naturalne pory, dziurki i bruzdy, kt\u00f3re &#8211; w przypadku wykorzystania surowca na blaty lub posadzki &#8211; wymagaj\u0105 dodatkowego \u017cywicowania albo szpachlowania. Opr\u00f3cz charakterystycznej, porowatej powierzchni, g\u0142\u00f3wne w\u0142a\u015bciwo\u015bci trawertynu to:<\/p>\n<ul>\n<li>\u0141atwa obr\u00f3bka (trawertyn ma stopie\u0144 twardo\u015bci 3.5-4 w skali Mohsa)<\/li>\n<li>Krucho\u015b\u0107, kt\u00f3ra jest nast\u0119pstwem licznie wyst\u0119puj\u0105cych por\u00f3w<\/li>\n<li>Powierzchnia materia\u0142u nie jest zbyt odporna na zarysowania<\/li>\n<li>Trawertyn jest wra\u017cliwy na dzia\u0142anie kwa\u015bnych zwi\u0105zk\u00f3w chemicznych, poniewa\u017c sk\u0142ada si\u0119 g\u0142\u00f3wnie z kalcytu (tak jak marmur). Rozwi\u0105zaniem jest impregnowanie lub \u017cywicowanie<\/li>\n<li>Mo\u017cna go polerowa\u0107 na po\u0142ysk (po \u017cywicowaniu)<\/li>\n<li>Z czasem pokrywa si\u0119 naturaln\u0105 patyn\u0105, pozwalaj\u0105c na uzyskanie unikalnego, antycznego wygl\u0105du, co skrupulatnie wykorzystuj\u0105 dekoratorzy wn\u0119trz<\/li>\n<li>Nale\u017cy do kamieni ciep\u0142ych, kt\u00f3rych przyjemny wygl\u0105d dobrze prasuje do wi\u0119kszo\u015bci stylowych aran\u017cacji, podkre\u015blaj\u0105c ich elegancj\u0119 i szyk<\/li>\n<\/ul>\n<p><img loading=\"lazy\" decoding=\"async\" class=\" wp-image-17245 alignleft rogi\" src=\"https:\/\/www.artstone.com.pl\/wp-content\/uploads\/2018\/12\/kolumny-z-trawertynu.jpg\" alt=\"\" width=\"338\" height=\"298\" srcset=\"https:\/\/www.artstone.com.pl\/wp-content\/uploads\/2018\/12\/kolumny-z-trawertynu.jpg 300w, https:\/\/www.artstone.com.pl\/wp-content\/uploads\/2018\/12\/kolumny-z-trawertynu-165x146.jpg 165w, https:\/\/www.artstone.com.pl\/wp-content\/uploads\/2018\/12\/kolumny-z-trawertynu-50x44.jpg 50w, https:\/\/www.artstone.com.pl\/wp-content\/uploads\/2018\/12\/kolumny-z-trawertynu-85x75.jpg 85w\" sizes=\"auto, (max-width:767px) 338px, 338px\" \/><\/p>\n<h2>Zalety trawertynu<\/h2>\n<p>Trawertyn ceni si\u0119 przede wszystkim za wyj\u0105tkow\u0105 estetyk\u0119. To trwa\u0142y i ponadczasowy materia\u0142 dekoracyjny, kt\u00f3ry pozwala nada\u0107 elementom aran\u017cacji lub nawet ca\u0142emu budynkowi, antycznego charakteru. Pi\u0119kno naturalnego kamienia przyci\u0105ga wzrok i cz\u0119sto wykorzystywane jest w najbardziej luksusowych hotelach i pa\u0142acach. Pozwala na uzyskanie niepowtarzalnego efektu, kt\u00f3ry zachwyca wszystkich swoj\u0105 estetyk\u0105 i faktur\u0105.<\/p>\n<p>Dodatkow\u0105 zalet\u0105 trawertynu jest \u0142atwa piel\u0119gnacja i konserwacja materia\u0142u. Do czyszczenia wystarczy, \u017ce u\u017cyjesz czystej wody z niewielkim dodatkiem delikatnego detergentu. Na rynku istnieje wiele profesjonalnych preparat\u00f3w, kt\u00f3re mo\u017cna wykorzysta\u0107 do oczyszczenia trawertynu z trudnych do usuni\u0119cia plam. Zdecydowanie nie wolno u\u017cywa\u0107 silnych \u015brodk\u00f3w chemicznych, takich jak wybielacze czy odplamiacze na bazie substancji kwa\u015bnych.<\/p>\n<p>Regularna konserwacja trawertynu nie jest wymagaj\u0105ca. W zupe\u0142no\u015bci wystarczy przeprowadzona raz do roku impregnacja. Ka\u017cda szanuj\u0105ca si\u0119 <strong>hurtownia trawertynu<\/strong> poleca specjalistyczne \u015brodki impregnuj\u0105ce ten naturalny surowiec. Ich baz\u0105 s\u0105 zwykle bezbarwne \u017cywice, kt\u00f3re nale\u017cy wetrze\u0107 w powierzchni\u0119 kamienia.<span class=\"Apple-converted-space\">\u00a0<\/span><\/p>\n<p>Du\u017c\u0105 zalet\u0105 trawertynu jest jego wszechstronno\u015b\u0107. Mo\u017cesz go naby\u0107 w r\u00f3\u017cnych formach. Stosuje si\u0119 te\u017c rozmaite metody obr\u00f3bki, dzi\u0119ki czemu liczba zastosowa\u0144 materia\u0142u jest imponuj\u0105ca.<span class=\"Apple-converted-space\">\u00a0<\/span><\/p>\n<p>&nbsp;<\/p>\n<h2>Trawertyn &#8211; zastosowanie<\/h2>\n<p>Obecnie trawertynu nie stosuje si\u0119 jako materia\u0142u konstrukcyjnego dla budowli, ale jako element dekoracyjny. Po ten ponadczasowy, klasyczny surowiec ch\u0119tnie si\u0119gaj\u0105 architekci i projektanci wn\u0119trz. Wykorzystuj\u0105 ciep\u0142e kolory trawertynu oraz wielowarstwowe zabarwienie, niespotykane w innych kamieniach.<\/p>\n<p>Trawertyn najcz\u0119\u015bciej wykorzystywany jest do pokrycia pod\u0142\u00f3g w r\u00f3\u017cnych pomieszczeniach. Mo\u017ce by\u0107 po\u0142o\u017cony zar\u00f3wno w \u0142azience, jak i kuchni, salonie lub przedpokoju. Tw\u00f3rcy aran\u017cacji projektuj\u0105 schody, parapety i armatur\u0119 \u0142azienkow\u0105 w\u0142a\u015bnie z trawertynu. Spotyka si\u0119 r\u00f3wnie\u017c meble wykonane z tego naturalnego kamienia, na przyk\u0142ad stoliki do salonu lub sypialni. Wykorzystanie trawertynu to dow\u00f3d wyrafinowanej elegancji i wysublimowanego gustu. Ka\u017cde wn\u0119trze zyskuje dzi\u0119ki temu ponadczasowemu kamieniowi.<span class=\"Apple-converted-space\">\u00a0<\/span><\/p>\n<p>Ciekaw\u0105 i niebanaln\u0105 dekoracj\u0119 mo\u017cna osi\u0105gn\u0105\u0107, wykorzystuj\u0105c lustrzane zestawienie p\u0142yt wyci\u0119tych z trawertynu. Bardzo cz\u0119sto spotykanym ustawieniem s\u0105 romby lub jode\u0142ka. Praktycznie zawsze, gdy wzgl\u0119dy estetyczne s\u0105 wa\u017cniejsze ni\u017c parametry techniczne i wytrzyma\u0142o\u015bciowe, warto si\u0119gn\u0105\u0107 po trawertyn.<\/p>\n<p>&nbsp;<\/p>\n<h2>Pod\u0142ogi z trawertynu<\/h2>\n<p>Popularnym rozwi\u0105zaniem jest pokrycie pod\u0142\u00f3g trawertynem. P\u0142ytki z tego kamienia produkowane s\u0105 w r\u00f3\u017cnych grubo\u015bciach (w zakresie 10-30 mm), a najcz\u0119\u015bciej wykorzystywane do 12-15 mm. Poniewa\u017c nie wymagaj\u0105 fugowania, dzi\u0119ki nim \u0142atwo uzyskasz jednolit\u0105 g\u0142adk\u0105 powierzchni\u0119.<\/p>\n<p>Posadzki z trawertynu mog\u0105 z powodzeniem by\u0107 stosowane w pomieszczeniach, kt\u00f3re wykorzystuj\u0105 ogrzewanie pod\u0142ogowe. Je\u017celi tak jest w Twoim domu, polecamy u\u017cycie elastycznej fugi pomi\u0119dzy p\u0142ytami naturalnego trawertynu.<\/p>\n<p>Je\u015bli chcesz wykorzysta\u0107 p\u0142ytki z kamienia na pod\u0142og\u0119 w kuchni, \u0142azience lub saunie, konieczna oka\u017ce si\u0119 odpowiednia impregnacja. Dedykowane dla tego zabiegu specjalistyczne preparaty oferuje <strong>hurtownia trawertynu<\/strong>.<\/p>\n<p><img loading=\"lazy\" decoding=\"async\" class=\"aligncenter wp-image-13576 rogi\" src=\"https:\/\/www.artstone.com.pl\/wp-content\/uploads\/2012\/06\/trawertyn-surowy-16-600x450.jpg\" alt=\"\" width=\"405\" height=\"304\" srcset=\"https:\/\/www.artstone.com.pl\/wp-content\/uploads\/2012\/06\/trawertyn-surowy-16-600x450.jpg 600w, https:\/\/www.artstone.com.pl\/wp-content\/uploads\/2012\/06\/trawertyn-surowy-16-195x146.jpg 195w, https:\/\/www.artstone.com.pl\/wp-content\/uploads\/2012\/06\/trawertyn-surowy-16-50x38.jpg 50w, https:\/\/www.artstone.com.pl\/wp-content\/uploads\/2012\/06\/trawertyn-surowy-16-100x75.jpg 100w, https:\/\/www.artstone.com.pl\/wp-content\/uploads\/2012\/06\/trawertyn-surowy-16-300x225.jpg 300w, https:\/\/www.artstone.com.pl\/wp-content\/uploads\/2012\/06\/trawertyn-surowy-16.jpg 800w\" sizes=\"auto, (max-width:767px) 405px, 405px\" \/><br \/>\n&nbsp;<\/p>\n<h2>Kominki z trawertynu<\/h2>\n<p>Coraz cz\u0119\u015bciej stosowanym zabiegiem dekoracyjnym jest ob\u0142o\u017cenie kominku p\u0142ytami trawertynu. To rozwi\u0105zanie pozwala na uzyskanie rewelacyjnego efektu, kt\u00f3ry wzbogaci Tw\u00f3j salon. Je\u017celi chcesz stworzy\u0107 ciekaw\u0105 aran\u017cacj\u0119, kt\u00f3ra wyr\u00f3\u017cnia si\u0119 estetyk\u0105 i podkre\u015bli elegancj\u0119 wn\u0119trza, trawertyn to doskona\u0142y wyb\u00f3r. Kominek ozdabia si\u0119 zwykle fornirem trawertynowym lub wielkoformatowymi p\u0142ytami trawertynu. W tym celu warto oczywi\u015bcie skorzysta\u0107 z pomocy profesjonalisty.<\/p>\n<p>&nbsp;<\/p>\n<h2>Trawertyn na \u015bciany<\/h2>\n<p>Trawertyn obecny jest nie tylko na pod\u0142ogach. Nic nie stoi na przeszkodzie, \u017ceby\u015b wykorzysta\u0142 ten naturalny kamie\u0144 do dekoracji \u015bcian. To ciekawa alternatywa dla marmuru, kt\u00f3ra ze wzgl\u0119du na ciep\u0142\u0105 kolorystyk\u0119 pozwala stworzy\u0107 przytulne wn\u0119trze. Z \u0142atwo\u015bci\u0105 mo\u017cesz po\u0142o\u017cy\u0107 trawertyn na \u015bcianach w przedpokoju lub salonie. Je\u017celi natomiast chcia\u0142by\u015b wykorzysta\u0107 t\u0119 dekoracj\u0119 tam, gdzie spodziewasz si\u0119 wi\u0119kszej wilgotno\u015bci &#8211; w kuchni lub \u0142azience &#8211; niezb\u0119dna oka\u017ce si\u0119 dok\u0142adna impregnacja, aby kamie\u0144 nie nasi\u0105ka\u0142 wod\u0105.<span class=\"Apple-converted-space\">\u00a0<\/span><\/p>\n<p>&nbsp;<\/p>\n<h2>Ile kosztuje trawertyn? Cennik<\/h2>\n<p><img loading=\"lazy\" decoding=\"async\" class=\" wp-image-16853 alignright rogi\" src=\"https:\/\/www.artstone.com.pl\/wp-content\/uploads\/2018\/12\/sklad.jpg\" alt=\"Slaby granit, marmur, trawertyn\" width=\"314\" height=\"175\" srcset=\"https:\/\/www.artstone.com.pl\/wp-content\/uploads\/2018\/12\/sklad.jpg 260w, https:\/\/www.artstone.com.pl\/wp-content\/uploads\/2018\/12\/sklad-50x28.jpg 50w, https:\/\/www.artstone.com.pl\/wp-content\/uploads\/2018\/12\/sklad-134x75.jpg 134w\" sizes=\"auto, (max-width:767px) 314px, 314px\" \/><\/p>\n<p>Cena trawertynu zale\u017cy od kilku czynnik\u00f3w. Na zr\u00f3\u017cnicowanie wp\u0142ywa mi\u0119dzy innymi spos\u00f3b obr\u00f3bki. Najcz\u0119\u015bciej mo\u017cesz spotka\u0107 dwa rodzaje ci\u0119cia blok\u00f3w kamienia:<\/p>\n<ul>\n<li>Cross-Cut to najbardziej popularny spos\u00f3b, w kt\u00f3rym blok trawertynu ci\u0119ty jest w poprzek \u017cy\u0142<\/li>\n<li>Vein-Cut to ci\u0119cie trawertynu wzd\u0142u\u017c \u017cy\u0142 dla uzyskania widocznych pas\u00f3w na p\u0142ytce<\/li>\n<\/ul>\n<p>W zale\u017cno\u015bci od wybranego przez Ciebie sposobu ci\u0119cia oraz p\u00f3\u017aniejszej obr\u00f3bki, zmienia si\u0119 cena. Warto\u015b\u0107 1 m2 mie\u015bci si\u0119 w zakresie od 80 do 300 z\u0142. Poniewa\u017c to<\/p>\n<p>bardzo szeroki przedzia\u0142, z pewno\u015bci\u0105 znajdziesz co\u015b dla siebie. Zobacz, jak\u0105 ofert\u0119 przygotowa\u0142a renomowana <strong>hurtownia trawertynu<\/strong> i postaw na klasyczn\u0105 dekoracj\u0119 kamieniem, kt\u00f3rego popularno\u015b\u0107 stale ro\u015bnie.<\/p>\n","protected":false},"excerpt":{"rendered":"<p>Trawertyn &#8211; ponadczasowy materia\u0142 dekoracyjny Szukaj\u0105c sposob\u00f3w na dekoracj\u0119 i wyko\u0144czenie wn\u0119trza, z pewno\u015bci\u0105 nie jeden raz spotka\u0142e\u015b si\u0119 z ofertami p\u0142yt naturalnych kamieni. Opr\u00f3cz marmuru,<span class=\"excerpt-hellip\"> [\u2026]<\/span><\/p>\n","protected":false},"author":242,"featured_media":0,"parent":0,"menu_order":0,"comment_status":"closed","ping_status":"closed","template":"","meta":{"footnotes":""},"class_list":["post-49056","page","type-page","status-publish","hentry"],"_links":{"self":[{"href":"https:\/\/www.artstone.com.pl\/pl\/wp-json\/wp\/v2\/pages\/49056","targetHints":{"allow":["GET"]}}],"collection":[{"href":"https:\/\/www.artstone.com.pl\/pl\/wp-json\/wp\/v2\/pages"}],"about":[{"href":"https:\/\/www.artstone.com.pl\/pl\/wp-json\/wp\/v2\/types\/page"}],"author":[{"embeddable":true,"href":"https:\/\/www.artstone.com.pl\/pl\/wp-json\/wp\/v2\/users\/242"}],"replies":[{"embeddable":true,"href":"https:\/\/www.artstone.com.pl\/pl\/wp-json\/wp\/v2\/comments?post=49056"}],"version-history":[{"count":0,"href":"https:\/\/www.artstone.com.pl\/pl\/wp-json\/wp\/v2\/pages\/49056\/revisions"}],"wp:attachment":[{"href":"https:\/\/www.artstone.com.pl\/pl\/wp-json\/wp\/v2\/media?parent=49056"}],"curies":[{"name":"wp","href":"https:\/\/api.w.org\/{rel}","templated":true}]}}