{"id":49106,"date":"2022-10-17T11:35:05","date_gmt":"2022-10-17T09:35:05","guid":{"rendered":"https:\/\/www.artstone.com.pl\/?page_id=49106"},"modified":"2022-10-17T11:35:54","modified_gmt":"2022-10-17T09:35:54","slug":"import-hurtownia-piaskowca","status":"publish","type":"page","link":"https:\/\/www.artstone.com.pl\/pl\/import-hurtownia-piaskowca.html","title":{"rendered":"Import\/Hurtownia piaskowca"},"content":{"rendered":"<h2>Czym jest piaskowiec?<\/h2>\n<p><img loading=\"lazy\" decoding=\"async\" class=\"rogi alignright wp-image-49107 size-thumbnail\" src=\"https:\/\/www.artstone.com.pl\/wp-content\/uploads\/2022\/10\/stone-sandstone-background-2021-08-26-18-24-55-utc-300x300.jpg\" alt=\"\" width=\"300\" height=\"300\" srcset=\"https:\/\/www.artstone.com.pl\/wp-content\/uploads\/2022\/10\/stone-sandstone-background-2021-08-26-18-24-55-utc-300x300.jpg 300w, https:\/\/www.artstone.com.pl\/wp-content\/uploads\/2022\/10\/stone-sandstone-background-2021-08-26-18-24-55-utc-85x85.jpg 85w, https:\/\/www.artstone.com.pl\/wp-content\/uploads\/2022\/10\/stone-sandstone-background-2021-08-26-18-24-55-utc-80x80.jpg 80w\" sizes=\"auto, (max-width:767px) 300px, 300px\" \/><\/p>\n<p>Piaskowiec jest naturalnym materia\u0142em, ch\u0119tnie wykorzystywanym w bran\u017cy budowlanej. Cechuje go du\u017ca uniwersalno\u015b\u0107, elastyczno\u015b\u0107 zastosowa\u0144, a tak\u017ce r\u00f3\u017cnorodno\u015b\u0107 pod wzgl\u0119dem kolorystyki. Prezentuje si\u0119 niezwykle efektownie, a przy tym mo\u017cna go poddawa\u0107 dowolnej obr\u00f3bce. Wszystko to sprawia, \u017ce z powodzeniem mo\u017cna go u\u017cy\u0107 na dowolnym etapie budowy, a tak\u017ce prac wyko\u0144czeniowych czy remontowych. Z tego powodu\u00a0ka\u017cda\u00a0<strong>hurtownia piaskowca\u00a0<\/strong>jest ch\u0119tnie odwiedzana przez przedsi\u0119biorc\u00f3w reprezentuj\u0105cych bran\u017ce zwi\u0105zane z budownictwem oraz dystrybucj\u0105 materia\u0142\u00f3w budowlanych.<\/p>\n<p>Poniewa\u017c piaskowiec z \u0142atwo\u015bci\u0105 poddaje si\u0119 obr\u00f3bce, stosowany jest w wielu rozmaitych formach. Nale\u017c\u0105 do nich mi\u0119dzy innymi:<\/p>\n<ul>\n<li>p\u0142yty ok\u0142adzinowe z piaskowca<\/li>\n<li>p\u0142yty chodnikowe z piaskowca<\/li>\n<li>piaskowiec \u0142upany<\/li>\n<li>grys z piaskowca<\/li>\n<li>piaskowiec szlifowany<\/li>\n<li>piaskowiec polerowany<\/li>\n<\/ul>\n<h2>Historia piaskowca<\/h2>\n<p>Ten naturalny materia\u0142 budowlany zacz\u0105\u0142 by\u0107 wykorzystywany w okolicach XVI wieku w budownictwie epoki renesansu. Architektura tych czas\u00f3w bogata by\u0142a w kamienne elementy ozdobne, do kt\u00f3rych tworzenia piaskowiec idealnie si\u0119 nadawa\u0142. Rzemie\u015blnicy ch\u0119tnie wyrabiali z niego ju\u017c nie tylko p\u0142yty posadzkowe, ale r\u00f3wnie\u017c rozmaite zdobienia, a tak\u017ce rze\u017aby. Z ka\u017cdym kolejnym rokiem oraz epok\u0105 materia\u0142 zyskiwa\u0142 na popularno\u015bci, tote\u017c taka dzia\u0142alno\u015b\u0107, jak\u00a0<strong>hurtownia piaskowca\u00a0<\/strong>bardzo szybko sta\u0142a si\u0119 ogromnie dochodowym rodzajem przedsi\u0119wzi\u0119cia.<\/p>\n<p>Dzi\u015b najobfitszymi w piaskowiec rejonami Polski s\u0105 okolice G\u00f3r \u015awi\u0119kokrzyskich, Karpaty, Roztocze, Ma\u0142opolska, czy Kaszuby. Wydobywany w naszym kraju piaskowiec cieszy si\u0119 du\u017cym uznaniem r\u00f3wnie\u017c w innych krajach, dlatego jest on z powodzeniem eksportowany.<\/p>\n<p>Najwi\u0119ksz\u0105 popularno\u015b\u0107 w naszym kraju posiada bez w\u0105tpienia piaskowiec \u015bwi\u0119tokrzyski &#8211; w szczeg\u00f3lno\u015bci czerwone piaskowce triasowe. Wyr\u00f3\u017cniamy kilka odmian tego kamienia architektonicznego, a zaliczamy do nich piaskowce tumli\u0144skie, suchedniowskie, czy te\u017c w\u0105chockie.<\/p>\n<p>Warto przypomnie\u0107, \u017ce piaskowiec wykorzystano przy budowie licznych zabytkowych dzisiaj obiekt\u00f3w, takich jak np. plac Pi\u0142sudskiego w Warszawie, Pa\u0142ac Biskup\u00f3w Krakowskich w Kielcach, czy opactwo cysterskie w W\u0105chocku. Z czerwonego piaskowca w\u0105chockiego wykonano tak\u017ce cok\u00f3\u0142, na kt\u00f3rym znajduje si\u0119 pomnik Fryderyka Chopina w warszawskich \u0141azienkach Kr\u00f3lewskich.<\/p>\n<p>Z piaskowca ch\u0119tnie wyrabiano r\u00f3wnie\u017c wszelkiego rodzaju mury, chodniki, kostki brukowe, a nawet&#8230; p\u0142yty nagrobne. W przemy\u015ble s\u0142u\u017cy\u0142y r\u00f3wnie\u017c do wytwarzania \u017caren, czy te\u017c wanien kwasoodpornych. Piaskowcem ch\u0119tnie wyk\u0142adano tak\u017ce wn\u0119trza piec\u00f3w hutniczych. Materia\u0142 ten doskonale sprawdza\u0142 si\u0119 w zasadzie wsz\u0119dzie, gdzie ka\u017cdy inny surowiec ulega\u0142 zniekszta\u0142ceniom, nadtopieniu, czy rozpuszczeniu.<\/p>\n<p><img loading=\"lazy\" decoding=\"async\" class=\"size-full wp-image-17573 aligncenter\" src=\"https:\/\/www.artstone.com.pl\/wp-content\/uploads\/2019\/02\/Bateig_beige1.jpg\" alt=\"\" width=\"450\" height=\"450\" srcset=\"https:\/\/www.artstone.com.pl\/wp-content\/uploads\/2019\/02\/Bateig_beige1.jpg 450w, https:\/\/www.artstone.com.pl\/wp-content\/uploads\/2019\/02\/Bateig_beige1-300x300.jpg 300w, https:\/\/www.artstone.com.pl\/wp-content\/uploads\/2019\/02\/Bateig_beige1-146x146.jpg 146w, https:\/\/www.artstone.com.pl\/wp-content\/uploads\/2019\/02\/Bateig_beige1-50x50.jpg 50w, https:\/\/www.artstone.com.pl\/wp-content\/uploads\/2019\/02\/Bateig_beige1-75x75.jpg 75w, https:\/\/www.artstone.com.pl\/wp-content\/uploads\/2019\/02\/Bateig_beige1-85x85.jpg 85w, https:\/\/www.artstone.com.pl\/wp-content\/uploads\/2019\/02\/Bateig_beige1-80x80.jpg 80w, https:\/\/www.artstone.com.pl\/wp-content\/uploads\/2019\/02\/Bateig_beige1-150x150.jpg 150w\" sizes=\"auto, (max-width:767px) 450px, 450px\" \/><\/p>\n<h2>W\u0142a\u015bciwo\u015bci piaskowca<\/h2>\n<p>Naturalny piaskowiec jest ska\u0142\u0105 osadow\u0105 wyst\u0119puj\u0105c\u0105 w warstwie wodono\u015bnej, najcz\u0119\u015bciej w pobli\u017cu z\u0142\u00f3\u017c takich surowc\u00f3w, jak gaz ziemny, czy te\u017c ropa. W zale\u017cno\u015bci od sk\u0142adu, kolorystyka piaskowca mo\u017ce by\u0107 bardzo bogata &#8211; od jasnego be\u017cu i szaro\u015bci, poprzez \u017c\u00f3\u0142\u0107, ziele\u0144, pomara\u0144cz i czerwie\u0144, a\u017c po ciemny br\u0105z oraz czer\u0144. Wyr\u00f3\u017cniamy trzy podstawowe typy piaskowca:<\/p>\n<ul>\n<li>piaskowiec szarog\u0142azowy,<\/li>\n<li>piaskowiec arkozowy,<\/li>\n<li>piaskowiec kwarcowy.<\/li>\n<\/ul>\n<p>W zale\u017cno\u015bci od typu, piaskowiec cechuje inny sk\u0142ad oraz kolory. Typ szarog\u0142azowy zawdzi\u0119cza swoje ciemne barwy silnej domieszce okruch\u00f3w ska\u0142 magmowych. Typ arkozowy tworz\u0105 skalenie, czyli glikokrzemiany przestrzenne wapnia, sodu lub potasu, co sprawia, \u017ce piaskowiec wyst\u0119puje w r\u00f3\u017cnych odcieniach szaro\u015bci oraz czerwieni. W piaskowcu kwarcowym, jak sama nazwa wskazuje, przewa\u017ca kwarc, dlatego cechuj\u0105 go jasne barwy &#8211; najcz\u0119\u015bciej odcienie bieli lub \u017c\u00f3\u0142ci.<\/p>\n<p>Niezale\u017cnie jednak od gamy kolorystycznej, ka\u017cdy typ piaskowca charakteryzuje wysoka porowato\u015b\u0107. Dzi\u0119ki takiej strukturze, materia\u0142 ten cechuje bardzo wysoka wch\u0142anialno\u015b\u0107 wody, ale tak\u017ce sprawia, i\u017c piaskowiec opiera si\u0119 dzia\u0142aniu czynnik\u00f3w atmosferycznych. Jest on niezwykle odporny zar\u00f3wno na wysokie, jak i na niskie temperatury, a tak\u017ce na substancje chemiczne. Takie w\u0142a\u015bciwo\u015bci czyni\u0105 piaskowiec niezwykle wytrzyma\u0142ym materia\u0142em, kt\u00f3ry z powodzeniem mo\u017cna stosowa\u0107 w budownictwie.<\/p>\n<h2>Zalety piaskowca<\/h2>\n<p>Najwi\u0119kszym atutem piaskowca jest przede wszystkim jego niezwyk\u0142a plastyczno\u015b\u0107. Materia\u0142 bez problemu poddaje si\u0119 r\u00f3\u017cnorakim procesom obr\u00f3bki mechanicznej. Kolejnym atutem jest wysoka odporno\u015b\u0107 tego materia\u0142u na bardzo wysokie, a tak\u017ce bardzo niskie temperatury oraz dzia\u0142anie kwasu. Porowato\u015b\u0107 piaskowca sprzyja wch\u0142anianiu wilgoci, jednak materia\u0142 mo\u017cna bardzo \u0142atwo zaimpregnowa\u0107 za pomoc\u0105 odpowiednich \u015brodk\u00f3w, dlatego mo\u017ce by\u0107 stosowany w ka\u017cdych warunkach. Czym zaimpregnowa\u0107 piaskowiec? W specjalistycznych sklepach bez trudu zakupisz p\u0142yny, w sk\u0142adzie kt\u00f3rych obecny jest silikon &#8211; pozwoli on skutecznie ochroni\u0107 materia\u0142 przed wnikaniem wody. W przypadku element\u00f3w piaskowca wykorzystywanych zar\u00f3wno na zewn\u0105trz, jak i wewn\u0105trz pomieszcze\u0144, nale\u017cy pami\u0119ta\u0107 o zabezpieczeniu tak\u017ce przed grzybem oraz ple\u015bni\u0105.<\/p>\n<p>Nale\u017cy w tym miejscu wspomnie\u0107 r\u00f3wnie\u017c o fakcie, i\u017c piaskowiec jest materia\u0142em o bardzo wysokiej dost\u0119pno\u015bci.\u00a0Dzi\u015b ka\u017cda dobrze wyposa\u017cona\u00a0<strong>hurtownia piaskowca\u00a0<\/strong>posiada r\u00f3wnie\u017c swoj\u0105 stron\u0119 internetow\u0105, dlatego mo\u017cesz bez problemu znale\u017a\u0107 dane kontaktowe, co zdecydowanie u\u0142atwia z\u0142o\u017cenie zam\u00f3wienia. Kolejnym atutem jest cena &#8211; do tego tematu powr\u00f3cimy jeszcze w ostatnim akapicie niniejszego artyku\u0142u.<\/p>\n<p>Piaskowiec jest tak\u017ce materia\u0142em bardzo \u0142atwym w utrzymaniu. Cho\u0107 nale\u017cy pami\u0119ta\u0107 o regularnym odkurzaniu i rzeczywi\u015bcie przy\u0142o\u017cy\u0107 si\u0119 do cz\u0119stego czyszczenia, aby utrzyma\u0107 atrakcyjny wygl\u0105d oraz zapobiec zbieraniu si\u0119 kurzu w porowatych zakamarkach &#8211; to jednak wystarczy jedno proste narz\u0119dzie, aby czynno\u015b\u0107 t\u0119 skr\u00f3ci\u0107. W przypadku piaskowca stosowanego na elewacji, zabudowie kominka oraz r\u00f3\u017cnych innych powierzchniach p\u0142askich, \u015bwietnie sprawdzi si\u0119 szczotka ci\u015bnieniowa. Je\u015bli mamy do czynienia z elementami o r\u00f3\u017cnych wielko\u015bciach oraz kszta\u0142tach, z pomoc\u0105 przyjdzie nam szczotka z usztywnionym w\u0142osiem, kt\u00f3ra znakomicie wymiecie kurz.<\/p>\n<p>Kolejn\u0105 zalet\u0105 jest atrakcyjny wygl\u0105d, dzi\u0119ki kt\u00f3remu mo\u017cesz z powodzeniem stosowa\u0107 piaskowiec np. na \u015bcianach w salonie, czy w sypialni. Na efektown\u0105 prezencj\u0119 sk\u0142ada si\u0119 bogata gama kolorystyczna, a tak\u017ce nieregularno\u015b\u0107 kszta\u0142t\u00f3w pozwalaj\u0105ca na bardzo atrakcyjne rozpraszanie \u015bwiat\u0142a. Dzi\u0119ki dost\u0119pno\u015bci wielu wersji kolorystycznych, z \u0142atwo\u015bci\u0105 znajdziesz taki wariant, kt\u00f3ry b\u0119dzie najlepiej pasowa\u0142 do Twojego zamys\u0142u wystroju wn\u0119trza. Elementy wykonane z piaskowca mo\u017cna r\u00f3wnie\u017c z \u0142atwo\u015bci\u0105 pomalowa\u0107. Uzyskasz w ten spos\u00f3b dok\u0142adnie taki efekt, na jakim zale\u017cy Ci najbardziej.<\/p>\n<p><img loading=\"lazy\" decoding=\"async\" class=\"size-full wp-image-17581 aligncenter\" src=\"https:\/\/www.artstone.com.pl\/wp-content\/uploads\/2019\/02\/sandstone-red-classico.jpg\" alt=\"\" width=\"450\" height=\"450\" srcset=\"https:\/\/www.artstone.com.pl\/wp-content\/uploads\/2019\/02\/sandstone-red-classico.jpg 450w, https:\/\/www.artstone.com.pl\/wp-content\/uploads\/2019\/02\/sandstone-red-classico-300x300.jpg 300w, https:\/\/www.artstone.com.pl\/wp-content\/uploads\/2019\/02\/sandstone-red-classico-146x146.jpg 146w, https:\/\/www.artstone.com.pl\/wp-content\/uploads\/2019\/02\/sandstone-red-classico-50x50.jpg 50w, https:\/\/www.artstone.com.pl\/wp-content\/uploads\/2019\/02\/sandstone-red-classico-75x75.jpg 75w, https:\/\/www.artstone.com.pl\/wp-content\/uploads\/2019\/02\/sandstone-red-classico-85x85.jpg 85w, https:\/\/www.artstone.com.pl\/wp-content\/uploads\/2019\/02\/sandstone-red-classico-80x80.jpg 80w, https:\/\/www.artstone.com.pl\/wp-content\/uploads\/2019\/02\/sandstone-red-classico-150x150.jpg 150w\" sizes=\"auto, (max-width:767px) 450px, 450px\" \/><\/p>\n<h2>Piaskowiec &#8211; zastosowanie<\/h2>\n<p>Jakie zastosowania mo\u017ce mie\u0107 piaskowiec? Jak ju\u017c zosta\u0142o wspomniane, jest to materia\u0142 o bardzo szerokim spektrum mo\u017cliwo\u015bci wykorzystania zar\u00f3wno w budownictwie, jak i w bran\u017cy wyko\u0144czeniowej. Poni\u017cej znajdziesz kilka popularnych przyk\u0142ad\u00f3w.<\/p>\n<h3>P\u0142yty ok\u0142adzinowe i chodnikowe z piaskowca<\/h3>\n<p>Zalet\u0105 wykonanych z piaskowca p\u0142yt jest przede wszystkim fakt, \u017ce s\u0105 bardzo \u0142atwe oraz szybkie w uk\u0142adaniu. Je\u015bli tylko posiadasz utwardzon\u0105 podbudow\u0119, u\u0142o\u017cenie na niej p\u0142yt z piaskowca zajmuje dos\u0142ownie chwil\u0119. P\u0142yty ok\u0142adzinowe oraz chodnikowe oferuje ka\u017cda\u00a0<strong>hurtownia piaskowca<\/strong>, dlatego cechuje je r\u00f3wnie\u017c dost\u0119pno\u015b\u0107.<\/p>\n<h3>Elewacje kamienne z piaskowca<\/h3>\n<p>Piaskowiec jest znakomitym materia\u0142em ok\u0142adzinowym, kt\u00f3ry sprawdzi si\u0119 na elewacjach. Je\u015bli chcesz wykorzysta\u0107 go w tym celu, warto zdecydowa\u0107 si\u0119 na p\u0142ytki o nieregularnych wielko\u015bciach oraz zr\u00f3\u017cnicowanym kszta\u0142cie, przypominaj\u0105cym kawa\u0142eczki roz\u0142upanych p\u0142ytek. Taka elewacja stanowi bardzo ciekaw\u0105 dla oka faktur\u0119, kt\u00f3ra w oryginalny spos\u00f3b rozprasza \u015bwiat\u0142o. Poniewa\u017c piaskowiec, jak ju\u017c wspomnieli\u015bmy, jest odporny na wysokie oraz niskie temperatury, elewacja wykonana z tego materia\u0142u jest bardzo trwa\u0142a. nale\u017cy jednak pami\u0119ta\u0107 o odpowiedniej impregnacji przed wilgoci\u0105.<\/p>\n<h3>Grys z piaskowca<\/h3>\n<p>Grys, czyli drobne kamienie o nieregularnych kszta\u0142tach, to materia\u0142 s\u0142u\u017c\u0105cy celom np. dekoracyjnym. Mo\u017cesz go wykorzysta\u0107 np. w swoim ogrodzie. Ze wzgl\u0119du na efektowne kolory, grys z rodzimego piaskowca jest ch\u0119tnie stosowany w polskich (i nie tylko!) ogrodach.<\/p>\n<h2>Ile kosztuje piaskowiec? Cennik<\/h2>\n<p><img loading=\"lazy\" decoding=\"async\" class=\"alignright wp-image-49109 size-thumbnail\" src=\"https:\/\/www.artstone.com.pl\/wp-content\/uploads\/2022\/10\/sandstone-canyon-2021-08-26-22-38-07-utc-300x300.jpg\" alt=\"\" width=\"300\" height=\"300\" srcset=\"https:\/\/www.artstone.com.pl\/wp-content\/uploads\/2022\/10\/sandstone-canyon-2021-08-26-22-38-07-utc-300x300.jpg 300w, https:\/\/www.artstone.com.pl\/wp-content\/uploads\/2022\/10\/sandstone-canyon-2021-08-26-22-38-07-utc-85x85.jpg 85w, https:\/\/www.artstone.com.pl\/wp-content\/uploads\/2022\/10\/sandstone-canyon-2021-08-26-22-38-07-utc-80x80.jpg 80w\" sizes=\"auto, (max-width:767px) 300px, 300px\" \/><\/p>\n<p>Cho\u0107 ka\u017cda\u00a0<strong>hurtownia piaskowca\u00a0<\/strong>dysponuje swoim cennikiem, za\u015b koszt zwi\u0105zany z nabyciem tego materia\u0142u zale\u017cy od parametr\u00f3w kamienia &#8211; mo\u017cna j\u0105 roz\u0142o\u017cy\u0107 w przedziale od 100 do oko\u0142o 400 z\u0142 za ka\u017cdy metr kwadratowy. Warto przy tym pami\u0119ta\u0107, \u017ce w zale\u017cno\u015bci od tego, do czego chcemy piaskowiec wykorzysta\u0107, jego jako\u015b\u0107 musi by\u0107 adekwatna. W koszty zwi\u0105zane z nabyciem kamienia nale\u017cy wliczy\u0107 r\u00f3wnie\u017c jego zaimpregnowanie przed dzia\u0142aniem wilgoci. Cz\u0119sto mo\u017cemy kupi\u0107 ju\u017c wst\u0119pnie zaimpregnowany piaskowiec. W\u00f3wczas r\u00f3wnie\u017c koszt b\u0119dzie nieco wy\u017cszy.<\/p>\n<p>Cena piaskowca zale\u017cy tak\u017ce od miejsca jego pochodzenia. Je\u015bli decydujemy si\u0119 na rodzimy piaskowiec, kt\u00f3ry wydobywany jest w Polsce, mo\u017cemy liczy\u0107 na ca\u0142kiem przyzwoite ceny. W przypadku piaskowca importowanego z zagranicznych kopalni, b\u0119dzie on stosownie dro\u017cszy (w zale\u017cno\u015bci np. od sk\u0142adu), natomiast w koszty nale\u017cy wliczy\u0107 r\u00f3wnie\u017c jego transport.<\/p>\n","protected":false},"excerpt":{"rendered":"<p>Czym jest piaskowiec? Piaskowiec jest naturalnym materia\u0142em, ch\u0119tnie wykorzystywanym w bran\u017cy budowlanej. Cechuje go du\u017ca uniwersalno\u015b\u0107, elastyczno\u015b\u0107 zastosowa\u0144, a tak\u017ce r\u00f3\u017cnorodno\u015b\u0107 pod wzgl\u0119dem kolorystyki. Prezentuje si\u0119<span class=\"excerpt-hellip\"> [\u2026]<\/span><\/p>\n","protected":false},"author":242,"featured_media":0,"parent":0,"menu_order":0,"comment_status":"closed","ping_status":"closed","template":"","meta":{"footnotes":""},"class_list":["post-49106","page","type-page","status-publish","hentry"],"_links":{"self":[{"href":"https:\/\/www.artstone.com.pl\/pl\/wp-json\/wp\/v2\/pages\/49106","targetHints":{"allow":["GET"]}}],"collection":[{"href":"https:\/\/www.artstone.com.pl\/pl\/wp-json\/wp\/v2\/pages"}],"about":[{"href":"https:\/\/www.artstone.com.pl\/pl\/wp-json\/wp\/v2\/types\/page"}],"author":[{"embeddable":true,"href":"https:\/\/www.artstone.com.pl\/pl\/wp-json\/wp\/v2\/users\/242"}],"replies":[{"embeddable":true,"href":"https:\/\/www.artstone.com.pl\/pl\/wp-json\/wp\/v2\/comments?post=49106"}],"version-history":[{"count":0,"href":"https:\/\/www.artstone.com.pl\/pl\/wp-json\/wp\/v2\/pages\/49106\/revisions"}],"wp:attachment":[{"href":"https:\/\/www.artstone.com.pl\/pl\/wp-json\/wp\/v2\/media?parent=49106"}],"curies":[{"name":"wp","href":"https:\/\/api.w.org\/{rel}","templated":true}]}}